{"id":77,"date":"2025-03-14T12:22:43","date_gmt":"2025-03-14T15:22:43","guid":{"rendered":"https:\/\/sites.uel.br\/inclusaosocial\/?page_id=77"},"modified":"2025-11-07T10:52:22","modified_gmt":"2025-11-07T13:52:22","slug":"inclusao-social-2025","status":"publish","type":"page","link":"https:\/\/sites.uel.br\/inclusaosocial\/inclusao-social-2025\/","title":{"rendered":"Inclus\u00e3o Social 2025"},"content":{"rendered":"\n<div style=\"height:33px\" aria-hidden=\"true\" class=\"wp-block-spacer\"><\/div>\n\n\n\n<p><a href=\"https:\/\/sites.uel.br\/inclusaosocial\/wp-content\/uploads\/2025\/03\/Edital_IS_2025-ProPPG.pdf\">Edital PROPPG\/PROEX\/PROGRAD\/SEBEC 01\/2025<\/a> &#8211; Bolsas de Inclus\u00e3o Social vinculadas \u00e0 Pesquisa ou Extens\u00e3o Universit\u00e1ria<\/p>\n\n\n\n<div style=\"height:34px\" aria-hidden=\"true\" class=\"wp-block-spacer\"><\/div>\n\n\n\n<h3 class=\"wp-block-heading\">Cronograma<\/h3>\n\n\n\n<figure class=\"wp-block-table aligncenter is-style-stripes\"><table class=\"has-fixed-layout\"><tbody><tr><td class=\"has-text-align-left\" data-align=\"left\"><strong>Atividade\/Evento<\/strong><\/td><td><strong>Per\u00edodo\/Data<\/strong><\/td><\/tr><tr><td class=\"has-text-align-left\" data-align=\"left\">Inscri\u00e7\u00e3o dos estudantes<\/td><td>14\/03 a 04\/04\/2025<\/td><\/tr><tr><td class=\"has-text-align-left\" data-align=\"left\">Prospec\u00e7\u00e3o de docentes interessados em orientar bolsistas<\/td><td>14\/03 a 04\/04\/2025<\/td><\/tr><tr><td class=\"has-text-align-left\" data-align=\"left\"><a href=\"https:\/\/sites.uel.br\/sebec\/wp-content\/uploads\/2025\/05\/Edital-015_2025-Edital-Deferidos-e-Indeferidos-Bolsa-Fundacao-Araucaria-2025-2026.pdf\" target=\"_blank\" rel=\"noreferrer noopener\">Divulga\u00e7\u00e3o das inscri\u00e7\u00f5es de estudantes deferidas e indeferidas<\/a><\/td><td>05\/05\/2025<\/td><\/tr><tr><td class=\"has-text-align-left\" data-align=\"left\">Per\u00edodo de recurso das inscri\u00e7\u00f5es de estudantes indeferidas<\/td><td>05 a 07\/05\/2025<\/td><\/tr><tr><td class=\"has-text-align-left\" data-align=\"left\">Prazo final para regulariza\u00e7\u00e3o de pend\u00eancias de relat\u00f3rios e participa\u00e7\u00e3o em eventos pelos estudantes<\/td><td>07\/05\/2025<\/td><\/tr><tr><td class=\"has-text-align-left\" data-align=\"left\">Divulga\u00e7\u00e3o do resultado da an\u00e1lise dos recursos<\/td><td>20\/05\/2025<\/td><\/tr><tr><td class=\"has-text-align-left\" data-align=\"left\">Entrega dos projetos e planos de trabalho pelos estudantes com inscri\u00e7\u00f5es deferidas<\/td><td>21\/05 a 17\/06\/2025<\/td><\/tr><tr><td class=\"has-text-align-left\" data-align=\"left\">Avalia\u00e7\u00e3o dos Projetos<\/td><td>18\/06 a 01\/07\/2025<\/td><\/tr><tr><td class=\"has-text-align-left\" data-align=\"left\"><a href=\"http:\/\/www.uel.br\/eventos\/sigec\/?id=10464\">Resultado da avalia\u00e7\u00e3o dos Projetos<\/a><\/td><td>02\/07\/2025<\/td><\/tr><tr><td class=\"has-text-align-left\" data-align=\"left\"><a href=\"http:\/\/www.uel.br\/eventos\/sigec\/?id=10464\">Submiss\u00e3o de Projetos reformulados<\/a><\/td><td>02 a 11\/07\/2025<\/td><\/tr><tr><td class=\"has-text-align-left\" data-align=\"left\">Avalia\u00e7\u00e3o dos Projetos reformulados<\/td><td>14 a 18\/07\/2025<\/td><\/tr><tr><td class=\"has-text-align-left\" data-align=\"left\">Resultado da avalia\u00e7\u00e3o dos Projetos reformulados<\/td><td>22\/07\/2025<\/td><\/tr><tr><td class=\"has-text-align-left\" data-align=\"left\"><strong><a href=\"https:\/\/sites.uel.br\/inclusaosocial\/wp-content\/uploads\/2025\/08\/Edital_Proppg_2025-43_Resultado.pdf\">Publica\u00e7\u00e3o do Edital de Resultado<\/a><\/strong>, com a listagem dos estudantes bolsistas e suplentes<\/td><td>29\/08\/2025<\/td><\/tr><tr><td class=\"has-text-align-left\" data-align=\"left\">Inscri\u00e7\u00e3o na <a href=\"https:\/\/sparkx.fundacaoaraucaria.org.br\/#\/public\/login\">Plataforma de Opera\u00e7\u00e3o de Projetos P\u00fablicos<\/a><\/td><td>at\u00e9 10\/09\/2025<\/td><\/tr><tr><td class=\"has-text-align-left\" data-align=\"left\">Os alunos que neste momento n\u00e3o tem bolsa informar (<a href=\"mailto:pibic@uel.br\">pibis@uel.br<\/a>) que desenvolver\u00e3o os trabalhos sem bolsa enquanto aguardam a disponibiliza\u00e7\u00e3o de bolsa<\/td><td>at\u00e9 15\/09\/2025<\/td><\/tr><tr><td class=\"has-text-align-left\" data-align=\"left\">Desenvolvimento do Projeto<\/td><td>01\/09\/2025 a 31\/08\/2026<\/td><\/tr><tr><td class=\"has-text-align-left\" data-align=\"left\">Altera\u00e7\u00e3o no projeto<\/td><td>01\/09\/2025 a 10\/07\/2026<\/td><\/tr><tr><td class=\"has-text-align-left\" data-align=\"left\">Preenchimento do acompanhamento semestral<\/td><td>01 a 31\/03\/2026<\/td><\/tr><tr><td class=\"has-text-align-left\" data-align=\"left\">Inscri\u00e7\u00f5es no Evento (Ensino, Extens\u00e3o, Pesquisa)<\/td><td>Julho de 2026<\/td><\/tr><tr><td class=\"has-text-align-left\" data-align=\"left\">\u00daltimo dia para entrega de relat\u00f3rio<\/td><td>20\/09\/2026<\/td><\/tr><tr><td class=\"has-text-align-left\" data-align=\"left\">Avalia\u00e7\u00e3o dos relat\u00f3rios<\/td><td>21\/09 a 20\/10\/2026<\/td><\/tr><tr><td class=\"has-text-align-left\" data-align=\"left\">Resultado da avalia\u00e7\u00e3o de relat\u00f3rios<\/td><td>21\/10\/2026<\/td><\/tr><tr><td class=\"has-text-align-left\" data-align=\"left\">Submiss\u00e3o de relat\u00f3rios reformulados<\/td><td>21 a 29\/10\/2026<\/td><\/tr><tr><td class=\"has-text-align-left\" data-align=\"left\">Avalia\u00e7\u00e3o de relat\u00f3rios reformulados<\/td><td>30\/10 a 06\/11\/2026<\/td><\/tr><tr><td class=\"has-text-align-left\" data-align=\"left\">Resultado da avalia\u00e7\u00e3o dos relat\u00f3rios<\/td><td>07\/11\/2026<\/td><\/tr><tr><td class=\"has-text-align-left\" data-align=\"left\">Participa\u00e7\u00e3o no Evento (Ensino, Extens\u00e3o, Pesquisa)<\/td><td>Novembro de 2026<\/td><\/tr><\/tbody><\/table><figcaption class=\"wp-element-caption\">*  <em>Condicionado \u00e0 divulga\u00e7\u00e3o do resultado da chamada da ag\u00eancia de fomento com o n\u00famero de bolsas para a institui\u00e7\u00e3o.<\/em><\/figcaption><\/figure>\n\n\n\n<p><\/p>\n","protected":false},"excerpt":{"rendered":"<p>Edital PROPPG\/PROEX\/PROGRAD\/SEBEC 01\/2025 &#8211; Bolsas de Inclus\u00e3o Social vinculadas \u00e0 Pesquisa ou Extens\u00e3o Universit\u00e1ria Cronograma Atividade\/Evento Per\u00edodo\/Data Inscri\u00e7\u00e3o dos estudantes 14\/03 a 04\/04\/2025 Prospec\u00e7\u00e3o de docentes interessados em orientar bolsistas 14\/03 a 04\/04\/2025 Divulga\u00e7\u00e3o das inscri\u00e7\u00f5es de estudantes deferidas e indeferidas 05\/05\/2025 Per\u00edodo de recurso das inscri\u00e7\u00f5es de estudantes indeferidas 05 a 07\/05\/2025 Prazo final [&hellip;]<\/p>\n","protected":false},"author":9,"featured_media":0,"parent":0,"menu_order":0,"comment_status":"closed","ping_status":"closed","template":"","meta":{"_acf_changed":false,"footnotes":""},"class_list":["post-77","page","type-page","status-publish","hentry"],"acf":[],"_links":{"self":[{"href":"https:\/\/sites.uel.br\/inclusaosocial\/wp-json\/wp\/v2\/pages\/77","targetHints":{"allow":["GET"]}}],"collection":[{"href":"https:\/\/sites.uel.br\/inclusaosocial\/wp-json\/wp\/v2\/pages"}],"about":[{"href":"https:\/\/sites.uel.br\/inclusaosocial\/wp-json\/wp\/v2\/types\/page"}],"author":[{"embeddable":true,"href":"https:\/\/sites.uel.br\/inclusaosocial\/wp-json\/wp\/v2\/users\/9"}],"replies":[{"embeddable":true,"href":"https:\/\/sites.uel.br\/inclusaosocial\/wp-json\/wp\/v2\/comments?post=77"}],"version-history":[{"count":26,"href":"https:\/\/sites.uel.br\/inclusaosocial\/wp-json\/wp\/v2\/pages\/77\/revisions"}],"predecessor-version":[{"id":211,"href":"https:\/\/sites.uel.br\/inclusaosocial\/wp-json\/wp\/v2\/pages\/77\/revisions\/211"}],"wp:attachment":[{"href":"https:\/\/sites.uel.br\/inclusaosocial\/wp-json\/wp\/v2\/media?parent=77"}],"curies":[{"name":"wp","href":"https:\/\/api.w.org\/{rel}","templated":true}]}}