{"id":66,"date":"2025-03-14T03:03:55","date_gmt":"2025-03-14T06:03:55","guid":{"rendered":"https:\/\/sites.uel.br\/inclusaosocial\/?page_id=66"},"modified":"2025-03-14T03:03:55","modified_gmt":"2025-03-14T06:03:55","slug":"comite-prograd-do-programa-de-acompanhamento-de-bolsas%e2%80%95pab","status":"publish","type":"page","link":"https:\/\/sites.uel.br\/inclusaosocial\/comite-prograd-do-programa-de-acompanhamento-de-bolsas%e2%80%95pab\/","title":{"rendered":"Comit\u00ea Prograd do Programa de Acompanhamento de Bolsas\u2015PAB"},"content":{"rendered":"\n<div style=\"height:33px\" aria-hidden=\"true\" class=\"wp-block-spacer\"><\/div>\n\n\n\n<p><strong>Presidente<\/strong><\/p>\n\n\n\n<p>Lilian Kemmer Chiment\u00e3o\u00a0(<a href=\"mailto:liliank@uel.br\">liliank@uel.br<\/a>)<br>CLCH &#8211; Letras Estrangeiras Modernas<\/p>\n\n\n\n<div style=\"height:20px\" aria-hidden=\"true\" class=\"wp-block-spacer\"><\/div>\n\n\n\n<p><strong>CCA<\/strong><\/p>\n\n\n\n<p>Ana Maria Bridi\u00a0(<a href=\"mailto:ambridi@uel.br\" target=\"_blank\" rel=\"noreferrer noopener\">ambridi@uel.br<\/a>) <em>titular<\/em><br>Zootecnia<\/p>\n\n\n\n<p>Ayres de Menezes Oliveira J\u00fanior\u00a0(<a href=\"mailto:ayres@uel.br\" target=\"_blank\" rel=\"noreferrer noopener\">ayres@uel.br<\/a>)<br>Agronomia<\/p>\n\n\n\n<div style=\"height:20px\" aria-hidden=\"true\" class=\"wp-block-spacer\"><\/div>\n\n\n\n<p><strong>CCB<\/strong><\/p>\n\n\n\n<p>Silmara Sartoreto de Oliveira\u00a0(<a href=\"mailto:silmara.sartoreto@uel.br\" target=\"_blank\" rel=\"noreferrer noopener\">silmara.sartoreto@uel.br<\/a>) <em>titular<\/em><br>Biologia Geral<\/p>\n\n\n\n<p>T\u00e2nia Aparecida da Silva Klein\u00a0(<a href=\"mailto:taniaklein@uel.br\" target=\"_blank\" rel=\"noreferrer noopener\">taniaklein@uel.br<\/a>)<br>Biologia Geral<\/p>\n\n\n\n<div style=\"height:20px\" aria-hidden=\"true\" class=\"wp-block-spacer\"><\/div>\n\n\n\n<p><strong>CCE<\/strong><\/p>\n\n\n\n<p>Marcello Ferreira da Costa\u00a0(<a href=\"mailto:mcosta@uel.br\" target=\"_blank\" rel=\"noreferrer noopener\">mcosta@uel.br<\/a>) <em>titular<\/em><br>F\u00edsica<\/p>\n\n\n\n<div style=\"height:20px\" aria-hidden=\"true\" class=\"wp-block-spacer\"><\/div>\n\n\n\n<p><strong>CESA<\/strong><\/p>\n\n\n\n<p>Emerson Guzzi Zuan Esteves\u00a0(<a href=\"mailto:emerson.esteves@uel.br\" target=\"_blank\" rel=\"noreferrer noopener\">emerson.esteves@uel.br<\/a>) <em>titular<\/em><br>Economia<\/p>\n\n\n\n<p>Melissa Ferreira Pontes\u00a0(<a href=\"mailto:melissaportes@uel.br\" target=\"_blank\" rel=\"noreferrer noopener\">melissaportes@uel.br<\/a>)<br>Servi\u00e7o Social<\/p>\n\n\n\n<div style=\"height:20px\" aria-hidden=\"true\" class=\"wp-block-spacer\"><\/div>\n\n\n\n<p><strong>CECA<\/strong><\/p>\n\n\n\n<p>Adriane Maciel Gomes\u00a0(<a href=\"mailto:adriane.gomes@uel.br\" target=\"_blank\" rel=\"noreferrer noopener\">adriane.gomes@uel.br<\/a>) <em>titular<\/em><br>Artes<\/p>\n\n\n\n<p>Danielle de Marchi Tozatti\u00a0(<a href=\"mailto:daniellemarchi@uel.br\" target=\"_blank\" rel=\"noreferrer noopener\">daniellemarchi@uel.br<\/a>)<br>Design<\/p>\n\n\n\n<div style=\"height:20px\" aria-hidden=\"true\" class=\"wp-block-spacer\"><\/div>\n\n\n\n<p><strong>CLCH<\/strong><\/p>\n\n\n\n<p>Gustavo Javier Figliolo\u00a0(<a href=\"mailto:gustavo@uel.br\" target=\"_blank\" rel=\"noreferrer noopener\">gustavo@uel.br<\/a>) <em>titular<\/em><br>Letras Estrangeiras Modernas<\/p>\n\n\n\n<p>Marco Antonio Neves Soares\u00a0(<a href=\"mailto:samusque@uel.br\" target=\"_blank\" rel=\"noreferrer noopener\">samusque@uel.br<\/a>)<br>Hist\u00f3ria<\/p>\n\n\n\n<div style=\"height:20px\" aria-hidden=\"true\" class=\"wp-block-spacer\"><\/div>\n\n\n\n<p><strong>CTU<\/strong><\/p>\n\n\n\n<p>Francisco Granziera Junior\u00a0(<a href=\"mailto:granziera@uel.br\" target=\"_blank\" rel=\"noreferrer noopener\">granziera@uel.br<\/a>) <em>titular<\/em><br>Engenharia El\u00e9trica<\/p>\n\n\n\n<p>Nilson Magagnin Filho\u00a0(<a href=\"mailto:magagnin@uel.br\" target=\"_blank\" rel=\"noreferrer noopener\">magagnin@uel.br<\/a>)<br>Estruturas<\/p>\n\n\n\n<div style=\"height:20px\" aria-hidden=\"true\" class=\"wp-block-spacer\"><\/div>\n\n\n\n<p><strong>CEFE<\/strong><\/p>\n\n\n\n<p>Victor Hugo Alves Okazaki\u00a0(<a href=\"mailto:okazaki@uel.br\" target=\"_blank\" rel=\"noreferrer noopener\">okazaki@uel.br<\/a>) <em>titular<\/em><br>Educa\u00e7\u00e3o F\u00edsica<\/p>\n\n\n\n<p>Karina de Toledo Ara\u00fajo\u00a0(<a href=\"mailto:karina.araujo@uel.br\" target=\"_blank\" rel=\"noreferrer noopener\">karina.araujo@uel.br<\/a>)<br>Estudo do Movimento Humano<\/p>\n\n\n\n<div style=\"height:20px\" aria-hidden=\"true\" class=\"wp-block-spacer\"><\/div>\n\n\n\n<p><strong>CCS<\/strong><\/p>\n\n\n\n<p>Daniela Biguetti Martins Lopes\u00a0(<a href=\"mailto:danielalopes@uel.br\" target=\"_blank\" rel=\"noreferrer noopener\">danielalopes@uel.br<\/a>) <em>titular<\/em><br>Enfermagem<\/p>\n\n\n\n<p>Eliana Carolina Vespero\u00a0(<a href=\"mailto:elianacv@uel.br\" target=\"_blank\" rel=\"noreferrer noopener\">elianacv@uel.br<\/a>)<br>Patologia, An\u00e1lises Cl\u00ednicas e Toxicol\u00f3gicas<\/p>\n","protected":false},"excerpt":{"rendered":"<p>Presidente Lilian Kemmer Chiment\u00e3o\u00a0(liliank@uel.br)CLCH &#8211; Letras Estrangeiras Modernas CCA Ana Maria Bridi\u00a0(ambridi@uel.br) titularZootecnia Ayres de Menezes Oliveira J\u00fanior\u00a0(ayres@uel.br)Agronomia CCB Silmara Sartoreto de Oliveira\u00a0(silmara.sartoreto@uel.br) titularBiologia Geral T\u00e2nia Aparecida da Silva Klein\u00a0(taniaklein@uel.br)Biologia Geral CCE Marcello Ferreira da Costa\u00a0(mcosta@uel.br) titularF\u00edsica CESA Emerson Guzzi Zuan Esteves\u00a0(emerson.esteves@uel.br) titularEconomia Melissa Ferreira Pontes\u00a0(melissaportes@uel.br)Servi\u00e7o Social CECA Adriane Maciel Gomes\u00a0(adriane.gomes@uel.br) titularArtes Danielle de Marchi [&hellip;]<\/p>\n","protected":false},"author":9,"featured_media":0,"parent":0,"menu_order":0,"comment_status":"closed","ping_status":"closed","template":"","meta":{"_acf_changed":false,"footnotes":""},"class_list":["post-66","page","type-page","status-publish","hentry"],"acf":[],"_links":{"self":[{"href":"https:\/\/sites.uel.br\/inclusaosocial\/wp-json\/wp\/v2\/pages\/66","targetHints":{"allow":["GET"]}}],"collection":[{"href":"https:\/\/sites.uel.br\/inclusaosocial\/wp-json\/wp\/v2\/pages"}],"about":[{"href":"https:\/\/sites.uel.br\/inclusaosocial\/wp-json\/wp\/v2\/types\/page"}],"author":[{"embeddable":true,"href":"https:\/\/sites.uel.br\/inclusaosocial\/wp-json\/wp\/v2\/users\/9"}],"replies":[{"embeddable":true,"href":"https:\/\/sites.uel.br\/inclusaosocial\/wp-json\/wp\/v2\/comments?post=66"}],"version-history":[{"count":9,"href":"https:\/\/sites.uel.br\/inclusaosocial\/wp-json\/wp\/v2\/pages\/66\/revisions"}],"predecessor-version":[{"id":75,"href":"https:\/\/sites.uel.br\/inclusaosocial\/wp-json\/wp\/v2\/pages\/66\/revisions\/75"}],"wp:attachment":[{"href":"https:\/\/sites.uel.br\/inclusaosocial\/wp-json\/wp\/v2\/media?parent=66"}],"curies":[{"name":"wp","href":"https:\/\/api.w.org\/{rel}","templated":true}]}}