{"id":55,"date":"2025-07-02T10:00:00","date_gmt":"2025-07-02T13:00:00","guid":{"rendered":"https:\/\/sites.uel.br\/inclusaosocial\/?page_id=55"},"modified":"2025-07-02T09:59:40","modified_gmt":"2025-07-02T12:59:40","slug":"comite-assessor-do-programa-de-iniciacao-extensionista%e2%80%95proinex","status":"publish","type":"page","link":"https:\/\/sites.uel.br\/inclusaosocial\/comite-assessor-do-programa-de-iniciacao-extensionista%e2%80%95proinex\/","title":{"rendered":"Comit\u00ea Assessor do Programa de Inicia\u00e7\u00e3o Extensionista\u2015PROINEX"},"content":{"rendered":"\n<div style=\"height:33px\" aria-hidden=\"true\" class=\"wp-block-spacer\"><\/div>\n\n\n\n<p><strong>Presidente<\/strong><\/p>\n\n\n\n<p>Paulo Ant\u00f4nio Liboni Filho\u00a0(<a href=\"mailto:liboni@uel.br\">liboni@uel.br<\/a>)<br>CCE &#8211; Matem\u00e1tica<\/p>\n\n\n\n<div style=\"height:20px\" aria-hidden=\"true\" class=\"wp-block-spacer\"><\/div>\n\n\n\n<p><strong>Comunica\u00e7\u00e3o<\/strong><\/p>\n\n\n\n<p>Christiane Frig\u00e9rio Martins\u00a0(<a href=\"mailto:uelchris@hotmail.com\" target=\"_blank\" rel=\"noreferrer noopener\">uelchris@hotmail.com<\/a>)<br>CCE &#8211; F\u00edsica<\/p>\n\n\n\n<p>Reginaldo Moreira\u00a0(<a href=\"mailto:regismoreira@uel.br\" target=\"_blank\" rel=\"noreferrer noopener\">regismoreira@uel.br<\/a>)<br>CECA &#8211; Comunica\u00e7\u00e3o<\/p>\n\n\n\n<div style=\"height:20px\" aria-hidden=\"true\" class=\"wp-block-spacer\"><\/div>\n\n\n\n<p><strong>Cultura<\/strong><\/p>\n\n\n\n<p>Ana Heloisa Molina\u00a0(<a href=\"mailto:ahmolina@uel.br\" target=\"_blank\" rel=\"noreferrer noopener\">ahmolina@uel.br<\/a>)<br>CLCH &#8211; Hist\u00f3ria<\/p>\n\n\n\n<p>Caio Pedrosa da Silva\u00a0(<a href=\"mailto:caio.pedrosa@uel.br\" target=\"_blank\" rel=\"noreferrer noopener\">caio.pedrosa@uel.br<\/a>)<br>CLCH &#8211; Hist\u00f3ria<\/p>\n\n\n\n<p>Fl\u00e1vio Luis Freire Rodrigues\u00a0(<a href=\"mailto:flaviofreire@uel.br\" target=\"_blank\" rel=\"noreferrer noopener\">flaviofreire@uel.br<\/a>)<br>CLCH &#8211; Letras Vern\u00e1culas e Cl\u00e1ssicas<\/p>\n\n\n\n<p>Maria Renata da Cruz Duran\u00a0(<a href=\"mailto:mrcduran@uel.br\" target=\"_blank\" rel=\"noreferrer noopener\">mrcduran@uel.br<\/a>)<br>CLCH &#8211; Hist\u00f3ria<\/p>\n\n\n\n<div style=\"height:20px\" aria-hidden=\"true\" class=\"wp-block-spacer\"><\/div>\n\n\n\n<p><strong>Direitos Humanos e Justi\u00e7a<\/strong><\/p>\n\n\n\n<p>Emerson Guzzi Zuan Esteves\u00a0(<a href=\"mailto:emerson.esteves@uel.br\" target=\"_blank\" rel=\"noreferrer noopener\">emerson.esteves@uel.br<\/a>)<br>CESA &#8211; Economia<\/p>\n\n\n\n<p>Martha Celia Ramirez Galvez\u00a0(<a href=\"mailto:martha@uel.br\" target=\"_blank\" rel=\"noreferrer noopener\">martha@uel.br<\/a>)<br>CLCH &#8211; Ci\u00eancias Sociais<\/p>\n\n\n\n<p>Sandra Louren\u00e7o de Andrade Fortuna\u00a0(<a href=\"mailto:sanlou@uel.br\" target=\"_blank\" rel=\"noreferrer noopener\">sanlou@uel.br<\/a>)<br>CESA &#8211; Servi\u00e7o Social<\/p>\n\n\n\n<div style=\"height:20px\" aria-hidden=\"true\" class=\"wp-block-spacer\"><\/div>\n\n\n\n<p><strong>Educa\u00e7\u00e3o<\/strong><\/p>\n\n\n\n<p>Ana Claudia Saladini\u00a0(<a href=\"mailto:ana.saladini@uel.br\" target=\"_blank\" rel=\"noreferrer noopener\">ana.saladini@uel.br<\/a>)<br>CEFE &#8211; Estudos do Movimento Humano<\/p>\n\n\n\n<p>Benjamin Luiz Franklin\u00a0(<a href=\"mailto:belfra@uel.br\" target=\"_blank\" rel=\"noreferrer noopener\">belfra@uel.br<\/a>)<br>CECA &#8211; Ci\u00eancia da Informa\u00e7\u00e3o<\/p>\n\n\n\n<p>C\u00e2ndida Alayde de Carvalho Bittencourt\u00a0(<a href=\"mailto:candida.carvalho@uel.br\" target=\"_blank\" rel=\"noreferrer noopener\">candida.carvalho@uel.br<\/a>)<br>CECA &#8211; Arte<\/p>\n\n\n\n<p>Cleide Vitor Mussini Batista\u00a0(<a href=\"mailto:cler@uel.br\" target=\"_blank\" rel=\"noreferrer noopener\">cler@uel.br<\/a>)<br>CECA &#8211; Educa\u00e7\u00e3o<\/p>\n\n\n\n<p>Denise Andrade Pereira\u00a0(<a href=\"mailto:demeier@uel.br\" target=\"_blank\" rel=\"noreferrer noopener\">demeier@uel.br<\/a>)<br>CCS &#8211; Enfermagem<\/p>\n\n\n\n<p>Roberta Puccetti\u00a0(<a href=\"mailto:rpuccetti@uel.br\" target=\"_blank\" rel=\"noreferrer noopener\">rpuccetti@uel.br<\/a>)<br>CECA &#8211; Educa\u00e7\u00e3o<\/p>\n\n\n\n<div style=\"height:20px\" aria-hidden=\"true\" class=\"wp-block-spacer\"><\/div>\n\n\n\n<p><strong>Meio Ambiente<\/strong><\/p>\n\n\n\n<p>Gislayne Fernandes Lemes Trindade Vilas Boas\u00a0(<a href=\"mailto:gvboas@uel.br\" target=\"_blank\" rel=\"noreferrer noopener\">gvboas@uel.br<\/a>)<br>CCB &#8211; Biologia Geral<\/p>\n\n\n\n<p>Mario Henrique Montazolli Killner\u00a0(<a href=\"mailto:killner@uel.br\" target=\"_blank\" rel=\"noreferrer noopener\">killner@uel.br<\/a>)<br>CCE &#8211; Qu\u00edmica<\/p>\n\n\n\n<div style=\"height:20px\" aria-hidden=\"true\" class=\"wp-block-spacer\"><\/div>\n\n\n\n<p><strong>Sa\u00fade<\/strong><\/p>\n\n\n\n<p>Benedita Gon\u00e7ales de Assis Ribeiro\u00a0(<a href=\"mailto:tinha@uel.br\" target=\"_blank\" rel=\"noreferrer noopener\">tinha@uel.br<\/a>)<br>CCS &#8211; Enfermagem<\/p>\n\n\n\n<p>Dora Silvia Corr\u00eaa de Moraes\u00a0(<a href=\"mailto:dorasilvia@uel.br\" target=\"_blank\" rel=\"noreferrer noopener\">dorasilvia@uel.br<\/a>)<br>CCS &#8211; Patologia, An\u00e1lises Cl\u00ednicas e Toxicol\u00f3gicas<\/p>\n\n\n\n<p>Juliana Bayeux Dascal\u00a0(<a href=\"mailto:jbdascal@uel.br\" target=\"_blank\" rel=\"noreferrer noopener\">jbdascal@uel.br<\/a>)<br>CEFE &#8211; Educa\u00e7\u00e3o F\u00edsica<\/p>\n\n\n\n<p>Marselle Nobre de Carvalho\u00a0(<a href=\"mailto:marsellecarvalho@uel.br\" target=\"_blank\" rel=\"noreferrer noopener\">marsellecarvalho@uel.br<\/a>)<br>CCS &#8211; Sa\u00fade Coletiva<\/p>\n\n\n\n<p>Renata Katsuko Takayama Kobayashi\u00a0(<a href=\"mailto:kobayashirkt@uel.br\" target=\"_blank\" rel=\"noreferrer noopener\">kobayashirkt@uel.br<\/a>)<br>CCB &#8211; Microbiologia<\/p>\n\n\n\n<p>Maria Isabel Mello Martins\u00a0(<a href=\"mailto:imartins@uel.br\" target=\"_blank\" rel=\"noreferrer noopener\">imartins@uel.br<\/a>)<br>CCA &#8211; Cl\u00ednicas Veterin\u00e1rias<\/p>\n\n\n\n<div style=\"height:20px\" aria-hidden=\"true\" class=\"wp-block-spacer\"><\/div>\n\n\n\n<p><strong>Tecnologia e Produ\u00e7\u00e3o<\/strong><\/p>\n\n\n\n<p>Jos\u00e9 Roberto Pinto de Souza\u00a0(<a href=\"mailto:jose@uel.br\" target=\"_blank\" rel=\"noreferrer noopener\">jose@uel.br<\/a>)<br>CCA &#8211; Agronomia<\/p>\n\n\n\n<p>Karina Benassi Angilelli\u00a0(<a href=\"mailto:kaangilelli@uel.br\" target=\"_blank\" rel=\"noreferrer noopener\">kaangilelli@uel.br<\/a>)<br>CCE &#8211; Qu\u00edmica<\/p>\n\n\n\n<p>Maria Bernadete de Morais Fran\u00e7a\u00a0(<a href=\"mailto:mbmorais@uel.br\" target=\"_blank\" rel=\"noreferrer noopener\">mbmorais@uel.br<\/a>)<br>CTU &#8211; Engenharia El\u00e9trica<\/p>\n\n\n\n<p>Milena Kanashiro\u00a0(<a href=\"mailto:milena@uel.br\" target=\"_blank\" rel=\"noreferrer noopener\">milena@uel.br<\/a>)<br>CTU &#8211; Arquitetura e Urbanismo<\/p>\n\n\n\n<p>Paulo S\u00e9rgio Bardella\u00a0(<a href=\"mailto:paulo.bardella@uel..br\" target=\"_blank\" rel=\"noreferrer noopener\">paulo.bardella@uel..br<\/a>)<br>CTU &#8211; Estruturas<\/p>\n\n\n\n<p>Raquel Souza Teixeira\u00a0(<a href=\"mailto:raquel@uel.br\" target=\"_blank\" rel=\"noreferrer noopener\">raquel@uel.br<\/a>)<br>CTU &#8211; Constru\u00e7\u00e3o Civil<\/p>\n","protected":false},"excerpt":{"rendered":"<p>Presidente Paulo Ant\u00f4nio Liboni Filho\u00a0(liboni@uel.br)CCE &#8211; Matem\u00e1tica Comunica\u00e7\u00e3o Christiane Frig\u00e9rio Martins\u00a0(uelchris@hotmail.com)CCE &#8211; F\u00edsica Reginaldo Moreira\u00a0(regismoreira@uel.br)CECA &#8211; Comunica\u00e7\u00e3o Cultura Ana Heloisa Molina\u00a0(ahmolina@uel.br)CLCH &#8211; Hist\u00f3ria Caio Pedrosa da Silva\u00a0(caio.pedrosa@uel.br)CLCH &#8211; Hist\u00f3ria Fl\u00e1vio Luis Freire Rodrigues\u00a0(flaviofreire@uel.br)CLCH &#8211; Letras Vern\u00e1culas e Cl\u00e1ssicas Maria Renata da Cruz Duran\u00a0(mrcduran@uel.br)CLCH &#8211; Hist\u00f3ria Direitos Humanos e Justi\u00e7a Emerson Guzzi Zuan Esteves\u00a0(emerson.esteves@uel.br)CESA &#8211; Economia [&hellip;]<\/p>\n","protected":false},"author":9,"featured_media":0,"parent":0,"menu_order":0,"comment_status":"closed","ping_status":"closed","template":"","meta":{"_acf_changed":false,"footnotes":""},"class_list":["post-55","page","type-page","status-publish","hentry"],"acf":[],"_links":{"self":[{"href":"https:\/\/sites.uel.br\/inclusaosocial\/wp-json\/wp\/v2\/pages\/55","targetHints":{"allow":["GET"]}}],"collection":[{"href":"https:\/\/sites.uel.br\/inclusaosocial\/wp-json\/wp\/v2\/pages"}],"about":[{"href":"https:\/\/sites.uel.br\/inclusaosocial\/wp-json\/wp\/v2\/types\/page"}],"author":[{"embeddable":true,"href":"https:\/\/sites.uel.br\/inclusaosocial\/wp-json\/wp\/v2\/users\/9"}],"replies":[{"embeddable":true,"href":"https:\/\/sites.uel.br\/inclusaosocial\/wp-json\/wp\/v2\/comments?post=55"}],"version-history":[{"count":9,"href":"https:\/\/sites.uel.br\/inclusaosocial\/wp-json\/wp\/v2\/pages\/55\/revisions"}],"predecessor-version":[{"id":64,"href":"https:\/\/sites.uel.br\/inclusaosocial\/wp-json\/wp\/v2\/pages\/55\/revisions\/64"}],"wp:attachment":[{"href":"https:\/\/sites.uel.br\/inclusaosocial\/wp-json\/wp\/v2\/media?parent=55"}],"curies":[{"name":"wp","href":"https:\/\/api.w.org\/{rel}","templated":true}]}}