{"id":51,"date":"2025-03-14T03:04:51","date_gmt":"2025-03-14T06:04:51","guid":{"rendered":"https:\/\/sites.uel.br\/inclusaosocial\/?page_id=51"},"modified":"2025-03-14T03:04:52","modified_gmt":"2025-03-14T06:04:52","slug":"comite-assessor-da-inclusao-social","status":"publish","type":"page","link":"https:\/\/sites.uel.br\/inclusaosocial\/comite-assessor-da-inclusao-social\/","title":{"rendered":"Comit\u00ea Assessor da Inclus\u00e3o Social"},"content":{"rendered":"\n<div style=\"height:33px\" aria-hidden=\"true\" class=\"wp-block-spacer\"><\/div>\n\n\n\n<p>O Comit\u00ea Assessor avalia as atividades acad\u00eamicas realizadas pelos alunos classificados no edital. \u00c9 formado pela uni\u00e3o de tr\u00eas outros comit\u00eas:<\/p>\n\n\n\n<ul class=\"wp-block-list\">\n<li><a href=\"https:\/\/sites.uel.br\/proppg\/comite-assessor-do-programa-de-iniciacao-cientifica\/\">Comit\u00ea Assessor do Programa de Inicia\u00e7\u00e3o Cient\u00edfica\u2015ProIC<\/a>, avalia as atividades dos alunos vinculados \u00e0 pesquisa (ProPPG)<\/li>\n\n\n\n<li><a href=\"https:\/\/sites.uel.br\/inclusaosocial\/comite-assessor-do-programa-de-iniciacao-extensionista%e2%80%95proinex\/\">Comit\u00ea Assessor do Programa de Inicia\u00e7\u00e3o Extensionista\u2015PROINEX<\/a>, avalia as atividades dos alunos vinculados \u00e0 extens\u00e3o (ProEx)<\/li>\n\n\n\n<li><a href=\"https:\/\/sites.uel.br\/inclusaosocial\/comite-prograd-do-programa-de-acompanhamento-de-bolsas%e2%80%95pab\/\">Comit\u00ea Prograd do Programa de Acompanhamento de Bolsas\u2015PAB<\/a>, avalia as atividades dos alunos vinculados ao ensino (ProGrad)<\/li>\n<\/ul>\n\n\n\n<p><\/p>\n","protected":false},"excerpt":{"rendered":"<p>O Comit\u00ea Assessor avalia as atividades acad\u00eamicas realizadas pelos alunos classificados no edital. \u00c9 formado pela uni\u00e3o de tr\u00eas outros comit\u00eas:<\/p>\n","protected":false},"author":9,"featured_media":0,"parent":0,"menu_order":0,"comment_status":"closed","ping_status":"closed","template":"","meta":{"_acf_changed":false,"footnotes":""},"class_list":["post-51","page","type-page","status-publish","hentry"],"acf":[],"_links":{"self":[{"href":"https:\/\/sites.uel.br\/inclusaosocial\/wp-json\/wp\/v2\/pages\/51","targetHints":{"allow":["GET"]}}],"collection":[{"href":"https:\/\/sites.uel.br\/inclusaosocial\/wp-json\/wp\/v2\/pages"}],"about":[{"href":"https:\/\/sites.uel.br\/inclusaosocial\/wp-json\/wp\/v2\/types\/page"}],"author":[{"embeddable":true,"href":"https:\/\/sites.uel.br\/inclusaosocial\/wp-json\/wp\/v2\/users\/9"}],"replies":[{"embeddable":true,"href":"https:\/\/sites.uel.br\/inclusaosocial\/wp-json\/wp\/v2\/comments?post=51"}],"version-history":[{"count":6,"href":"https:\/\/sites.uel.br\/inclusaosocial\/wp-json\/wp\/v2\/pages\/51\/revisions"}],"predecessor-version":[{"id":166,"href":"https:\/\/sites.uel.br\/inclusaosocial\/wp-json\/wp\/v2\/pages\/51\/revisions\/166"}],"wp:attachment":[{"href":"https:\/\/sites.uel.br\/inclusaosocial\/wp-json\/wp\/v2\/media?parent=51"}],"curies":[{"name":"wp","href":"https:\/\/api.w.org\/{rel}","templated":true}]}}