{"id":38,"date":"2025-03-10T12:20:31","date_gmt":"2025-03-10T15:20:31","guid":{"rendered":"https:\/\/sites.uel.br\/inclusaosocial\/?page_id=38"},"modified":"2026-03-16T17:47:14","modified_gmt":"2026-03-16T20:47:14","slug":"apresentacao","status":"publish","type":"page","link":"https:\/\/sites.uel.br\/inclusaosocial\/apresentacao\/","title":{"rendered":"Apresenta\u00e7\u00e3o"},"content":{"rendered":"\n<p><\/p>\n\n\n\n<p><\/p>\n\n\n\n<p>O edital PIBIS estabelece os procedimentos para o recebimento de inscri\u00e7\u00f5es de estudantes matriculados\/as nos cursos de gradua\u00e7\u00e3o da UEL, interessados\/as no Programa de Apoio \u00e0 Inclus\u00e3o Social, Pesquisa e Extens\u00e3o Universit\u00e1ria \u2013 PIBIS, da Funda\u00e7\u00e3o Arauc\u00e1ria, com ou sem bolsa, para o ciclo 2026-2027.<\/p>\n\n\n\n<p>Com dura\u00e7\u00e3o de 12 meses e bolsa paga no valor de R$700,00, o estudante bolsista dever\u00e1 ter carga hor\u00e1rio de 20 horas em projeto de ensino, pesquisa ou extens\u00e3o. O objetivo \u00e9 incentivar os estudantes a participar de projetos e programas acad\u00eamicos, incluindo atividades cient\u00edficas, tecnol\u00f3gicas e de inova\u00e7\u00e3o.<\/p>\n\n\n\n<p><\/p>\n","protected":false},"excerpt":{"rendered":"<p>O edital PIBIS estabelece os procedimentos para o recebimento de inscri\u00e7\u00f5es de estudantes matriculados\/as nos cursos de gradua\u00e7\u00e3o da UEL, interessados\/as no Programa de Apoio \u00e0 Inclus\u00e3o Social, Pesquisa e Extens\u00e3o Universit\u00e1ria \u2013 PIBIS, da Funda\u00e7\u00e3o Arauc\u00e1ria, com ou sem bolsa, para o ciclo 2026-2027. Com dura\u00e7\u00e3o de 12 meses e bolsa paga no valor [&hellip;]<\/p>\n","protected":false},"author":8,"featured_media":0,"parent":0,"menu_order":0,"comment_status":"closed","ping_status":"closed","template":"","meta":{"_acf_changed":false,"footnotes":""},"class_list":["post-38","page","type-page","status-publish","hentry"],"acf":[],"_links":{"self":[{"href":"https:\/\/sites.uel.br\/inclusaosocial\/wp-json\/wp\/v2\/pages\/38","targetHints":{"allow":["GET"]}}],"collection":[{"href":"https:\/\/sites.uel.br\/inclusaosocial\/wp-json\/wp\/v2\/pages"}],"about":[{"href":"https:\/\/sites.uel.br\/inclusaosocial\/wp-json\/wp\/v2\/types\/page"}],"author":[{"embeddable":true,"href":"https:\/\/sites.uel.br\/inclusaosocial\/wp-json\/wp\/v2\/users\/8"}],"replies":[{"embeddable":true,"href":"https:\/\/sites.uel.br\/inclusaosocial\/wp-json\/wp\/v2\/comments?post=38"}],"version-history":[{"count":6,"href":"https:\/\/sites.uel.br\/inclusaosocial\/wp-json\/wp\/v2\/pages\/38\/revisions"}],"predecessor-version":[{"id":231,"href":"https:\/\/sites.uel.br\/inclusaosocial\/wp-json\/wp\/v2\/pages\/38\/revisions\/231"}],"wp:attachment":[{"href":"https:\/\/sites.uel.br\/inclusaosocial\/wp-json\/wp\/v2\/media?parent=38"}],"curies":[{"name":"wp","href":"https:\/\/api.w.org\/{rel}","templated":true}]}}