{"id":33,"date":"2025-03-10T12:16:38","date_gmt":"2025-03-10T15:16:38","guid":{"rendered":"https:\/\/sites.uel.br\/inclusaosocial\/?page_id=33"},"modified":"2025-05-12T13:33:28","modified_gmt":"2025-05-12T16:33:28","slug":"pagina-principal","status":"publish","type":"page","link":"https:\/\/sites.uel.br\/inclusaosocial\/","title":{"rendered":"P\u00e1gina principal"},"content":{"rendered":"\n<div class=\"wp-block-columns is-layout-flex wp-container-core-columns-is-layout-9d6595d7 wp-block-columns-is-layout-flex\">\n<div class=\"wp-block-column is-layout-flow wp-block-column-is-layout-flow\" style=\"flex-basis:75%\">\n<div class=\"wp-block-uel-card\">\n<h3 class=\"wp-block-heading\">DESTAQUES<\/h3>\n\n\n\n<div style=\"height:22px\" aria-hidden=\"true\" class=\"wp-block-spacer\"><\/div>\n\n\n<div class=\"noticias-recentes\"><a class=\"noticia-padrao d-flex flex-column flex-md-row align-items-start\" href=\"https:\/\/sites.uel.br\/inclusaosocial\/sem-categoria\/2026\/03\/18\/edital-001-2026-ja-esta-disponivel\/\"><img decoding=\"async\" src=\"https:\/\/sites.uel.br\/inclusaosocial\/wp-content\/uploads\/2026\/03\/Edital.png\"><article class=\"ml-0 ml-md-2 corpo-noticia-padrao\"><p class=\"antetitulo mb-0\"><\/p><p class=\"titulo mb-2\">Edital 001\/2026 j\u00e1 est\u00e1 dispon\u00edvel<\/p><p class=\"descricao\">O edital 001\/2026 j\u00e1 est\u00e1 com inscri\u00e7\u00f5es abertas para estudante bolsista. As incri\u00e7\u00f5es v\u00e3o de 18\/03 a 08\/04\/2026. Poder\u00e3o se inscrever estudantes matriculados\/as em cursos de gradua\u00e7\u00e3o da UEL, e que no ato de inscri\u00e7\u00e3o do Processo Seletivo de Ingresso Inicial tenham optado por uma das seguintes modalidades:<\/p><\/article><\/a><div class=\"clearfix\" style=\"width: 100%;\"><\/div><a href=\"https:\/\/sites.uel.br\/inclusaosocial\/posts\" class=\"mt-4 noticias-recentes_todas\">Ver mais<\/a><\/div><\/div>\n\n\n\n<div class=\"wp-block-uel-card\">\n<h3 class=\"wp-block-heading is-style-highlighted-heading\">EDITAIS<\/h3>\n\n\n\n<div style=\"height:22px\" aria-hidden=\"true\" class=\"wp-block-spacer\"><\/div>\n\n\n<div class=\"editais-block\"><div class=\"col-md-4\"><a class=\"editais-block__item-block\" href=\"https:\/\/sites.uel.br\/inclusaosocial\/wp-content\/uploads\/2026\/03\/EDITAL-PIBIS-001-2026.pdf\"><div class=\"editais-block__titulo\"><span>Edital PROEX\/PROGRAD\/PROPPG\/SEBEC 01\/2026<\/span><\/div><div class=\"editais-block__resumo\"><span>Torna p\u00fablico o Edital do Programa Institucional de Apoio \u00e0 Inclus\u00e3o Social, Pesquisa e Extens\u00e3o Universit\u00e1ria\u2013PIBIS, da Funda\u00e7\u00e3o Arauc\u00e1ria, nas modalidades com bolsa ou sem bolsa, para a vig\u00eancia 2026\/2027.<\/span><\/div><div class=\"editais-block__publicado\"><span>2 semanas atr\u00e1s<\/span><\/div><\/a><\/div><div class=\"clearfix\" style=\"width: 100%;\"><\/div><a href=\"https:\/\/sites.uel.br\/inclusaosocial\/editais\/\" class=\"mt-4 editais__todas\">Ver mais<\/a><\/div>\n\n\n<p style=\"font-size:14px\"><a href=\"https:\/\/sites.uel.br\/prograd\/editais-prograd-anos-anteriores\/\"><strong>Anos Anteriores<\/strong><\/a><\/p>\n<\/div>\n\n\n\n<div style=\"height:46px\" aria-hidden=\"true\" class=\"wp-block-spacer\"><\/div>\n<\/div>\n\n\n\n<div class=\"wp-block-column is-layout-flow wp-block-column-is-layout-flow\" style=\"flex-basis:25%\">\n<div class=\"gcse-search\"><\/div>\n\n\n\n<div class=\"wp-block-buttons is-layout-flex wp-block-buttons-is-layout-flex\">\n<div class=\"wp-block-button has-custom-width wp-block-button__width-100 is-style-outline is-style-outline--1\"><a class=\"wp-block-button__link has-white-color has-text-color has-background has-medium-font-size has-custom-font-size wp-element-button\" href=\"http:\/\/www.uel.br\/portaldoestudante\" style=\"border-radius:0px;background-color:#02753c\" target=\"_blank\" rel=\"noreferrer noopener\">Portal do Estudante<\/a><\/div>\n\n\n\n<div class=\"wp-block-button has-custom-width wp-block-button__width-100 is-style-outline is-style-outline--2\"><a class=\"wp-block-button__link has-white-color has-text-color has-background has-medium-font-size has-custom-font-size wp-element-button\" href=\"https:\/\/sistemas.uel.br\/portaldodocente\/index\" style=\"border-radius:0px;background-color:#02753c\" target=\"_blank\" rel=\"noreferrer noopener\">Portal do Docente<\/a><\/div>\n\n\n\n<div class=\"wp-block-button has-custom-width wp-block-button__width-100 is-style-outline is-style-outline--3\"><a class=\"wp-block-button__link has-white-color has-text-color has-background has-medium-font-size has-custom-font-size wp-element-button\" href=\"https:\/\/www.sistemasweb.uel.br\/index.php?contents=system\/ic\/bolsistas\/index.php\" style=\"border-radius:0px;background-color:#02753c\">Plataforma do Aluno de IC e IT<\/a><\/div>\n\n\n\n<div class=\"wp-block-button has-custom-width wp-block-button__width-100 is-style-outline is-style-outline--4\"><a class=\"wp-block-button__link has-white-color has-text-color has-background has-medium-font-size has-custom-font-size wp-element-button\" href=\"https:\/\/www.sistemasweb.uel.br\/index.php?contents=system\/ic\/index.php\" style=\"border-radius:0px;background-color:#02753c\">Plataforma do Professor de IC e IT<\/a><\/div>\n<\/div>\n\n\n\n<hr class=\"wp-block-separator has-text-color has-cinza-color has-css-opacity has-cinza-background-color has-background is-style-wide\"\/>\n\n\n\n<figure class=\"wp-block-image size-large\"><a href=\"https:\/\/operobal.uel.br\/tag\/uel-contra-o-racismo\/\" target=\"_blank\" rel=\"noreferrer noopener\"><img decoding=\"async\" src=\"https:\/\/sites.uel.br\/prograd\/wp-content\/uploads\/2023\/10\/campanha-1024x576.png\" alt=\"\" class=\"wp-image-14570\"\/><\/a><\/figure>\n<\/div>\n<\/div>\n","protected":false},"excerpt":{"rendered":"","protected":false},"author":8,"featured_media":0,"parent":0,"menu_order":0,"comment_status":"closed","ping_status":"closed","template":"","meta":{"_acf_changed":false,"footnotes":""},"class_list":["post-33","page","type-page","status-publish","hentry"],"acf":[],"_links":{"self":[{"href":"https:\/\/sites.uel.br\/inclusaosocial\/wp-json\/wp\/v2\/pages\/33","targetHints":{"allow":["GET"]}}],"collection":[{"href":"https:\/\/sites.uel.br\/inclusaosocial\/wp-json\/wp\/v2\/pages"}],"about":[{"href":"https:\/\/sites.uel.br\/inclusaosocial\/wp-json\/wp\/v2\/types\/page"}],"author":[{"embeddable":true,"href":"https:\/\/sites.uel.br\/inclusaosocial\/wp-json\/wp\/v2\/users\/8"}],"replies":[{"embeddable":true,"href":"https:\/\/sites.uel.br\/inclusaosocial\/wp-json\/wp\/v2\/comments?post=33"}],"version-history":[{"count":7,"href":"https:\/\/sites.uel.br\/inclusaosocial\/wp-json\/wp\/v2\/pages\/33\/revisions"}],"predecessor-version":[{"id":157,"href":"https:\/\/sites.uel.br\/inclusaosocial\/wp-json\/wp\/v2\/pages\/33\/revisions\/157"}],"wp:attachment":[{"href":"https:\/\/sites.uel.br\/inclusaosocial\/wp-json\/wp\/v2\/media?parent=33"}],"curies":[{"name":"wp","href":"https:\/\/api.w.org\/{rel}","templated":true}]}}