{"id":29,"date":"2025-03-10T12:11:12","date_gmt":"2025-03-10T15:11:12","guid":{"rendered":"https:\/\/sites.uel.br\/inclusaosocial\/?page_id=29"},"modified":"2025-05-21T13:30:34","modified_gmt":"2025-05-21T16:30:34","slug":"busca-por-orientador","status":"publish","type":"page","link":"https:\/\/sites.uel.br\/inclusaosocial\/busca-por-orientador\/","title":{"rendered":"Busca por Orientador"},"content":{"rendered":"\n<p>Professores interessados em orientar alunos em:<\/p>\n\n\n\n<ul class=\"wp-block-list\">\n<li><a href=\"https:\/\/sites.uel.br\/inclusaosocial\/wp-content\/uploads\/2025\/05\/Docentes_ProPPG_IS2025.pdf\">projetos de pesquisa (ProPPG)<\/a><\/li>\n\n\n\n<li><a href=\"https:\/\/sites.uel.br\/inclusaosocial\/wp-content\/uploads\/2025\/05\/Docentes_ProEx_IS2025.pdf\">projetos de extens\u00e3o (ProEx)<\/a><\/li>\n\n\n\n<li><a href=\"https:\/\/sites.uel.br\/inclusaosocial\/wp-content\/uploads\/2025\/05\/Docentes_ProGrad_IS2025.pdf\">projetos de ensino (ProGrad)<\/a><\/li>\n<\/ul>\n\n\n\n<p>Caso encontre um professor interessado em lhe orientar e que n\u00e3o esteja em uma das listas, pe\u00e7a para ele enviar uma mensagem para <a href=\"mailto:pibis@uel.br\">pibis@uel.br<\/a> pedindo sua inclus\u00e3o como interessado em orienta\u00e7\u00e3o com as seguintes informa\u00e7\u00f5es:<\/p>\n\n\n\n<ul class=\"wp-block-list\">\n<li>nome completo<\/li>\n\n\n\n<li>chapa<\/li>\n\n\n\n<li>n\u00famero do projeto no qual vincular\u00e1 o projeto do orientando<\/li>\n\n\n\n<li>pr\u00f3-reitoria na qual o projeto est\u00e1 cadastrado<\/li>\n<\/ul>\n\n\n\n<p>Os <strong>requisitos para o orientador<\/strong> est\u00e3o listados no item 5 do <a href=\"https:\/\/sites.uel.br\/inclusaosocial\/wp-content\/uploads\/2025\/03\/Edital_IS_2025-ProPPG.pdf\">edital<\/a>.<\/p>\n\n\n\n<p><\/p>\n","protected":false},"excerpt":{"rendered":"<p>Professores interessados em orientar alunos em: Caso encontre um professor interessado em lhe orientar e que n\u00e3o esteja em uma das listas, pe\u00e7a para ele enviar uma mensagem para pibis@uel.br pedindo sua inclus\u00e3o como interessado em orienta\u00e7\u00e3o com as seguintes informa\u00e7\u00f5es: Os requisitos para o orientador est\u00e3o listados no item 5 do edital.<\/p>\n","protected":false},"author":8,"featured_media":0,"parent":0,"menu_order":0,"comment_status":"closed","ping_status":"closed","template":"","meta":{"_acf_changed":false,"footnotes":""},"class_list":["post-29","page","type-page","status-publish","hentry"],"acf":[],"_links":{"self":[{"href":"https:\/\/sites.uel.br\/inclusaosocial\/wp-json\/wp\/v2\/pages\/29","targetHints":{"allow":["GET"]}}],"collection":[{"href":"https:\/\/sites.uel.br\/inclusaosocial\/wp-json\/wp\/v2\/pages"}],"about":[{"href":"https:\/\/sites.uel.br\/inclusaosocial\/wp-json\/wp\/v2\/types\/page"}],"author":[{"embeddable":true,"href":"https:\/\/sites.uel.br\/inclusaosocial\/wp-json\/wp\/v2\/users\/8"}],"replies":[{"embeddable":true,"href":"https:\/\/sites.uel.br\/inclusaosocial\/wp-json\/wp\/v2\/comments?post=29"}],"version-history":[{"count":4,"href":"https:\/\/sites.uel.br\/inclusaosocial\/wp-json\/wp\/v2\/pages\/29\/revisions"}],"predecessor-version":[{"id":145,"href":"https:\/\/sites.uel.br\/inclusaosocial\/wp-json\/wp\/v2\/pages\/29\/revisions\/145"}],"wp:attachment":[{"href":"https:\/\/sites.uel.br\/inclusaosocial\/wp-json\/wp\/v2\/media?parent=29"}],"curies":[{"name":"wp","href":"https:\/\/api.w.org\/{rel}","templated":true}]}}