{"id":268,"date":"2026-04-13T15:31:55","date_gmt":"2026-04-13T18:31:55","guid":{"rendered":"https:\/\/sites.uel.br\/inclusaosocial\/?page_id=268"},"modified":"2026-04-17T11:11:45","modified_gmt":"2026-04-17T14:11:45","slug":"formularios-e-roteiros-2026","status":"publish","type":"page","link":"https:\/\/sites.uel.br\/inclusaosocial\/formularios-e-roteiros-2026\/","title":{"rendered":"Formul\u00e1rios e Roteiros 2026"},"content":{"rendered":"\n<h2 class=\"wp-block-heading\">Formul\u00e1rios<\/h2>\n\n\n\n<ul class=\"wp-block-list\">\n<li><a href=\"https:\/\/www.uel.br\/inclusaosocial\/pages\/arquivos\/Inclusao%20Social\/2022\/Acompanhamento_Semestral.dotx\">Acompanhamento semestral<\/a><br>deve ser entregue na Pr\u00f3-reitoria em que estiver vinculado o trabalho de&nbsp;<strong>01 a 10\/03\/202<\/strong>7<\/li>\n\n\n\n<li><a href=\"https:\/\/www.uel.br\/inclusaosocial\/pages\/arquivos\/Inclusao%20Social\/2022\/Cancelamento2022.dotx\">Cancelamento do trabalho\/bolsa<\/a><br>deve ser entregue na pr\u00f3-reitoria em que estiver vinculado o trabalho<\/li>\n\n\n\n<li><a href=\"https:\/\/sites.uel.br\/inclusaosocial\/wp-content\/uploads\/2025\/05\/Troca_Orientador.dotx\">Troca de Orientador<\/a><br>deve ser entregue na pr\u00f3-reitoria em que estiver vinculado o trabalho<\/li>\n<\/ul>\n\n\n\n<p><\/p>\n\n\n\n<h2 class=\"wp-block-heading\">Como Elaborar Projetos<\/h2>\n\n\n\n<ul class=\"wp-block-list\">\n<li><a href=\"https:\/\/sites.uel.br\/inclusaosocial\/wp-content\/uploads\/2026\/04\/Formulario-Roteiro-Projetos-de-Iniciacao-Cientifica.docx\">Roteiro para elabora\u00e7\u00e3o de projeto de inicia\u00e7\u00e3o cient\u00edfica\u00a0(ProPPG) <\/a>&#8211; arquivo dispon\u00edvel no sistema eletr\u00f4nico \u2013 fazer o <em>upload<\/em>, preencher, assinar (orientador e bolsista) e\u00a0<strong>anexar o arquivo no sistema eletr\u00f4nico<\/strong>, juntamente com o <strong><a href=\"https:\/\/sites.uel.br\/inclusaosocial\/wp-content\/uploads\/2026\/04\/Anexo-V-Plano-Trabalho-Bolsista-PIBIS.docx\">Anexo V<\/a> <\/strong>&#8211; Plano de trabalho preenchido e assinado (orientador e bolsista).<\/li>\n\n\n\n<li><a href=\"https:\/\/sites.uel.br\/inclusaosocial\/wp-content\/uploads\/2026\/04\/Formulario-Roteiro_para_elaboracao_de_iniciacao_extensionista_2026.doc\">Roteiro para elabora\u00e7\u00e3o de projeto de inicia\u00e7\u00e3o extensionista&nbsp;(ProEx)<\/a> \u2013 arquivo dispon\u00edvel no sistema eletr\u00f4nico \u2013 fazer o <em>upload<\/em>, preencher, assinar (orientador e bolsista) e&nbsp;<strong>anexar o arquivo no sistema eletr\u00f4nico<\/strong>, juntamente com o <a href=\"https:\/\/sites.uel.br\/inclusaosocial\/wp-content\/uploads\/2026\/04\/Anexo-V-Plano-Trabalho-Bolsista-PIBIS.docx\"><strong>Anexo V<\/strong><\/a> &#8211; Plano de trabalho preenchido e assinado (orientador e bolsista).<\/li>\n\n\n\n<li><strong>&nbsp;<\/strong><a href=\"https:\/\/sites.uel.br\/inclusaosocial\/wp-content\/uploads\/2026\/04\/Formulario-Roteiro-de-estudos-bolsas-Prograd_anexo_III-2026.docx\">Modelo para elabora\u00e7\u00e3o de roteiro de estudos&nbsp;(ProGrad)<\/a> &#8211; arquivo dispon\u00edvel no sistema eletr\u00f4nico \u2013 fazer o <em>upload<\/em>, preencher, assinar (orientador e bolsista) e&nbsp;<strong>anexar o arquivo no sistema eletr\u00f4nico<\/strong>, juntamente com o<strong> <a href=\"https:\/\/sites.uel.br\/inclusaosocial\/wp-content\/uploads\/2026\/04\/Anexo-V-Plano-Trabalho-Bolsista-PIBIS.docx\">Anexo V<\/a><\/strong> &#8211; Plano de trabalho preenchido e assinado (orientador e bolsista).<\/li>\n<\/ul>\n\n\n\n<p><\/p>\n\n\n\n<h2 class=\"wp-block-heading\">Como Elaborar Relat\u00f3rios<\/h2>\n\n\n\n<ul class=\"wp-block-list\">\n<li><a href=\"https:\/\/sites.uel.br\/proppg\/elaboracao-e-entrega-do-relatorio-de-iniciacao-cientifica\/\">Roteiro de elabora\u00e7\u00e3o e entrega de Relat\u00f3rios de inicia\u00e7\u00e3o cient\u00edfica (ProPPG)<\/a><\/li>\n<\/ul>\n\n\n\n<p><\/p>\n","protected":false},"excerpt":{"rendered":"<p>Formul\u00e1rios Como Elaborar Projetos Como Elaborar Relat\u00f3rios<\/p>\n","protected":false},"author":12,"featured_media":0,"parent":0,"menu_order":0,"comment_status":"closed","ping_status":"closed","template":"","meta":{"_acf_changed":false,"footnotes":""},"class_list":["post-268","page","type-page","status-publish","hentry"],"acf":[],"_links":{"self":[{"href":"https:\/\/sites.uel.br\/inclusaosocial\/wp-json\/wp\/v2\/pages\/268","targetHints":{"allow":["GET"]}}],"collection":[{"href":"https:\/\/sites.uel.br\/inclusaosocial\/wp-json\/wp\/v2\/pages"}],"about":[{"href":"https:\/\/sites.uel.br\/inclusaosocial\/wp-json\/wp\/v2\/types\/page"}],"author":[{"embeddable":true,"href":"https:\/\/sites.uel.br\/inclusaosocial\/wp-json\/wp\/v2\/users\/12"}],"replies":[{"embeddable":true,"href":"https:\/\/sites.uel.br\/inclusaosocial\/wp-json\/wp\/v2\/comments?post=268"}],"version-history":[{"count":14,"href":"https:\/\/sites.uel.br\/inclusaosocial\/wp-json\/wp\/v2\/pages\/268\/revisions"}],"predecessor-version":[{"id":293,"href":"https:\/\/sites.uel.br\/inclusaosocial\/wp-json\/wp\/v2\/pages\/268\/revisions\/293"}],"wp:attachment":[{"href":"https:\/\/sites.uel.br\/inclusaosocial\/wp-json\/wp\/v2\/media?parent=268"}],"curies":[{"name":"wp","href":"https:\/\/api.w.org\/{rel}","templated":true}]}}