{"id":216,"date":"2026-03-16T14:51:20","date_gmt":"2026-03-16T17:51:20","guid":{"rendered":"https:\/\/sites.uel.br\/inclusaosocial\/?page_id=216"},"modified":"2026-04-08T10:58:41","modified_gmt":"2026-04-08T13:58:41","slug":"editais-2026","status":"publish","type":"page","link":"https:\/\/sites.uel.br\/inclusaosocial\/editais-2026\/","title":{"rendered":"Inclus\u00e3o Social 2026"},"content":{"rendered":"\n<p><a href=\"https:\/\/sites.uel.br\/inclusaosocial\/wp-content\/uploads\/2026\/03\/EDITAL-PIBIS-001-2026.pdf\">Edital Proex\/Prograd\/Proppg\/Sebec 01\/2026&nbsp;\u2013 Bolsas de Inclus\u00e3o Social vinculadas \u00e0 Pesquisa ou Extens\u00e3o Universit\u00e1ria<\/a><\/p>\n\n\n\n<h1 class=\"wp-block-heading\"><\/h1>\n\n\n\n<div class=\"wp-block-uel-card\">\n<p><strong>1- Acesso para consulta dos docentes e respectivos projetos\/programas de ensino, pesquisa e extens\u00e3o, interessados\/as em orientar bolsistas:<\/strong><\/p>\n\n\n\n<p><a href=\"https:\/\/sistemas.uel.br\/ords\/r\/dsweb\/pbs-captacao\/pbcap01-exportar?p7_codigo_captacao=1&amp;clear=CR&amp;session=8632007515290&amp;cs=11UdW29byin3GUBaBsJ_9I-x-G-c\">https:\/\/sistemas.uel.br\/ords\/r\/dsweb\/pbs-captacao\/pbcap01-exportar?p7_codigo_captacao=1&amp;clear=CR&amp;session=8632007515290&amp;cs=11UdW29byin3GUBaBsJ_9I-x-G-c<\/a><\/p>\n\n\n\n<h3 class=\"wp-block-heading\">2 &#8211; Inscri\u00e7\u00e3o dos\/as estudantes:<\/h3>\n\n\n\n<p><a href=\"https:\/\/www.sistemasweb.uel.br\/index.php?contents=system\/insc\/index.php&amp;pagina=view\/inscricoes\/seleciona_evento.php&amp;cod_evento=11590\">https:\/\/www.sistemasweb.uel.br\/index.php?contents=system\/insc\/index.php&amp;pagina=view\/inscricoes\/seleciona_evento.php&amp;cod_evento=11590<\/a><\/p>\n\n\n\n<h3 class=\"wp-block-heading\">3- Prospec\u00e7\u00e3o de docentes interessados\/as em orientar bolsistas:<\/h3>\n\n\n\n<p><a href=\"https:\/\/sistemas.uel.br\/ords\/r\/dsweb\/pbs-captacao\/home?cdg=1\">https:\/\/sistemas.uel.br\/ords\/r\/dsweb\/pbs-captacao\/home?cdg=1<\/a><\/p>\n\n\n\n<p><strong>4-<\/strong> <strong>Cadastro de docentes orientadores na Plataforma de Opera\u00e7\u00e3o de Projetos P\u00fablicos (SPARKX) da Funda\u00e7\u00e3o Arauc\u00e1ria (SOMENTE PARA QUEM N\u00c3O POSSUI CADASTRO).<\/strong><\/p>\n\n\n\n<p><a href=\"https:\/\/sparkx.fundacaoaraucaria.org.br\/#\/public\/login\">https:\/\/sparkx.fundacaoaraucaria.org.br\/#\/public\/login<\/a><\/p>\n\n\n\n<h3 class=\"wp-block-heading\">5<strong> &#8211;&nbsp;<strong>Sistema para os estudantes anexarem o trabalh<\/strong>o, ap\u00f3s a sele\u00e7\u00e3o do orientador e projeto\/programa:<\/strong><\/h3>\n\n\n\n<p><a href=\"http:\/\/www.uel.br\/eventos\/sigec\/?id=11721\" target=\"_blank\" rel=\"noreferrer noopener\">http:\/\/www.uel.br\/eventos\/sigec\/?id=11721<\/a><\/p>\n<\/div>\n\n\n\n<h2 class=\"wp-block-heading\">Cronograma<\/h2>\n\n\n\n<figure class=\"wp-block-table is-style-stripes\"><table class=\"has-fixed-layout\"><tbody><tr><td><strong>Atividade\/Evento<\/strong><\/td><td class=\"has-text-align-center\" data-align=\"center\"><strong>Per\u00edodo\/Data<\/strong><\/td><\/tr><tr><td><a href=\"https:\/\/www.sistemasweb.uel.br\/index.php?contents=system\/insc\/index.php&amp;pagina=view\/inscricoes\/seleciona_evento.php&amp;cod_evento=11590\">Inscri\u00e7\u00e3o dos\/as estudantes<\/a><\/td><td class=\"has-text-align-center\" data-align=\"center\">18\/03 a 08\/04\/2026<\/td><\/tr><tr><td><a href=\"https:\/\/sistemas.uel.br\/ords\/r\/dsweb\/pbs-captacao\/home?cdg=1\">Prospec\u00e7\u00e3o de docentes interessados\/as em orientar bolsistas<\/a><\/td><td class=\"has-text-align-center\" data-align=\"center\">16\/03 a 03\/04\/2026<\/td><\/tr><tr><td>Divulga\u00e7\u00e3o das inscri\u00e7\u00f5es de estudantes deferidas e indeferidas<\/td><td class=\"has-text-align-center\" data-align=\"center\">15\/05\/2026<\/td><\/tr><tr><td>Per\u00edodo de recurso das inscri\u00e7\u00f5es de estudantes indeferidas<\/td><td class=\"has-text-align-center\" data-align=\"center\">15 a 18\/05\/2026<\/td><\/tr><tr><td>Prazo final para regulariza\u00e7\u00e3o de pend\u00eancias de relat\u00f3rios e participa\u00e7\u00e3o em eventos pelos\/as estudantes<\/td><td class=\"has-text-align-center\" data-align=\"center\">08\/05\/2026<\/td><\/tr><tr><td>Divulga\u00e7\u00e3o do resultado da an\u00e1lise dos recursos<\/td><td class=\"has-text-align-center\" data-align=\"center\">28\/05\/2026<\/td><\/tr><tr><td><a href=\"http:\/\/www.uel.br\/eventos\/sigec\/?id=11721\">Entrega dos Projetos e Planos de Trabalho pelos\/as estudantes com inscri\u00e7\u00f5es deferidas<\/a><\/td><td class=\"has-text-align-center\" data-align=\"center\">21\/05 a 10\/06\/2026<\/td><\/tr><tr><td>Avalia\u00e7\u00e3o dos Projetos e\/ou dos Planos de Trabalho \u2013 Comit\u00eas Assessores<\/td><td class=\"has-text-align-center\" data-align=\"center\">11\/06 a 01\/07\/2026<\/td><\/tr><tr><td>Resultado da avalia\u00e7\u00e3o dos Projetos e dos Planos de Trabalho<\/td><td class=\"has-text-align-center\" data-align=\"center\">02\/07\/2026<\/td><\/tr><tr><td>Submiss\u00e3o de Projetos e Planos de Trabalhos reformulados<\/td><td class=\"has-text-align-center\" data-align=\"center\">02 a 13\/07\/2026<\/td><\/tr><tr><td>Avalia\u00e7\u00e3o dos Projetos e Planos de Trabalhos reformulados<\/td><td class=\"has-text-align-center\" data-align=\"center\">14 a 20\/07\/2026<\/td><\/tr><tr><td>Resultado da avalia\u00e7\u00e3o dos Projetos e Planos de Trabalhos reformulados<\/td><td class=\"has-text-align-center\" data-align=\"center\">22\/07\/2026<\/td><\/tr><tr><td>Edital de Resultado e Convoca\u00e7\u00e3o, com a listagem dos\/as estudantes bolsistas convocados\/as e dos\/as estudantes suplentes<\/td><td class=\"has-text-align-center\" data-align=\"center\">a partir de 23\/07\/2026<strong>*<\/strong><\/td><\/tr><tr><td>Desenvolvimento do Projeto e Plano de Trabalho<\/td><td class=\"has-text-align-center\" data-align=\"center\">01\/09\/2026 a 31\/08\/2027<\/td><\/tr><tr><td>Altera\u00e7\u00e3o no Projeto<\/td><td class=\"has-text-align-center\" data-align=\"center\">01\/09\/2026 a 10\/07\/2027<\/td><\/tr><tr><td>Preenchimento do acompanhamento semestral<\/td><td class=\"has-text-align-center\" data-align=\"center\">01 a 31\/03\/2027<\/td><\/tr><tr><td>Inscri\u00e7\u00f5es no Evento (Ensino, Extens\u00e3o, Pesquisa)<\/td><td class=\"has-text-align-center\" data-align=\"center\">Julho de 2027<\/td><\/tr><tr><td>\u00daltimo dia para entrega de relat\u00f3rio<\/td><td class=\"has-text-align-center\" data-align=\"center\">20\/09\/2027<\/td><\/tr><tr><td>Avalia\u00e7\u00e3o dos relat\u00f3rios<\/td><td class=\"has-text-align-center\" data-align=\"center\">21\/09 a 20\/10\/2027<\/td><\/tr><tr><td>Resultado da avalia\u00e7\u00e3o de relat\u00f3rios<\/td><td class=\"has-text-align-center\" data-align=\"center\">21\/10\/2027<\/td><\/tr><tr><td>Submiss\u00e3o de relat\u00f3rios reformulados<\/td><td class=\"has-text-align-center\" data-align=\"center\">21 a 29\/10\/2027<\/td><\/tr><tr><td>Avalia\u00e7\u00e3o de relat\u00f3rios reformulados<\/td><td class=\"has-text-align-center\" data-align=\"center\">30\/10 a 06\/11\/2027<\/td><\/tr><tr><td>Resultado da avalia\u00e7\u00e3o dos relat\u00f3rios<\/td><td class=\"has-text-align-center\" data-align=\"center\">07\/11\/2027<\/td><\/tr><tr><td>Participa\u00e7\u00e3o no Evento (Ensino, Extens\u00e3o, Pesquisa)<\/td><td class=\"has-text-align-center\" data-align=\"center\">Novembro de 2027<\/td><\/tr><\/tbody><\/table><figcaption class=\"wp-element-caption\"><em><strong>*&nbsp; Condicionado \u00e0 divulga\u00e7\u00e3o do resultado publicado pela ag\u00eancia de fomento com o n\u00famero de bolsas para a institui\u00e7\u00e3o.<\/strong><\/em><\/figcaption><\/figure>\n\n\n\n<p><\/p>\n","protected":false},"excerpt":{"rendered":"<p>Edital Proex\/Prograd\/Proppg\/Sebec 01\/2026&nbsp;\u2013 Bolsas de Inclus\u00e3o Social vinculadas \u00e0 Pesquisa ou Extens\u00e3o Universit\u00e1ria Cronograma Atividade\/Evento Per\u00edodo\/Data Inscri\u00e7\u00e3o dos\/as estudantes 18\/03 a 08\/04\/2026 Prospec\u00e7\u00e3o de docentes interessados\/as em orientar bolsistas 16\/03 a 03\/04\/2026 Divulga\u00e7\u00e3o das inscri\u00e7\u00f5es de estudantes deferidas e indeferidas 15\/05\/2026 Per\u00edodo de recurso das inscri\u00e7\u00f5es de estudantes indeferidas 15 a 18\/05\/2026 Prazo final para [&hellip;]<\/p>\n","protected":false},"author":12,"featured_media":0,"parent":0,"menu_order":0,"comment_status":"closed","ping_status":"closed","template":"","meta":{"_acf_changed":false,"footnotes":""},"class_list":["post-216","page","type-page","status-publish","hentry"],"acf":[],"_links":{"self":[{"href":"https:\/\/sites.uel.br\/inclusaosocial\/wp-json\/wp\/v2\/pages\/216","targetHints":{"allow":["GET"]}}],"collection":[{"href":"https:\/\/sites.uel.br\/inclusaosocial\/wp-json\/wp\/v2\/pages"}],"about":[{"href":"https:\/\/sites.uel.br\/inclusaosocial\/wp-json\/wp\/v2\/types\/page"}],"author":[{"embeddable":true,"href":"https:\/\/sites.uel.br\/inclusaosocial\/wp-json\/wp\/v2\/users\/12"}],"replies":[{"embeddable":true,"href":"https:\/\/sites.uel.br\/inclusaosocial\/wp-json\/wp\/v2\/comments?post=216"}],"version-history":[{"count":8,"href":"https:\/\/sites.uel.br\/inclusaosocial\/wp-json\/wp\/v2\/pages\/216\/revisions"}],"predecessor-version":[{"id":261,"href":"https:\/\/sites.uel.br\/inclusaosocial\/wp-json\/wp\/v2\/pages\/216\/revisions\/261"}],"wp:attachment":[{"href":"https:\/\/sites.uel.br\/inclusaosocial\/wp-json\/wp\/v2\/media?parent=216"}],"curies":[{"name":"wp","href":"https:\/\/api.w.org\/{rel}","templated":true}]}}