{"id":35,"date":"2025-12-08T10:09:49","date_gmt":"2025-12-08T13:09:49","guid":{"rendered":"https:\/\/sites.uel.br\/hv\/?page_id=35"},"modified":"2025-12-09T14:22:00","modified_gmt":"2025-12-09T17:22:00","slug":"controle-de-natalidade","status":"publish","type":"page","link":"https:\/\/sites.uel.br\/hv\/controle-de-natalidade\/","title":{"rendered":"Controle de Natalidade"},"content":{"rendered":"\n<hr class=\"wp-block-separator has-text-color has-verde-escuro-color has-alpha-channel-opacity has-verde-escuro-background-color has-background is-style-wide\"\/>\n\n\n\n<p><strong>O HV S\u00d3 REALIZA CASTRA\u00c7\u00d5ES DENTRO DO PROJETO PCN E EM ANIMAIS AT\u00c9 10 KG.<\/strong><\/p>\n\n\n\n<p>A Universidade Estadual de Londrina acredita que o controle de natalidade de c\u00e3es e gatos, realizado por meio da conscientiza\u00e7\u00e3o sobre posse respons\u00e1vel e castra\u00e7\u00f5es, \u00e9 fundamental para o controle de doen\u00e7as e o bem estar animal.&nbsp;<\/p>\n\n\n\n<p>Por isso foi criado o Projeto de Controle de Natalidade (PCN). O PCN \u00e9 um projeto de extens\u00e3o que visa prover a castra\u00e7\u00e3o de c\u00e3es e gatos a pre\u00e7os m\u00f3dicos para a comunidade de Londrina e regi\u00e3o. Com isso, al\u00e9m de auxiliar a popula\u00e7\u00e3o de nossa cidade, \u00e9 poss\u00edvel realizar o treinamento em servi\u00e7o dos alunos do curso de Medicina Veterin\u00e1ria que realizam as castra\u00e7\u00f5es, sempre orientados pelos Professores da nossa institui\u00e7\u00e3o.<\/p>\n\n\n\n<p>Para participar do programa \u00e9 necess\u00e1rio que voc\u00ea preencha o formul\u00e1rio abaixo. Como as castra\u00e7\u00f5es s\u00e3o realizadas em \u00e9poca de per\u00edodo letivo e h\u00e1 muita procura, voc\u00ea entrar\u00e1 em uma fila de espera. Assim que surgir uma nova vaga no programa, nossos alunos entrar\u00e3o em contato com voc\u00ea para agendar a consulta e a cirurgia.&nbsp;<\/p>\n\n\n\n<p>Aten\u00e7\u00e3o: voc\u00ea precisar\u00e1 preencher uma ficha por animal a ser castrado.<\/p>\n\n\n\n<p><strong>Como ser\u00e1 a cobran\u00e7a<\/strong>:<\/p>\n\n\n\n<p>O projeto, infelizmente, n\u00e3o \u00e9 gratuito. Para cada castra\u00e7\u00e3o ser\u00e3o cobrados os materiais, medicamentos, exames e uma taxa de:<\/p>\n\n\n\n<p><strong>Caninos machos:&#8230;R$ 60,00<br>Caninos f\u00eameas:&#8230;.R$ 72,00<br>Felinos machos:&#8230;..R$ 48,00<br>Felinos f\u00eameas:&#8230;&#8230;R$ 60,00<\/strong><\/p>\n\n\n\n<p><strong>Formul\u00e1rio:<\/strong><\/p>\n\n\n\n<iframe loading=\"lazy\" src=\"https:\/\/docs.google.com\/forms\/d\/e\/1FAIpQLSdIrXpwk4y5V9vb5SE5MS1D5bU8F5e1Am7MGPLy8b_0KycIMQ\/viewform?embedded=true\" width=\"800\" height=\"2200\" frameborder=\"0\" marginheight=\"0\" marginwidth=\"0\">Carregando\u2026<\/iframe>\n\n\n\n<div class=\"wp-block-columns is-layout-flex wp-container-core-columns-is-layout-9d6595d7 wp-block-columns-is-layout-flex\">\n<div class=\"wp-block-column is-layout-flow wp-block-column-is-layout-flow\"><\/div>\n<\/div>\n\n\n\n<div class=\"wp-block-columns is-layout-flex wp-container-core-columns-is-layout-9d6595d7 wp-block-columns-is-layout-flex\">\n<div class=\"wp-block-column is-layout-flow wp-block-column-is-layout-flow\"><\/div>\n<\/div>\n","protected":false},"excerpt":{"rendered":"<p>O HV S\u00d3 REALIZA CASTRA\u00c7\u00d5ES DENTRO DO PROJETO PCN E EM ANIMAIS AT\u00c9 10 KG. A Universidade Estadual de Londrina acredita que o controle de natalidade de c\u00e3es e gatos, realizado por meio da conscientiza\u00e7\u00e3o sobre posse respons\u00e1vel e castra\u00e7\u00f5es, \u00e9 fundamental para o controle de doen\u00e7as e o bem estar animal.&nbsp; Por isso foi [&hellip;]<\/p>\n","protected":false},"author":6,"featured_media":0,"parent":0,"menu_order":0,"comment_status":"closed","ping_status":"closed","template":"","meta":{"_acf_changed":false,"_themeisle_gutenberg_block_has_review":false,"footnotes":""},"class_list":["post-35","page","type-page","status-publish","hentry"],"acf":[],"_links":{"self":[{"href":"https:\/\/sites.uel.br\/hv\/wp-json\/wp\/v2\/pages\/35","targetHints":{"allow":["GET"]}}],"collection":[{"href":"https:\/\/sites.uel.br\/hv\/wp-json\/wp\/v2\/pages"}],"about":[{"href":"https:\/\/sites.uel.br\/hv\/wp-json\/wp\/v2\/types\/page"}],"author":[{"embeddable":true,"href":"https:\/\/sites.uel.br\/hv\/wp-json\/wp\/v2\/users\/6"}],"replies":[{"embeddable":true,"href":"https:\/\/sites.uel.br\/hv\/wp-json\/wp\/v2\/comments?post=35"}],"version-history":[{"count":13,"href":"https:\/\/sites.uel.br\/hv\/wp-json\/wp\/v2\/pages\/35\/revisions"}],"predecessor-version":[{"id":205,"href":"https:\/\/sites.uel.br\/hv\/wp-json\/wp\/v2\/pages\/35\/revisions\/205"}],"wp:attachment":[{"href":"https:\/\/sites.uel.br\/hv\/wp-json\/wp\/v2\/media?parent=35"}],"curies":[{"name":"wp","href":"https:\/\/api.w.org\/{rel}","templated":true}]}}