{"id":28,"date":"2025-12-08T10:05:19","date_gmt":"2025-12-08T13:05:19","guid":{"rendered":"https:\/\/sites.uel.br\/hv\/?page_id=28"},"modified":"2025-12-12T14:04:51","modified_gmt":"2025-12-12T17:04:51","slug":"divisoes-hv","status":"publish","type":"page","link":"https:\/\/sites.uel.br\/hv\/divisoes-hv\/","title":{"rendered":"Divis\u00f5es HV"},"content":{"rendered":"\n<hr class=\"wp-block-separator has-text-color has-verde-escuro-color has-alpha-channel-opacity has-verde-escuro-background-color has-background is-style-wide\"\/>\n\n\n\n<div id=\"wp-block-themeisle-blocks-accordion-b7befdca\" class=\"wp-block-themeisle-blocks-accordion exclusive\">\n<details class=\"wp-block-themeisle-blocks-accordion-item\"><summary class=\"wp-block-themeisle-blocks-accordion-item__title\"><div><strong>Animais de Companhia<\/strong><\/div><\/summary><div class=\"wp-block-themeisle-blocks-accordion-item__content\">\n<p><strong>Divis\u00e3o de Cl\u00ednica M\u00e9dica e Cir\u00fargica de Pequenos Animais<\/strong><\/p>\n\n\n\n<p>&nbsp;<strong>\u00c1reas de Atendimento<\/strong><\/p>\n\n\n\n<p><strong>1. Cl\u00ednica M\u00e9dica<\/strong> <strong>e Servi\u00e7os prestados<\/strong>:<\/p>\n\n\n\n<p>Prof. Dr. Lucas Al\u00e9cio Gomes&nbsp;<br>Prof. Dr. Marcelo de Souza Zanutto<br>Profa. Dra. Patr\u00edcia Mendes Pereira<br>Prof. Dr. F\u00e1bio Nelson Gava<\/p>\n\n\n\n<p><strong>2. Diagn\u00f3stico por Imagem:<\/strong><\/p>\n\n\n\n<p>Profa. Dra. Janis Regina Messias Gonzalez<br>Prof. Dr. Milton Lu\u00eds Ribeiro de Oliveira<\/p>\n\n\n\n<p><strong>3.<\/strong>&nbsp;<strong>Cl\u00ednica Cir\u00fargica:<\/strong><\/p>\n\n\n\n<p><em><strong>Cirurgia Geral:<\/strong><\/em><br>Profa. Dra. Nilva Maria Freres Mascarenhas<br>Profa. Carmen L\u00facia Scortecci Hilst<\/p>\n\n\n\n<p><em><strong>Neurologia:<\/strong><\/em><br>Profa. Dra. M\u00f4nica Vicky Bahr Arias<\/p>\n\n\n\n<p><em><strong>Oftalmologia:<\/strong><\/em><br>Profa. Dra. M\u00edrian Siliane Batista de Souza<\/p>\n\n\n\n<p><em><strong>Ortopedia:<\/strong><\/em><br>Prof. Dr. Fernando de Biasi<\/p>\n\n\n\n<p><strong>4.&nbsp;<\/strong><strong>Teriogenologia:<\/strong><\/p>\n\n\n\n<p>Profa. Dra. Maria Isabel Mello Martins<\/p>\n\n\n\n<p><\/p>\n\n\n\n<p><strong>5.&nbsp;<\/strong><strong>Anestesiologia<\/strong><\/p>\n\n\n\n<p>Prof. Dr. Guilherme Schiess Cardoso<br>M\u00e9dica Veterin\u00e1ria Angelita Zanata Reia<\/p>\n\n\n\n<hr class=\"wp-block-separator has-text-color has-laranja-destaque-color has-alpha-channel-opacity has-laranja-destaque-background-color has-background is-style-wide\"\/>\n\n\n\n<p><strong>Servi\u00e7os Prestados:<\/strong><\/p>\n\n\n\n<p><strong>Cl\u00ednica M\u00e9dica<\/strong><\/p>\n\n\n\n<p>&nbsp;&nbsp;&nbsp; &nbsp; &nbsp; &nbsp; &nbsp;&nbsp;Atendimento cl\u00ednico m\u00e9dico completo a animais de companhia.<\/p>\n\n\n\n<p>Ambulatorial, nas \u00e1reas de dermatologia, cardiologia, mol\u00e9stias infecciosas, neurologia, gastroenterologia, uro\/nefrologia.<\/p>\n\n\n\n<p>&nbsp; &nbsp; &nbsp; &nbsp; &nbsp; Internamento\/Enfermaria &#8211; fluidoterapia, transfus\u00e3o de sangue, oxigenioterapia, alimenta\u00e7\u00e3o enteral.<\/p>\n\n\n\n<p>&nbsp; &nbsp; &nbsp; &nbsp; &nbsp; Exames complementares: laboratoriais, eletrocardiografia, ecocardiograma, coleta de l\u00edquor, mielografias, an\u00e1lise de l\u00edquido sinovial.<\/p>\n\n\n\n<p><strong>Cl\u00ednica Cir\u00fargica<\/strong><\/p>\n\n\n\n<p>&nbsp; &nbsp; &nbsp; &nbsp; &nbsp;Atendimento cl\u00ednico cir\u00fargico completo a animais de companhia.<\/p>\n\n\n\n<p>&nbsp; &nbsp; &nbsp; &nbsp; &nbsp;Ambulatorial e cir\u00fargico nas \u00e1reas de ortopedia, tecidos moles, traumatologia, neurologia, oftalmologia.<\/p>\n\n\n\n<p>&nbsp; &nbsp; &nbsp; &nbsp; Internamento\/Enfermaria: fluidoterapia, transfus\u00e3o de sangue, oxigenioterapia, alimenta\u00e7\u00e3o enteral, coloca\u00e7\u00e3o de tubos tor\u00e1cicos.<\/p>\n\n\n\n<p>&nbsp; &nbsp; &nbsp; &nbsp; Centro cir\u00fargico com anestesia geral inalat\u00f3ria, monitora\u00e7\u00e3o card\u00edaca, ox\u00edmetro.<\/p>\n\n\n\n<p><strong>Teriogenologia<\/strong><\/p>\n\n\n\n<p>&nbsp; &nbsp; &nbsp; &nbsp; &nbsp;Cirurgias dos Sistemas Reprodutivos Masculino e Feminino.<\/p>\n\n\n\n<p>&nbsp; &nbsp; &nbsp; &nbsp; &nbsp;Atendimento ambulatorial e cir\u00fargico \u00e0 casu\u00edstica de Fisiopatologia da Reprodu\u00e7\u00e3o.<\/p>\n\n\n\n<p>&nbsp; &nbsp; &nbsp; &nbsp; &nbsp;Biot\u00e9cnica da Reprodu\u00e7\u00e3o: Insemina\u00e7\u00e3o Artificial.<\/p>\n\n\n\n<p><strong>Diagn\u00f3stico por imagem<\/strong><\/p>\n\n\n\n<p>&nbsp; &nbsp; &nbsp; &nbsp; Ultrassonografia e radiografia.<\/p>\n\n\n\n<hr class=\"wp-block-separator has-text-color has-laranja-destaque-color has-alpha-channel-opacity has-laranja-destaque-background-color has-background is-style-wide\"\/>\n\n\n\n<p><strong>Docentes Tempor\u00e1rios<\/strong>:<\/p>\n\n\n\n<p>Prof\u00aa. Dr\u00aa.&nbsp;Lidia Mitsuko Matsubara<br>Prof. Dr. Luiz Guilherme Corsi Trawtwein<br>Prof. Ms.&nbsp; Patr\u00edck Eug\u00eanio Luz&nbsp;&nbsp;<br>Prof. Ms. Diego Dare da Silva&nbsp; &nbsp;  &nbsp; &nbsp; &nbsp;<\/p>\n\n\n\n<p><\/p>\n<\/div><\/details>\n<\/div>\n\n\n\n<div class=\"wp-block-columns is-layout-flex wp-container-core-columns-is-layout-9d6595d7 wp-block-columns-is-layout-flex\">\n<div class=\"wp-block-column is-layout-flow wp-block-column-is-layout-flow\">\n<div id=\"wp-block-themeisle-blocks-accordion-4d24a931\" class=\"wp-block-themeisle-blocks-accordion exclusive\">\n<details class=\"wp-block-themeisle-blocks-accordion-item\"><summary class=\"wp-block-themeisle-blocks-accordion-item__title\"><div><strong>Divis\u00e3o de Cl\u00ednica M\u00e9dica e Cir\u00fargica de Pequenos Animais<\/strong><\/div><\/summary><div class=\"wp-block-themeisle-blocks-accordion-item__content\">\n<p><strong>\u00c1reas de Atendimento<\/strong><\/p>\n\n\n\n<p><strong>1. Cl\u00ednica M\u00e9dica de Grandes Animais<\/strong><br>Prof. Dr. J\u00falio Augusto N. Lisb\u00f4a<\/p>\n\n\n\n<p><strong>&nbsp;2.&nbsp;Cl\u00ednica Cir\u00fargica de Grandes Animais<\/strong><br>Prof. Dr. Antonio Cezar de Oliveira Dearo<br>Prof. Dr. Augusto J. S. Almeida Sampaio<br>Prof. Ms. Ney Carlos Reichert Netto<\/p>\n\n\n\n<p><strong>3. Reprodu\u00e7\u00e3o de Grandes Animais<\/strong><br>Prof. Dr. Marcelo Marcondes Seneda<\/p>\n\n\n\n<p><strong>Docentes Tempor\u00e1rios<\/strong>:<br>Prof. Dr. Fabio Morotti<br>Prof. Dr. Vitor Hugo dos Santos<\/p>\n\n\n\n<hr class=\"wp-block-separator has-text-color has-laranja-destaque-color has-alpha-channel-opacity has-laranja-destaque-background-color has-background is-style-wide\"\/>\n\n\n\n<p><strong>Servi\u00e7os Prestados:<\/strong><\/p>\n\n\n\n<p><strong>Cl\u00ednica M\u00e9dica<\/strong><br>Atendimento cl\u00ednico m\u00e9dico completo a grandes e m\u00e9dios animais (bovinos, eq\u00fcinos, su\u00ednos, caprinos e ovinos).<\/p>\n\n\n\n<ul class=\"wp-block-list\">\n<li>Ambulatorial;<\/li>\n\n\n\n<li>A campo (preferencialmente agendar, por telefone ou pessoalmente);<\/li>\n\n\n\n<li>Internamento\/Enfermaria;<\/li>\n\n\n\n<li>Resgate\/transporte atrav\u00e9s de ambul\u00e2ncia veterin\u00e1ria;<\/li>\n\n\n\n<li>Exame cl\u00ednico completo, exames auxiliares, laboratoriais, eletrocardiogr\u00e1ficos, endosc\u00f3picos e radiogr\u00e1ficos.<\/li>\n<\/ul>\n\n\n\n<p><strong>Cl\u00ednica Cir\u00fargica<\/strong><br>Atendimento cl\u00ednico cir\u00fargico completo a grandes e m\u00e9dios animais (bovinos, eq\u00fcinos, su\u00ednos, caprinos e ovinos).<\/p>\n\n\n\n<ul class=\"wp-block-list\">\n<li>Ambulatorial para cirurgias eletivas e emergenciais;<\/li>\n\n\n\n<li>A campo (preferencialmente agendar, por telefone ou pessoalmente);<\/li>\n\n\n\n<li>Internamento\/Enfermaria;<\/li>\n\n\n\n<li>Resgate\/transporte atrav\u00e9s de ambul\u00e2ncia veterin\u00e1ria;<\/li>\n\n\n\n<li>Centro cir\u00fargico completo, com recursos para anestesia geral inalat\u00f3ria, monitora\u00e7\u00e3o card\u00edaca, mesa hidr\u00e1ulica;<\/li>\n\n\n\n<li>Diagn\u00f3stico e tratamento de afec\u00e7\u00f5es em sistema locomotor, exames radiogr\u00e1ficos.<\/li>\n<\/ul>\n\n\n\n<p><strong>Teriogenologia<\/strong><br>Atendimento androl\u00f3gico e ginecol\u00f3gico completos, obst\u00e9trico e biotecnologia da reprodu\u00e7\u00e3o de grandes e m\u00e9dios animais (bovinos, eq\u00fcinos, su\u00ednos, ovinos e caprinos).<\/p>\n\n\n\n<ul class=\"wp-block-list\">\n<li>Ambulatorial;<\/li>\n\n\n\n<li>A campo;<\/li>\n\n\n\n<li>Internamento\/Enfermaria;<\/li>\n\n\n\n<li>Laborat\u00f3rio de Andrologia e de Biot\u00e9cnica de Embri\u00f5es completos;<\/li>\n\n\n\n<li>Centro cir\u00fargico.<\/li>\n<\/ul>\n<\/div><\/details>\n<\/div>\n<\/div>\n<\/div>\n\n\n\n<div id=\"wp-block-themeisle-blocks-accordion-80678c11\" class=\"wp-block-themeisle-blocks-accordion exclusive\">\n<details class=\"wp-block-themeisle-blocks-accordion-item\"><summary class=\"wp-block-themeisle-blocks-accordion-item__title\"><div><strong>Divis\u00e3o de Medicina Veterin\u00e1ria Preventiva<\/strong><\/div><\/summary><div class=\"wp-block-themeisle-blocks-accordion-item__content\">\n<p><strong>\u00c1reas de Atendimento<\/strong><\/p>\n\n\n\n<p><strong>1. Laborat\u00f3rios de Microbiologia:<\/strong><\/p>\n\n\n\n<p><em><strong>Bacteriologia<\/strong><\/em><br>&nbsp;Prof. Dr. Ulisses de Padua Pereira<\/p>\n\n\n\n<p><em><strong>Virologia<\/strong><\/em><br>Profa. Dra. Alice Fernandes Alfieri<br>Prof. Dr. Amauri Alcindo Alfieri<\/p>\n\n\n\n<p><em><strong>Leptospirose e Micologia<\/strong><\/em><br>Profa. Dra. Lucienne Garcia Pretto Giordano<\/p>\n\n\n\n<p><strong>2. Laborat\u00f3rio de Parasitologia:<\/strong><br>&nbsp;Prof. Dr. Jo\u00e3o Luis Garcia<br>&nbsp;Profa. Dra. Regina Mitsuka Bregano<\/p>\n\n\n\n<p><strong>3. Laborat\u00f3rio de Sa\u00fade P\u00fablica e Zoonoses:<\/strong><br>Prof. Dr. Italmar Teodorico Navarro<br>Profa. Dra. Roberta Lemos Freire<\/p>\n\n\n\n<p><strong>Docentes Tempor\u00e1rios:<\/strong><br>Profa. Dra. Fernanda Pinto Ferreira<br>Prof. Dr. Fernando de Souza Rodrigues<br>Profa. Dra. Lucienne Garcia Pretto Giordano<br>Prof. Dr. Luiz Daniel de Barros<\/p>\n<\/div><\/details>\n<\/div>\n\n\n\n<div class=\"wp-block-columns is-layout-flex wp-container-core-columns-is-layout-9d6595d7 wp-block-columns-is-layout-flex\">\n<div class=\"wp-block-column is-layout-flow wp-block-column-is-layout-flow\"><\/div>\n<\/div>\n\n\n\n<div id=\"wp-block-themeisle-blocks-accordion-1ab39e37\" class=\"wp-block-themeisle-blocks-accordion exclusive\">\n<details class=\"wp-block-themeisle-blocks-accordion-item\"><summary class=\"wp-block-themeisle-blocks-accordion-item__title\"><div><strong>Divis\u00e3o de Patologia Animal<\/strong><\/div><\/summary><div class=\"wp-block-themeisle-blocks-accordion-item__content\">\n<p><strong>\u00c1reas de Atendimento<\/strong><\/p>\n\n\n\n<p><strong>1. Inspe\u00e7\u00e3o de Leite e Derivados<\/strong><br>Prof. Dr. Rafael Fagnani<\/p>\n\n\n\n<p><strong>2. Medicina Avi\u00e1ria<\/strong><br>Profa. Dra. Ana Angelita Sampaio Baptista<\/p>\n\n\n\n<p><strong>3. Patologia Animal<\/strong><br>Profa. Dra. Ana Paula Frederico Rodrigues Loureiro Bracarense<br>Profa. Dra. Giovana Wingeter Di Santis<br>Prof. Dr. Selwyn Arlington Headley<\/p>\n\n\n\n<p><strong>4. Patologia Cl\u00ednica Veterin\u00e1ria<\/strong><br>Profa. Dra. Karina Keller Marques da Costa Flaiban<\/p>\n\n\n\n<p><strong>5. Toxicologia Veterin\u00e1ria<\/strong><br>Profa. Dra.&nbsp;Laura Fernanda Condota Borba de Souza<\/p>\n\n\n\n<p><strong>Docentes Tempor\u00e1rios:<\/strong><br>Prof. Dr. Rafael Fagnani<br>Profa. Dra. Natalia Gonzaga<br>Profa. Dra.&nbsp;Laura Fernanda Condota Borba de Souza<\/p>\n<\/div><\/details>\n<\/div>\n\n\n\n<div class=\"wp-block-columns is-layout-flex wp-container-core-columns-is-layout-9d6595d7 wp-block-columns-is-layout-flex\">\n<div class=\"wp-block-column is-layout-flow wp-block-column-is-layout-flow\"><\/div>\n<\/div>\n","protected":false},"excerpt":{"rendered":"","protected":false},"author":6,"featured_media":0,"parent":0,"menu_order":0,"comment_status":"closed","ping_status":"closed","template":"","meta":{"_acf_changed":false,"_themeisle_gutenberg_block_has_review":false,"footnotes":""},"class_list":["post-28","page","type-page","status-publish","hentry"],"acf":[],"_links":{"self":[{"href":"https:\/\/sites.uel.br\/hv\/wp-json\/wp\/v2\/pages\/28","targetHints":{"allow":["GET"]}}],"collection":[{"href":"https:\/\/sites.uel.br\/hv\/wp-json\/wp\/v2\/pages"}],"about":[{"href":"https:\/\/sites.uel.br\/hv\/wp-json\/wp\/v2\/types\/page"}],"author":[{"embeddable":true,"href":"https:\/\/sites.uel.br\/hv\/wp-json\/wp\/v2\/users\/6"}],"replies":[{"embeddable":true,"href":"https:\/\/sites.uel.br\/hv\/wp-json\/wp\/v2\/comments?post=28"}],"version-history":[{"count":31,"href":"https:\/\/sites.uel.br\/hv\/wp-json\/wp\/v2\/pages\/28\/revisions"}],"predecessor-version":[{"id":238,"href":"https:\/\/sites.uel.br\/hv\/wp-json\/wp\/v2\/pages\/28\/revisions\/238"}],"wp:attachment":[{"href":"https:\/\/sites.uel.br\/hv\/wp-json\/wp\/v2\/media?parent=28"}],"curies":[{"name":"wp","href":"https:\/\/api.w.org\/{rel}","templated":true}]}}