{"id":24,"date":"2025-12-08T09:48:30","date_gmt":"2025-12-08T12:48:30","guid":{"rendered":"https:\/\/sites.uel.br\/hv\/?page_id=24"},"modified":"2025-12-09T14:13:18","modified_gmt":"2025-12-09T17:13:18","slug":"atendimento","status":"publish","type":"page","link":"https:\/\/sites.uel.br\/hv\/atendimento\/","title":{"rendered":"Atendimento"},"content":{"rendered":"\n<hr class=\"wp-block-separator has-text-color has-verde-escuro-color has-alpha-channel-opacity has-verde-escuro-background-color has-background is-style-wide\"\/>\n\n\n\n<p class=\"has-verde-escuro-color has-text-color has-link-color wp-elements-a668fd41383332dcabc7966ce5a478ca\"><strong>Para ser atendido o Propriet\u00e1rio ou Respons\u00e1vel pelo animal, precisa ter mais de 18 anos e apresentar seus documentos pessoais (CPF e RG), comprovante de resid\u00eancia e n\u00e3o pode estar com d\u00edvidas no HV &#8211; Hospital Universit\u00e1rio.<\/strong><\/p>\n\n\n\n<p><\/p>\n\n\n\n<p>&nbsp;<strong>PAGAMENTO<\/strong><\/p>\n\n\n\n<p>O HV\/UEL n\u00e3o visa lucro, por\u00e9m, para continuar funcionando&nbsp;<strong>precisa cobrar pelo atendimento<\/strong>&nbsp;pois a compra de materiais, medicamentos e equipamentos depende, exclusivamente, deste pagamento. N\u00e3o temos outra fonte de recursos.<\/p>\n\n\n\n<p>A consulta deve ser paga no momento da abertura do prontu\u00e1rio e as demais despesas como exames, medica\u00e7\u00e3o, procedimentos e di\u00e1rias&nbsp;&nbsp;<strong>dever\u00e3o ser pagas ao final do atendimento<\/strong>&nbsp;ou ap\u00f3s a alta do animal, em dinheiro ou cart\u00e3o de d\u00e9bito ou cr\u00e9dito.<\/p>\n\n\n\n<p>O pagamento poder\u00e1 ser parcelado em at\u00e9 10 vezes, no cart\u00e3o de cr\u00e9dito, com valor m\u00ednimo da parcela de R$ 50,00 (cinquenta reais). Esses valores poder\u00e3o&nbsp;sofrer altera\u00e7\u00f5es a qualquer momento, consulte antes a secretaria do HV.<\/p>\n\n\n\n<p class=\"has-laranja-destaque-color has-text-color has-link-color wp-elements-df0950e63147321a60bee9c19c5c739b\"><strong>VALOR DA CONSULTA<\/strong><\/p>\n\n\n\n<p class=\"has-laranja-destaque-color has-text-color has-link-color wp-elements-fcce5c1c0e0002da30c523098161cf08\">ROTINA: R$ 90,00<\/p>\n\n\n\n<p class=\"has-laranja-destaque-color has-text-color has-link-color wp-elements-802c5e0654564ffbadd484d700146d96\">PLANT\u00c3O: R$ 143,00<\/p>\n\n\n\n<p>Exames, medicamentos, internamento e outros procedimentos ser\u00e3o cobrados \u00e0 parte. Forneceremos uma&nbsp;<strong>ESTIMATIVA DE CUSTO<\/strong>,&nbsp;por\u00e9m o valor final s\u00f3 ser\u00e1 poss\u00edvel calcular quando o animal tiver&nbsp;<strong>ALTA hospitalar<\/strong>. A qualquer momento o propriet\u00e1rio poder\u00e1 solicitar,&nbsp;junto \u00e0 secretaria, um levantamento dos custos parciais.<\/p>\n\n\n\n<p><strong>Aten\u00e7\u00e3o:&nbsp;<\/strong>Esses valores poder\u00e3o sofrer altera\u00e7\u00f5es a qualquer momento, consulte antes a secretaria do HV.<\/p>\n\n\n\n<p><strong>HOR\u00c1RIO DE ATENDIMENTO<\/strong><\/p>\n\n\n\n<p>Casos de URG\u00caNCIA\/EMERG\u00caNCIA: Pronto &#8211; Socorrro 24 HORAS<\/p>\n\n\n\n<p>Consultas de rotina (<strong>por orderm de chegada e n\u00famero limitado de atendimento<\/strong>) e retornos agendados: de segunda \u00e0 sexta das 8-11h e das 14:00 \u00e0s 17:00h.<\/p>\n\n\n\n<p><strong>Aten\u00e7\u00e3o:<\/strong> as vagas para consulta de rotina s\u00e3o limitadas. Tamb\u00e9m as vagas de internamento s\u00e3o limitadas e animais que precisam ser internados ap\u00f3s atendimento e, n\u00e3o tendo vaga de internamento, ser\u00e3o encaminhados para serem internados em outro local por uma lista de op\u00e7\u00f5es entregue ao tutor.<\/p>\n\n\n\n<div class=\"wp-block-columns is-layout-flex wp-container-core-columns-is-layout-9d6595d7 wp-block-columns-is-layout-flex\">\n<div class=\"wp-block-column is-layout-flow wp-block-column-is-layout-flow\"><\/div>\n<\/div>\n\n\n\n<div class=\"wp-block-columns is-layout-flex wp-container-core-columns-is-layout-9d6595d7 wp-block-columns-is-layout-flex\">\n<div class=\"wp-block-column is-layout-flow wp-block-column-is-layout-flow\"><\/div>\n<\/div>\n","protected":false},"excerpt":{"rendered":"<p>Para ser atendido o Propriet\u00e1rio ou Respons\u00e1vel pelo animal, precisa ter mais de 18 anos e apresentar seus documentos pessoais (CPF e RG), comprovante de resid\u00eancia e n\u00e3o pode estar com d\u00edvidas no HV &#8211; Hospital Universit\u00e1rio. &nbsp;PAGAMENTO O HV\/UEL n\u00e3o visa lucro, por\u00e9m, para continuar funcionando&nbsp;precisa cobrar pelo atendimento&nbsp;pois a compra de materiais, medicamentos [&hellip;]<\/p>\n","protected":false},"author":6,"featured_media":0,"parent":0,"menu_order":0,"comment_status":"closed","ping_status":"closed","template":"","meta":{"_acf_changed":false,"_themeisle_gutenberg_block_has_review":false,"footnotes":""},"class_list":["post-24","page","type-page","status-publish","hentry"],"acf":[],"_links":{"self":[{"href":"https:\/\/sites.uel.br\/hv\/wp-json\/wp\/v2\/pages\/24","targetHints":{"allow":["GET"]}}],"collection":[{"href":"https:\/\/sites.uel.br\/hv\/wp-json\/wp\/v2\/pages"}],"about":[{"href":"https:\/\/sites.uel.br\/hv\/wp-json\/wp\/v2\/types\/page"}],"author":[{"embeddable":true,"href":"https:\/\/sites.uel.br\/hv\/wp-json\/wp\/v2\/users\/6"}],"replies":[{"embeddable":true,"href":"https:\/\/sites.uel.br\/hv\/wp-json\/wp\/v2\/comments?post=24"}],"version-history":[{"count":7,"href":"https:\/\/sites.uel.br\/hv\/wp-json\/wp\/v2\/pages\/24\/revisions"}],"predecessor-version":[{"id":191,"href":"https:\/\/sites.uel.br\/hv\/wp-json\/wp\/v2\/pages\/24\/revisions\/191"}],"wp:attachment":[{"href":"https:\/\/sites.uel.br\/hv\/wp-json\/wp\/v2\/media?parent=24"}],"curies":[{"name":"wp","href":"https:\/\/api.w.org\/{rel}","templated":true}]}}