{"id":22,"date":"2025-12-08T09:47:56","date_gmt":"2025-12-08T12:47:56","guid":{"rendered":"https:\/\/sites.uel.br\/hv\/?page_id=22"},"modified":"2025-12-08T11:43:00","modified_gmt":"2025-12-08T14:43:00","slug":"administracao","status":"publish","type":"page","link":"https:\/\/sites.uel.br\/hv\/administracao\/","title":{"rendered":"Administra\u00e7\u00e3o"},"content":{"rendered":"\n<hr class=\"wp-block-separator has-text-color has-verde-escuro-color has-alpha-channel-opacity has-verde-escuro-background-color has-background is-style-wide\"\/>\n\n\n\n<p><strong>Diretor<\/strong><br>Prof. Dr. Ulisses de Padua Pereira<br><br><strong>Chefe da Divis\u00e3o de Cl\u00ednica M\u00e9dica e Cir\u00fargica de Animais de Companhia<\/strong><br>Prof. Dr. F\u00e1bio Nelson Gava<\/p>\n\n\n\n<p><strong>Chefe da Divis\u00e3o de Cl\u00ednica M\u00e9dica, Cir\u00fargica e Reprodu\u00e7\u00e3o de Grandes Animais<\/strong><br>Prof. Dr. Marcelo Marcondes Seneda<\/p>\n\n\n\n<p><strong>Chefe da Divis\u00e3o de Medicina Veterin\u00e1ria Preventiva<\/strong><br>Profa. Dra. Lucienne Garcia Pretto-Giordano<\/p>\n\n\n\n<p><strong>Chefe da Divis\u00e3o de Patologia Animal<\/strong><br>M. V. Cl\u00e1udia Cristina Boselli<\/p>\n\n\n\n<p><strong>Secret\u00e1rio Administrativo<\/strong><br>Jo\u00e3o Ant\u00f4nio da Silva<\/p>\n\n\n\n<div class=\"wp-block-columns is-layout-flex wp-container-core-columns-is-layout-9d6595d7 wp-block-columns-is-layout-flex\">\n<div class=\"wp-block-column is-layout-flow wp-block-column-is-layout-flow\"><\/div>\n<\/div>\n\n\n\n<p><\/p>\n","protected":false},"excerpt":{"rendered":"<p>DiretorProf. Dr. Ulisses de Padua Pereira Chefe da Divis\u00e3o de Cl\u00ednica M\u00e9dica e Cir\u00fargica de Animais de CompanhiaProf. Dr. F\u00e1bio Nelson Gava Chefe da Divis\u00e3o de Cl\u00ednica M\u00e9dica, Cir\u00fargica e Reprodu\u00e7\u00e3o de Grandes AnimaisProf. Dr. Marcelo Marcondes Seneda Chefe da Divis\u00e3o de Medicina Veterin\u00e1ria PreventivaProfa. Dra. Lucienne Garcia Pretto-Giordano Chefe da Divis\u00e3o de Patologia AnimalM. [&hellip;]<\/p>\n","protected":false},"author":6,"featured_media":0,"parent":0,"menu_order":0,"comment_status":"closed","ping_status":"closed","template":"","meta":{"_acf_changed":false,"_themeisle_gutenberg_block_has_review":false,"footnotes":""},"class_list":["post-22","page","type-page","status-publish","hentry"],"acf":[],"_links":{"self":[{"href":"https:\/\/sites.uel.br\/hv\/wp-json\/wp\/v2\/pages\/22","targetHints":{"allow":["GET"]}}],"collection":[{"href":"https:\/\/sites.uel.br\/hv\/wp-json\/wp\/v2\/pages"}],"about":[{"href":"https:\/\/sites.uel.br\/hv\/wp-json\/wp\/v2\/types\/page"}],"author":[{"embeddable":true,"href":"https:\/\/sites.uel.br\/hv\/wp-json\/wp\/v2\/users\/6"}],"replies":[{"embeddable":true,"href":"https:\/\/sites.uel.br\/hv\/wp-json\/wp\/v2\/comments?post=22"}],"version-history":[{"count":8,"href":"https:\/\/sites.uel.br\/hv\/wp-json\/wp\/v2\/pages\/22\/revisions"}],"predecessor-version":[{"id":115,"href":"https:\/\/sites.uel.br\/hv\/wp-json\/wp\/v2\/pages\/22\/revisions\/115"}],"wp:attachment":[{"href":"https:\/\/sites.uel.br\/hv\/wp-json\/wp\/v2\/media?parent=22"}],"curies":[{"name":"wp","href":"https:\/\/api.w.org\/{rel}","templated":true}]}}