{"id":210,"date":"2025-12-11T15:58:48","date_gmt":"2025-12-11T18:58:48","guid":{"rendered":"https:\/\/sites.uel.br\/hv\/?page_id=210"},"modified":"2025-12-12T10:07:17","modified_gmt":"2025-12-12T13:07:17","slug":"servicos-prestados","status":"publish","type":"page","link":"https:\/\/sites.uel.br\/hv\/servicos-prestados\/","title":{"rendered":"Servi\u00e7os Prestados"},"content":{"rendered":"\n<hr class=\"wp-block-separator has-text-color has-verde-escuro-color has-alpha-channel-opacity has-verde-escuro-background-color has-background is-style-wide\"\/>\n\n\n\n<p><strong>Cl\u00ednica M\u00e9dica:<\/strong> Atendimento cl\u00ednico m\u00e9dico completo a animais de companhia.Ambulatorial, nas \u00e1reas de dermatologia, cardiologia, mol\u00e9stias infecciosas, neurologia, gastroenterologia, uro\/nefrologia. Internamento\/Enfermaria \u2013 fluidoterapia, transfus\u00e3o de sangue, oxigenioterapia, alimenta\u00e7\u00e3o enteral. Exames complementares: laboratoriais, eletrocardiografia, ecocardiograma, coleta de l\u00edquor, mielografias, an\u00e1lise de l\u00edquido sinovial.<br><\/p>\n\n\n\n<div class=\"wp-block-columns is-layout-flex wp-container-core-columns-is-layout-9d6595d7 wp-block-columns-is-layout-flex\">\n<div class=\"wp-block-column is-layout-flow wp-block-column-is-layout-flow\"><\/div>\n<\/div>\n\n\n\n<p><strong>Cl\u00ednica Cir\u00fargica:<\/strong> Atendimento cl\u00ednico cir\u00fargico completo a animais de companhia. Ambulatorial e cir\u00fargico nas \u00e1reas de ortopedia, tecidos moles, traumatologia, neurologia, oftalmologia. Internamento\/Enfermaria: fluidoterapia, transfus\u00e3o de sangue, oxigenioterapia, alimenta\u00e7\u00e3o enteral, coloca\u00e7\u00e3o de tubos tor\u00e1cicos. Centro cir\u00fargico com anestesia geral inalat\u00f3ria, monitora\u00e7\u00e3o card\u00edaca, ox\u00edmetro.<\/p>\n\n\n\n<div class=\"wp-block-columns is-layout-flex wp-container-core-columns-is-layout-9d6595d7 wp-block-columns-is-layout-flex\">\n<div class=\"wp-block-column is-layout-flow wp-block-column-is-layout-flow\"><\/div>\n<\/div>\n\n\n\n<p><strong>Teriogenologia:<\/strong> Cirurgias dos Sistemas Reprodutivos Masculino e Feminino. Atendimento ambulatorial e cir\u00fargico \u00e0 casu\u00edstica de Fisiopatologia da Reprodu\u00e7\u00e3o. Biot\u00e9cnica da Reprodu\u00e7\u00e3o: Insemina\u00e7\u00e3o Artificial.<\/p>\n\n\n\n<div class=\"wp-block-columns is-layout-flex wp-container-core-columns-is-layout-9d6595d7 wp-block-columns-is-layout-flex\">\n<div class=\"wp-block-column is-layout-flow wp-block-column-is-layout-flow\"><\/div>\n<\/div>\n\n\n\n<p><strong>Diagn\u00f3stico por imagem:<\/strong> Ultrassonografia e radiografia.<\/p>\n\n\n\n<div class=\"wp-block-columns is-layout-flex wp-container-core-columns-is-layout-9d6595d7 wp-block-columns-is-layout-flex\">\n<div class=\"wp-block-column is-layout-flow wp-block-column-is-layout-flow\"><\/div>\n<\/div>\n\n\n\n<p><\/p>\n","protected":false},"excerpt":{"rendered":"<p>Cl\u00ednica M\u00e9dica: Atendimento cl\u00ednico m\u00e9dico completo a animais de companhia.Ambulatorial, nas \u00e1reas de dermatologia, cardiologia, mol\u00e9stias infecciosas, neurologia, gastroenterologia, uro\/nefrologia. Internamento\/Enfermaria \u2013 fluidoterapia, transfus\u00e3o de sangue, oxigenioterapia, alimenta\u00e7\u00e3o enteral. Exames complementares: laboratoriais, eletrocardiografia, ecocardiograma, coleta de l\u00edquor, mielografias, an\u00e1lise de l\u00edquido sinovial. Cl\u00ednica Cir\u00fargica: Atendimento cl\u00ednico cir\u00fargico completo a animais de companhia. Ambulatorial e cir\u00fargico [&hellip;]<\/p>\n","protected":false},"author":6,"featured_media":0,"parent":0,"menu_order":0,"comment_status":"closed","ping_status":"closed","template":"","meta":{"_acf_changed":false,"_themeisle_gutenberg_block_has_review":false,"footnotes":""},"class_list":["post-210","page","type-page","status-publish","hentry"],"acf":[],"_links":{"self":[{"href":"https:\/\/sites.uel.br\/hv\/wp-json\/wp\/v2\/pages\/210","targetHints":{"allow":["GET"]}}],"collection":[{"href":"https:\/\/sites.uel.br\/hv\/wp-json\/wp\/v2\/pages"}],"about":[{"href":"https:\/\/sites.uel.br\/hv\/wp-json\/wp\/v2\/types\/page"}],"author":[{"embeddable":true,"href":"https:\/\/sites.uel.br\/hv\/wp-json\/wp\/v2\/users\/6"}],"replies":[{"embeddable":true,"href":"https:\/\/sites.uel.br\/hv\/wp-json\/wp\/v2\/comments?post=210"}],"version-history":[{"count":10,"href":"https:\/\/sites.uel.br\/hv\/wp-json\/wp\/v2\/pages\/210\/revisions"}],"predecessor-version":[{"id":231,"href":"https:\/\/sites.uel.br\/hv\/wp-json\/wp\/v2\/pages\/210\/revisions\/231"}],"wp:attachment":[{"href":"https:\/\/sites.uel.br\/hv\/wp-json\/wp\/v2\/media?parent=210"}],"curies":[{"name":"wp","href":"https:\/\/api.w.org\/{rel}","templated":true}]}}