{"id":20,"date":"2025-12-08T09:46:59","date_gmt":"2025-12-08T12:46:59","guid":{"rendered":"https:\/\/sites.uel.br\/hv\/?page_id=20"},"modified":"2025-12-08T11:31:26","modified_gmt":"2025-12-08T14:31:26","slug":"sobre-o-hv","status":"publish","type":"page","link":"https:\/\/sites.uel.br\/hv\/sobre-o-hv\/","title":{"rendered":"Sobre o HV"},"content":{"rendered":"\n<hr class=\"wp-block-separator has-text-color has-verde-escuro-color has-alpha-channel-opacity has-verde-escuro-background-color has-background is-style-wide\"\/>\n\n\n\n<p><strong>A Nossa Hist\u00f3ria<\/strong><\/p>\n\n\n\n<p>O curso de Gradua\u00e7\u00e3o em Medicina Veterin\u00e1ria na Universidade Estadual de Londrina iniciou em 1973 com a 1\u00aa turma de 20 alunos. At\u00e9 a 3\u00aa turma o n\u00famero de vagas era de 20 novos acad\u00eamicos por semestre, passando ent\u00e3o para 40 por semestre. Em 09 de setembro de 1976, o Hospital Veterin\u00e1rio foi parcialmente inaugurado (Bloco C) e iniciou suas atividades. <\/p>\n\n\n\n<p>Foi reconhecido como \u00d3rg\u00e3o Suplementar em 07 de julho de 1978 pela Resolu\u00e7\u00e3o CU n\u00ba 467\/78 e sua estrutura administrativa foi criada em 12 de setembro de 1978 pela Resolu\u00e7\u00e3o CA n\u00ba 493\/78, onde foi vinculado administrativamente \u00e0 Reitoria e academicamente&nbsp;ao Centro de Ci\u00eancias Rurais e Tecnologia (CCRT), hoje, Centro de Ci\u00eancias Agr\u00e1rias (CCA).<\/p>\n\n\n\n<p>Desde ent\u00e3o, houve expans\u00f5es no espa\u00e7o f\u00edsico, no n\u00famero de docentes, n\u00famero de acad\u00eamicos, cursos de p\u00f3s-Gradua\u00e7\u00e3o Lato Senso e Strictu Senso que refletiram no aumento significativo do atendimento \u00e0 comunidade, externa e interna, em todas as especialidades e consequentemente propiciando campo de est\u00e1gio, pesquisa, extens\u00e3o e ensino aos acad\u00eamicos de gradua\u00e7\u00e3o, p\u00f3s-gradua\u00e7\u00e3o e estagi\u00e1rios da UEL e de outras Institui\u00e7\u00f5es de Ensino Superior do Brasil. <\/p>\n\n\n\n<p>Atualmente, o n\u00famero de ingressantes \u00e9 de 80 acad\u00eamicos de gradua\u00e7\u00e3o, em regime anual, e 34 nos Programas de Resid\u00eancia em Medicina Veterin\u00e1ria em v\u00e1rias especialidades.<\/p>\n\n\n\n<p>&nbsp; &nbsp; &nbsp; &nbsp; &nbsp;O HV atende animais de companhia e de grande porte, para tanto conta com profissionais especializados nas \u00e1reas de Dermatologia, Cardiologia, Neurologia, Radiologia, Teriogenologia, Oncologia e outras especialidades. Al\u00e9m de contar com profissionais da \u00e1rea de diagn\u00f3stico laboratorial altamente capacitados.&nbsp;Em 1995, foi implantado o Plant\u00e3o 24 horas e o HV passou a atender ininterruptamente os casos de urg\u00eancia\/emerg\u00eancia.<\/p>\n\n\n\n<p>Por meio de seus recursos humanos o HV atua como centro de refer\u00eancia aos m\u00e9dicos veterin\u00e1rios da regi\u00e3o, prestando apoio \u00e0 execu\u00e7\u00e3o de programas de sa\u00fade p\u00fablica e sanidade animal, melhorando o padr\u00e3o sanit\u00e1rio da popula\u00e7\u00e3o e contribuindo para a valoriza\u00e7\u00e3o do animal pelo homem.<\/p>\n\n\n\n<div class=\"wp-block-columns is-layout-flex wp-container-core-columns-is-layout-9d6595d7 wp-block-columns-is-layout-flex\">\n<div class=\"wp-block-column is-layout-flow wp-block-column-is-layout-flow\">\n<figure class=\"wp-block-image size-full is-resized\"><img loading=\"lazy\" decoding=\"async\" width=\"671\" height=\"449\" src=\"https:\/\/sites.uel.br\/hv\/wp-content\/uploads\/2025\/12\/inicio-HV.png\" alt=\"\" class=\"wp-image-66\" style=\"aspect-ratio:1.4944994246260068;width:426px;height:auto\" srcset=\"https:\/\/sites.uel.br\/hv\/wp-content\/uploads\/2025\/12\/inicio-HV.png 671w, https:\/\/sites.uel.br\/hv\/wp-content\/uploads\/2025\/12\/inicio-HV-300x201.png 300w\" sizes=\"auto, (max-width: 671px) 100vw, 671px\" \/><\/figure>\n<\/div>\n\n\n\n<div class=\"wp-block-column is-layout-flow wp-block-column-is-layout-flow\">\n<figure class=\"wp-block-image size-large\"><img loading=\"lazy\" decoding=\"async\" width=\"1024\" height=\"576\" src=\"https:\/\/sites.uel.br\/hv\/wp-content\/uploads\/2025\/12\/imagem_2025-12-08_111252183-1024x576.png\" alt=\"\" class=\"wp-image-64\" srcset=\"https:\/\/sites.uel.br\/hv\/wp-content\/uploads\/2025\/12\/imagem_2025-12-08_111252183-1024x576.png 1024w, https:\/\/sites.uel.br\/hv\/wp-content\/uploads\/2025\/12\/imagem_2025-12-08_111252183-300x169.png 300w, https:\/\/sites.uel.br\/hv\/wp-content\/uploads\/2025\/12\/imagem_2025-12-08_111252183-768x432.png 768w, https:\/\/sites.uel.br\/hv\/wp-content\/uploads\/2025\/12\/imagem_2025-12-08_111252183-1536x864.png 1536w, https:\/\/sites.uel.br\/hv\/wp-content\/uploads\/2025\/12\/imagem_2025-12-08_111252183.png 1920w\" sizes=\"auto, (max-width: 1024px) 100vw, 1024px\" \/><\/figure>\n<\/div>\n<\/div>\n\n\n\n<p><strong>Nossa miss\u00e3o \u00e9:<\/strong><\/p>\n\n\n\n<ol class=\"wp-block-list\">\n<li>Proporcionar forma\u00e7\u00e3o te\u00f3rico-pr\u00e1tico de qualidade aos alunos de Gradua\u00e7\u00e3o e P\u00f3s-Gradua\u00e7\u00e3o do curso de Medicina Veterin\u00e1ria;<\/li>\n\n\n\n<li>Oferecer campo para o desenvolvimento de projetos de ensino, pesquisa e extens\u00e3o;<\/li>\n\n\n\n<li>Prestar servi\u00e7o m\u00e9dico veterin\u00e1rio especializado, atendimentos emergenciais, cir\u00fargicos e internamento;<\/li>\n\n\n\n<li>Prestar servi\u00e7os de exames laboratoriais e de imagens;<\/li>\n\n\n\n<li>&nbsp;Atuar como centro de refer\u00eancia aos m\u00e9dicos veterin\u00e1rios da regi\u00e3o;<\/li>\n\n\n\n<li>Prestar apoio \u00e0 execu\u00e7\u00e3o de programas de sa\u00fade p\u00fablica e sanidade animal, melhorando o padr\u00e3o sanit\u00e1rio dos animais e consequentemente da popula\u00e7\u00e3o;<\/li>\n\n\n\n<li>Desenvolver atividades de conscientiza\u00e7\u00e3o para a posse respons\u00e1vel dos animais.<\/li>\n<\/ol>\n\n\n\n<div class=\"wp-block-columns is-layout-flex wp-container-core-columns-is-layout-9d6595d7 wp-block-columns-is-layout-flex\">\n<div class=\"wp-block-column is-layout-flow wp-block-column-is-layout-flow\"><\/div>\n<\/div>\n\n\n\n<p><\/p>\n","protected":false},"excerpt":{"rendered":"<p>A Nossa Hist\u00f3ria O curso de Gradua\u00e7\u00e3o em Medicina Veterin\u00e1ria na Universidade Estadual de Londrina iniciou em 1973 com a 1\u00aa turma de 20 alunos. At\u00e9 a 3\u00aa turma o n\u00famero de vagas era de 20 novos acad\u00eamicos por semestre, passando ent\u00e3o para 40 por semestre. Em 09 de setembro de 1976, o Hospital Veterin\u00e1rio [&hellip;]<\/p>\n","protected":false},"author":6,"featured_media":0,"parent":0,"menu_order":0,"comment_status":"closed","ping_status":"closed","template":"","meta":{"_acf_changed":false,"_themeisle_gutenberg_block_has_review":false,"footnotes":""},"class_list":["post-20","page","type-page","status-publish","hentry"],"acf":[],"_links":{"self":[{"href":"https:\/\/sites.uel.br\/hv\/wp-json\/wp\/v2\/pages\/20","targetHints":{"allow":["GET"]}}],"collection":[{"href":"https:\/\/sites.uel.br\/hv\/wp-json\/wp\/v2\/pages"}],"about":[{"href":"https:\/\/sites.uel.br\/hv\/wp-json\/wp\/v2\/types\/page"}],"author":[{"embeddable":true,"href":"https:\/\/sites.uel.br\/hv\/wp-json\/wp\/v2\/users\/6"}],"replies":[{"embeddable":true,"href":"https:\/\/sites.uel.br\/hv\/wp-json\/wp\/v2\/comments?post=20"}],"version-history":[{"count":15,"href":"https:\/\/sites.uel.br\/hv\/wp-json\/wp\/v2\/pages\/20\/revisions"}],"predecessor-version":[{"id":96,"href":"https:\/\/sites.uel.br\/hv\/wp-json\/wp\/v2\/pages\/20\/revisions\/96"}],"wp:attachment":[{"href":"https:\/\/sites.uel.br\/hv\/wp-json\/wp\/v2\/media?parent=20"}],"curies":[{"name":"wp","href":"https:\/\/api.w.org\/{rel}","templated":true}]}}