{"id":66,"date":"2024-08-28T12:54:38","date_gmt":"2024-08-28T15:54:38","guid":{"rendered":"https:\/\/sites.uel.br\/hu-londrina\/?page_id=66"},"modified":"2025-10-24T15:36:23","modified_gmt":"2025-10-24T18:36:23","slug":"contato","status":"publish","type":"page","link":"https:\/\/sites.uel.br\/hu-londrina\/contato\/","title":{"rendered":"Contatos"},"content":{"rendered":"\n<hr class=\"wp-block-separator has-text-color has-verde-escuro-color has-alpha-channel-opacity has-verde-escuro-background-color has-background is-style-wide\"\/>\n\n\n\n<div>\n    <br>\n\n        <h3>Principal: (43) 3371-2000<\/h3><br>\n\n        <p>\n            Na liga\u00e7\u00e3o ser\u00e1 fornecida uma lista de servi\u00e7os, ap\u00f3s escolher o que melhor se encaixa na sua necessidade, a liga\u00e7\u00e3o ser\u00e1 direcionada para o setor respons\u00e1vel. <strong>Caso nenhum dos servi\u00e7os atenda as suas necessidades,<\/strong> aguarde na linha para que a liga\u00e7\u00e3o seja direcionada para as Telefonistas.<br>\n        <br>\n        <strong>Outros contatos:<\/strong><br>\n\n        <ul style=\"margin: 0;padding: 0% 5%\">\n        <li><strong>Ambulat\u00f3rio de Especialidade do HU (AEHU) &#8211; antigo HC:<\/strong> (43) 3371-5000<\/li>\n        <li><strong>Maternidade do HU:<\/strong> (43) 3371-2820<\/li>\n        <li><strong>Hemocentro do HU:<\/strong> (43) 3371-2218<\/li>\n        <li><strong>Servi\u00e7o Social do HU:<\/strong> (43) 3371-2809<\/li>\n        <li><strong>Servi\u00e7o Social do AEHU:<\/strong> (43) 3371-5753<\/li>\n        <li><strong>Ouvidoria do HU:<\/strong> (43) 3371-2808 &#8211; ouvidoriahu@uel.br<\/li>\n        <li><strong>Ouvidoria\u00a0do AEHU:<\/strong> (43) 3371-5790 &#8211; ouvidoriaahc@uel.br<\/li>\n        <li><strong>Secretaria das Resid\u00eancias:<\/strong> (43) 3371-2278  &#8211; residhu@uel.br<\/li>\n        <\/ul>\n        <\/p>\n<\/div>\n\n\n\n<div class=\"wp-block-columns is-layout-flex wp-container-core-columns-is-layout-9d6595d7 wp-block-columns-is-layout-flex\">\n<div class=\"wp-block-column is-layout-flow wp-block-column-is-layout-flow\"><\/div>\n<\/div>\n","protected":false},"excerpt":{"rendered":"<p>Principal: (43) 3371-2000 Na liga\u00e7\u00e3o ser\u00e1 fornecida uma lista de servi\u00e7os, ap\u00f3s escolher o que melhor se encaixa na sua necessidade, a liga\u00e7\u00e3o ser\u00e1 direcionada para o setor respons\u00e1vel. Caso nenhum dos servi\u00e7os atenda as suas necessidades, aguarde na linha para que a liga\u00e7\u00e3o seja direcionada para as Telefonistas. Outros contatos: Ambulat\u00f3rio de Especialidade do [&hellip;]<\/p>\n","protected":false},"author":9,"featured_media":0,"parent":0,"menu_order":0,"comment_status":"closed","ping_status":"closed","template":"","meta":{"_acf_changed":false,"footnotes":""},"class_list":["post-66","page","type-page","status-publish","hentry"],"acf":[],"_links":{"self":[{"href":"https:\/\/sites.uel.br\/hu-londrina\/wp-json\/wp\/v2\/pages\/66","targetHints":{"allow":["GET"]}}],"collection":[{"href":"https:\/\/sites.uel.br\/hu-londrina\/wp-json\/wp\/v2\/pages"}],"about":[{"href":"https:\/\/sites.uel.br\/hu-londrina\/wp-json\/wp\/v2\/types\/page"}],"author":[{"embeddable":true,"href":"https:\/\/sites.uel.br\/hu-londrina\/wp-json\/wp\/v2\/users\/9"}],"replies":[{"embeddable":true,"href":"https:\/\/sites.uel.br\/hu-londrina\/wp-json\/wp\/v2\/comments?post=66"}],"version-history":[{"count":51,"href":"https:\/\/sites.uel.br\/hu-londrina\/wp-json\/wp\/v2\/pages\/66\/revisions"}],"predecessor-version":[{"id":2906,"href":"https:\/\/sites.uel.br\/hu-londrina\/wp-json\/wp\/v2\/pages\/66\/revisions\/2906"}],"wp:attachment":[{"href":"https:\/\/sites.uel.br\/hu-londrina\/wp-json\/wp\/v2\/media?parent=66"}],"curies":[{"name":"wp","href":"https:\/\/api.w.org\/{rel}","templated":true}]}}