{"id":3616,"date":"2026-04-16T10:14:59","date_gmt":"2026-04-16T13:14:59","guid":{"rendered":"https:\/\/sites.uel.br\/hu-londrina\/?page_id=3616"},"modified":"2026-04-16T10:14:59","modified_gmt":"2026-04-16T13:14:59","slug":"visita","status":"publish","type":"page","link":"https:\/\/sites.uel.br\/hu-londrina\/visita\/","title":{"rendered":"Visita"},"content":{"rendered":"\n<!-- P\u00c1GINA: Visita -->\n<!-- Cole no bloco \"HTML Personalizado\" do WordPress -->\n \n<div style=\"font-family:'Inter',sans-serif;line-height:1.75;color:#333\">\n \n  <!-- Breadcrumb -->\n  <p style=\"font-size:0.85rem;color:#777;margin-bottom:20px\">\n    <a href=\"URL-INFORMACOES-AO-USUARIO\" style=\"color:#00753b;text-decoration:none\">Informa\u00e7\u00f5es ao Usu\u00e1rio<\/a>\n    &rsaquo;\n    <a href=\"URL-INTERNACAO\" style=\"color:#00753b;text-decoration:none\">Interna\u00e7\u00e3o<\/a>\n    &rsaquo; Visita\n  <\/p>\n \n  <!-- Cabe\u00e7alho do guia -->\n  <div style=\"border:2px solid #00753b;border-radius:8px;padding:18px 24px;margin-bottom:24px;text-align:center\">\n    <p style=\"font-size:1.4rem;font-weight:700;color:#00753b;margin:0 0 6px 0;line-height:1.3\">\n      Guia de orienta\u00e7\u00f5es para visitantes e acompanhantes\n    <\/p>\n    <p style=\"font-size:1rem;font-weight:700;color:#333;margin:0;letter-spacing:0.05em;text-transform:uppercase\">\n      Hor\u00e1rios de Visitas\n    <\/p>\n  <\/div>\n \n  <!-- Grid de hor\u00e1rios -->\n  <div class=\"row\" style=\"margin:0 -6px\">\n \n    <!-- COLUNA ESQUERDA -->\n    <div class=\"col-12 col-md-6\" style=\"padding:0 6px\">\n \n      <!-- Pronto Socorro -->\n      <div style=\"background:#f5e27a;border-radius:6px;padding:14px 18px;margin-bottom:10px;text-align:center\">\n        <p style=\"font-weight:700;color:#3a2f00;margin:0 0 4px 0;text-decoration:underline\">Pronto Socorro<\/p>\n        <p style=\"color:#3a2f00;margin:0;font-size:0.95rem;line-height:1.5\">\n          Todos os dias das 16h30 \u00e0s 17h00.<br>\n          <span style=\"font-size:0.88rem\">Exceto setores de isolamento<\/span>\n        <\/p>\n      <\/div>\n \n      <!-- Unidades A, B, D e E -->\n      <div style=\"background:#e8b84b;border-radius:6px;padding:14px 18px;margin-bottom:10px;text-align:center\">\n        <p style=\"font-weight:700;color:#3a2f00;margin:0 0 4px 0;text-decoration:underline\">Unidades A, B, D e E<\/p>\n        <p style=\"color:#3a2f00;margin:0;font-size:0.95rem\">\n          Todos os dias das 15h30 \u00e0s 16h00.\n        <\/p>\n      <\/div>\n \n      <!-- Cuidados Paliativos \/ Unidade C -->\n      <div style=\"background:#f5e27a;border-radius:6px;padding:14px 18px;margin-bottom:10px;text-align:center\">\n        <p style=\"font-weight:700;color:#3a2f00;margin:0 0 4px 0;text-decoration:underline;line-height:1.4\">\n          Pacientes em Cuidados Paliativos<br>e\/ou em Limita\u00e7\u00e3o de Suporte<br>UNIDADE C\n        <\/p>\n        <p style=\"color:#3a2f00;margin:0;font-size:0.95rem;line-height:1.6\">\n          Manh\u00e3: 11h00 \u00e0s 12h00;<br>\n          Tarde: 15h30 \u00e0s 16h30;<br>\n          Noite: 19h30 \u00e0s 20h30.\n        <\/p>\n      <\/div>\n \n      <!-- CTQ, UTQ e UTIs -->\n      <div style=\"background:#f5e27a;border-radius:6px;padding:14px 18px;margin-bottom:10px;text-align:center\">\n        <p style=\"font-weight:700;color:#3a2f00;margin:0 0 4px 0;text-decoration:underline\">\n          CTQ, UTQ e UTI&#8217;s (1, 2, 3, 4, 5 e 6)\n        <\/p>\n        <p style=\"color:#3a2f00;margin:0;font-size:0.95rem;line-height:1.6\">\n          Manh\u00e3: 10h30 \u00e0s 11h00;<br>\n          Tarde: 16h30 \u00e0s 17h00;<br>\n          Noite: 19h30 \u00e0s 20h00.\n        <\/p>\n      <\/div>\n \n    <\/div><!-- \/col esquerda -->\n \n    <!-- COLUNA DIREITA -->\n    <div class=\"col-12 col-md-6\" style=\"padding:0 6px\">\n \n      <!-- Pediatria -->\n      <div style=\"background:#f5e27a;border-radius:6px;padding:14px 18px;margin-bottom:10px;text-align:center\">\n        <p style=\"font-weight:700;color:#3a2f00;margin:0 0 4px 0;text-decoration:underline\">Pediatria<\/p>\n        <p style=\"color:#3a2f00;margin:0;font-size:0.95rem\">\n          Todos os dias das 16h00 \u00e0s 16h30\n        <\/p>\n      <\/div>\n \n      <!-- UTI Pedi\u00e1trica -->\n      <div style=\"background:#e8b84b;border-radius:6px;padding:14px 18px;margin-bottom:10px;text-align:center\">\n        <p style=\"font-weight:700;color:#3a2f00;margin:0 0 4px 0;text-decoration:underline\">UTI Pedi\u00e1trica<\/p>\n        <p style=\"color:#3a2f00;margin:0;font-size:0.95rem\">\n          Todos os dias das 16h00 \u00e0s 16h30\n        <\/p>\n      <\/div>\n \n      <!-- Pronto Socorro Obst\u00e9trico -->\n      <div style=\"background:#f5e27a;border-radius:6px;padding:14px 18px;margin-bottom:10px;text-align:center\">\n        <p style=\"font-weight:700;color:#3a2f00;margin:0 0 4px 0;text-decoration:underline\">Pronto Socorro Obst\u00e9trico<\/p>\n        <p style=\"color:#3a2f00;margin:0;font-size:0.95rem\">\n          Todos os dias das 16h00 \u00e0s 16h30\n        <\/p>\n      <\/div>\n \n      <!-- Centro Obst\u00e9trico -->\n      <div style=\"background:#f5e27a;border-radius:6px;padding:14px 18px;margin-bottom:10px;text-align:center\">\n        <p style=\"font-weight:700;color:#3a2f00;margin:0 0 4px 0;text-decoration:underline\">Centro Obst\u00e9trico<\/p>\n        <p style=\"color:#3a2f00;margin:0;font-size:0.95rem\">\n          Todos os dias das 16h00 \u00e0s 16h30\n        <\/p>\n      <\/div>\n \n      <!-- Alojamento Conjunto -->\n      <div style=\"background:#f5e27a;border-radius:6px;padding:14px 18px;margin-bottom:10px;text-align:center\">\n        <p style=\"font-weight:700;color:#3a2f00;margin:0 0 4px 0;text-decoration:underline\">Alojamento Conjunto<\/p>\n        <p style=\"color:#3a2f00;margin:0;font-size:0.95rem\">\n          Todos os dias das 15h30 \u00e0s 16h00\n        <\/p>\n      <\/div>\n \n      <!-- Visitas Neonatal -->\n      <div style=\"background:#f5e27a;border-radius:6px;padding:14px 18px;margin-bottom:10px;text-align:center\">\n        <p style=\"font-weight:700;color:#3a2f00;margin:0 0 4px 0;text-decoration:underline\">Visitas Neonatal<\/p>\n        <p style=\"color:#3a2f00;margin:0;font-size:0.95rem\">\n          Todos os dias das 16h30 \u00e0s 17h00\n        <\/p>\n      <\/div>\n \n    <\/div><!-- \/col direita -->\n \n  <\/div><!-- \/row -->\n \n  <!-- Observa\u00e7\u00f5es -->\n  <div style=\"background:#fff8e1;border-left:4px solid #f9a825;padding:14px 18px;border-radius:0 6px 6px 0;margin:16px 0;font-size:0.95rem;color:#5a4200;line-height:1.65\">\n    <strong>Observa\u00e7\u00e3o:<\/strong> Verificar junto \u00e0 Portaria de Visitas os hor\u00e1rios diferenciados em datas comemorativas. Na UTI Pedi\u00e1trica, UTI Neonatal, UCI, Pediatria e Alojamento Conjunto h\u00e1 direito a visita de irm\u00e3os, mas deve ser previamente liberado pelo(a) enfermeiro(a) da Unidade.\n  <\/div>\n \n  <div style=\"background:#ffebee;border-left:4px solid #c62828;padding:14px 18px;border-radius:0 6px 6px 0;margin:16px 0;font-size:0.95rem;color:#7f0000;line-height:1.65\">\n    <strong>Aten\u00e7\u00e3o:<\/strong> Hor\u00e1rios de visitas podem estar sujeitos a mudan\u00e7as. Informe-se na Portaria.\n  <\/div>\n \n<\/div>\n","protected":false},"excerpt":{"rendered":"<p>Informa\u00e7\u00f5es ao Usu\u00e1rio &rsaquo; Interna\u00e7\u00e3o &rsaquo; Visita Guia de orienta\u00e7\u00f5es para visitantes e acompanhantes Hor\u00e1rios de Visitas Pronto Socorro Todos os dias das 16h30 \u00e0s 17h00. Exceto setores de isolamento Unidades A, B, D e E Todos os dias das 15h30 \u00e0s 16h00. Pacientes em Cuidados Paliativose\/ou em Limita\u00e7\u00e3o de SuporteUNIDADE C Manh\u00e3: 11h00 \u00e0s [&hellip;]<\/p>\n","protected":false},"author":15,"featured_media":0,"parent":0,"menu_order":0,"comment_status":"closed","ping_status":"closed","template":"","meta":{"_acf_changed":false,"footnotes":""},"class_list":["post-3616","page","type-page","status-publish","hentry"],"acf":[],"_links":{"self":[{"href":"https:\/\/sites.uel.br\/hu-londrina\/wp-json\/wp\/v2\/pages\/3616","targetHints":{"allow":["GET"]}}],"collection":[{"href":"https:\/\/sites.uel.br\/hu-londrina\/wp-json\/wp\/v2\/pages"}],"about":[{"href":"https:\/\/sites.uel.br\/hu-londrina\/wp-json\/wp\/v2\/types\/page"}],"author":[{"embeddable":true,"href":"https:\/\/sites.uel.br\/hu-londrina\/wp-json\/wp\/v2\/users\/15"}],"replies":[{"embeddable":true,"href":"https:\/\/sites.uel.br\/hu-londrina\/wp-json\/wp\/v2\/comments?post=3616"}],"version-history":[{"count":2,"href":"https:\/\/sites.uel.br\/hu-londrina\/wp-json\/wp\/v2\/pages\/3616\/revisions"}],"predecessor-version":[{"id":3619,"href":"https:\/\/sites.uel.br\/hu-londrina\/wp-json\/wp\/v2\/pages\/3616\/revisions\/3619"}],"wp:attachment":[{"href":"https:\/\/sites.uel.br\/hu-londrina\/wp-json\/wp\/v2\/media?parent=3616"}],"curies":[{"name":"wp","href":"https:\/\/api.w.org\/{rel}","templated":true}]}}