{"id":3612,"date":"2026-04-16T10:02:25","date_gmt":"2026-04-16T13:02:25","guid":{"rendered":"https:\/\/sites.uel.br\/hu-londrina\/?page_id=3612"},"modified":"2026-04-16T10:19:28","modified_gmt":"2026-04-16T13:19:28","slug":"acompanhante","status":"publish","type":"page","link":"https:\/\/sites.uel.br\/hu-londrina\/acompanhante\/","title":{"rendered":"Acompanhante"},"content":{"rendered":"\n<!-- P\u00c1GINA: Acompanhante -->\n<!-- Cole no bloco \"HTML Personalizado\" do WordPress -->\n\n<div style=\"font-family:'Inter',sans-serif;line-height:1.75;color:#333\">\n\n  <!-- Breadcrumb -->\n  <p style=\"font-size:0.85rem;color:#777;margin-bottom:20px\">\n    <a href=\"https:\/\/sites.uel.br\/hu-londrina\/informacoes-ao-usuario\/\" style=\"color:#00753b;text-decoration:none\">Informa\u00e7\u00f5es ao Usu\u00e1rio<\/a>\n    &rsaquo;\n    <a href=\"https:\/\/sites.uel.br\/hu-londrina\/internacao\" style=\"color:#00753b;text-decoration:none\">Interna\u00e7\u00e3o<\/a>\n    &rsaquo; Acompanhante\n  <\/p>\n\n  <!-- T\u00edtulo -->\n  <h2>Direito ao Acompanhante<\/h2>\n\n  <p style=\"font-size:0.97rem\">\n    Ter\u00e1 direito a <strong>um (1) acompanhante<\/strong>, os pacientes internados no HU-UEL que se enquadrarem nos seguintes crit\u00e9rios, segundo as legisla\u00e7\u00f5es vigentes e diretrizes institucionais:\n  <\/p>\n\n  <ul style=\"font-size:0.97rem;padding-left:20px\">\n    <li style=\"margin-bottom:6px\">Crian\u00e7a ou adolescente menor de 18 anos;<\/li>\n    <li style=\"margin-bottom:6px\">Pessoa com idade superior a 60 anos;<\/li>\n    <li style=\"margin-bottom:6px\">Portador de necessidades especiais;<\/li>\n    <li style=\"margin-bottom:6px\">Paciente no pr\u00e9-parto, parto e puerp\u00e9rio;<\/li>\n    <li style=\"margin-bottom:6px\">Paciente com diagn\u00f3stico de c\u00e2ncer;<\/li>\n    <li style=\"margin-bottom:6px\">Pessoa em cuidado paliativo ou limita\u00e7\u00e3o de suporte de vida;<\/li>\n    <li style=\"margin-bottom:6px\">Pessoa em sofrimento e transtorno psiqui\u00e1trico, especialmente ap\u00f3s epis\u00f3dio de tentativa de suic\u00eddio;<\/li>\n    <li style=\"margin-bottom:6px\">Ind\u00edgena;<\/li>\n    <li style=\"margin-bottom:6px\">Mulheres ter\u00e3o direito a acompanhante durante todo o atendimento.<\/li>\n  <\/ul>\n\n  <!-- Destaque verde -->\n  <div style=\"background:#f0f7f1;border-left:4px solid #00753b;padding:14px 18px;border-radius:0 6px 6px 0;margin:20px 0;font-size:0.95rem;color:#1a3d22;line-height:1.7\">\n    O direito \u00e0 presen\u00e7a de acompanhante estar\u00e1 sujeito a condi\u00e7\u00f5es espec\u00edficas da unidade, como estrutura f\u00edsica, seguran\u00e7a e normas de biosseguran\u00e7a, podendo haver restri\u00e7\u00f5es em casos de ocorr\u00eancia de surtos epidemiol\u00f3gicos.\n  <\/div>\n\n  <h2>Normas e Orienta\u00e7\u00f5es<\/h2>\n\n  <ul style=\"font-size:0.97rem;padding-left:20px\">\n    <li style=\"margin-bottom:8px\">Em casos excepcionais, o paciente que necessitar de acompanhante dever\u00e1 solicitar autoriza\u00e7\u00e3o de perman\u00eancia \u00e0 chefia da unidade, por meio de autoriza\u00e7\u00e3o por escrito.<\/li>\n    <li style=\"margin-bottom:8px\">O acompanhante que permanecer com o paciente, preferencialmente, deve ser uma pessoa com responsabilidade direta com ele (pais, filhos e cuidadores).<\/li>\n    <li style=\"margin-bottom:8px\">N\u00e3o \u00e9 recomend\u00e1vel acompanhante ou visitante no hospital com problemas de sa\u00fade (febre, resfriado, tosse, ferida na pele, conjuntivite, v\u00f4mito, diarreia), entre outros sinais e sintomas.<\/li>\n    <li style=\"margin-bottom:8px\">Para melhor organiza\u00e7\u00e3o, fica <strong>proibida a troca de acompanhantes<\/strong> durante os hor\u00e1rios de visita aos pacientes.<\/li>\n    <li style=\"margin-bottom:8px\">O acompanhante deve permanecer sempre ao lado do paciente e, quando se ausentar, dever\u00e1 comunicar \u00e0 equipe de enfermagem.<\/li>\n    <li style=\"margin-bottom:8px\">Ser\u00e1 permitida a entrada de apenas <strong>1 (uma) visita<\/strong> (maior de 14 anos) por paciente. Caso excepcional ser\u00e1 avaliado e autorizado pelo respons\u00e1vel pelo setor. No caso das UTIs, h\u00e1 possibilidade do visitante vir acompanhado por outro familiar, se necess\u00e1rio.<\/li>\n    <li style=\"margin-bottom:8px\">As visitas aos privados de liberdade ocorrem \u00e0s <strong>quartas-feiras, das 10h30 \u00e0s 11h30<\/strong>, mediante autoriza\u00e7\u00e3o judicial, sendo permitidas apenas duas visitas por vez.<\/li>\n  <\/ul>\n\n  <h2>Vestimenta e Identifica\u00e7\u00e3o<\/h2>\n\n  <ul style=\"font-size:0.97rem;padding-left:20px\">\n    <li style=\"margin-bottom:8px\">Para garantir o respeito e ambiente hospitalar adequado, <strong>n\u00e3o \u00e9 permitido<\/strong> o acesso de pessoas trajando regata, short, bermuda, minissaia, blusa\/vestido curto e\/ou decotado ou transparente.<\/li>\n    <li style=\"margin-bottom:8px\">A etiqueta autocolante de identifica\u00e7\u00e3o do visitante e acompanhante ser\u00e1 entregue na Portaria de Visitantes, devendo ser fixada na roupa na altura do t\u00f3rax.<\/li>\n  <\/ul>\n\n  <h2>Conduta do Acompanhante<\/h2>\n\n  <ul style=\"font-size:0.97rem;padding-left:20px\">\n    <li style=\"margin-bottom:8px\">O acompanhante deve manter conduta respeitosa e sigilosa, permanecendo com o paciente. Em casos de utiliza\u00e7\u00e3o de avental ou outro dispositivo fornecido pela equipe da unidade, o mesmo dever\u00e1 cumprir as recomenda\u00e7\u00f5es.<\/li>\n  <\/ul>\n<!-- BLOCO: Troca de Acompanhantes -->\n<!-- Adicione este bloco na p\u00e1gina \"Acompanhante\", ap\u00f3s o conte\u00fado existente -->\n<!-- Cole via bloco \"HTML Personalizado\" do WordPress -->\n \n<div style=\"font-family:'Inter',sans-serif;margin:28px 0\">\n \n  <!-- T\u00edtulo da se\u00e7\u00e3o -->\n  <h2>Troca de Acompanhantes<\/h2>\n \n  <!-- Grid 2x2 usando Bootstrap -->\n  <div class=\"row\" style=\"margin:0;border:1px solid #c8a800;border-radius:6px;overflow:hidden\">\n \n    <!-- C\u00e9lula 1 \u2014 Hor\u00e1rios -->\n    <div class=\"col-12 col-md-6\" style=\"background:#f5e27a;padding:20px 24px;border-bottom:1px solid #c8a800;text-align:center\">\n      <p style=\"font-size:1rem;color:#3a2f00;margin:0;line-height:1.8\">\n        07h00 \u00e0s 12h00<br>\n        18h00 \u00e0s 20h00\n      <\/p>\n    <\/div>\n \n    <!-- C\u00e9lula 2 \u2014 UTI\/UCI Neonatal -->\n    <div class=\"col-12 col-md-6\" style=\"background:#f5e27a;padding:20px 24px;border-bottom:1px solid #c8a800;border-left:1px solid #c8a800;text-align:center\">\n      <p style=\"font-size:1rem;font-weight:700;color:#3a2f00;margin:0 0 4px 0;text-decoration:underline\">\n        UTI\/UCI Neonatal \/ UCI Neonatal Canguru\n      <\/p>\n      <p style=\"font-size:0.95rem;color:#3a2f00;margin:0\">\n        Livre acesso aos pais\n      <\/p>\n    <\/div>\n \n    <!-- C\u00e9lula 3 \u2014 Portaria de Visitas -->\n    <div class=\"col-12 col-md-6\" style=\"background:#f5e27a;padding:20px 24px;text-align:center\">\n      <p style=\"font-size:1rem;color:#3a2f00;margin:0;line-height:1.7\">\n        As trocas de acompanhante dever\u00e3o ser realizadas na<br>\n        <strong>Portaria de Visitas<\/strong>\n      <\/p>\n    <\/div>\n \n    <!-- C\u00e9lula 4 \u2014 Pediatria -->\n    <div class=\"col-12 col-md-6\" style=\"background:#f5e27a;padding:20px 24px;border-left:1px solid #c8a800;text-align:center\">\n      <p style=\"font-size:1rem;font-weight:700;color:#3a2f00;margin:0 0 4px 0;text-decoration:underline\">\n        Pediatria\n      <\/p>\n      <p style=\"font-size:0.95rem;color:#3a2f00;margin:0;line-height:1.6\">\n        Livre acesso aos pais at\u00e9 \u00e0s 19h<br>\n        <span style=\"font-size:0.88rem\">(ap\u00f3s 19h, apenas 1 acompanhante)<\/span>\n      <\/p>\n    <\/div>\n \n  <\/div><!-- \/row -->\n \n<\/div>\n  <!-- Alerta amarelo -->\n  <div style=\"background:#fff8e1;border-left:4px solid #f9a825;padding:14px 18px;border-radius:0 6px 6px 0;margin:20px 0;font-size:0.95rem;color:#5a4200;line-height:1.65\">\n    <strong>Aten\u00e7\u00e3o:<\/strong> Paciente e acompanhante devem evitar circular no p\u00e1tio e \u00e1reas administrativas para maior seguran\u00e7a e organiza\u00e7\u00e3o do ambiente hospitalar.\n  <\/div>\n\n<\/div>\n","protected":false},"excerpt":{"rendered":"<p>Informa\u00e7\u00f5es ao Usu\u00e1rio &rsaquo; Interna\u00e7\u00e3o &rsaquo; Acompanhante Direito ao Acompanhante Ter\u00e1 direito a um (1) acompanhante, os pacientes internados no HU-UEL que se enquadrarem nos seguintes crit\u00e9rios, segundo as legisla\u00e7\u00f5es vigentes e diretrizes institucionais: Crian\u00e7a ou adolescente menor de 18 anos; Pessoa com idade superior a 60 anos; Portador de necessidades especiais; Paciente no pr\u00e9-parto, [&hellip;]<\/p>\n","protected":false},"author":15,"featured_media":0,"parent":0,"menu_order":0,"comment_status":"closed","ping_status":"closed","template":"","meta":{"_acf_changed":false,"footnotes":""},"class_list":["post-3612","page","type-page","status-publish","hentry"],"acf":[],"_links":{"self":[{"href":"https:\/\/sites.uel.br\/hu-londrina\/wp-json\/wp\/v2\/pages\/3612","targetHints":{"allow":["GET"]}}],"collection":[{"href":"https:\/\/sites.uel.br\/hu-londrina\/wp-json\/wp\/v2\/pages"}],"about":[{"href":"https:\/\/sites.uel.br\/hu-londrina\/wp-json\/wp\/v2\/types\/page"}],"author":[{"embeddable":true,"href":"https:\/\/sites.uel.br\/hu-londrina\/wp-json\/wp\/v2\/users\/15"}],"replies":[{"embeddable":true,"href":"https:\/\/sites.uel.br\/hu-londrina\/wp-json\/wp\/v2\/comments?post=3612"}],"version-history":[{"count":3,"href":"https:\/\/sites.uel.br\/hu-londrina\/wp-json\/wp\/v2\/pages\/3612\/revisions"}],"predecessor-version":[{"id":3635,"href":"https:\/\/sites.uel.br\/hu-londrina\/wp-json\/wp\/v2\/pages\/3612\/revisions\/3635"}],"wp:attachment":[{"href":"https:\/\/sites.uel.br\/hu-londrina\/wp-json\/wp\/v2\/media?parent=3612"}],"curies":[{"name":"wp","href":"https:\/\/api.w.org\/{rel}","templated":true}]}}