{"id":3296,"date":"2026-02-23T10:31:40","date_gmt":"2026-02-23T13:31:40","guid":{"rendered":"https:\/\/sites.uel.br\/hu-londrina\/?page_id=3296"},"modified":"2026-02-24T08:07:57","modified_gmt":"2026-02-24T11:07:57","slug":"assessoria-de-inovacao","status":"publish","type":"page","link":"https:\/\/sites.uel.br\/hu-londrina\/assessoria-de-inovacao\/","title":{"rendered":""},"content":{"rendered":"\n\n\n<div class=\"wp-block-group\"><div class=\"wp-block-group__inner-container is-layout-constrained wp-block-group-is-layout-constrained\">\n<header class=\"wp-block-cover aligncenter wp-duotone-midnight\" style=\"margin-top:0;padding-top:48px;padding-right:48px;padding-bottom:48px;padding-left:48px;min-height:430px;aspect-ratio:unset;\"><img loading=\"lazy\" decoding=\"async\" width=\"1024\" height=\"683\" class=\"wp-block-cover__image-background wp-image-1992 size-large\" alt=\"\" src=\"https:\/\/sites.uel.br\/hu-londrina\/wp-content\/uploads\/2025\/04\/Nova-Portaria-02-1024x683.jpg\" style=\"object-position:49% 100%\" data-object-fit=\"cover\" data-object-position=\"49% 100%\" srcset=\"https:\/\/sites.uel.br\/hu-londrina\/wp-content\/uploads\/2025\/04\/Nova-Portaria-02-1024x683.jpg 1024w, https:\/\/sites.uel.br\/hu-londrina\/wp-content\/uploads\/2025\/04\/Nova-Portaria-02-300x200.jpg 300w, https:\/\/sites.uel.br\/hu-londrina\/wp-content\/uploads\/2025\/04\/Nova-Portaria-02-768x512.jpg 768w, https:\/\/sites.uel.br\/hu-londrina\/wp-content\/uploads\/2025\/04\/Nova-Portaria-02-1536x1024.jpg 1536w, https:\/\/sites.uel.br\/hu-londrina\/wp-content\/uploads\/2025\/04\/Nova-Portaria-02-2048x1365.jpg 2048w\" sizes=\"auto, (max-width: 1024px) 100vw, 1024px\" \/><span aria-hidden=\"true\" class=\"wp-block-cover__background has-background-dim-60 has-background-dim\" style=\"background-color:#55008c\"><\/span><div class=\"wp-block-cover__inner-container is-layout-flow wp-block-cover-is-layout-flow\">\n<div class=\"wp-block-group is-content-justification-center is-nowrap is-layout-flex wp-container-core-group-is-layout-94bc23d7 wp-block-group-is-layout-flex\" style=\"font-style:normal;font-weight:800\">\n<figure class=\"wp-block-image size-full is-resized\"><a href=\"https:\/\/uel.br\"><img loading=\"lazy\" decoding=\"async\" width=\"2560\" height=\"622\" src=\"https:\/\/sites.uel.br\/hu-londrina\/wp-content\/uploads\/2026\/02\/UEL-horizontal-completa-branca-scaled.png\" alt=\"\" class=\"wp-image-3360\" style=\"aspect-ratio:4.116504854368932;object-fit:cover;width:136px;height:auto\" srcset=\"https:\/\/sites.uel.br\/hu-londrina\/wp-content\/uploads\/2026\/02\/UEL-horizontal-completa-branca-scaled.png 2560w, https:\/\/sites.uel.br\/hu-londrina\/wp-content\/uploads\/2026\/02\/UEL-horizontal-completa-branca-300x73.png 300w, https:\/\/sites.uel.br\/hu-londrina\/wp-content\/uploads\/2026\/02\/UEL-horizontal-completa-branca-1024x249.png 1024w, https:\/\/sites.uel.br\/hu-londrina\/wp-content\/uploads\/2026\/02\/UEL-horizontal-completa-branca-768x187.png 768w, https:\/\/sites.uel.br\/hu-londrina\/wp-content\/uploads\/2026\/02\/UEL-horizontal-completa-branca-1536x373.png 1536w, https:\/\/sites.uel.br\/hu-londrina\/wp-content\/uploads\/2026\/02\/UEL-horizontal-completa-branca-2048x497.png 2048w\" sizes=\"auto, (max-width: 2560px) 100vw, 2560px\" \/><\/a><\/figure>\n\n\n\n<div style=\"height:100px;width:67px\" aria-hidden=\"true\" class=\"wp-block-spacer wp-container-content-6b166158\"><\/div>\n\n\n\n<figure class=\"wp-block-image size-full is-resized\"><a href=\"http:\/sites.uel.br\/hu-londrina\"><img loading=\"lazy\" decoding=\"async\" width=\"1099\" height=\"304\" src=\"https:\/\/sites.uel.br\/hu-londrina\/wp-content\/uploads\/2026\/02\/Logo_HU_HorizontalB-8-e1771861883342.png\" alt=\"\" class=\"wp-image-3361\" style=\"aspect-ratio:3.6156282998944036;object-fit:cover;width:127px;height:auto\" srcset=\"https:\/\/sites.uel.br\/hu-londrina\/wp-content\/uploads\/2026\/02\/Logo_HU_HorizontalB-8-e1771861883342.png 1099w, https:\/\/sites.uel.br\/hu-londrina\/wp-content\/uploads\/2026\/02\/Logo_HU_HorizontalB-8-e1771861883342-300x83.png 300w, https:\/\/sites.uel.br\/hu-londrina\/wp-content\/uploads\/2026\/02\/Logo_HU_HorizontalB-8-e1771861883342-1024x283.png 1024w, https:\/\/sites.uel.br\/hu-londrina\/wp-content\/uploads\/2026\/02\/Logo_HU_HorizontalB-8-e1771861883342-768x212.png 768w\" sizes=\"auto, (max-width: 1099px) 100vw, 1099px\" \/><\/a><\/figure>\n<\/div>\n\n\n\n<div style=\"height:37px\" aria-hidden=\"true\" class=\"wp-block-spacer\"><\/div>\n\n\n\n<div class=\"wp-block-group is-nowrap is-layout-flex wp-container-core-group-is-layout-ad2f72ca wp-block-group-is-layout-flex\">\n<figure class=\"wp-block-image size-full is-resized is-style-default\"><a href=\"https:\/\/inovahu-uel.com.br\"><img loading=\"lazy\" decoding=\"async\" width=\"735\" height=\"720\" src=\"https:\/\/sites.uel.br\/hu-londrina\/wp-content\/uploads\/2026\/02\/logo_ASSESSORIA_Elemento.png\" alt=\"\" class=\"wp-image-3356\" style=\"object-fit:cover;width:148px;height:auto\" srcset=\"https:\/\/sites.uel.br\/hu-londrina\/wp-content\/uploads\/2026\/02\/logo_ASSESSORIA_Elemento.png 735w, https:\/\/sites.uel.br\/hu-londrina\/wp-content\/uploads\/2026\/02\/logo_ASSESSORIA_Elemento-300x294.png 300w\" sizes=\"auto, (max-width: 735px) 100vw, 735px\" \/><\/a><\/figure>\n\n\n\n<h1 class=\"wp-block-heading has-text-align-left has-text-color has-link-color wp-elements-5f14707b19396e3cf204ab462a5afef4 wp-container-content-9cfa9a5a\" style=\"color:#fffefe;font-size:63px\">Assessoria de Inova\u00e7\u00e3o<br>HU-UEL<\/h1>\n<\/div>\n\n\n\n<div style=\"height:28px\" aria-hidden=\"true\" class=\"wp-block-spacer\"><\/div>\n\n\n\n<p class=\"has-text-align-left has-text-color has-link-color has-medium-font-size wp-elements-560d0f33bd54a2ab2f6bb28d9ad673b6\" style=\"color:#ffffff\">Transformamos desafios assistenciais e administrativos em solu\u00e7\u00f5es estruturadas, <strong>mensur\u00e1veis<\/strong> e sustent\u00e1veis no HU-UEL<\/p>\n\n\n\n<div style=\"height:26px\" aria-hidden=\"true\" class=\"wp-block-spacer\"><\/div>\n\n\n\n<div class=\"wp-block-group is-content-justification-center is-nowrap is-layout-flex wp-container-core-group-is-layout-94bc23d7 wp-block-group-is-layout-flex\">\n<div class=\"wp-block-buttons is-content-justification-center is-layout-flex wp-container-core-buttons-is-layout-16018d1d wp-block-buttons-is-layout-flex\">\n<div class=\"wp-block-button has-custom-width wp-block-button__width-100 is-style-outline is-style-outline--1\"><a class=\"wp-block-button__link has-text-color has-background has-link-color has-custom-font-size wp-element-button\" href=\"http:\/\/inovahu-uel.com.br\" style=\"border-top-left-radius:7px;border-top-right-radius:7px;border-bottom-left-radius:7px;border-bottom-right-radius:7px;color:#ffffff;background-color:#1a6e21c4;font-size:15px\">TEM UMA IDEIA?<\/a><\/div>\n<\/div>\n\n\n\n<div style=\"height:50px;width:179px\" aria-hidden=\"true\" class=\"wp-block-spacer wp-container-content-68c827f1\"><\/div>\n\n\n\n<div class=\"wp-block-buttons is-layout-flex wp-block-buttons-is-layout-flex\">\n<div class=\"wp-block-button is-style-outline is-style-outline--2\"><a class=\"wp-block-button__link has-text-color has-background has-link-color has-custom-font-size wp-element-button\" href=\"http:\/\/inovahu-uel.com.br\" style=\"border-top-left-radius:7px;border-top-right-radius:7px;border-bottom-left-radius:7px;border-bottom-right-radius:7px;color:#fefefe;background-color:#242320a8;font-size:15px\">SAIBA MAIS&#8230;<\/a><\/div>\n<\/div>\n<\/div>\n<\/div><\/header>\n<\/div><\/div>\n\n\n\n<div class=\"wp-block-group has-background\" style=\"background:radial-gradient(rgb(247,247,247) 39%,rgb(211,224,250) 100%)\"><div class=\"wp-block-group__inner-container is-layout-constrained wp-block-group-is-layout-constrained\">\n<div style=\"height:41px\" aria-hidden=\"true\" class=\"wp-block-spacer\"><\/div>\n\n\n\n<h1 class=\"wp-block-heading has-text-align-center is-style-highlighted-heading has-cinza-escuro-color has-text-color has-link-color wp-elements-e0b6baf8a57ba438c35d9d3b8dadb387\" style=\"font-size:22px\">Inova\u00e7\u00e3o com m\u00e9todo e foco em impacto real.<\/h1>\n\n\n\n<div style=\"height:45px\" aria-hidden=\"true\" class=\"wp-block-spacer\"><\/div>\n\n\n\n<div class=\"wp-block-group is-content-justification-space-between is-nowrap is-layout-flex wp-container-core-group-is-layout-0dfbf163 wp-block-group-is-layout-flex\">\n<p class=\"has-text-align-left has-cinza-escuro-color has-text-color has-link-color wp-elements-1343a22529a9c49f9631644e145696bd\" style=\"font-size:18px\">A <strong>Assessoria de Inova\u00e7\u00e3o do HU-UEL<\/strong> atua como elo estrat\u00e9gico entre a institui\u00e7\u00e3o, pesquisadores, profissionais de sa\u00fade e o ecossitema de inova\u00e7\u00e3o.<br>Alinhada \u00e0 Pol\u00edtica de <strong>Inova\u00e7\u00e3o da UEL<\/strong> e em coopera\u00e7\u00e3o com a <strong>AINTEC<\/strong>, coordena o desenvolvimento, a incorpora\u00e7\u00e3o e a prote\u00e7\u00e3o de inova\u00e7\u00f5es em sa\u00fade no Complexo Hospitalar, promovendo integra\u00e7\u00e3o, governan\u00e7a e impacto institucional.<\/p>\n<\/div>\n\n\n\n<div style=\"height:35px\" aria-hidden=\"true\" class=\"wp-block-spacer\"><\/div>\n\n\n\n<p class=\"has-text-align-center has-cinza-escuro-color has-text-color has-link-color wp-elements-f395b5e8499e6c9ac2a333913555a3d7\" style=\"font-size:22px\"><strong>Inova\u00e7\u00e3o aplicada para <strong>mais<\/strong> seguran\u00e7a e efici\u00eancia nos processos<\/strong>.<\/p>\n\n\n\n<div style=\"height:23px\" aria-hidden=\"true\" class=\"wp-block-spacer\"><\/div>\n\n\n\n<div class=\"wp-block-columns is-layout-flex wp-container-core-columns-is-layout-9d6595d7 wp-block-columns-is-layout-flex\">\n<div class=\"wp-block-column is-layout-flow wp-block-column-is-layout-flow\">\n<div class=\"wp-block-group wp-block-uel-card\"><div class=\"wp-block-group__inner-container is-layout-constrained wp-block-group-is-layout-constrained\"><div class=\"wp-block-image\">\n<figure class=\"aligncenter size-full is-resized\"><img loading=\"lazy\" decoding=\"async\" width=\"182\" height=\"181\" src=\"https:\/\/sites.uel.br\/hu-londrina\/wp-content\/uploads\/2026\/02\/Icon_Melhoria_Processos.png\" alt=\"\" class=\"wp-image-3386\" style=\"aspect-ratio:1.005589968273153;width:182px;height:auto\" srcset=\"https:\/\/sites.uel.br\/hu-londrina\/wp-content\/uploads\/2026\/02\/Icon_Melhoria_Processos.png 182w, https:\/\/sites.uel.br\/hu-londrina\/wp-content\/uploads\/2026\/02\/Icon_Melhoria_Processos-150x150.png 150w\" sizes=\"auto, (max-width: 182px) 100vw, 182px\" \/><\/figure>\n<\/div>\n\n\n<p class=\"has-text-align-center\" style=\"font-size:18px\"><strong>Inova\u00e7\u00e3o Tecnol\u00f3gica e Transforma\u00e7\u00e3o Digital<\/strong><\/p>\n\n\n\n<p class=\"has-text-align-left\" style=\"font-size:14px\">Foco no desenvolvimento, na avalia\u00e7\u00e3o e na implementa\u00e7\u00e3o de solu\u00e7\u00f5es tecnol\u00f3gicas aplicadas \u00e0 assist\u00eancia, \u00e0 gest\u00e3o e ao ensino, promovendo melhoria de processos, incorpora\u00e7\u00e3o de tecnologias digitais e moderniza\u00e7\u00e3o institucional.<\/p>\n<\/div><\/div>\n<\/div>\n\n\n\n<div class=\"wp-block-column is-layout-flow wp-block-column-is-layout-flow\">\n<div class=\"wp-block-group wp-block-uel-card\"><div class=\"wp-block-group__inner-container is-layout-constrained wp-block-group-is-layout-constrained\"><div class=\"wp-block-image\">\n<figure class=\"aligncenter size-full is-resized\"><img loading=\"lazy\" decoding=\"async\" width=\"218\" height=\"187\" src=\"https:\/\/sites.uel.br\/hu-londrina\/wp-content\/uploads\/2026\/02\/Icon_Automacao.png\" alt=\"\" class=\"wp-image-3387\" style=\"aspect-ratio:1.1658676893576223;width:179px;height:auto\" \/><\/figure>\n<\/div>\n\n\n<p class=\"has-text-align-center\" style=\"font-size:18px\"><strong>Pesquisa, Empreendedorismo e Parcerias<\/strong>  <\/p>\n\n\n\n<p class=\"has-text-align-left\" style=\"font-size:14px\">Integra\u00e7\u00e3o entre assist\u00eancia, ensino e pesquisa. Apoio \u00e0 estrutura\u00e7\u00e3o de projetos, capta\u00e7\u00e3o de recursos e parcerias com institui\u00e7\u00f5es p\u00fablicas, privadas e ecossistemas de inova\u00e7\u00e3o, visando gerar impacto social e desenvolvimento regional.<\/p>\n<\/div><\/div>\n<\/div>\n\n\n\n<div class=\"wp-block-column is-layout-flow wp-block-column-is-layout-flow\">\n<div class=\"wp-block-group wp-block-uel-card\"><div class=\"wp-block-group__inner-container is-layout-constrained wp-block-group-is-layout-constrained\"><div class=\"wp-block-image\">\n<figure class=\"aligncenter size-full is-resized\"><img loading=\"lazy\" decoding=\"async\" width=\"186\" height=\"185\" src=\"https:\/\/sites.uel.br\/hu-londrina\/wp-content\/uploads\/2026\/02\/Icon_Governanca.png\" alt=\"\" class=\"wp-image-3388\" style=\"aspect-ratio:1.005438066465257;width:158px;height:auto\" srcset=\"https:\/\/sites.uel.br\/hu-londrina\/wp-content\/uploads\/2026\/02\/Icon_Governanca.png 186w, https:\/\/sites.uel.br\/hu-londrina\/wp-content\/uploads\/2026\/02\/Icon_Governanca-150x150.png 150w\" sizes=\"auto, (max-width: 186px) 100vw, 186px\" \/><\/figure>\n<\/div>\n\n\n<p class=\"has-text-align-center\" style=\"font-size:18px\"><strong>Governan\u00e7a, Gest\u00e3o e Cultura de Inova\u00e7\u00e3o<\/strong><\/p>\n\n\n\n<p class=\"has-text-align-left\" style=\"font-size:14px\">Estrutura\u00e7\u00e3o de fluxos, diretrizes e indicadores que institucionalizam a inova\u00e7\u00e3o, promovendo monitoramento de resultados, alinhamento estrat\u00e9gico e fortalecimento da cultura de inova\u00e7\u00e3o, estimulando colabora\u00e7\u00e3o e melhoria cont\u00ednua no ambiente hospitalar.<\/p>\n<\/div><\/div>\n<\/div>\n<\/div>\n\n\n\n<div style=\"height:35px\" aria-hidden=\"true\" class=\"wp-block-spacer\"><\/div>\n<\/div><\/div>\n\n\n\n<div class=\"wp-block-group\"><div class=\"wp-block-group__inner-container is-layout-constrained wp-block-group-is-layout-constrained\">\n<header class=\"wp-block-cover aligncenter wp-duotone-midnight\" style=\"margin-top:0;padding-top:48px;padding-right:48px;padding-bottom:48px;padding-left:48px;min-height:334px;aspect-ratio:unset;\"><img loading=\"lazy\" decoding=\"async\" width=\"2560\" height=\"1707\" class=\"wp-block-cover__image-background wp-image-2360 size-full\" alt=\"\" src=\"https:\/\/sites.uel.br\/hu-londrina\/wp-content\/uploads\/2025\/07\/CCS-01-scaled.jpg\" style=\"object-position:38% 14%\" data-object-fit=\"cover\" data-object-position=\"38% 14%\" srcset=\"https:\/\/sites.uel.br\/hu-londrina\/wp-content\/uploads\/2025\/07\/CCS-01-scaled.jpg 2560w, https:\/\/sites.uel.br\/hu-londrina\/wp-content\/uploads\/2025\/07\/CCS-01-300x200.jpg 300w, https:\/\/sites.uel.br\/hu-londrina\/wp-content\/uploads\/2025\/07\/CCS-01-1024x683.jpg 1024w, https:\/\/sites.uel.br\/hu-londrina\/wp-content\/uploads\/2025\/07\/CCS-01-768x512.jpg 768w, https:\/\/sites.uel.br\/hu-londrina\/wp-content\/uploads\/2025\/07\/CCS-01-1536x1024.jpg 1536w, https:\/\/sites.uel.br\/hu-londrina\/wp-content\/uploads\/2025\/07\/CCS-01-2048x1365.jpg 2048w\" sizes=\"auto, (max-width: 2560px) 100vw, 2560px\" \/><span aria-hidden=\"true\" class=\"wp-block-cover__background has-background-dim-80 has-background-dim\" style=\"background-color:#55008c\"><\/span><div class=\"wp-block-cover__inner-container is-layout-flow wp-block-cover-is-layout-flow\">\n<footer class=\"wp-block-group is-content-justification-center is-nowrap is-layout-flex wp-container-core-group-is-layout-94bc23d7 wp-block-group-is-layout-flex\">\n<p class=\"has-text-color has-link-color has-large-font-size wp-elements-5a32dce39377ad6836a306fa18bc6ddc\" style=\"color:#ffffff\">Quer saber mais? Tem uma ideia inovadora?<\/p>\n<\/footer>\n\n\n\n<div style=\"height:10px;width:421px\" aria-hidden=\"true\" class=\"wp-block-spacer\"><\/div>\n\n\n\n<div class=\"wp-block-group is-content-justification-center is-nowrap is-layout-flex wp-container-core-group-is-layout-94bc23d7 wp-block-group-is-layout-flex\">\n<div class=\"wp-block-buttons is-content-justification-center is-layout-flex wp-container-core-buttons-is-layout-16018d1d wp-block-buttons-is-layout-flex\">\n<div class=\"wp-block-button has-custom-width wp-block-button__width-100 is-style-fill\"><a class=\"wp-block-button__link has-text-color has-background has-link-color has-custom-font-size wp-element-button\" href=\"http:\/\/inovahu-uel.com.br\" style=\"border-top-left-radius:9px;border-top-right-radius:9px;border-bottom-left-radius:9px;border-bottom-right-radius:9px;color:#ffffff;background-color:#0c6716;font-size:20px\">Clique Aqui!<\/a><\/div>\n<\/div>\n<\/div>\n\n\n<\/div><\/header>\n<\/div><\/div>\n\n\n\n<p><\/p>\n","protected":false},"excerpt":{"rendered":"<p>Inova\u00e7\u00e3o com m\u00e9todo e foco em impacto real. A Assessoria de Inova\u00e7\u00e3o do HU-UEL atua como elo estrat\u00e9gico entre a institui\u00e7\u00e3o, pesquisadores, profissionais de sa\u00fade e o ecossitema de inova\u00e7\u00e3o.Alinhada \u00e0 Pol\u00edtica de Inova\u00e7\u00e3o da UEL e em coopera\u00e7\u00e3o com a AINTEC, coordena o desenvolvimento, a incorpora\u00e7\u00e3o e a prote\u00e7\u00e3o de inova\u00e7\u00f5es em sa\u00fade no [&hellip;]<\/p>\n","protected":false},"author":15,"featured_media":0,"parent":0,"menu_order":0,"comment_status":"closed","ping_status":"closed","template":"","meta":{"_acf_changed":false,"footnotes":""},"class_list":["post-3296","page","type-page","status-publish","hentry"],"acf":[],"_links":{"self":[{"href":"https:\/\/sites.uel.br\/hu-londrina\/wp-json\/wp\/v2\/pages\/3296","targetHints":{"allow":["GET"]}}],"collection":[{"href":"https:\/\/sites.uel.br\/hu-londrina\/wp-json\/wp\/v2\/pages"}],"about":[{"href":"https:\/\/sites.uel.br\/hu-londrina\/wp-json\/wp\/v2\/types\/page"}],"author":[{"embeddable":true,"href":"https:\/\/sites.uel.br\/hu-londrina\/wp-json\/wp\/v2\/users\/15"}],"replies":[{"embeddable":true,"href":"https:\/\/sites.uel.br\/hu-londrina\/wp-json\/wp\/v2\/comments?post=3296"}],"version-history":[{"count":121,"href":"https:\/\/sites.uel.br\/hu-londrina\/wp-json\/wp\/v2\/pages\/3296\/revisions"}],"predecessor-version":[{"id":3457,"href":"https:\/\/sites.uel.br\/hu-londrina\/wp-json\/wp\/v2\/pages\/3296\/revisions\/3457"}],"wp:attachment":[{"href":"https:\/\/sites.uel.br\/hu-londrina\/wp-json\/wp\/v2\/media?parent=3296"}],"curies":[{"name":"wp","href":"https:\/\/api.w.org\/{rel}","templated":true}]}}