{"id":3286,"date":"2026-02-06T12:55:41","date_gmt":"2026-02-06T15:55:41","guid":{"rendered":"https:\/\/sites.uel.br\/hu-londrina\/?page_id=3286"},"modified":"2026-02-06T12:55:41","modified_gmt":"2026-02-06T15:55:41","slug":"pre-reserva-anfiteatro","status":"publish","type":"page","link":"https:\/\/sites.uel.br\/hu-londrina\/pre-reserva-anfiteatro\/","title":{"rendered":"Pr\u00e9-Reserva Anfiteatro"},"content":{"rendered":"\n<hr class=\"wp-block-separator has-text-color has-verde-escuro-color has-alpha-channel-opacity has-verde-escuro-background-color has-background is-style-wide\" \/>\n\n\n\n<figure class=\"wp-block-image size-full is-resized\"><img loading=\"lazy\" decoding=\"async\" width=\"680\" height=\"314\" src=\"https:\/\/sites.uel.br\/hu-londrina\/wp-content\/uploads\/2026\/02\/image.png\" alt=\"\" class=\"wp-image-3291\" style=\"width:1062px;height:auto\" srcset=\"https:\/\/sites.uel.br\/hu-londrina\/wp-content\/uploads\/2026\/02\/image.png 680w, https:\/\/sites.uel.br\/hu-londrina\/wp-content\/uploads\/2026\/02\/image-300x139.png 300w\" sizes=\"auto, (max-width: 680px) 100vw, 680px\" \/><\/figure>\n\n\n\n<p>Localiza\u00e7\u00e3o: Hospital Universit\u00e1rio da UEL\/CCS (Av. Robert Koch, 60 &#8211; Londrina\/PR)<br>Capacidade m\u00e1xima: 240 pessoas<br>Reservas: <a href=\"https:\/\/docs.google.com\/forms\/d\/e\/1FAIpQLSdQL3eseNhI-3ojCkFJJwtj_spUsqb0aB3t3ucgPeu9IGWR2g\/viewform\" data-type=\"link\" data-id=\"https:\/\/docs.google.com\/forms\/d\/e\/1FAIpQLSdQL3eseNhI-3ojCkFJJwtj_spUsqb0aB3t3ucgPeu9IGWR2g\/viewform\">Clique aqui para reservar<\/a><\/p>\n\n\n\n<p><\/p>\n\n\n\n<p><\/p>\n\n\n\n<p><\/p>\n\n\n\n<div class=\"wp-block-columns is-layout-flex wp-container-core-columns-is-layout-9d6595d7 wp-block-columns-is-layout-flex\">\n<div class=\"wp-block-column is-layout-flow wp-block-column-is-layout-flow\"><\/div>\n<\/div>\n","protected":false},"excerpt":{"rendered":"<p>Localiza\u00e7\u00e3o: Hospital Universit\u00e1rio da UEL\/CCS (Av. Robert Koch, 60 &#8211; Londrina\/PR)Capacidade m\u00e1xima: 240 pessoasReservas: Clique aqui para reservar<\/p>\n","protected":false},"author":11,"featured_media":0,"parent":0,"menu_order":0,"comment_status":"closed","ping_status":"closed","template":"","meta":{"_acf_changed":false,"footnotes":""},"class_list":["post-3286","page","type-page","status-publish","hentry"],"acf":[],"_links":{"self":[{"href":"https:\/\/sites.uel.br\/hu-londrina\/wp-json\/wp\/v2\/pages\/3286","targetHints":{"allow":["GET"]}}],"collection":[{"href":"https:\/\/sites.uel.br\/hu-londrina\/wp-json\/wp\/v2\/pages"}],"about":[{"href":"https:\/\/sites.uel.br\/hu-londrina\/wp-json\/wp\/v2\/types\/page"}],"author":[{"embeddable":true,"href":"https:\/\/sites.uel.br\/hu-londrina\/wp-json\/wp\/v2\/users\/11"}],"replies":[{"embeddable":true,"href":"https:\/\/sites.uel.br\/hu-londrina\/wp-json\/wp\/v2\/comments?post=3286"}],"version-history":[{"count":7,"href":"https:\/\/sites.uel.br\/hu-londrina\/wp-json\/wp\/v2\/pages\/3286\/revisions"}],"predecessor-version":[{"id":3294,"href":"https:\/\/sites.uel.br\/hu-londrina\/wp-json\/wp\/v2\/pages\/3286\/revisions\/3294"}],"wp:attachment":[{"href":"https:\/\/sites.uel.br\/hu-londrina\/wp-json\/wp\/v2\/media?parent=3286"}],"curies":[{"name":"wp","href":"https:\/\/api.w.org\/{rel}","templated":true}]}}