{"id":2921,"date":"2025-10-24T16:50:52","date_gmt":"2025-10-24T19:50:52","guid":{"rendered":"https:\/\/sites.uel.br\/hu-londrina\/?page_id=2921"},"modified":"2025-10-24T16:56:17","modified_gmt":"2025-10-24T19:56:17","slug":"dasc","status":"publish","type":"page","link":"https:\/\/sites.uel.br\/hu-londrina\/dasc\/","title":{"rendered":"DASC"},"content":{"rendered":"\n<hr class=\"wp-block-separator has-text-color has-verde-escuro-color has-alpha-channel-opacity has-verde-escuro-background-color has-background is-style-wide\"\/>\n\n\n\n<p><strong>Estrutura Administrativa &#8211; DASC<\/strong>&nbsp;<\/p>\n\n\n\n<ul class=\"wp-block-list\">\n<li>Enfa. Margarete de Araujo Andrade (Chefe da Divis\u00e3o de Assist\u00eancia \u00e0 Sa\u00fade da Comunidade)<\/li>\n\n\n\n<li>Dra. Andreia Moreira Bernini Fai\u00e7al (Enc. Se\u00e7\u00e3o Odontol\u00f3gica)&nbsp;&nbsp;&nbsp; &nbsp;<\/li>\n\n\n\n<li>Fl\u00e1vio Augusto Bastos da Silveira (Enc. Se\u00e7\u00e3o de Recep\u00e7\u00e3o, Atendimento e Apoio Administrativo)&nbsp;<\/li>\n<\/ul>\n\n\n\n<hr class=\"wp-block-separator has-text-color has-verde-escuro-color has-alpha-channel-opacity has-verde-escuro-background-color has-background is-style-wide\"\/>\n\n\n\n<p class=\"has-cinza-escuro-color has-text-color has-link-color wp-elements-d6351240e0abae72ebb30985eaa20bc6\"><strong>DASC\/Campus Universit\u00e1rio<\/strong><\/p>\n\n\n\n<ul class=\"wp-block-list\">\n<li>&nbsp;&nbsp;08h00 \u00e0s 11h45<\/li>\n\n\n\n<li>&nbsp; 13h00 \u00e0s 17h00<\/li>\n<\/ul>\n\n\n\n<p>Sub-Solo do AEHU&nbsp;&nbsp;&nbsp;&nbsp;&nbsp;&nbsp;&nbsp;&nbsp; <br>Rodovia Celso Garcia Cid (PR <\/p>\n\n\n\n<hr class=\"wp-block-separator has-text-color has-verde-escuro-color has-alpha-channel-opacity has-verde-escuro-background-color has-background is-style-wide\"\/>\n\n\n\n<p class=\"has-cinza-escuro-color has-text-color has-link-color wp-elements-09f3dea9a229286a5b5ed813e69f6ff6\"><strong>DASC\/HU<\/strong>&nbsp;<\/p>\n\n\n\n<p>Atendimento transferido para o ambulat\u00f3rio do HU&nbsp;<br>Exclusivo para atendimento de suspeitas de COVID-19 (servidores do HU e AEHU)&nbsp; &nbsp; &nbsp; &nbsp; &nbsp; &nbsp; &nbsp; &nbsp;<br>Telefone: 3371-2442<\/p>\n\n\n\n<hr class=\"wp-block-separator has-text-color has-verde-escuro-color has-alpha-channel-opacity has-verde-escuro-background-color has-background is-style-wide\"\/>\n\n\n\n<p><strong>AGENDAMENTOS (somente para Funcion\u00e1rios, Alunos e Docentes da UEL)<\/strong><br><br>O atendimento m\u00e9dico, odontol\u00f3gico, enfermagem e dos programas s\u00e3o GRATUITOS e oferecidos aos SERVIDORES (docentes e agentes universit\u00e1rios).\u00a0<\/p>\n\n\n\n<p>Os <strong>DISCENTES <\/strong>t\u00eam direito ao atendimento m\u00e9dico e de enfermagem, entretanto, o atendimento odontol\u00f3gico \u00e9 oferecido SOMENTE em car\u00e1ter de urg\u00eancia.&nbsp;&nbsp;&nbsp;&nbsp;&nbsp;&nbsp;&nbsp;&nbsp;&nbsp;&nbsp;&nbsp;&nbsp;&nbsp;&nbsp; <\/p>\n\n\n\n<p>Todos tamb\u00e9m gratuitos.&nbsp;&nbsp;&nbsp;&nbsp;<\/p>\n\n\n\n<p><strong>ATEN\u00c7\u00c3O<\/strong>\u00a0<br>As\u00a0<strong>consultas\u00a0<\/strong>da DASC devem ser\u00a0<strong>previamente agendadas<\/strong>.\u00a0Em situa\u00e7\u00f5es de\u00a0<strong>PRONTO ATENDIMENTO<\/strong>\u00a0(<strong>URG\u00caNCIA<\/strong>), procurar a\u00a0<strong>UNIDADE DE PRONTOATENDIMENTO<\/strong>\u00a0(<strong>UPA<\/strong>),\u00a0<strong>HOSPITAIS CONVENIADOS<\/strong>\u00a0OU\u00a0<strong>HOSPITAL SANTA CASA DE LONDRINA<\/strong>\u00a0(<strong>SAS<\/strong>).\u00a0\u00a0<\/p>\n\n\n\n<p>Atendimento de\u00a0<strong>EMERG\u00caNCIA<\/strong><br>Pessoas em\u00a0<strong>ESTADO GRAVE<\/strong>, ou seja, com\u00a0<strong>RISCO DE MORTE<\/strong>, chamar: <strong>SIATE &#8211; EMERG\u00caNCIA TRAUMA &#8211; 193<\/strong> ou<br><strong>SAMU &#8211; EMERG\u00caNCIA CL\u00cdNICA &#8211; 192<\/strong><\/p>\n\n\n\n<div class=\"wp-block-columns is-layout-flex wp-container-core-columns-is-layout-9d6595d7 wp-block-columns-is-layout-flex\">\n<div class=\"wp-block-column is-layout-flow wp-block-column-is-layout-flow\"><\/div>\n<\/div>\n","protected":false},"excerpt":{"rendered":"<p>Estrutura Administrativa &#8211; DASC&nbsp; DASC\/Campus Universit\u00e1rio Sub-Solo do AEHU&nbsp;&nbsp;&nbsp;&nbsp;&nbsp;&nbsp;&nbsp;&nbsp; Rodovia Celso Garcia Cid (PR DASC\/HU&nbsp; Atendimento transferido para o ambulat\u00f3rio do HU&nbsp;Exclusivo para atendimento de suspeitas de COVID-19 (servidores do HU e AEHU)&nbsp; &nbsp; &nbsp; &nbsp; &nbsp; &nbsp; &nbsp; &nbsp;Telefone: 3371-2442 AGENDAMENTOS (somente para Funcion\u00e1rios, Alunos e Docentes da UEL) O atendimento m\u00e9dico, odontol\u00f3gico, enfermagem [&hellip;]<\/p>\n","protected":false},"author":6,"featured_media":0,"parent":0,"menu_order":0,"comment_status":"closed","ping_status":"closed","template":"","meta":{"_acf_changed":false,"footnotes":""},"class_list":["post-2921","page","type-page","status-publish","hentry"],"acf":[],"_links":{"self":[{"href":"https:\/\/sites.uel.br\/hu-londrina\/wp-json\/wp\/v2\/pages\/2921","targetHints":{"allow":["GET"]}}],"collection":[{"href":"https:\/\/sites.uel.br\/hu-londrina\/wp-json\/wp\/v2\/pages"}],"about":[{"href":"https:\/\/sites.uel.br\/hu-londrina\/wp-json\/wp\/v2\/types\/page"}],"author":[{"embeddable":true,"href":"https:\/\/sites.uel.br\/hu-londrina\/wp-json\/wp\/v2\/users\/6"}],"replies":[{"embeddable":true,"href":"https:\/\/sites.uel.br\/hu-londrina\/wp-json\/wp\/v2\/comments?post=2921"}],"version-history":[{"count":6,"href":"https:\/\/sites.uel.br\/hu-londrina\/wp-json\/wp\/v2\/pages\/2921\/revisions"}],"predecessor-version":[{"id":2930,"href":"https:\/\/sites.uel.br\/hu-londrina\/wp-json\/wp\/v2\/pages\/2921\/revisions\/2930"}],"wp:attachment":[{"href":"https:\/\/sites.uel.br\/hu-londrina\/wp-json\/wp\/v2\/media?parent=2921"}],"curies":[{"name":"wp","href":"https:\/\/api.w.org\/{rel}","templated":true}]}}