{"id":2878,"date":"2025-10-24T14:18:41","date_gmt":"2025-10-24T17:18:41","guid":{"rendered":"https:\/\/sites.uel.br\/hu-londrina\/?page_id=2878"},"modified":"2025-10-24T15:38:32","modified_gmt":"2025-10-24T18:38:32","slug":"localizacao","status":"publish","type":"page","link":"https:\/\/sites.uel.br\/hu-londrina\/localizacao\/","title":{"rendered":"Localiza\u00e7\u00e3o"},"content":{"rendered":"\n<hr class=\"wp-block-separator has-text-color has-verde-escuro-color has-alpha-channel-opacity has-verde-escuro-background-color has-background is-style-wide\"\/>\n\n\n\n<p>O Hospital Universit\u00e1rio (HU) est\u00e1 localizado na Zona Leste de Londrina, no bairro Vila Oper\u00e1ria.<\/p>\n\n\n\n<iframe src=\"https:\/\/www.google.com\/maps\/embed?pb=!1m18!1m12!1m3!1d3663.7198790040497!2d-51.131070224834!3d-23.3259201529845!2m3!1f0!2f0!3f0!3m2!1i1024!2i768!4f13.1!3m3!1m2!1s0x94eb43a28a9abfb9%3A0x7db56740316c3690!2sHospital%20Universit%C3%A1rio%20da%20Universidade%20Estadual%20de%20Londrina!5e0!3m2!1spt-BR!2sbr!4v1761326456536!5m2!1spt-BR!2sbr\" width=\"1000\" height=\"600\" style=\"border:0;\" allowfullscreen=\"\" loading=\"lazy\" referrerpolicy=\"no-referrer-when-downgrade\"><\/iframe>\n\n\n\n<p><\/p>\n","protected":false},"excerpt":{"rendered":"<p>O Hospital Universit\u00e1rio (HU) est\u00e1 localizado na Zona Leste de Londrina, no bairro Vila Oper\u00e1ria.<\/p>\n","protected":false},"author":6,"featured_media":0,"parent":0,"menu_order":0,"comment_status":"closed","ping_status":"closed","template":"","meta":{"_acf_changed":false,"footnotes":""},"class_list":["post-2878","page","type-page","status-publish","hentry"],"acf":[],"_links":{"self":[{"href":"https:\/\/sites.uel.br\/hu-londrina\/wp-json\/wp\/v2\/pages\/2878","targetHints":{"allow":["GET"]}}],"collection":[{"href":"https:\/\/sites.uel.br\/hu-londrina\/wp-json\/wp\/v2\/pages"}],"about":[{"href":"https:\/\/sites.uel.br\/hu-londrina\/wp-json\/wp\/v2\/types\/page"}],"author":[{"embeddable":true,"href":"https:\/\/sites.uel.br\/hu-londrina\/wp-json\/wp\/v2\/users\/6"}],"replies":[{"embeddable":true,"href":"https:\/\/sites.uel.br\/hu-londrina\/wp-json\/wp\/v2\/comments?post=2878"}],"version-history":[{"count":6,"href":"https:\/\/sites.uel.br\/hu-londrina\/wp-json\/wp\/v2\/pages\/2878\/revisions"}],"predecessor-version":[{"id":2910,"href":"https:\/\/sites.uel.br\/hu-londrina\/wp-json\/wp\/v2\/pages\/2878\/revisions\/2910"}],"wp:attachment":[{"href":"https:\/\/sites.uel.br\/hu-londrina\/wp-json\/wp\/v2\/media?parent=2878"}],"curies":[{"name":"wp","href":"https:\/\/api.w.org\/{rel}","templated":true}]}}