{"id":2865,"date":"2025-10-24T14:06:25","date_gmt":"2025-10-24T17:06:25","guid":{"rendered":"https:\/\/sites.uel.br\/hu-londrina\/?page_id=2865"},"modified":"2025-10-24T15:35:07","modified_gmt":"2025-10-24T18:35:07","slug":"servicos","status":"publish","type":"page","link":"https:\/\/sites.uel.br\/hu-londrina\/servicos\/","title":{"rendered":"AEHU"},"content":{"rendered":"\n<hr class=\"wp-block-separator has-text-color has-verde-escuro-color has-alpha-channel-opacity has-verde-escuro-background-color has-background is-style-wide\"\/>\n\n\n\n<p>O Ambulat\u00f3rio de Especialidades do HU (AEHU), que at\u00e9 2013 foi denominado de Ambulat\u00f3rio do Hospital de Cl\u00ednicas (AHC), oferece \u00e0 popula\u00e7\u00e3o de Londrina e regi\u00e3o 27 especialidades m\u00e9dicas. Entre elas, cardiologia, oftalmologia, endocrinologia, ortopedia, dermatologia, endocrinologia e geriatria. Al\u00e9m disso, o AEHU disp\u00f5e de servi\u00e7os nas \u00e1reas de imuniza\u00e7\u00e3o, aleitamento materno e pr\u00e9-natal de alto risco. <\/p>\n\n\n\n<p>Inaugurado em 1994, fica localizado no Campus Universit\u00e1rio (UEL), o Ambulat\u00f3rio \u00e9 refer\u00eancia na \u00e1rea da sa\u00fade para Londrina e regi\u00e3o.\u00a0<\/p>\n\n\n\n<hr class=\"wp-block-separator has-text-color has-verde-escuro-color has-alpha-channel-opacity has-verde-escuro-background-color has-background is-style-wide\"\/>\n\n\n\n<p><strong>Especialidades cl\u00ednicas<\/strong><\/p>\n\n\n\n<ul class=\"wp-block-list\">\n<li><strong>Medicina:<\/strong>\u00a0Cl\u00ednica M\u00e9dica, Cl\u00ednica Cir\u00fargica, Pediatria, Ginecologia e Obstetr\u00edcia, Oftalmologia.<\/li>\n\n\n\n<li><strong>Odontologia:<\/strong>\u00a0Medicina Oral e Odontologia Infantil, Odontologia Restauradora e Odontologia (\u00c1rea B\u00e1sica).<\/li>\n\n\n\n<li><strong>Outras \u00e1reas:<\/strong>\u00a0Ci\u00eancias Farmac\u00eauticas, Enfermagem, Fisioterapia, Patologia\/An\u00e1lises Cl\u00ednicas e Sa\u00fade Coletiva.\u00a0<\/li>\n<\/ul>\n\n\n\n<hr class=\"wp-block-separator has-text-color has-verde-escuro-color has-alpha-channel-opacity has-verde-escuro-background-color has-background is-style-wide\"\/>\n\n\n\n<p><strong>Ambulat\u00f3rios especializados<\/strong><\/p>\n\n\n\n<ul class=\"wp-block-list\">\n<li><strong>Ambulat\u00f3rio de Gen\u00e9tica M\u00e9dica:<\/strong>\u00a0Focado em doen\u00e7as raras.\u00a0<\/li>\n\n\n\n<li><strong>Ambulat\u00f3rio de Fragilidade \u00d3ssea:<\/strong>\u00a0Atende pacientes v\u00edtimas de fraturas de fragilidade.\u00a0<\/li>\n\n\n\n<li><strong>Ambulat\u00f3rio do P\u00e9 Diab\u00e9tico:<\/strong>\u00a0Oferece orienta\u00e7\u00e3o e tratamento para pacientes com p\u00e9 diab\u00e9tico.\u00a0<\/li>\n\n\n\n<li><strong>Atendimento especializado em endometriose:<\/strong>\u00a0Oferece assist\u00eancia espec\u00edfica para essa condi\u00e7\u00e3o.\u00a0<\/li>\n\n\n\n<li><strong>Centro de Terapia Infusional Especializada:<\/strong>\u00a0Oferece tratamento de infus\u00e3o especializado.\u00a0<\/li>\n<\/ul>\n\n\n\n<hr class=\"wp-block-separator has-text-color has-verde-escuro-color has-alpha-channel-opacity has-verde-escuro-background-color has-background is-style-wide\"\/>\n\n\n\n<p><strong>Outros servi\u00e7os<\/strong><\/p>\n\n\n\n<ul class=\"wp-block-list\">\n<li><strong>Pr\u00e9-natal de alto risco:<\/strong>\u00a0Servi\u00e7os especializados para gestantes.<\/li>\n\n\n\n<li><strong>Terapias complementares:<\/strong>\u00a0Aromaterapia e Shantala, al\u00e9m de laser de baixa intensidade para les\u00f5es mam\u00e1rias e perineais.<\/li>\n\n\n\n<li><strong>Imuniza\u00e7\u00e3o:<\/strong>\u00a0Servi\u00e7os de vacina\u00e7\u00e3o.\u00a0<\/li>\n<\/ul>\n\n\n\n<div class=\"wp-block-columns is-layout-flex wp-container-core-columns-is-layout-9d6595d7 wp-block-columns-is-layout-flex\">\n<div class=\"wp-block-column is-layout-flow wp-block-column-is-layout-flow\"><\/div>\n<\/div>\n","protected":false},"excerpt":{"rendered":"<p>O Ambulat\u00f3rio de Especialidades do HU (AEHU), que at\u00e9 2013 foi denominado de Ambulat\u00f3rio do Hospital de Cl\u00ednicas (AHC), oferece \u00e0 popula\u00e7\u00e3o de Londrina e regi\u00e3o 27 especialidades m\u00e9dicas. Entre elas, cardiologia, oftalmologia, endocrinologia, ortopedia, dermatologia, endocrinologia e geriatria. Al\u00e9m disso, o AEHU disp\u00f5e de servi\u00e7os nas \u00e1reas de imuniza\u00e7\u00e3o, aleitamento materno e pr\u00e9-natal de [&hellip;]<\/p>\n","protected":false},"author":6,"featured_media":0,"parent":0,"menu_order":0,"comment_status":"closed","ping_status":"closed","template":"","meta":{"_acf_changed":false,"footnotes":""},"class_list":["post-2865","page","type-page","status-publish","hentry"],"acf":[],"_links":{"self":[{"href":"https:\/\/sites.uel.br\/hu-londrina\/wp-json\/wp\/v2\/pages\/2865","targetHints":{"allow":["GET"]}}],"collection":[{"href":"https:\/\/sites.uel.br\/hu-londrina\/wp-json\/wp\/v2\/pages"}],"about":[{"href":"https:\/\/sites.uel.br\/hu-londrina\/wp-json\/wp\/v2\/types\/page"}],"author":[{"embeddable":true,"href":"https:\/\/sites.uel.br\/hu-londrina\/wp-json\/wp\/v2\/users\/6"}],"replies":[{"embeddable":true,"href":"https:\/\/sites.uel.br\/hu-londrina\/wp-json\/wp\/v2\/comments?post=2865"}],"version-history":[{"count":11,"href":"https:\/\/sites.uel.br\/hu-londrina\/wp-json\/wp\/v2\/pages\/2865\/revisions"}],"predecessor-version":[{"id":2902,"href":"https:\/\/sites.uel.br\/hu-londrina\/wp-json\/wp\/v2\/pages\/2865\/revisions\/2902"}],"wp:attachment":[{"href":"https:\/\/sites.uel.br\/hu-londrina\/wp-json\/wp\/v2\/media?parent=2865"}],"curies":[{"name":"wp","href":"https:\/\/api.w.org\/{rel}","templated":true}]}}