{"id":1402,"date":"2024-10-18T12:34:36","date_gmt":"2024-10-18T15:34:36","guid":{"rendered":"https:\/\/sites.uel.br\/hu-londrina\/?page_id=1402"},"modified":"2024-10-18T13:16:44","modified_gmt":"2024-10-18T16:16:44","slug":"oportunidades","status":"publish","type":"page","link":"https:\/\/sites.uel.br\/hu-londrina\/oportunidades\/","title":{"rendered":"Oportunidades"},"content":{"rendered":"\n<div>\n    <br>\n    <h3>Concurso P\u00fablico<\/h3>\n    <p>N\u00e3o h\u00e1 editais abertos.<\/p>\n    <br>\n    <h3>Chamamento P\u00fablico<\/h3>\n    <ul style=\"margin: 0 0;padding: 5px 25px;color: #002C18\">\n    <li><a href=\"https:\/\/sistemas.uel.br\/sicor\/public\/licitacao\/consultaDetalhesChamamentoPublico?anoLicitacao=2021&amp;codLocal=4&amp;tipLicitacao=96&amp;numLicitacao=3\" target=\"_blank\" rel=\"noopener\">Assistente Social<\/a><\/li>\n    <li><a href=\"https:\/\/sistemas.uel.br\/sicor\/public\/licitacao\/consultaDetalhesChamamentoPublico?anoLicitacao=2021&amp;codLocal=4&amp;tipLicitacao=96&amp;numLicitacao=11\" target=\"_blank\" rel=\"noopener\">Enfermeiro<\/a><\/li>\n    <li><a href=\"https:\/\/sistemas.uel.br\/sicor\/public\/licitacao\/consultaDetalhesChamamentoPublico?anoLicitacao=2023&amp;codLocal=4&amp;tipLicitacao=96&amp;numLicitacao=2\" target=\"_blank\" rel=\"noopener\">Farmac\u00eautico \/ Bioqu\u00edmico<\/a><\/li>\n    <li><a href=\"https:\/\/sistemas.uel.br\/sicor\/public\/licitacao\/consultaDetalhesChamamentoPublico?anoLicitacao=2021&amp;codLocal=4&amp;tipLicitacao=96&amp;numLicitacao=5\" target=\"_blank\" rel=\"noopener\">Fisioterapeuta<\/a><\/li>\n    <li><a href=\"https:\/\/sistemas.uel.br\/sicor\/public\/licitacao\/consultaDetalhesChamamentoPublico?anoLicitacao=2023&amp;codLocal=4&amp;tipLicitacao=96&amp;numLicitacao=1\" target=\"_blank\" rel=\"noopener\">Fonoaudi\u00f3logo<\/a><\/li>\n    <li><a href=\"https:\/\/sistemas.uel.br\/sicor\/public\/licitacao\/consultaDetalhesChamamentoPublico?anoLicitacao=2020&amp;codLocal=4&amp;tipLicitacao=96&amp;numLicitacao=3\" target=\"_blank\" rel=\"noopener\">M\u00e9dico<\/a><\/li>\n    <li><a href=\"https:\/\/sistemas.uel.br\/sicor\/public\/licitacao\/consultaDetalhesChamamentoPublico?anoLicitacao=2019&amp;codLocal=4&amp;tipLicitacao=96&amp;numLicitacao=3\" target=\"_blank\" rel=\"noopener\">Nutricionista<\/a><\/li>\n    <li><a href=\"https:\/\/sistemas.uel.br\/sicor\/public\/licitacao\/consultaDetalhesChamamentoPublico?anoLicitacao=2022&amp;codLocal=4&amp;tipLicitacao=96&amp;numLicitacao=1\" target=\"_blank\" rel=\"noopener\">Psic\u00f3logo<\/a><\/li>\n    <li><a href=\"https:\/\/sistemas.uel.br\/sicor\/public\/licitacao\/consultaDetalhesChamamentoPublico?anoLicitacao=2021&amp;codLocal=4&amp;tipLicitacao=96&amp;numLicitacao=4\" target=\"_blank\" rel=\"noopener\">T\u00e9cnico de Enfermagem<\/a><\/li>\n    <li><a href=\"https:\/\/sistemas.uel.br\/sicor\/public\/licitacao\/consultaDetalhesChamamentoPublico?anoLicitacao=2021&amp;codLocal=4&amp;tipLicitacao=96&amp;numLicitacao=1\" target=\"_blank\" rel=\"noopener\">T\u00e9cnico de Laborat\u00f3rio<\/a><\/li>\n    <li><a href=\"https:\/\/sistemas.uel.br\/sicor\/public\/licitacao\/consultaDetalhesChamamentoPublico?anoLicitacao=2021&amp;codLocal=4&amp;tipLicitacao=96&amp;numLicitacao=2\" target=\"_blank\" rel=\"noopener\">T\u00e9cnico de Radiologia<\/a><\/li>\n    <\/ul>\n<\/div>\n","protected":false},"excerpt":{"rendered":"<p>Concurso P\u00fablico N\u00e3o h\u00e1 editais abertos. Chamamento P\u00fablico Assistente Social Enfermeiro Farmac\u00eautico \/ Bioqu\u00edmico Fisioterapeuta Fonoaudi\u00f3logo M\u00e9dico Nutricionista Psic\u00f3logo T\u00e9cnico de Enfermagem T\u00e9cnico de Laborat\u00f3rio T\u00e9cnico de Radiologia<\/p>\n","protected":false},"author":9,"featured_media":0,"parent":0,"menu_order":0,"comment_status":"closed","ping_status":"closed","template":"","meta":{"_acf_changed":false,"footnotes":""},"class_list":["post-1402","page","type-page","status-publish","hentry"],"acf":[],"_links":{"self":[{"href":"https:\/\/sites.uel.br\/hu-londrina\/wp-json\/wp\/v2\/pages\/1402","targetHints":{"allow":["GET"]}}],"collection":[{"href":"https:\/\/sites.uel.br\/hu-londrina\/wp-json\/wp\/v2\/pages"}],"about":[{"href":"https:\/\/sites.uel.br\/hu-londrina\/wp-json\/wp\/v2\/types\/page"}],"author":[{"embeddable":true,"href":"https:\/\/sites.uel.br\/hu-londrina\/wp-json\/wp\/v2\/users\/9"}],"replies":[{"embeddable":true,"href":"https:\/\/sites.uel.br\/hu-londrina\/wp-json\/wp\/v2\/comments?post=1402"}],"version-history":[{"count":31,"href":"https:\/\/sites.uel.br\/hu-londrina\/wp-json\/wp\/v2\/pages\/1402\/revisions"}],"predecessor-version":[{"id":1433,"href":"https:\/\/sites.uel.br\/hu-londrina\/wp-json\/wp\/v2\/pages\/1402\/revisions\/1433"}],"wp:attachment":[{"href":"https:\/\/sites.uel.br\/hu-londrina\/wp-json\/wp\/v2\/media?parent=1402"}],"curies":[{"name":"wp","href":"https:\/\/api.w.org\/{rel}","templated":true}]}}