{"id":61,"date":"2021-10-25T15:12:50","date_gmt":"2021-10-25T18:12:50","guid":{"rendered":"https:\/\/sites.uel.br\/gtcovid19\/?page_id=61"},"modified":"2022-08-25T07:33:32","modified_gmt":"2022-08-25T10:33:32","slug":"orientacoes","status":"publish","type":"page","link":"https:\/\/sites.uel.br\/gtcovid19\/orientacoes\/","title":{"rendered":"Como Proceder em Situa\u00e7\u00f5es que Envolvam a COVID-19?"},"content":{"rendered":"\n<p><\/p>\n\n\n\n<p>Os casos confirmados para COVID-19 ou suspeitos que apresentam sinais e\/ou sintomas da COVID-19, <em>como febre<\/em>, <em>tosse<\/em>, <em>falta de ar<\/em>,<em> dor de garganta<\/em>, <em>coriza<\/em>, <em>espirros<\/em>, <em>dor abdominal<\/em>, <em>diarreia<\/em>, <em>diminui\u00e7\u00e3o ou perda da capacidade de sentir odores<\/em>, <em>diminui\u00e7\u00e3o ou perda da capacidade para sentir o sabor da comida<\/em>, <em>dores musculares<\/em>, <em>dores no corpo<\/em>, <em>cansa\u00e7o ou fadiga<\/em>, devem seguir as seguintes orienta\u00e7\u00f5es:<\/p>\n\n\n\n<p><\/p>\n\n\n\n<ul class=\"wp-block-list\"><li><strong><em>N\u00e3o comparecer ao trabalho\/atividade acad\u00eamica e buscar por assist\u00eancia m\u00e9dica e\/ou realizar o teste para Covid-19 quando necess\u00e1rio e poss\u00edvel.<\/em><\/strong><\/li><\/ul>\n\n\n\n<p><\/p>\n\n\n\n<ul class=\"wp-block-list\"><li><strong><strong><em>Se estiver em atividade presencial e perceber sinais e\/ou sintomas associados \u00e0 COVID\u201319, procurar por assist\u00eancia m\u00e9dica imediatamente e\/ou realizar o teste para Covid-19 quando necess\u00e1rio e poss\u00edvel.<\/em><\/strong><\/strong><\/li><\/ul>\n\n\n\n<p><\/p>\n\n\n\n<ul class=\"wp-block-list\"><li><strong><strong><em>Se houver CONTATO PR\u00d3XIMO com caso confirmados da COVID-19, seguir as orienta\u00e7\u00f5es do Quadro 1.<\/em><\/strong><\/strong><\/li><\/ul>\n\n\n\n<p><\/p>\n\n\n\n<ul class=\"wp-block-list\"><li><strong><strong><em><strong><em>Em todas as situa\u00e7\u00f5es acima recomenda-se o uso de m\u00e1scara de prote\u00e7\u00e3o facial individual tanto nos ambientes fechados quanto abertos.<\/em><\/strong><\/em><\/strong><\/strong><\/li><\/ul>\n\n\n\n<p><\/p>\n\n\n\n<p><strong>CONTATO PR\u00d3XIMO<\/strong>: Qualquer pessoa que esteve em contato pr\u00f3ximo a um caso confirmado da COVID-19 durante o seu per\u00edodo de transmissibilidade, ou seja, entre 48 horas antes at\u00e9 10 dias ap\u00f3s a data de in\u00edcio dos sinais e\/ou dos sintomas (caso confirmado sintom\u00e1tico), ou ap\u00f3s a data da coleta do exame (caso confirmado assintom\u00e1ticos), nas seguintes condi\u00e7\u00f5es:<\/p>\n\n\n\n<ul class=\"wp-block-list\" type=\"a\"><li>Esteve a menos de 1 metro (um metro) de dist\u00e2ncia, por um per\u00edodo m\u00ednimo de 15 minutos, com um caso confirmado, ambos sem m\u00e1scara facial ou utilizando-a de forma incorreta;<\/li><li>Teve um contato f\u00edsico direto (por exemplo, abra\u00e7o, beijo, contato \u00edntimo) com um caso confirmado;<\/li><li>Profissional de sa\u00fade que prestou assist\u00eancia em sa\u00fade ao caso de COVID-19 sem utilizar equipamentos de prote\u00e7\u00e3o individual, conforme preconizado, ou com EPI danificados;<\/li><li>Seja contato domiciliar ou residente na mesma casa\/ambiente (dormit\u00f3rios, creche, alojamento, entre outros) de um caso confirmado.<\/li><\/ul>\n\n\n\n<p><\/p>\n\n\n<section id=\"quadro\"><\/section>\n\n\n<p><strong>Quadro 1<\/strong> \u2013 Orienta\u00e7\u00f5es em caso de contato pr\u00f3ximo com caso confirmado para COVID-19<\/p>\n\n\n\n<figure class=\"wp-block-table\"><table><tbody><tr><td class=\"has-text-align-center\" data-align=\"center\"><strong>SITUA\u00c7\u00c3O<\/strong><\/td><td class=\"has-text-align-center\" data-align=\"center\"><strong>TEMPO DE QUARENTENA<\/strong><\/td><\/tr><tr><td class=\"has-text-align-center\" data-align=\"center\">Teve <strong>Contato Pr\u00f3ximo<\/strong> com caso confirmado, <strong>n\u00e3o<\/strong> est\u00e1 com a vacina\u00e7\u00e3o em dia e <strong>n\u00e3o<\/strong> positivou para COVID-19 nos \u00faltimos 90 dias.<\/td><td class=\"has-text-align-center\" data-align=\"center\"><strong>&nbsp;<\/strong> <strong>Manter quarentena de 05 dias, contados a partir do \u00faltimo dia de contato com o caso confirmado, e testar ao 5\u00ba dia:<\/strong> <br><strong>a)<\/strong> <strong>Se resultado negativo<\/strong>: sair da quarentena, mantendo <strong><em>cuidados<\/em> <em>adicionais<\/em><\/strong>* at\u00e9 o 10\u00ba dia. <br><strong>b)<\/strong> <strong>Se resultado positivo<\/strong>: permanecer em isolamento seguindo as recomenda\u00e7\u00f5es m\u00e9dicas.<br>Na impossibilidade de testagem, manter quarentena de 7 dias contando a partir do \u00faltimo dia de contato com o caso confirmado. &nbsp; Caso haja aparecimento de sinais e\/ou sintomas antes do 5\u00ba dia, fazer a testagem e seguir para isolamento.<\/td><\/tr><tr><td class=\"has-text-align-center\" data-align=\"center\">Teve <strong>Contato Pr\u00f3ximo<\/strong> com caso confirmado e est\u00e1 totalmente vacinado ou positivou para COVID-19 nos \u00faltimos 90 dias.<\/td><td class=\"has-text-align-center\" data-align=\"center\"><strong>&nbsp;<\/strong> <strong>N\u00e3o precisa manter quarentena. Realizar monitoramento di\u00e1rio sobre sinais e\/ou sintomas mantendo <em>cuidados adicionais* <\/em>e testar ao 5\u00ba dia:<\/strong> <br><strong>a)<\/strong> <strong>Se resultado negativo<\/strong>: continuar nas atividades presenciais. <br><strong>b)<\/strong> <strong>Se resultado positivo<\/strong>: adotar medidas de isolamento seguindo as recomenda\u00e7\u00f5es m\u00e9dicas. &nbsp; <br>Caso haja aparecimento de sinais e\/ou sintomas antes do 5\u00ba dia, fazer a testagem e seguir para isolamento.<\/td><\/tr><\/tbody><\/table><figcaption><strong>Fonte<\/strong>: Memorando Circular n\u00b0 9\/2022-DAV\/SESA &#8211; Nota Orientativa n\u00b0 40\/2020 v.6 (2022)<\/figcaption><\/figure>\n\n\n\n<p><\/p>\n\n\n\n<p><strong>*Cuidados adicionais a serem adotados at\u00e9 completar o 10\u00ba dia s\u00e3o<\/strong>:<\/p>\n\n\n\n<ul class=\"wp-block-list\"><li>Manter o uso da m\u00e1scara bem ajustada ao rosto, em casa ou em p\u00fablico. Para controle da fonte de infec\u00e7\u00e3o recomenda-se o uso de m\u00e1scara cir\u00fargica;<\/li><li>Evitar contato com pessoas imunocomprometidas ou com fatores de risco para agravamento da COVID-19;<\/li><li>Evitar qualquer tipo de aglomera\u00e7\u00e3o;<\/li><li>N\u00e3o viajar durante o per\u00edodo de isolamento. No caso de interromper o isolamento antes do 10\u00ba dia, orienta-se fazer o teste RT-PCR ou o teste r\u00e1pido de ant\u00edgeno (TR-Ag) e s\u00f3 viajar se o resultado for n\u00e3o detectado\/reagente e que esteja sem sintomas antes da viagem. Caso n\u00e3o seja poss\u00edvel realizar o teste, orienta-se adiar a viagem por pelo menos 10 dias a contar do in\u00edcio dos sintomas.<\/li><li>N\u00e3o frequentar locais onde n\u00e3o possa usar m\u00e1scara durante todo o tempo, como restaurantes e bares, e evitar se alimentar pr\u00f3ximo a outras pessoas, tanto em casa como no trabalho.<\/li><\/ul>\n\n\n\n<p><\/p>\n\n\n\n<p>Para os servidores t\u00e9cnicos, docentes e estudantes que estiverem sintom\u00e1ticos para COVID-19, procurar a avalia\u00e7\u00e3o m\u00e9dica onde ser\u00e3o orientados a coletar o exame de RT-PCR ou Teste R\u00e1pido de Ant\u00edgeno, a partir do 1\u00ba dia do in\u00edcio dos sintomas, para confirma\u00e7\u00e3o diagn\u00f3stica. O dia 1 \u00e9 o primeiro dia completo, ou seja, 24h ap\u00f3s o desenvolvimento dos sintomas.<\/p>\n\n\n\n<p><\/p>\n\n\n\n<p>Caso o exame seja negativo e tiver persist\u00eancia dos sinais e\/ou sintomas o exame dever\u00e1 ser repetido entre 24 e 48h. Os casos confirmados que continuarem com febre ou sem melhora dos outros sintomas respirat\u00f3rios, o indiv\u00edduo deve retornar ao servi\u00e7o de sa\u00fade para reavalia\u00e7\u00e3o.<\/p>\n\n\n\n<p><\/p>\n\n\n\n<p>N\u00e3o \u00e9 recomendado testar novamente os indiv\u00edduos que tiveram resultado positivo e n\u00e3o apresentaram sintomas para COVID-19 por at\u00e9 3 meses ap\u00f3s o \u00faltimo resultado, pois alguns indiv\u00edduos apresentam resultados positivos persistentes devido a carga viral residual, mas \u00e9 improv\u00e1vel que sejam infecciosos.<\/p>\n\n\n\n<p><\/p>\n\n\n\n<p class=\"has-text-align-center has-cinza-claro-color has-verde-escuro-background-color has-text-color has-background\">Para consultar os servi\u00e7os de refer\u00eancia que atendem pacientes com sintomas respirat\u00f3rios e suspeitos para COVID-19 na cidade de Londrina<em>, <strong><a rel=\"noreferrer noopener\" href=\"https:\/\/saude.londrina.pr.gov.br\/index.php\/locais-de-atendimento.html\" data-type=\"URL\" data-id=\"https:\/\/saude.londrina.pr.gov.br\/index.php\/locais-de-atendimento.html\" target=\"_blank\"><span style=\"color: #FFFFFF\">CLIQUE AQUI<\/span><\/a><\/strong><a rel=\"noreferrer noopener\" href=\"https:\/\/saude.londrina.pr.gov.br\/index.php\/locais-de-atendimento.html\" target=\"_blank\">.<\/a><\/em><\/p>\n\n\n\n<p><\/p>\n\n\n\n<p class=\"has-text-align-center has-cinza-claro-color has-verde-escuro-background-color has-text-color has-background\">Servi\u00e7o de telessa\u00fade &#8211; App Sa\u00fade Online PR: <em><a rel=\"noreferrer noopener\" href=\"https:\/\/www.coronavirus.pr.gov.br\/Campanha\/Pagina\/Saude-Parana-Online\" data-type=\"URL\" data-id=\"https:\/\/www.coronavirus.pr.gov.br\/Campanha\/Pagina\/Saude-Parana-Online\" target=\"_blank\"><strong><span style=\"color: #FFFFFF\">CLIQUE AQUI<\/span><\/strong><\/a>.<\/em><\/p>\n\n\n\n<p><\/p>\n\n\n\n<p>Os <strong>profissionais<\/strong> que atuam na <strong>Cl\u00ednica Odontol\u00f3gica Universit\u00e1ria \u2013 COU<\/strong>, <strong>Centro de Ci\u00eancia da Sa\u00fade \u2013 CCS<\/strong>, <strong>Hospital Universit\u00e1rio \u2013 HU<\/strong> e <strong>Hospital Veterin\u00e1rio \u2013 HV<\/strong>, poder\u00e3o, se necess\u00e1rio, buscar atendimento na Divis\u00e3o De Assist\u00eancia \u00c0 Sa\u00fade Da Comunidade \u2013 DASC-HU por meio do seguinte contato:<\/p>\n\n\n\n<ul class=\"wp-block-list\"><li>DASC\/Ambulat\u00f3rio\/HU \u2013 Guich\u00ea 3<\/li><li>Hor\u00e1rio de atendimento: Segunda a quinta das 8h \u00e0s 11h30min. e das 13h \u00e0s 16h00min.<\/li><li>Telefone\/Ramal: 3371-2442<\/li><\/ul>\n\n\n\n<p><\/p>\n\n\n\n<p>Em caso de d\u00favidas, existe o servi\u00e7o Disque Coronav\u00edrus, implementado por meio de parceria entre a Prefeitura de Londrina e a UEL (projeto de extens\u00e3o), que presta orienta\u00e7\u00f5es e informa\u00e7\u00f5es acerca da COVID-19 com o objetivo de oferecer mais uma ferramenta de enfrentamento \u00e0 pandemia.<\/p>\n\n\n\n<p><\/p>\n\n\n<div class=\"wp-block-image\">\n<figure class=\"aligncenter size-full\"><img loading=\"lazy\" decoding=\"async\" width=\"863\" height=\"302\" src=\"https:\/\/sites.uel.br\/gtcovid19\/wp-content\/uploads\/2022\/03\/image.png\" alt=\"\" class=\"wp-image-282\" srcset=\"https:\/\/sites.uel.br\/gtcovid19\/wp-content\/uploads\/2022\/03\/image.png 863w, https:\/\/sites.uel.br\/gtcovid19\/wp-content\/uploads\/2022\/03\/image-300x105.png 300w, https:\/\/sites.uel.br\/gtcovid19\/wp-content\/uploads\/2022\/03\/image-768x269.png 768w\" sizes=\"auto, (max-width: 863px) 100vw, 863px\" \/><figcaption><strong>Fonte<\/strong>: https:\/\/saude.londrina.pr.gov.br\/index.php\/disque-coronavirus.html<\/figcaption><\/figure>\n<\/div>\n\n\n<p><\/p>\n\n\n\n<p class=\"has-text-align-center\"><strong>Condutas de afastamento das atividades acad\u00eamicas\/laborais<\/strong><\/p>\n\n\n\n<p><\/p>\n\n\n\n<p>Os casos de afastamento por motivo de doen\u00e7as, pessoal ou em pessoa da fam\u00edlia, dever\u00e3o seguir os crit\u00e9rios e ritos procedimentais previstos para a licen\u00e7a para tratamento de sa\u00fade, de que trata a Resolu\u00e7\u00e3o SEAP N\u00ba 6105 de 24\/06\/200 &#8211; Manual de Per\u00edcia M\u00e9dica do Estado do Paran\u00e1.<\/p>\n\n\n\n<p><\/p>\n\n\n\n<p>Tanto para o isolamento de indiv\u00edduos suspeitos e confirmados quanto para a quarentena dos seus contatos, \u00e9 necess\u00e1rio que os indiv\u00edduos procurem uma Unidade de Sa\u00fade ou m\u00e9dico, que emitir\u00e1 um atestado m\u00e9dico ou atestado m\u00e9dico eletr\u00f4nico regulamentado pelo Minist\u00e9rio da Sa\u00fade para afastamento laboral durante o per\u00edodo recomendado conforme Lei n\u00ba 605, de 5 de janeiro de 1949, Art. 6 acrescido pelo Art. 7, \u00a7 5\u00ba Lei 14.128, de 26 de mar\u00e7o de 2021 e Portaria n\u00ba467 de 20 de mar\u00e7o de 2020.<\/p>\n\n\n\n<p><\/p>\n\n\n\n<p>Nestes casos, tamb\u00e9m dever\u00e1 ser observado o rito estabelecido na Resolu\u00e7\u00e3o acima citada, sendo:<\/p>\n\n\n\n<p><\/p>\n\n\n\n<ul class=\"wp-block-list\"><li>afastamentos at\u00e9 tr\u00eas dias no m\u00eas, apresenta\u00e7\u00e3o de atestado m\u00e9dico, contendo os dias de<br>afastamento, carimbo e assinatura do m\u00e9dico e<\/li><li>afastamento acima de tr\u00eas dias no m\u00eas, encaminhamento eletr\u00f4nico do atestado m\u00e9dico<br>para per\u00edcia em at\u00e9 24 horas da data de emiss\u00e3o<br>do mesmo, contendo os dias de afastamento,<br>CID, carimbo e assinatura do m\u00e9dico.<\/li><\/ul>\n\n\n\n<p><\/p>\n\n\n\n<p>Os amparos para os estudantes por afastamento por motivo de sa\u00fade, devem seguir as determina\u00e7\u00f5es das Resolu\u00e7\u00f5es\/Atos Executivo vigentes na UEL.<\/p>\n\n\n\n<p><\/p>\n","protected":false},"excerpt":{"rendered":"<p>Os casos confirmados para COVID-19 ou suspeitos que apresentam sinais e\/ou sintomas da COVID-19, como febre, tosse, falta de ar, dor de garganta, coriza, espirros, dor abdominal, diarreia, diminui\u00e7\u00e3o ou perda da capacidade de sentir odores, diminui\u00e7\u00e3o ou perda da capacidade para sentir o sabor da comida, dores musculares, dores no corpo, cansa\u00e7o ou fadiga, [&hellip;]<\/p>\n","protected":false},"author":7,"featured_media":0,"parent":0,"menu_order":0,"comment_status":"closed","ping_status":"closed","template":"","meta":{"footnotes":""},"class_list":["post-61","page","type-page","status-publish","hentry"],"_links":{"self":[{"href":"https:\/\/sites.uel.br\/gtcovid19\/wp-json\/wp\/v2\/pages\/61","targetHints":{"allow":["GET"]}}],"collection":[{"href":"https:\/\/sites.uel.br\/gtcovid19\/wp-json\/wp\/v2\/pages"}],"about":[{"href":"https:\/\/sites.uel.br\/gtcovid19\/wp-json\/wp\/v2\/types\/page"}],"author":[{"embeddable":true,"href":"https:\/\/sites.uel.br\/gtcovid19\/wp-json\/wp\/v2\/users\/7"}],"replies":[{"embeddable":true,"href":"https:\/\/sites.uel.br\/gtcovid19\/wp-json\/wp\/v2\/comments?post=61"}],"version-history":[{"count":69,"href":"https:\/\/sites.uel.br\/gtcovid19\/wp-json\/wp\/v2\/pages\/61\/revisions"}],"predecessor-version":[{"id":455,"href":"https:\/\/sites.uel.br\/gtcovid19\/wp-json\/wp\/v2\/pages\/61\/revisions\/455"}],"wp:attachment":[{"href":"https:\/\/sites.uel.br\/gtcovid19\/wp-json\/wp\/v2\/media?parent=61"}],"curies":[{"name":"wp","href":"https:\/\/api.w.org\/{rel}","templated":true}]}}