{"id":429,"date":"2022-08-03T11:56:34","date_gmt":"2022-08-03T14:56:34","guid":{"rendered":"https:\/\/sites.uel.br\/gtcovid19\/?page_id=429"},"modified":"2022-08-03T11:58:08","modified_gmt":"2022-08-03T14:58:08","slug":"sobre-o-comite","status":"publish","type":"page","link":"https:\/\/sites.uel.br\/gtcovid19\/","title":{"rendered":"Sobre o Comit\u00ea"},"content":{"rendered":"\n<p>Considerando a pandemia do Coronav\u00edrus (COVID-19), bem como a necessidade de disciplinar as diretrizes do Minist\u00e9rio da Sa\u00fade e demais inst\u00e2ncias governamentais no sentido de se evitar a propaga\u00e7\u00e3o do v\u00edrus no \u00e2mbito da Universidade Estadual de Londrina, por meio da Portaria n\u00ba 993\/20, foi constitu\u00eddo o Grupo de Trabalho sobre o Coronav\u00edrus (COVID-19).<\/p>\n\n\n\n<p>Este grupo foi atualizado pela Portaria n\u00ba 2473\/20 e \u00e9 composto pelos seguintes membros:<\/p>\n\n\n\n<p>&#8211; D\u00e9cio Sabbatini Barbosa \u2013 Vice-Reitor \u2013 <strong>Presidente<\/strong><\/p>\n\n\n\n<p>&#8211; Airton Jos\u00e9 Petris \u2013 Diretor do CCS<\/p>\n\n\n\n<p>&#8211; Alberto Dur\u00e1n Gonz\u00e1lez \u2013 Gabinete da Reitoria<\/p>\n\n\n\n<p>&#8211; Betty Elmer Finatti \u2013 Diretora do SEBEC<\/p>\n\n\n\n<p>&#8211; Elisa Emi Tanaka Carloto \u2013 Depto de Medicina Oral e Odontologia Infantil &#8211; CCS \u2013 PROPLAN<\/p>\n\n\n\n<p>&#8211; Felipe Assan Remondi \u2013 17\u00aa Regional de Sa\u00fade<\/p>\n\n\n\n<p>&#8211; Gilberto Hildebrando \u2013 Gabinete da Reitoria<\/p>\n\n\n\n<p>&#8211; Itamar Andr\u00e9 Rodrigues do Nascimento \u2013 PRORH<\/p>\n\n\n\n<p>&#8211; Jaqueline Dario Capobiango \u2013 Depto de Pediatria e Cirurgia Pedi\u00e1trica &#8211; CCS<\/p>\n\n\n\n<p>&#8211; Luciana Costa \u2013 17\u00aa Regional de Sa\u00fade<\/p>\n\n\n\n<p>&#8211; Mara Solange Gomes Dellaroza \u2013 PROEX<\/p>\n\n\n\n<p>&#8211; Margarete de Ara\u00fajo Andrade \u2013 DASC<\/p>\n\n\n\n<p>&#8211; Marta Regina Gimenez Favaro \u2013 PROGRAD<\/p>\n\n\n\n<p>&#8211; Maur\u00edcio Fernandes \u2013 SEBEC-SESMT<\/p>\n\n\n\n<p>&#8211; S\u00e9rgio Henrique Gerelus \u2013 COM<\/p>\n\n\n\n<p>&#8211; Silvia M\u00e1rcia Ferreira Meletti \u2013 PROPPG<\/p>\n\n\n\n<p>&#8211; S\u00f4nia Fernandes \u2013 Secretaria Municipal de Sa\u00fade<\/p>\n\n\n\n<p>&#8211; Thalita da Rocha Marandola \u2013 Depto de Sa\u00fade Coletiva &#8211; CCS<\/p>\n\n\n\n<p>&#8211; Vivian Blazon El Reda Feijo \u2013 HU<\/p>\n\n\n\n<p>&#8211; Zuleica Naomi Tano \u2013 HU<\/p>\n\n\n\n<p><\/p>\n\n\n\n<p>Considerando o Ato Executivo n\u00b0 46\/2020, de 16 de outubro de 2020, que estabeleceu o retorno das atividades administrativas presenciais, de forma escalonada e progressiva e considerando a necessidade de identificar, monitorar e acompanhar os casos suspeitos e confirmados de coronav\u00edrus na Universidade com objetivo de intervir precocemente em poss\u00edveis surtos, por meio da Portaria n\u00b0 2848\/20 foi constitu\u00edda a Comiss\u00e3o para compor o Sistema de Vigil\u00e2ncia para a COVID-19 no campus.<\/p>\n\n\n\n<p>Esta Comiss\u00e3o foi atualizada pelas Portarias n\u00b0 2935\/2020 e 1732\/21, e \u00e9 composta pelos seguintes membros:<\/p>\n\n\n\n<p>&#8211; Margarete de Ara\u00fajo Andrade \u2013 DASC &#8211; <strong>Presidente<\/strong><\/p>\n\n\n\n<p>&#8211; Alexandre Tsujioka \u2013 SEBEC<\/p>\n\n\n\n<p>&#8211; Ant\u00f3nio Paulo Alexandrino \u2013 DASC<\/p>\n\n\n\n<p>&#8211; Aparecida de Lourdes Sousa \u2013 SEBEC<\/p>\n\n\n\n<p>&#8211; Betty Elmer Finatti \u2013 Diretora do SEBEC<\/p>\n\n\n\n<p>&#8211; Elisa Emi Tanaka Carloto \u2013 Depto de Medicina Oral e Odontologia Infantil &#8211; CCS \u2013 PROPLAN<\/p>\n\n\n\n<p>&#8211; EIoisa Aparecida Penha \u2013 SEBEC<\/p>\n\n\n\n<p>&#8211; Marcio Rog\u00e9rio Moraes Machado \u2013 SEBEC<\/p>\n\n\n\n<p>&#8211; Maur\u00edcio Fernandes \u2013 SEBEC<\/p>\n\n\n\n<p><\/p>\n\n\n\n<p>Com o encerramento das atividades do Grupo de Trabalho da COVID-19, por meio da Portaria 2396\/2022 foi criado o Comit\u00ea T\u00e9cnico de Enfrentamento \u00e0 Covid19, que tem como objetivo recomendar medidas administrativas e acad\u00eamicas que se fa\u00e7am necess\u00e1rias para promover a execu\u00e7\u00e3o segura de atividades presenciais nos espa\u00e7os da Universidade Estadual de Londrina. Este Comit\u00ea \u00e9 formado pelos seguintes membros:<\/p>\n\n\n\n<p><strong>Prof. Dr. Airton Jos\u00e9 Petris<\/strong> \u2013 Vice-Reitor UEL \u2013 <strong>Presidente<\/strong><\/p>\n\n\n\n<p><strong>Profa Dra. Angela Maria de Sousa Lima<\/strong> \u2013 Diretora do SEBEC<\/p>\n\n\n\n<p><strong>Prof. Dr. D\u00e9cio Sabbatini Barbosa<\/strong> \u2013 Agente de Transpar\u00eancia<\/p>\n\n\n\n<p><strong>Profa Dra. Claudia Maria Dantas de Maio Carrilho<\/strong> \u2013 Coordenadora da Comiss\u00e3o de Controle de Infec\u00e7\u00e3o Hospitalar \u2013 HU<\/p>\n\n\n\n<p><strong>Prof Dr. Edmarlon Girotto<\/strong> \u2013 Assessoria do Gabinete do Vice-Reitor<\/p>\n\n\n\n<p><strong>Enf. Margarete de Ara\u00fajo Andrade<\/strong> \u2013 Chefe da Divis\u00e3o de Assist\u00eancia \u00e0 Sa\u00fade da Comunidade \u2013 DASC \u2013 DS-HU<\/p>\n\n\n\n<p><strong>Prof. Dr. Renne Rodrigues<\/strong> \u2013 Depto de Sa\u00fade Coletiva \u2013 CCS<\/p>\n\n\n\n<p><strong>Profa Dra. Zuleica Naomi Tano<\/strong> \u2013 Chefe da Unidade de Mol\u00e9stias Infecciosas\/HU\/UEL<\/p>\n","protected":false},"excerpt":{"rendered":"<p>Considerando a pandemia do Coronav\u00edrus (COVID-19), bem como a necessidade de disciplinar as diretrizes do Minist\u00e9rio da Sa\u00fade e demais inst\u00e2ncias governamentais no sentido de se evitar a propaga\u00e7\u00e3o do v\u00edrus no \u00e2mbito da Universidade Estadual de Londrina, por meio da Portaria n\u00ba 993\/20, foi constitu\u00eddo o Grupo de Trabalho sobre o Coronav\u00edrus (COVID-19). Este [&hellip;]<\/p>\n","protected":false},"author":14,"featured_media":0,"parent":0,"menu_order":0,"comment_status":"closed","ping_status":"closed","template":"","meta":{"footnotes":""},"class_list":["post-429","page","type-page","status-publish","hentry"],"_links":{"self":[{"href":"https:\/\/sites.uel.br\/gtcovid19\/wp-json\/wp\/v2\/pages\/429","targetHints":{"allow":["GET"]}}],"collection":[{"href":"https:\/\/sites.uel.br\/gtcovid19\/wp-json\/wp\/v2\/pages"}],"about":[{"href":"https:\/\/sites.uel.br\/gtcovid19\/wp-json\/wp\/v2\/types\/page"}],"author":[{"embeddable":true,"href":"https:\/\/sites.uel.br\/gtcovid19\/wp-json\/wp\/v2\/users\/14"}],"replies":[{"embeddable":true,"href":"https:\/\/sites.uel.br\/gtcovid19\/wp-json\/wp\/v2\/comments?post=429"}],"version-history":[{"count":3,"href":"https:\/\/sites.uel.br\/gtcovid19\/wp-json\/wp\/v2\/pages\/429\/revisions"}],"predecessor-version":[{"id":433,"href":"https:\/\/sites.uel.br\/gtcovid19\/wp-json\/wp\/v2\/pages\/429\/revisions\/433"}],"wp:attachment":[{"href":"https:\/\/sites.uel.br\/gtcovid19\/wp-json\/wp\/v2\/media?parent=429"}],"curies":[{"name":"wp","href":"https:\/\/api.w.org\/{rel}","templated":true}]}}