{"id":21,"date":"2021-10-25T14:53:02","date_gmt":"2021-10-25T17:53:02","guid":{"rendered":"https:\/\/sites.uel.br\/gtcovid19\/?page_id=21"},"modified":"2022-12-07T09:23:11","modified_gmt":"2022-12-07T12:23:11","slug":"legislacao-e-normas","status":"publish","type":"page","link":"https:\/\/sites.uel.br\/gtcovid19\/legislacao-e-normas\/","title":{"rendered":"Legisla\u00e7\u00e3o e Normas"},"content":{"rendered":"\n<p><\/p>\n\n\n\n<p>Segue abaixo legisla\u00e7\u00f5es e normas atualizadas que tratam sobre a COVID-19 na Universidade e no Estado do Paran\u00e1:<\/p>\n\n\n\n<p><\/p>\n\n\n\n<p class=\"has-cinza-escuro-color has-text-color\"><strong><a rel=\"noreferrer noopener\" href=\"https:\/\/sistemas.uel.br\/atosoficiais\/index\" data-type=\"URL\" data-id=\"https:\/\/sistemas.uel.br\/atosoficiais\/index\" target=\"_blank\">Atos Oficiais da UEL:<\/a><\/strong><\/p>\n\n\n\n<p><a href=\"https:\/\/operobal.uel.br\/wp-content\/uploads\/2022\/12\/Ato-Executivo-no-147-2022.pdf\" target=\"_blank\" rel=\"noreferrer noopener\">Ato Executivo n\u00ba 147\/2022<\/a><\/p>\n\n\n\n<p><a href=\"https:\/\/drive.google.com\/file\/d\/1LjofkoJG65DfN5YQgOkY3ry5hi2B5pa6\/view\" target=\"_blank\" rel=\"noreferrer noopener\">Ato Executivo n\u00ba 121\/2022<\/a><\/p>\n\n\n\n<p><a rel=\"noreferrer noopener\" href=\"https:\/\/drive.google.com\/file\/d\/1t5POkVA5dTRBT3Hl8A67_0fI3rnsFI98\/view?usp=sharing\" target=\"_blank\">Ato Executivo n\u00ba 108\/2022<\/a><\/p>\n\n\n\n<p><a rel=\"noreferrer noopener\" href=\"https:\/\/sistemas.uel.br\/files\/atonormativo\/ATO-EXECUTIVO\/2022\/94.pdf\" target=\"_blank\">Ato Executivo n\u00b0 094\/2022<\/a><\/p>\n\n\n\n<p><a href=\"https:\/\/sistemas.uel.br\/files\/atonormativo\/ATO-EXECUTIVO\/2022\/36.pdf\" target=\"_blank\" rel=\"noreferrer noopener\">Ato Executivo n\u00b0 036\/2022<\/a><\/p>\n\n\n\n<p><a rel=\"noreferrer noopener\" href=\"https:\/\/sistemas.uel.br\/files\/atonormativo\/ATO-EXECUTIVO\/2022\/08.pdf\" data-type=\"URL\" data-id=\"https:\/\/sistemas.uel.br\/files\/atonormativo\/ATO-EXECUTIVO\/2022\/08.pdf\" target=\"_blank\">Ato Executivo n\u00b0 008\/2022<\/a><\/p>\n\n\n\n<p><a rel=\"noreferrer noopener\" href=\"https:\/\/sistemas.uel.br\/files\/atonormativo\/ATO-EXECUTIVO\/2022\/06.pdf\" data-type=\"URL\" data-id=\"https:\/\/sistemas.uel.br\/files\/atonormativo\/ATO-EXECUTIVO\/2022\/06.pdf\" target=\"_blank\">Ato Executivo n\u00b0 006\/2022<\/a><\/p>\n\n\n\n<p><a rel=\"noreferrer noopener\" href=\"http:\/\/www.uel.br\/prorh\/legislacao\/2020\/is_prorh_004_2020.pdf\" data-type=\"URL\" data-id=\"http:\/\/www.uel.br\/prorh\/legislacao\/2020\/is_prorh_004_2020.pdf\" target=\"_blank\">Instru\u00e7\u00e3o de Servi\u00e7o PRORH n\u00ba 004\/2020<\/a><\/p>\n\n\n\n<p><a href=\"http:\/\/www.uel.br\/prograd\/documentos\/resolucoes\/2022\/resolucao_01_22.pdf\" data-type=\"URL\" data-id=\"http:\/\/www.uel.br\/prograd\/documentos\/resolucoes\/2022\/resolucao_01_22.pdf\" target=\"_blank\" rel=\"noreferrer noopener\">Resolu\u00e7\u00e3o CEPE n\u00b0 001\/2022<\/a><\/p>\n\n\n\n<p><a href=\"https:\/\/sistemas.uel.br\/files\/atonormativo\/RESOLUCOES\/2021\/85.pdf\" data-type=\"URL\" data-id=\"https:\/\/sistemas.uel.br\/files\/atonormativo\/RESOLUCOES\/2021\/85.pdf\" target=\"_blank\" rel=\"noreferrer noopener\">Resolu\u00e7\u00e3o CEPE n\u00b0 085\/2021<\/a><\/p>\n\n\n\n<p><a href=\"https:\/\/sistemas.uel.br\/files\/atonormativo\/RESOLUCOES\/2021\/32.pdf\" data-type=\"URL\" data-id=\"https:\/\/sistemas.uel.br\/files\/atonormativo\/RESOLUCOES\/2021\/32.pdf\" target=\"_blank\" rel=\"noreferrer noopener\">Resolu\u00e7\u00e3o CEPE n\u00b0 032\/2021<\/a><\/p>\n\n\n\n<p><\/p>\n\n\n\n<p class=\"has-cinza-escuro-color has-text-color\"><strong><a href=\"https:\/\/www.saude.pr.gov.br\" data-type=\"URL\" data-id=\"https:\/\/www.saude.pr.gov.br\" target=\"_blank\" rel=\"noreferrer noopener\">Secretaria da Sa\u00fade &#8211; SESA Paran\u00e1:<\/a><\/strong><\/p>\n\n\n\n<p><a rel=\"noreferrer noopener\" href=\"https:\/\/www.documentador.pr.gov.br\/documentador\/pub.do?action=d&amp;uuid=@gtf-escriba-sesa@e386bdd6-bf1b-4017-bb70-29ebdcbe16e8\" data-type=\"URL\" data-id=\"https:\/\/www.documentador.pr.gov.br\/documentador\/pub.do?action=d&amp;uuid=@gtf-escriba-sesa@e386bdd6-bf1b-4017-bb70-29ebdcbe16e8\" target=\"_blank\">Resolu\u00e7\u00e3o SESA n\u00b0 243\/2022<\/a><\/p>\n\n\n\n<p><a rel=\"noreferrer noopener\" href=\"https:\/\/www.documentador.pr.gov.br\/documentador\/pub.do?action=d&amp;uuid=@gtf-escriba-sesa@177b40c4-32f9-4b2c-89d6-2b8e46ec4c26\" data-type=\"URL\" data-id=\"https:\/\/www.documentador.pr.gov.br\/documentador\/pub.do?action=d&amp;uuid=@gtf-escriba-sesa@177b40c4-32f9-4b2c-89d6-2b8e46ec4c26\" target=\"_blank\">Resolu\u00e7\u00e3o SESA n\u00ba 977\/2021<\/a><\/p>\n\n\n\n<p><a href=\"https:\/\/www.documentador.pr.gov.br\/documentador\/pub.do?action=d&amp;uuid=@gtf-escriba-sesa@2f8950a6-63ad-4f7b-897d-9a69b6386068\" data-type=\"URL\" data-id=\"https:\/\/www.documentador.pr.gov.br\/documentador\/pub.do?action=d&amp;uuid=@gtf-escriba-sesa@2f8950a6-63ad-4f7b-897d-9a69b6386068\" target=\"_blank\" rel=\"noreferrer noopener\">Resolu\u00e7\u00e3o SESA n\u00ba 860\/2021<\/a><\/p>\n\n\n\n<p><a rel=\"noreferrer noopener\" href=\"https:\/\/saude.mppr.mp.br\/arquivos\/File\/Corona\/Boletins_notas_e_atas_COE_SESA\/Resolucao_0544_2021.pdf\" data-type=\"URL\" data-id=\"https:\/\/saude.mppr.mp.br\/arquivos\/File\/Corona\/Boletins_notas_e_atas_COE_SESA\/Resolucao_0544_2021.pdf\" target=\"_blank\">Resolu\u00e7\u00e3o SESA n\u00b0 544\/2021<\/a><\/p>\n\n\n\n<p><a rel=\"noreferrer noopener\" href=\"https:\/\/www.saude.pr.gov.br\/sites\/default\/arquivos_restritos\/files\/documento\/2022-02\/no_03_2021_escolas_v4_09-02-2022.pdf\" data-type=\"URL\" data-id=\"https:\/\/www.saude.pr.gov.br\/sites\/default\/arquivos_restritos\/files\/documento\/2022-02\/no_03_2021_escolas_v4_09-02-2022.pdf\" target=\"_blank\">Nota Orientativa n\u00ba 03\/2021 (Vers\u00e3o 4)<\/a><\/p>\n\n\n\n<p><a rel=\"noreferrer noopener\" href=\"https:\/\/www.saude.pr.gov.br\/sites\/default\/arquivos_restritos\/files\/documento\/2022-02\/no_40_rastreamento_laboratorial_da_covid_19_e_condutas_de_afastamento_do_trabalho_v6_em_16-02-2022.pdf\" data-type=\"URL\" data-id=\"https:\/\/www.saude.pr.gov.br\/sites\/default\/arquivos_restritos\/files\/documento\/2022-02\/no_40_rastreamento_laboratorial_da_covid_19_e_condutas_de_afastamento_do_trabalho_v6_em_16-02-2022.pdf\" target=\"_blank\">Nota Orientativa n\u00b0 40\/2020 (Vers\u00e3o 6)<\/a><\/p>\n","protected":false},"excerpt":{"rendered":"<p>Segue abaixo legisla\u00e7\u00f5es e normas atualizadas que tratam sobre a COVID-19 na Universidade e no Estado do Paran\u00e1: Atos Oficiais da UEL: Ato Executivo n\u00ba 147\/2022 Ato Executivo n\u00ba 121\/2022 Ato Executivo n\u00ba 108\/2022 Ato Executivo n\u00b0 094\/2022 Ato Executivo n\u00b0 036\/2022 Ato Executivo n\u00b0 008\/2022 Ato Executivo n\u00b0 006\/2022 Instru\u00e7\u00e3o de Servi\u00e7o PRORH n\u00ba [&hellip;]<\/p>\n","protected":false},"author":7,"featured_media":0,"parent":0,"menu_order":0,"comment_status":"closed","ping_status":"closed","template":"","meta":{"footnotes":""},"class_list":["post-21","page","type-page","status-publish","hentry"],"_links":{"self":[{"href":"https:\/\/sites.uel.br\/gtcovid19\/wp-json\/wp\/v2\/pages\/21","targetHints":{"allow":["GET"]}}],"collection":[{"href":"https:\/\/sites.uel.br\/gtcovid19\/wp-json\/wp\/v2\/pages"}],"about":[{"href":"https:\/\/sites.uel.br\/gtcovid19\/wp-json\/wp\/v2\/types\/page"}],"author":[{"embeddable":true,"href":"https:\/\/sites.uel.br\/gtcovid19\/wp-json\/wp\/v2\/users\/7"}],"replies":[{"embeddable":true,"href":"https:\/\/sites.uel.br\/gtcovid19\/wp-json\/wp\/v2\/comments?post=21"}],"version-history":[{"count":33,"href":"https:\/\/sites.uel.br\/gtcovid19\/wp-json\/wp\/v2\/pages\/21\/revisions"}],"predecessor-version":[{"id":496,"href":"https:\/\/sites.uel.br\/gtcovid19\/wp-json\/wp\/v2\/pages\/21\/revisions\/496"}],"wp:attachment":[{"href":"https:\/\/sites.uel.br\/gtcovid19\/wp-json\/wp\/v2\/media?parent=21"}],"curies":[{"name":"wp","href":"https:\/\/api.w.org\/{rel}","templated":true}]}}