{"id":19,"date":"2021-10-25T14:53:02","date_gmt":"2021-10-25T17:53:02","guid":{"rendered":"https:\/\/sites.uel.br\/gtcovid19\/?page_id=19"},"modified":"2022-08-25T07:16:34","modified_gmt":"2022-08-25T10:16:34","slug":"plano-de-contingencia","status":"publish","type":"page","link":"https:\/\/sites.uel.br\/gtcovid19\/plano-de-contingencia\/","title":{"rendered":"Plano de Conting\u00eancia UEL"},"content":{"rendered":"\n<p><\/p>\n\n\n\n<p><a rel=\"noreferrer noopener\" href=\"https:\/\/drive.google.com\/file\/d\/1QZAZpoT0igPOHyW2NGmay6MGjIJ9O1lf\/view\" data-type=\"URL\" data-id=\"https:\/\/drive.google.com\/file\/d\/1QZAZpoT0igPOHyW2NGmay6MGjIJ9O1lf\/view\" target=\"_blank\">Primeira Edi\u00e7\u00e3o<\/a><\/p>\n\n\n\n<p><a rel=\"noreferrer noopener\" href=\"https:\/\/drive.google.com\/file\/d\/1Q0zalHvgyyRwuXg6EU1h2gbbuJJ9uutQ\/view\" data-type=\"URL\" data-id=\"https:\/\/drive.google.com\/file\/d\/1Q0zalHvgyyRwuXg6EU1h2gbbuJJ9uutQ\/view\" target=\"_blank\">Segunda Edi\u00e7\u00e3o<\/a><\/p>\n\n\n\n<p><a rel=\"noreferrer noopener\" href=\"https:\/\/sites.uel.br\/gtcovid19\/wp-content\/uploads\/2021\/11\/plano-de-continge\u0302nciaUEL3ed.pdf\" data-type=\"URL\" data-id=\"https:\/\/sites.uel.br\/gtcovid19\/wp-content\/uploads\/2021\/11\/plano-de-continge\u0302nciaUEL3ed.pdf\" target=\"_blank\">Terceira Edi\u00e7\u00e3o<\/a><\/p>\n\n\n\n<p><a rel=\"noreferrer noopener\" href=\"https:\/\/sites.uel.br\/gtcovid19\/wp-content\/uploads\/2022\/06\/plano-de-contingenciaUELV4.pdf\" target=\"_blank\">Quarta Edi\u00e7\u00e3o<\/a><\/p>\n\n\n\n<p><a href=\"https:\/\/sites.uel.br\/gtcovid19\/wp-content\/uploads\/2022\/08\/plano-de-contingenciaUELV5b.pdf\" target=\"_blank\" rel=\"noreferrer noopener\">Quinta Edi\u00e7\u00e3o<\/a><\/p>\n\n\n\n<p><\/p>\n","protected":false},"excerpt":{"rendered":"<p>Primeira Edi\u00e7\u00e3o Segunda Edi\u00e7\u00e3o Terceira Edi\u00e7\u00e3o Quarta Edi\u00e7\u00e3o Quinta Edi\u00e7\u00e3o<\/p>\n","protected":false},"author":7,"featured_media":0,"parent":0,"menu_order":0,"comment_status":"closed","ping_status":"closed","template":"","meta":{"footnotes":""},"class_list":["post-19","page","type-page","status-publish","hentry"],"_links":{"self":[{"href":"https:\/\/sites.uel.br\/gtcovid19\/wp-json\/wp\/v2\/pages\/19","targetHints":{"allow":["GET"]}}],"collection":[{"href":"https:\/\/sites.uel.br\/gtcovid19\/wp-json\/wp\/v2\/pages"}],"about":[{"href":"https:\/\/sites.uel.br\/gtcovid19\/wp-json\/wp\/v2\/types\/page"}],"author":[{"embeddable":true,"href":"https:\/\/sites.uel.br\/gtcovid19\/wp-json\/wp\/v2\/users\/7"}],"replies":[{"embeddable":true,"href":"https:\/\/sites.uel.br\/gtcovid19\/wp-json\/wp\/v2\/comments?post=19"}],"version-history":[{"count":18,"href":"https:\/\/sites.uel.br\/gtcovid19\/wp-json\/wp\/v2\/pages\/19\/revisions"}],"predecessor-version":[{"id":444,"href":"https:\/\/sites.uel.br\/gtcovid19\/wp-json\/wp\/v2\/pages\/19\/revisions\/444"}],"wp:attachment":[{"href":"https:\/\/sites.uel.br\/gtcovid19\/wp-json\/wp\/v2\/media?parent=19"}],"curies":[{"name":"wp","href":"https:\/\/api.w.org\/{rel}","templated":true}]}}