{"id":5142,"date":"2025-07-08T16:07:37","date_gmt":"2025-07-08T19:07:37","guid":{"rendered":"https:\/\/sites.uel.br\/feira\/?page_id=5142"},"modified":"2025-07-08T16:33:44","modified_gmt":"2025-07-08T19:33:44","slug":"galeria-13a-feira-das-profissoes-uel-2025","status":"publish","type":"page","link":"https:\/\/sites.uel.br\/feira\/galeria-13a-feira-das-profissoes-uel-2025\/","title":{"rendered":"Galeria (13\u00aa Feira das Profiss\u00f5es UEL 2025)"},"content":{"rendered":"\n<hr class=\"wp-block-separator has-alpha-channel-opacity is-style-wide\" \/>\n\n\n\n<figure class=\"wp-block-image size-full\"><img loading=\"lazy\" decoding=\"async\" width=\"1536\" height=\"421\" src=\"https:\/\/sites.uel.br\/feira\/wp-content\/uploads\/2025\/05\/banner_feira_profissoes_2025.png\" alt=\"\" class=\"wp-image-4978\" srcset=\"https:\/\/sites.uel.br\/feira\/wp-content\/uploads\/2025\/05\/banner_feira_profissoes_2025.png 1536w, https:\/\/sites.uel.br\/feira\/wp-content\/uploads\/2025\/05\/banner_feira_profissoes_2025-300x82.png 300w, https:\/\/sites.uel.br\/feira\/wp-content\/uploads\/2025\/05\/banner_feira_profissoes_2025-1024x281.png 1024w, https:\/\/sites.uel.br\/feira\/wp-content\/uploads\/2025\/05\/banner_feira_profissoes_2025-768x211.png 768w\" sizes=\"auto, (max-width: 1536px) 100vw, 1536px\" \/><\/figure>\n\n\n\n<div style=\"height:20px\" aria-hidden=\"true\" class=\"wp-block-spacer\"><\/div>\n\n\n\n<h2 class=\"wp-block-heading has-text-align-center\">Fotos e V\u00eddeos<\/h2>\n\n\n\n<div class=\"wp-block-columns is-layout-flex wp-container-core-columns-is-layout-9d6595d7 wp-block-columns-is-layout-flex\">\n<div class=\"wp-block-column is-layout-flow wp-block-column-is-layout-flow\"><div class=\"wp-block-image\">\n<figure class=\"aligncenter size-full\"><a href=\"https:\/\/drive.google.com\/drive\/folders\/14J1JthLn2XxOLofkJU9Zapo8W7BLX-tM?usp=sharing\" target=\"_blank\" rel=\"noreferrer noopener\"><img loading=\"lazy\" decoding=\"async\" width=\"32\" height=\"32\" src=\"https:\/\/sites.uel.br\/feira\/wp-content\/uploads\/2023\/05\/google_drive.png\" alt=\"\" class=\"wp-image-2887\" \/><\/a><\/figure>\n<\/div>\n\n\n<p class=\"has-text-align-center\"><strong>Galeria 01<\/strong><\/p>\n\n\n\n<p class=\"has-text-align-center has-small-font-size\">Cr\u00e9ditos: Docentes, Funcion\u00e1rios e Estudantes da UEL<\/p>\n<\/div>\n<\/div>\n\n\n\n<div style=\"height:20px\" aria-hidden=\"true\" class=\"wp-block-spacer\"><\/div>\n\n\n\n<h2 class=\"wp-block-heading has-text-align-center\">M\u00eddia Televisiva, R\u00e1dio e Jornal<\/h2>\n\n\n\n<p><strong>RPC Londrina\/Paran\u00e1<\/strong><\/p>\n\n\n\n<p><a href=\"https:\/\/globoplay.globo.com\/v\/13723303\/\" target=\"_blank\" rel=\"noreferrer noopener\">UEL abre inscri\u00e7\u00f5es para o Vestibular 2026 com mudan\u00e7as nas provas e mais de 3 mil vagas<\/a><br><em>Sele\u00e7\u00e3o ser\u00e1 em fase \u00fanica nos dias 26 e 27 de outubro. Universidade tamb\u00e9m realiza Feira de Profiss\u00f5es com a participa\u00e7\u00e3o de 20 mil estudantes<\/em><\/p>\n\n\n\n<div style=\"height:20px\" aria-hidden=\"true\" class=\"wp-block-spacer\"><\/div>\n\n\n\n<p><strong>Folha de Londrina<\/strong><\/p>\n\n\n\n<p><a href=\"https:\/\/www.folhadelondrina.com.br\/geral\/milhares-de-jovens-participam-da-feira-de-profissoes-da-uel-3274243e.html?d=1\" target=\"_blank\" rel=\"noreferrer noopener\">Milhares de jovens participam da Feira de Profiss\u00f5es da UEL<\/a><br><em>Alunos do Paran\u00e1 e de S\u00e3o Paulo visitam o campus em Londrina para conhecer os 53 cursos ofertados pela universidade<\/em><\/p>\n\n\n\n<div style=\"height:20px\" aria-hidden=\"true\" class=\"wp-block-spacer\"><\/div>\n\n\n\n<p><strong>TV UEL<\/strong><\/p>\n\n\n\n<p><a href=\"https:\/\/www.youtube.com\/watch?v=P80JJD-mfL0\" target=\"_blank\" rel=\"noreferrer noopener\">Feira das Profiss\u00f5es da UEL \u00e9 oportunidade para vestibulandos conhecerem a universidade<\/a><\/p>\n\n\n\n<div style=\"height:20px\" aria-hidden=\"true\" class=\"wp-block-spacer\"><\/div>\n\n\n\n<p><strong>TV Tarob\u00e1<\/strong><\/p>\n\n\n\n<p><a href=\"https:\/\/taroba.com.br\/noticias\/cidade\/feira-das-profissoes-atrai-milhares-de-estudantes-para-a-uel-nesta-terca-feira\" target=\"_blank\" rel=\"noreferrer noopener\">Feira das Profiss\u00f5es atrai milhares de estudantes para a UEL nesta ter\u00e7a-feira<\/a><br><em>Os convidados estar\u00e3o representando 101 munic\u00edpios dos estados do Paran\u00e1 (69) e S\u00e3o Paulo (32)<\/em><\/p>\n\n\n\n<div style=\"height:20px\" aria-hidden=\"true\" class=\"wp-block-spacer\"><\/div>\n\n\n\n<p><strong>Rede Massa<\/strong><\/p>\n\n\n\n<p><a href=\"https:\/\/www.youtube.com\/live\/d_IHKmWXExw?t=143s\" target=\"_blank\" rel=\"noreferrer noopener\">Tribuna da Massa e SBT Not\u00edcias &#8211; Edi\u00e7\u00e3o Completa &#8211; 02\/07\/2025<\/a><\/p>\n\n\n\n<div style=\"height:20px\" aria-hidden=\"true\" class=\"wp-block-spacer\"><\/div>\n\n\n\n<p><strong>Bonde<\/strong><\/p>\n\n\n\n<p><a href=\"https:\/\/www.bonde.com.br\/educacao\/feira-de-profissoes-da-uel-atrai-milhares-de-estudantes-do-ensino-medio\" target=\"_blank\" rel=\"noreferrer noopener\">Feira de Profiss\u00f5es da UEL atrai milhares de estudantes do Ensino M\u00e9dio<\/a><\/p>\n\n\n\n<p><a href=\"https:\/\/www.bonde.com.br\/bondenews\/feira-das-profissoes-da-uel-deve-atrair-20-mil-estudantes-do-parana-e-sao-paulo\" target=\"_blank\" rel=\"noreferrer noopener\">Feira das Profiss\u00f5es da UEL deve atrair 20 mil estudantes do Paran\u00e1 e S\u00e3o Paulo<\/a><\/p>\n\n\n\n<div style=\"height:20px\" aria-hidden=\"true\" class=\"wp-block-spacer\"><\/div>\n\n\n\n<p><strong>O Perobal<\/strong><\/p>\n\n\n\n<p><a href=\"https:\/\/operobal.uel.br\/institucional\/2025\/07\/01\/mais-de-60-do-publico-inscrito-visita-feira-das-profissoes-nas-primeiras-horas\/\" target=\"_blank\" rel=\"noreferrer noopener\">Mais de 60% do p\u00fablico inscrito visita Feira das Profiss\u00f5es nas primeiras horas<\/a><br><em>Feira coincidiu com a abertura das inscri\u00e7\u00f5es do Vestibular, que ser\u00e1 realizado em 26 e 27 de outubro. Inscri\u00e7\u00f5es v\u00e3o at\u00e9 14 de agosto<\/em><\/p>\n\n\n\n<p><a href=\"https:\/\/operobal.uel.br\/eventos\/2025\/06\/29\/uel-recebe-mais-de-20-mil-visitantes-na-13a-feira-de-profissoes\/\" target=\"_blank\" rel=\"noreferrer noopener\">Feira das Profiss\u00f5es atrai milhares de estudantes para o Campus Universit\u00e1rio nesta ter\u00e7a (1\u00ba)<\/a><br><em>Evento faz parte da programa\u00e7\u00e3o oficial do anivers\u00e1rio de 55 anos da universidade<\/em><\/p>\n\n\n\n<p><a href=\"https:\/\/operobal.uel.br\/eventos\/2025\/06\/09\/inscricoes-para-a-feira-das-profissoes-de-2025-permanecem-abertas-ate-20-de-junho\/\" target=\"_blank\" rel=\"noreferrer noopener\">Inscri\u00e7\u00f5es para a Feira das Profiss\u00f5es de 2025 permanecem abertas at\u00e9 20 de junho<\/a><br><em>Marcado para o dia primeiro de junho o evento permite inscri\u00e7\u00f5es de visitantes de institui\u00e7\u00f5es de ensino at\u00e9 o dia 20 deste m\u00eas.<\/em><\/p>\n\n\n\n<div style=\"height:20px\" aria-hidden=\"true\" class=\"wp-block-spacer\"><\/div>\n\n\n\n<p><strong>R\u00e1dio UEL<\/strong><\/p>\n\n\n\n<p><a href=\"https:\/\/radio.uel.br\/boletim-do-meio-dia\/uel-recebe-hoje-milhares-de-estudantes-na-13a-feira-das-profissoes\/2025\/07\/01\" target=\"_blank\" rel=\"noreferrer noopener\">UEL recebe hoje milhares de estudantes na 13\u00aa Feira das Profiss\u00f5es<\/a><\/p>\n\n\n\n<div style=\"height:20px\" aria-hidden=\"true\" class=\"wp-block-spacer\"><\/div>\n\n\n\n<p class=\"has-text-align-center has-verde-claro-background-color has-background\"><strong>A Coordena\u00e7\u00e3o Geral da Feira das Profiss\u00f5es, agradece a todos os docentes, estudantes, funcion\u00e1rios, estagi\u00e1rios e visitantes, que contribu\u00edram para a composi\u00e7\u00e3o de nossa Galeria de Fotos e V\u00eddeos. <\/strong><\/p>\n\n\n\n<p><\/p>\n","protected":false},"excerpt":{"rendered":"<p>Fotos e V\u00eddeos Galeria 01 Cr\u00e9ditos: Docentes, Funcion\u00e1rios e Estudantes da UEL M\u00eddia Televisiva, R\u00e1dio e Jornal RPC Londrina\/Paran\u00e1 UEL abre inscri\u00e7\u00f5es para o Vestibular 2026 com mudan\u00e7as nas provas e mais de 3 mil vagasSele\u00e7\u00e3o ser\u00e1 em fase \u00fanica nos dias 26 e 27 de outubro. Universidade tamb\u00e9m realiza Feira de Profiss\u00f5es com a [&hellip;]<\/p>\n","protected":false},"author":8,"featured_media":0,"parent":0,"menu_order":0,"comment_status":"closed","ping_status":"closed","template":"","meta":{"_themeisle_gutenberg_block_has_review":false,"footnotes":""},"class_list":["post-5142","page","type-page","status-publish","hentry"],"_links":{"self":[{"href":"https:\/\/sites.uel.br\/feira\/wp-json\/wp\/v2\/pages\/5142","targetHints":{"allow":["GET"]}}],"collection":[{"href":"https:\/\/sites.uel.br\/feira\/wp-json\/wp\/v2\/pages"}],"about":[{"href":"https:\/\/sites.uel.br\/feira\/wp-json\/wp\/v2\/types\/page"}],"author":[{"embeddable":true,"href":"https:\/\/sites.uel.br\/feira\/wp-json\/wp\/v2\/users\/8"}],"replies":[{"embeddable":true,"href":"https:\/\/sites.uel.br\/feira\/wp-json\/wp\/v2\/comments?post=5142"}],"version-history":[{"count":9,"href":"https:\/\/sites.uel.br\/feira\/wp-json\/wp\/v2\/pages\/5142\/revisions"}],"predecessor-version":[{"id":5154,"href":"https:\/\/sites.uel.br\/feira\/wp-json\/wp\/v2\/pages\/5142\/revisions\/5154"}],"wp:attachment":[{"href":"https:\/\/sites.uel.br\/feira\/wp-json\/wp\/v2\/media?parent=5142"}],"curies":[{"name":"wp","href":"https:\/\/api.w.org\/{rel}","templated":true}]}}