{"id":4843,"date":"2024-08-15T14:40:01","date_gmt":"2024-08-15T17:40:01","guid":{"rendered":"https:\/\/sites.uel.br\/feira\/?page_id=4843"},"modified":"2026-02-12T12:48:57","modified_gmt":"2026-02-12T15:48:57","slug":"objetivos","status":"publish","type":"page","link":"https:\/\/sites.uel.br\/feira\/objetivos\/","title":{"rendered":"Objetivos"},"content":{"rendered":"\n<hr class=\"wp-block-separator has-alpha-channel-opacity is-style-wide\" \/>\n\n\n\n<p><strong>P\u00daBLICO:<\/strong><\/p>\n\n\n\n<p>Estudantes do ensino m\u00e9dio e comunidade em geral.<\/p>\n\n\n\n<div style=\"height:20px\" aria-hidden=\"true\" class=\"wp-block-spacer\"><\/div>\n\n\n\n<p><strong>OBJETIVOS:<\/strong><\/p>\n\n\n\n<p>&#8211; Divulgar os cursos de gradua\u00e7\u00e3o da UEL e, desse modo, orientar os estudantes do ensino m\u00e9dio para a escolha profissional inerente \u00e0 gradua\u00e7\u00e3o que pretendem cursar;<\/p>\n\n\n\n<p>&#8211; Disseminar os sistemas de acesso aos cursos superiores da UEL e aos diversos servi\u00e7os que acompanham e auxiliam o estudante ingressante na sua chegada \u00e0 UEL e durante sua vida universit\u00e1ria;<\/p>\n\n\n\n<p>&#8211; Proporcionar aos estudantes de ensino m\u00e9dio uma vis\u00e3o abrangente do funcionamento da UEL, em seus m\u00faltiplos espa\u00e7os acad\u00eamicos e administrativos.<\/p>\n","protected":false},"excerpt":{"rendered":"<p>P\u00daBLICO: Estudantes do ensino m\u00e9dio e comunidade em geral. OBJETIVOS: &#8211; Divulgar os cursos de gradua\u00e7\u00e3o da UEL e, desse modo, orientar os estudantes do ensino m\u00e9dio para a escolha profissional inerente \u00e0 gradua\u00e7\u00e3o que pretendem cursar; &#8211; Disseminar os sistemas de acesso aos cursos superiores da UEL e aos diversos servi\u00e7os que acompanham e [&hellip;]<\/p>\n","protected":false},"author":8,"featured_media":0,"parent":0,"menu_order":0,"comment_status":"closed","ping_status":"closed","template":"","meta":{"_themeisle_gutenberg_block_has_review":false,"footnotes":""},"class_list":["post-4843","page","type-page","status-publish","hentry"],"_links":{"self":[{"href":"https:\/\/sites.uel.br\/feira\/wp-json\/wp\/v2\/pages\/4843","targetHints":{"allow":["GET"]}}],"collection":[{"href":"https:\/\/sites.uel.br\/feira\/wp-json\/wp\/v2\/pages"}],"about":[{"href":"https:\/\/sites.uel.br\/feira\/wp-json\/wp\/v2\/types\/page"}],"author":[{"embeddable":true,"href":"https:\/\/sites.uel.br\/feira\/wp-json\/wp\/v2\/users\/8"}],"replies":[{"embeddable":true,"href":"https:\/\/sites.uel.br\/feira\/wp-json\/wp\/v2\/comments?post=4843"}],"version-history":[{"count":6,"href":"https:\/\/sites.uel.br\/feira\/wp-json\/wp\/v2\/pages\/4843\/revisions"}],"predecessor-version":[{"id":5165,"href":"https:\/\/sites.uel.br\/feira\/wp-json\/wp\/v2\/pages\/4843\/revisions\/5165"}],"wp:attachment":[{"href":"https:\/\/sites.uel.br\/feira\/wp-json\/wp\/v2\/media?parent=4843"}],"curies":[{"name":"wp","href":"https:\/\/api.w.org\/{rel}","templated":true}]}}