{"id":3905,"date":"2023-08-14T16:23:06","date_gmt":"2023-08-14T19:23:06","guid":{"rendered":"https:\/\/sites.uel.br\/feira\/?page_id=3905"},"modified":"2026-05-12T08:52:23","modified_gmt":"2026-05-12T11:52:23","slug":"feira-profissoes-2023","status":"publish","type":"page","link":"https:\/\/sites.uel.br\/feira\/","title":{"rendered":""},"content":{"rendered":"\n<figure class=\"wp-block-image size-large\"><img decoding=\"async\" src=\"https:\/\/sites.uel.br\/feira\/wp-content\/uploads\/img\/2026\/banner_feira_profissoes_2026.png\" alt=\"\" \/><\/figure>\n\n\n\n<div style=\"height:15px\" aria-hidden=\"true\" class=\"wp-block-spacer\"><\/div>\n\n\n\n<p class=\"has-text-align-center\">A <strong>14\u00aa Feira das Profiss\u00f5es da Universidade Estadual de Londrina<\/strong>, ser\u00e1 realizada no dia <strong>1\u00ba de julho de 2026<\/strong> (quarta-feira), no campus da UEL.<\/p>\n\n\n\n<p class=\"has-text-align-center\">O evento tem como objetivo promover uma aproxima\u00e7\u00e3o dos estudantes do Ensino M\u00e9dio e comunidade externa \u00e0 Universidade Estadual de Londrina e seus cursos de gradua\u00e7\u00e3o, colaborando para a escolha profissional dos que pretendem prestar o Vestibular UEL 2027.<\/p>\n\n\n\n<div style=\"height:15px\" aria-hidden=\"true\" class=\"wp-block-spacer\"><\/div>\n\n\n\n<p class=\"has-text-align-center has-verde-claro-background-color has-background\"><strong>A Feira das Profiss\u00f5es \u00e9 um evento aberto, p\u00fablico e gratuito, portanto tamb\u00e9m s\u00e3o permitidas visitas individuais, com familiares ou amigos.<\/strong><\/p>\n\n\n\n<div style=\"height:15px\" aria-hidden=\"true\" class=\"wp-block-spacer\"><\/div>\n\n\n\n<div style=\"height:15px\" aria-hidden=\"true\" class=\"wp-block-spacer\"><\/div>\n\n\n\n<hr class=\"wp-block-separator has-text-color has-cinza-color has-css-opacity has-cinza-background-color has-background is-style-wide\" \/>\n\n\n\n<div style=\"height:15px\" aria-hidden=\"true\" class=\"wp-block-spacer\"><\/div>\n\n\n\n<div class=\"wp-block-columns is-layout-flex wp-container-core-columns-is-layout-9d6595d7 wp-block-columns-is-layout-flex\">\n<div class=\"wp-block-column is-layout-flow wp-block-column-is-layout-flow\">\n<figure class=\"wp-block-image size-large\"><a href=\"https:\/\/sites.uel.br\/feira\/agendamento\/\"><img decoding=\"async\" src=\"https:\/\/sites.uel.br\/feira\/wp-content\/uploads\/img\/2026\/agendamento_de_escolas.png\" alt=\"\" \/><\/a><\/figure>\n<\/div>\n\n\n\n<div class=\"wp-block-column is-layout-flow wp-block-column-is-layout-flow\">\n<figure class=\"wp-block-image size-large\"><a href=\"https:\/\/sites.uel.br\/feira\/conheca-os-cursos-de-graduacao-da-uel\/\"><img decoding=\"async\" src=\"https:\/\/sites.uel.br\/feira\/wp-content\/uploads\/img\/2026\/conheca_os_cursos.png\" alt=\"\" style=\"object-fit:cover\" \/><\/a><\/figure>\n<\/div>\n\n\n\n<div class=\"wp-block-column is-layout-flow wp-block-column-is-layout-flow\">\n<figure class=\"wp-block-image size-large\"><a href=\"https:\/\/sites.uel.br\/feira\/egresso-voluntario\/\"><img decoding=\"async\" src=\"https:\/\/sites.uel.br\/feira\/wp-content\/uploads\/img\/2026\/campanha_egresso_voluntario.png\" alt=\"\" \/><\/a><\/figure>\n<\/div>\n\n\n\n<div class=\"wp-block-column is-layout-flow wp-block-column-is-layout-flow\">\n<figure class=\"wp-block-image size-large\"><a href=\"https:\/\/sites.uel.br\/feira\/unidades-para-visitacao\/\"><img decoding=\"async\" src=\"https:\/\/sites.uel.br\/feira\/wp-content\/uploads\/img\/2026\/unidades_para_visitacao.png\" alt=\"\" \/><\/a><\/figure>\n<\/div>\n<\/div>\n\n\n\n<div class=\"wp-block-columns is-layout-flex wp-container-core-columns-is-layout-9d6595d7 wp-block-columns-is-layout-flex\">\n<div class=\"wp-block-column is-layout-flow wp-block-column-is-layout-flow\">\n<figure class=\"wp-block-image size-large\"><a href=\"https:\/\/sites.uel.br\/feira\/como-chegar\/\"><img decoding=\"async\" src=\"https:\/\/sites.uel.br\/feira\/wp-content\/uploads\/img\/2026\/como_chegar.png\" alt=\"\" style=\"object-fit:cover\" \/><\/a><\/figure>\n<\/div>\n\n\n\n<div class=\"wp-block-column is-layout-flow wp-block-column-is-layout-flow\">\n<figure class=\"wp-block-image size-large\"><a href=\"https:\/\/sites.uel.br\/feira\/telefones-importantes\/\"><img decoding=\"async\" src=\"https:\/\/sites.uel.br\/feira\/wp-content\/uploads\/img\/2026\/telefones_importantes.png\" alt=\"\" \/><\/a><\/figure>\n<\/div>\n\n\n\n<div class=\"wp-block-column is-layout-flow wp-block-column-is-layout-flow\">\n<figure class=\"wp-block-image size-large\"><a href=\"https:\/\/sites.uel.br\/feira\/galeria\/\"><img decoding=\"async\" src=\"https:\/\/sites.uel.br\/feira\/wp-content\/uploads\/img\/2026\/galeria.png\" alt=\"\" \/><\/a><\/figure>\n<\/div>\n\n\n\n<div class=\"wp-block-column is-layout-flow wp-block-column-is-layout-flow\">\n<figure class=\"wp-block-image size-large\"><a href=\"https:\/\/sites.uel.br\/feira\/fale_conosco\/\"><img decoding=\"async\" src=\"https:\/\/sites.uel.br\/feira\/wp-content\/uploads\/img\/2026\/contato.png\" alt=\"\" \/><\/a><\/figure>\n<\/div>\n<\/div>\n\n\n\n<hr class=\"wp-block-separator has-text-color has-cinza-color has-css-opacity has-cinza-background-color has-background is-style-wide\" \/>\n\n\n<div class=\"wp-block-image\">\n<figure class=\"aligncenter size-large\"><a href=\"https:\/\/sites.uel.br\/vestibular\/\" target=\"_blank\" rel=\" noreferrer noopener\"><img decoding=\"async\" src=\"https:\/\/sites.uel.br\/feira\/wp-content\/uploads\/img\/2026\/banner_inscricoes_vestibular_2027.png\" alt=\"\" \/><\/a><\/figure>\n<\/div>\n\n\n<p class=\"has-text-align-center has-text-color\" style=\"color:#ff950c\"><\/p>\n\n\n\n<figure class=\"wp-block-image size-large is-resized\"><a href=\"https:\/\/uel.br\/\" target=\"_blank\" rel=\"noreferrer noopener\"><img loading=\"lazy\" decoding=\"async\" width=\"1024\" height=\"534\" src=\"https:\/\/sites.uel.br\/feira\/wp-content\/uploads\/2024\/07\/uel-geral1-1024x534.png\" alt=\"\" class=\"wp-image-4638\" style=\"width:1063px;height:auto\" srcset=\"https:\/\/sites.uel.br\/feira\/wp-content\/uploads\/2024\/07\/uel-geral1-1024x534.png 1024w, https:\/\/sites.uel.br\/feira\/wp-content\/uploads\/2024\/07\/uel-geral1-300x156.png 300w, https:\/\/sites.uel.br\/feira\/wp-content\/uploads\/2024\/07\/uel-geral1-768x400.png 768w, https:\/\/sites.uel.br\/feira\/wp-content\/uploads\/2024\/07\/uel-geral1.png 1038w\" sizes=\"auto, (max-width: 1024px) 100vw, 1024px\" \/><\/a><\/figure>\n\n\n\n<p class=\"has-text-align-center has-text-color\" style=\"color:#ff950c\"><strong>ESTUDE EM UMA DAS UNIVERSIDADES MAIS RENOMADAS DO PA\u00cdS.<\/strong><\/p>\n\n\n\n<p class=\"has-text-align-center has-text-color\" style=\"color:#ff950c\"><strong>A UEL ESPERA POR VOC\u00ca!<\/strong><\/p>\n\n\n<div class=\"wp-block-image\">\n<figure class=\"aligncenter size-full is-resized\"><a href=\"https:\/\/sites.uel.br\/contraoracismo\/\" target=\"_blank\" rel=\"noreferrer noopener\"><img loading=\"lazy\" decoding=\"async\" width=\"1024\" height=\"281\" src=\"https:\/\/sites.uel.br\/feira\/wp-content\/uploads\/2023\/08\/banner_uel_luta_contra_racismo.jpg\" alt=\"\" class=\"wp-image-4414\" style=\"width:1070px;height:auto\" srcset=\"https:\/\/sites.uel.br\/feira\/wp-content\/uploads\/2023\/08\/banner_uel_luta_contra_racismo.jpg 1024w, https:\/\/sites.uel.br\/feira\/wp-content\/uploads\/2023\/08\/banner_uel_luta_contra_racismo-300x82.jpg 300w, https:\/\/sites.uel.br\/feira\/wp-content\/uploads\/2023\/08\/banner_uel_luta_contra_racismo-768x211.jpg 768w\" sizes=\"auto, (max-width: 1024px) 100vw, 1024px\" \/><\/a><\/figure>\n<\/div>\n\n\n<p><\/p>\n","protected":false},"excerpt":{"rendered":"<p>A 14\u00aa Feira das Profiss\u00f5es da Universidade Estadual de Londrina, ser\u00e1 realizada no dia 1\u00ba de julho de 2026 (quarta-feira), no campus da UEL. O evento tem como objetivo promover uma aproxima\u00e7\u00e3o dos estudantes do Ensino M\u00e9dio e comunidade externa \u00e0 Universidade Estadual de Londrina e seus cursos de gradua\u00e7\u00e3o, colaborando para a escolha profissional [&hellip;]<\/p>\n","protected":false},"author":8,"featured_media":0,"parent":0,"menu_order":0,"comment_status":"closed","ping_status":"closed","template":"","meta":{"_themeisle_gutenberg_block_has_review":false,"footnotes":""},"class_list":["post-3905","page","type-page","status-publish","hentry"],"_links":{"self":[{"href":"https:\/\/sites.uel.br\/feira\/wp-json\/wp\/v2\/pages\/3905","targetHints":{"allow":["GET"]}}],"collection":[{"href":"https:\/\/sites.uel.br\/feira\/wp-json\/wp\/v2\/pages"}],"about":[{"href":"https:\/\/sites.uel.br\/feira\/wp-json\/wp\/v2\/types\/page"}],"author":[{"embeddable":true,"href":"https:\/\/sites.uel.br\/feira\/wp-json\/wp\/v2\/users\/8"}],"replies":[{"embeddable":true,"href":"https:\/\/sites.uel.br\/feira\/wp-json\/wp\/v2\/comments?post=3905"}],"version-history":[{"count":159,"href":"https:\/\/sites.uel.br\/feira\/wp-json\/wp\/v2\/pages\/3905\/revisions"}],"predecessor-version":[{"id":5222,"href":"https:\/\/sites.uel.br\/feira\/wp-json\/wp\/v2\/pages\/3905\/revisions\/5222"}],"wp:attachment":[{"href":"https:\/\/sites.uel.br\/feira\/wp-json\/wp\/v2\/media?parent=3905"}],"curies":[{"name":"wp","href":"https:\/\/api.w.org\/{rel}","templated":true}]}}