{"id":37,"date":"2021-08-27T10:25:49","date_gmt":"2021-08-27T13:25:49","guid":{"rendered":"https:\/\/sites.uel.br\/feira\/?page_id=37"},"modified":"2023-08-25T10:49:01","modified_gmt":"2023-08-25T13:49:01","slug":"biblioteconomia","status":"publish","type":"page","link":"https:\/\/sites.uel.br\/feira\/biblioteconomia\/","title":{"rendered":"Biblioteconomia"},"content":{"rendered":"\n<p>(Centro de Educa\u00e7\u00e3o, Comunica\u00e7\u00e3o e Artes \u2013 CECA)<\/p>\n\n\n\n<hr class=\"wp-block-separator has-alpha-channel-opacity is-style-wide\" \/>\n\n\n\n<p><\/p>\n\n\n\n<figure class=\"wp-block-image size-full\"><img loading=\"lazy\" decoding=\"async\" width=\"1600\" height=\"439\" src=\"https:\/\/sites.uel.br\/feira\/wp-content\/uploads\/2023\/08\/banner_feira_profissoes_2023.png\" alt=\"\" class=\"wp-image-3056\" srcset=\"https:\/\/sites.uel.br\/feira\/wp-content\/uploads\/2023\/08\/banner_feira_profissoes_2023.png 1600w, https:\/\/sites.uel.br\/feira\/wp-content\/uploads\/2023\/08\/banner_feira_profissoes_2023-300x82.png 300w, https:\/\/sites.uel.br\/feira\/wp-content\/uploads\/2023\/08\/banner_feira_profissoes_2023-1024x281.png 1024w, https:\/\/sites.uel.br\/feira\/wp-content\/uploads\/2023\/08\/banner_feira_profissoes_2023-768x211.png 768w, https:\/\/sites.uel.br\/feira\/wp-content\/uploads\/2023\/08\/banner_feira_profissoes_2023-1536x421.png 1536w\" sizes=\"auto, (max-width: 1600px) 100vw, 1600px\" \/><\/figure>\n\n\n\n<p class=\"has-text-align-left\"><\/p>\n\n\n\n<figure class=\"wp-block-image size-full\"><a href=\"https:\/\/www.uel.br\/prograd\/catalogo-cursos\/catalogo_2023\/organizacao_curricular\/biblioteconomia.pdf\" target=\"_blank\" rel=\"noreferrer noopener\"><img loading=\"lazy\" decoding=\"async\" width=\"1654\" height=\"2339\" src=\"https:\/\/sites.uel.br\/feira\/wp-content\/uploads\/2023\/08\/catalogo_cursos_biblioteconomia.png\" alt=\"\" class=\"wp-image-4223\" srcset=\"https:\/\/sites.uel.br\/feira\/wp-content\/uploads\/2023\/08\/catalogo_cursos_biblioteconomia.png 1654w, https:\/\/sites.uel.br\/feira\/wp-content\/uploads\/2023\/08\/catalogo_cursos_biblioteconomia-212x300.png 212w, https:\/\/sites.uel.br\/feira\/wp-content\/uploads\/2023\/08\/catalogo_cursos_biblioteconomia-724x1024.png 724w, https:\/\/sites.uel.br\/feira\/wp-content\/uploads\/2023\/08\/catalogo_cursos_biblioteconomia-768x1086.png 768w, https:\/\/sites.uel.br\/feira\/wp-content\/uploads\/2023\/08\/catalogo_cursos_biblioteconomia-1086x1536.png 1086w, https:\/\/sites.uel.br\/feira\/wp-content\/uploads\/2023\/08\/catalogo_cursos_biblioteconomia-1448x2048.png 1448w\" sizes=\"auto, (max-width: 1654px) 100vw, 1654px\" \/><\/a><\/figure>\n\n\n\n<hr class=\"wp-block-separator has-css-opacity\" \/>\n\n\n\n<p class=\"has-text-align-center\"><strong>Saiba mais sobre o Curso de Biblioteconomia<br><\/strong><a rel=\"noreferrer noopener\" href=\"http:\/\/www.uel.br\/prograd\/documentos\/resolucoes\/2022\/resolucao_47_22.pdf\" target=\"_blank\">acesse aqui<\/a><\/p>\n","protected":false},"excerpt":{"rendered":"<p>(Centro de Educa\u00e7\u00e3o, Comunica\u00e7\u00e3o e Artes \u2013 CECA) Saiba mais sobre o Curso de Biblioteconomiaacesse aqui<\/p>\n","protected":false},"author":8,"featured_media":0,"parent":0,"menu_order":0,"comment_status":"closed","ping_status":"closed","template":"","meta":{"_themeisle_gutenberg_block_has_review":false,"footnotes":""},"class_list":["post-37","page","type-page","status-publish","hentry"],"_links":{"self":[{"href":"https:\/\/sites.uel.br\/feira\/wp-json\/wp\/v2\/pages\/37","targetHints":{"allow":["GET"]}}],"collection":[{"href":"https:\/\/sites.uel.br\/feira\/wp-json\/wp\/v2\/pages"}],"about":[{"href":"https:\/\/sites.uel.br\/feira\/wp-json\/wp\/v2\/types\/page"}],"author":[{"embeddable":true,"href":"https:\/\/sites.uel.br\/feira\/wp-json\/wp\/v2\/users\/8"}],"replies":[{"embeddable":true,"href":"https:\/\/sites.uel.br\/feira\/wp-json\/wp\/v2\/comments?post=37"}],"version-history":[{"count":47,"href":"https:\/\/sites.uel.br\/feira\/wp-json\/wp\/v2\/pages\/37\/revisions"}],"predecessor-version":[{"id":4279,"href":"https:\/\/sites.uel.br\/feira\/wp-json\/wp\/v2\/pages\/37\/revisions\/4279"}],"wp:attachment":[{"href":"https:\/\/sites.uel.br\/feira\/wp-json\/wp\/v2\/media?parent=37"}],"curies":[{"name":"wp","href":"https:\/\/api.w.org\/{rel}","templated":true}]}}