{"id":2850,"date":"2023-05-18T15:51:41","date_gmt":"2023-05-18T18:51:41","guid":{"rendered":"https:\/\/sites.uel.br\/feira\/?page_id=2850"},"modified":"2023-06-29T14:43:01","modified_gmt":"2023-06-29T17:43:01","slug":"galeria-feira-das-profissoes-uel-2018","status":"publish","type":"page","link":"https:\/\/sites.uel.br\/feira\/galeria-feira-das-profissoes-uel-2018\/","title":{"rendered":"Galeria (7\u00aa Feira das Profiss\u00f5es UEL 2018)"},"content":{"rendered":"\n<hr class=\"wp-block-separator has-alpha-channel-opacity is-style-wide\" \/>\n\n\n<div class=\"wp-block-image\">\n<figure class=\"aligncenter size-full\"><img loading=\"lazy\" decoding=\"async\" width=\"569\" height=\"805\" src=\"https:\/\/sites.uel.br\/feira\/wp-content\/uploads\/2023\/05\/cartaz_vii_feira_profissoes_site.jpg\" alt=\"\" class=\"wp-image-2875\" srcset=\"https:\/\/sites.uel.br\/feira\/wp-content\/uploads\/2023\/05\/cartaz_vii_feira_profissoes_site.jpg 569w, https:\/\/sites.uel.br\/feira\/wp-content\/uploads\/2023\/05\/cartaz_vii_feira_profissoes_site-212x300.jpg 212w\" sizes=\"auto, (max-width: 569px) 100vw, 569px\" \/><\/figure>\n<\/div>\n\n\n<h2 class=\"wp-block-heading\">ACESSE FOTOS, V\u00cdDEOS E NOT\u00cdCIAS DA VII FEIRA DAS PROFISS\u00d5ES<\/h2>\n\n\n\n<div class=\"wp-block-columns is-layout-flex wp-container-core-columns-is-layout-9d6595d7 wp-block-columns-is-layout-flex\">\n<div class=\"wp-block-column is-layout-flow wp-block-column-is-layout-flow\"><div class=\"wp-block-image\">\n<figure class=\"aligncenter size-full\"><a href=\"https:\/\/www.facebook.com\/events\/1936646149889341\/\" target=\"_blank\" rel=\"noreferrer noopener\"><img loading=\"lazy\" decoding=\"async\" width=\"32\" height=\"32\" src=\"https:\/\/sites.uel.br\/feira\/wp-content\/uploads\/2023\/05\/facebook.png\" alt=\"\" class=\"wp-image-2886\" \/><\/a><\/figure>\n<\/div>\n\n\n<p class=\"has-text-align-center\"><strong>Not\u00edcias e Fotos<\/strong><\/p>\n<\/div>\n\n\n\n<div class=\"wp-block-column is-layout-flow wp-block-column-is-layout-flow\"><div class=\"wp-block-image\">\n<figure class=\"aligncenter size-full\"><a href=\"https:\/\/drive.google.com\/open?id=1C80q9UKl4bvWjYasd6Ne6xWDivANbtYV\" target=\"_blank\" rel=\"noreferrer noopener\"><img loading=\"lazy\" decoding=\"async\" width=\"32\" height=\"32\" src=\"https:\/\/sites.uel.br\/feira\/wp-content\/uploads\/2023\/05\/google_drive.png\" alt=\"\" class=\"wp-image-2887\" \/><\/a><\/figure>\n<\/div>\n\n\n<p class=\"has-text-align-center\"><strong>(Galeria 01)<\/strong><\/p>\n\n\n\n<p class=\"has-text-align-center\">Cr\u00e9ditos:<br>Ana M\u00e1rcia Carvalho, Maria Elisa Cestari, Marta Favaro<\/p>\n<\/div>\n\n\n\n<div class=\"wp-block-column is-layout-flow wp-block-column-is-layout-flow\"><div class=\"wp-block-image\">\n<figure class=\"aligncenter size-full\"><a href=\"https:\/\/drive.google.com\/open?id=1n5UJXdiSmJOGfAnAYZmw8AisbQ32Vf9o\" target=\"_blank\" rel=\"noreferrer noopener\"><img loading=\"lazy\" decoding=\"async\" width=\"32\" height=\"32\" src=\"https:\/\/sites.uel.br\/feira\/wp-content\/uploads\/2023\/05\/google_drive.png\" alt=\"\" class=\"wp-image-2887\" \/><\/a><\/figure>\n<\/div>\n\n\n<p class=\"has-text-align-center\"><strong>(Galeria 02)<\/strong><\/p>\n\n\n\n<p class=\"has-text-align-center\">Cr\u00e9ditos:<br>Gilberto Abelha<\/p>\n<\/div>\n<\/div>\n","protected":false},"excerpt":{"rendered":"<p>ACESSE FOTOS, V\u00cdDEOS E NOT\u00cdCIAS DA VII FEIRA DAS PROFISS\u00d5ES Not\u00edcias e Fotos (Galeria 01) Cr\u00e9ditos:Ana M\u00e1rcia Carvalho, Maria Elisa Cestari, Marta Favaro (Galeria 02) Cr\u00e9ditos:Gilberto Abelha<\/p>\n","protected":false},"author":8,"featured_media":0,"parent":0,"menu_order":0,"comment_status":"closed","ping_status":"closed","template":"","meta":{"_themeisle_gutenberg_block_has_review":false,"footnotes":""},"class_list":["post-2850","page","type-page","status-publish","hentry"],"_links":{"self":[{"href":"https:\/\/sites.uel.br\/feira\/wp-json\/wp\/v2\/pages\/2850","targetHints":{"allow":["GET"]}}],"collection":[{"href":"https:\/\/sites.uel.br\/feira\/wp-json\/wp\/v2\/pages"}],"about":[{"href":"https:\/\/sites.uel.br\/feira\/wp-json\/wp\/v2\/types\/page"}],"author":[{"embeddable":true,"href":"https:\/\/sites.uel.br\/feira\/wp-json\/wp\/v2\/users\/8"}],"replies":[{"embeddable":true,"href":"https:\/\/sites.uel.br\/feira\/wp-json\/wp\/v2\/comments?post=2850"}],"version-history":[{"count":13,"href":"https:\/\/sites.uel.br\/feira\/wp-json\/wp\/v2\/pages\/2850\/revisions"}],"predecessor-version":[{"id":2960,"href":"https:\/\/sites.uel.br\/feira\/wp-json\/wp\/v2\/pages\/2850\/revisions\/2960"}],"wp:attachment":[{"href":"https:\/\/sites.uel.br\/feira\/wp-json\/wp\/v2\/media?parent=2850"}],"curies":[{"name":"wp","href":"https:\/\/api.w.org\/{rel}","templated":true}]}}