{"id":2051,"date":"2022-08-03T13:56:37","date_gmt":"2022-08-03T16:56:37","guid":{"rendered":"https:\/\/sites.uel.br\/feira\/?page_id=2051"},"modified":"2025-05-22T16:21:53","modified_gmt":"2025-05-22T19:21:53","slug":"como-chegar","status":"publish","type":"page","link":"https:\/\/sites.uel.br\/feira\/como-chegar\/","title":{"rendered":"Como Chegar"},"content":{"rendered":"\n<hr class=\"wp-block-separator has-alpha-channel-opacity is-style-wide\" \/>\n\n\n\n<figure class=\"wp-block-image size-full\"><img loading=\"lazy\" decoding=\"async\" width=\"1536\" height=\"421\" src=\"https:\/\/sites.uel.br\/feira\/wp-content\/uploads\/2025\/05\/banner_feira_profissoes_2025-1.png\" alt=\"\" class=\"wp-image-4987\" srcset=\"https:\/\/sites.uel.br\/feira\/wp-content\/uploads\/2025\/05\/banner_feira_profissoes_2025-1.png 1536w, https:\/\/sites.uel.br\/feira\/wp-content\/uploads\/2025\/05\/banner_feira_profissoes_2025-1-300x82.png 300w, https:\/\/sites.uel.br\/feira\/wp-content\/uploads\/2025\/05\/banner_feira_profissoes_2025-1-1024x281.png 1024w, https:\/\/sites.uel.br\/feira\/wp-content\/uploads\/2025\/05\/banner_feira_profissoes_2025-1-768x211.png 768w\" sizes=\"auto, (max-width: 1536px) 100vw, 1536px\" \/><\/figure>\n\n\n\n<p class=\"has-text-align-center\">Universidade Estadual de Londrina<br>Rodovia Celso Garcia Cid | PR 445 Km 380 | Campus Universit\u00e1rio<br>Londrina &#8211; PR<\/p>\n\n\n\n<p class=\"has-text-align-center\"><strong>FA\u00c7A SEU TRAJETO PARA A UEL<\/strong><\/p>\n\n\n<div class=\"wp-block-image\">\n<figure class=\"aligncenter size-full\"><a href=\"https:\/\/www.google.com.br\/maps\/place\/Universidade+Estadual+de+Londrina\/@-23.3242524,-51.1990142,17z\/data=!3m1!4b1!4m5!3m4!1s0x94eb5ca6a7aa0ad7:0x8cd1fb9730cff6b!8m2!3d-23.3242573!4d-51.1968255\" target=\"_blank\" rel=\"noreferrer noopener\"><img loading=\"lazy\" decoding=\"async\" width=\"150\" height=\"150\" src=\"https:\/\/sites.uel.br\/feira\/wp-content\/uploads\/2022\/08\/google-maps-icone_150.png\" alt=\"\" class=\"wp-image-2077\" \/><\/a><\/figure>\n<\/div>\n\n\n<div style=\"height:35px\" aria-hidden=\"true\" class=\"wp-block-spacer\"><\/div>\n\n\n\n<p class=\"has-text-align-center\"><strong>ESTACIONAMENTO DO RESTAURANTE UNIVERSIT\u00c1RIO<\/strong><\/p>\n\n\n\n<p class=\"has-text-align-center has-laranja-destaque-color has-text-color\"><\/p>\n\n\n<div class=\"wp-block-image\">\n<figure class=\"aligncenter size-full\"><a href=\"https:\/\/www.google.com.br\/maps\/place\/Restaurante+Universit%C3%A1rio+UEL\/@-23.3250147,-51.2036182,17z\/data=!3m1!4b1!4m5!3m4!1s0x94eb5c9febeaff3d:0x556789816919e567!8m2!3d-23.3250196!4d-51.2014295\" target=\"_blank\" rel=\"noreferrer noopener\"><img loading=\"lazy\" decoding=\"async\" width=\"150\" height=\"150\" src=\"https:\/\/sites.uel.br\/feira\/wp-content\/uploads\/2022\/08\/google-maps-icone_150.png\" alt=\"\" class=\"wp-image-2077\" \/><\/a><\/figure>\n<\/div>\n\n\n<p class=\"has-text-align-center has-laranja-destaque-color has-text-color\"><strong>Obs: \u00d4nibus e Vans devem estacionar no estacionamento do Restaurante Universit\u00e1rio no campus da UEL<\/strong><\/p>\n\n\n\n<div style=\"height:35px\" aria-hidden=\"true\" class=\"wp-block-spacer\"><\/div>\n\n\n\n<p class=\"has-text-align-center\"><\/p>\n\n\n\n<p class=\"has-text-align-center\"><\/p>\n\n\n\n<p class=\"has-text-align-center has-background\" style=\"background-color:#d1a799\"><strong>CENTROS DE ESTUDOS<\/strong><\/p>\n\n\n\n<div class=\"wp-block-columns is-layout-flex wp-container-core-columns-is-layout-9d6595d7 wp-block-columns-is-layout-flex\">\n<div class=\"wp-block-column is-layout-flow wp-block-column-is-layout-flow\">\n<div class=\"wp-block-columns is-layout-flex wp-container-core-columns-is-layout-9d6595d7 wp-block-columns-is-layout-flex\">\n<div class=\"wp-block-column is-layout-flow wp-block-column-is-layout-flow\"><div class=\"wp-block-image\">\n<figure class=\"aligncenter size-full\"><a href=\"https:\/\/maps.app.goo.gl\/56SP5ZFDQLVNjL8aA\" target=\"_blank\" rel=\"noreferrer noopener\"><img loading=\"lazy\" decoding=\"async\" width=\"150\" height=\"150\" src=\"https:\/\/sites.uel.br\/feira\/wp-content\/uploads\/2022\/08\/google-maps-icone_150.png\" alt=\"\" class=\"wp-image-2077\" \/><\/a><\/figure>\n<\/div>\n\n\n<p class=\"has-text-align-center\"><strong>CCA<\/strong><br><strong>CENTRO DE CI\u00caNCIAS AGR\u00c1RIAS<\/strong><\/p>\n<\/div>\n\n\n\n<div class=\"wp-block-column is-layout-flow wp-block-column-is-layout-flow\"><div class=\"wp-block-image\">\n<figure class=\"aligncenter size-full\"><a href=\"https:\/\/www.google.com.br\/maps\/place\/CCB+-+Centro+de+Ci%C3%AAncias+Biol%C3%B3gicas\/@-23.3256026,-51.1980742,17z\/data=!3m1!4b1!4m5!3m4!1s0x94eb5ca0e93789e7:0x9ebbef1fc3ae482e!8m2!3d-23.3256075!4d-51.1958855\" target=\"_blank\" rel=\"noreferrer noopener\"><img loading=\"lazy\" decoding=\"async\" width=\"150\" height=\"150\" src=\"https:\/\/sites.uel.br\/feira\/wp-content\/uploads\/2022\/08\/google-maps-icone_150.png\" alt=\"\" class=\"wp-image-2077\" \/><\/a><\/figure>\n<\/div>\n\n\n<p class=\"has-text-align-center\"><strong>CCB<\/strong><br><strong>CENTRO DE CI\u00caNCIAS BIOL\u00d3GICAS<\/strong><\/p>\n<\/div>\n<\/div>\n\n\n\n<div class=\"wp-block-columns is-layout-flex wp-container-core-columns-is-layout-9d6595d7 wp-block-columns-is-layout-flex\">\n<div class=\"wp-block-column is-layout-flow wp-block-column-is-layout-flow\"><div class=\"wp-block-image\">\n<figure class=\"aligncenter size-full\"><a href=\"https:\/\/www.google.com.br\/maps\/place\/CCE+-+Centro+de+Ci%C3%AAncias+Exatas\/@-23.3263514,-51.2038124,17z\/data=!3m1!4b1!4m5!3m4!1s0x94eb5c9fbda47459:0x6238131a3eb5480e!8m2!3d-23.3263563!4d-51.2016237\" target=\"_blank\" rel=\"noreferrer noopener\"><img loading=\"lazy\" decoding=\"async\" width=\"150\" height=\"150\" src=\"https:\/\/sites.uel.br\/feira\/wp-content\/uploads\/2022\/08\/google-maps-icone_150.png\" alt=\"\" class=\"wp-image-2077\" \/><\/a><\/figure>\n<\/div>\n\n\n<p class=\"has-text-align-center\"><strong>CCE<\/strong><br><strong>CENTRO DE CI\u00caNCIAS EXATAS<\/strong><\/p>\n<\/div>\n\n\n\n<div class=\"wp-block-column is-layout-flow wp-block-column-is-layout-flow\"><div class=\"wp-block-image\">\n<figure class=\"aligncenter size-full\"><a href=\"https:\/\/www.google.com.br\/maps\/place\/LABESC+-+Laborat%C3%B3rio+Escola+de+P%C3%B3s-Gradua%C3%A7%C3%A3o\/@-23.3250379,-51.2012514,17z\/data=!3m1!4b1!4m5!3m4!1s0x94eb5ca047803d07:0xb8e1e8570519a3d7!8m2!3d-23.3251233!4d-51.199065\" target=\"_blank\" rel=\"noreferrer noopener\"><img loading=\"lazy\" decoding=\"async\" width=\"150\" height=\"150\" src=\"https:\/\/sites.uel.br\/feira\/wp-content\/uploads\/2022\/08\/google-maps-icone_150.png\" alt=\"\" class=\"wp-image-2077\" \/><\/a><\/figure>\n<\/div>\n\n\n<p class=\"has-text-align-center\"><strong>CCS<\/strong><br><strong>CENTRO DE CI\u00caNCIAS DA SA\u00daDE <\/strong><br><strong>(ser\u00e1 atendido no LABESC &#8211; Laborat\u00f3rio Escola de P\u00f3s-Gradua\u00e7\u00e3o)<\/strong><\/p>\n<\/div>\n<\/div>\n\n\n\n<div class=\"wp-block-columns is-layout-flex wp-container-core-columns-is-layout-9d6595d7 wp-block-columns-is-layout-flex\">\n<div class=\"wp-block-column is-layout-flow wp-block-column-is-layout-flow\"><div class=\"wp-block-image\">\n<figure class=\"aligncenter size-full\"><a href=\"https:\/\/www.google.com.br\/maps\/place\/CECA+-+Centro+de+Educa%C3%A7%C3%A3o,+Comunica%C3%A7%C3%A3o+e+Artes\/@-23.3247685,-51.208646,17z\/data=!3m1!4b1!4m5!3m4!1s0x94eb5b620f955e77:0x5ea71bbe0bc7cbd2!8m2!3d-23.3247734!4d-51.2064573\" target=\"_blank\" rel=\"noreferrer noopener\"><img loading=\"lazy\" decoding=\"async\" width=\"150\" height=\"150\" src=\"https:\/\/sites.uel.br\/feira\/wp-content\/uploads\/2022\/08\/google-maps-icone_150.png\" alt=\"\" class=\"wp-image-2077\" \/><\/a><\/figure>\n<\/div>\n\n\n<p class=\"has-text-align-center\"><strong>CECA<\/strong><br><strong>CENTRO DE EDUCA\u00c7\u00c3O, COMUNICA\u00c7\u00c3O E ARTES<\/strong><\/p>\n<\/div>\n\n\n\n<div class=\"wp-block-column is-layout-flow wp-block-column-is-layout-flow\"><div class=\"wp-block-image\">\n<figure class=\"aligncenter size-full\"><a href=\"https:\/\/www.google.com.br\/maps\/place\/CEFE+-+Centro+de+Educa%C3%A7%C3%A3o+F%C3%ADsica+e+Esporte\/@-23.3232586,-51.2075071,17z\/data=!3m1!4b1!4m5!3m4!1s0x94eb5b622a287f93:0xa24982396ed5c7de!8m2!3d-23.3232635!4d-51.2053184\" target=\"_blank\" rel=\"noreferrer noopener\"><img loading=\"lazy\" decoding=\"async\" width=\"150\" height=\"150\" src=\"https:\/\/sites.uel.br\/feira\/wp-content\/uploads\/2022\/08\/google-maps-icone_150.png\" alt=\"\" class=\"wp-image-2077\" \/><\/a><\/figure>\n<\/div>\n\n\n<p class=\"has-text-align-center\"><strong>CEFE<\/strong><br><strong>CENTRO DE EDUCA\u00c7\u00c3O F\u00cdSICA E ESPORTES<\/strong><\/p>\n<\/div>\n<\/div>\n\n\n\n<div class=\"wp-block-columns is-layout-flex wp-container-core-columns-is-layout-9d6595d7 wp-block-columns-is-layout-flex\">\n<div class=\"wp-block-column is-layout-flow wp-block-column-is-layout-flow\"><div class=\"wp-block-image\">\n<figure class=\"aligncenter size-full\"><a href=\"https:\/\/www.google.com.br\/maps\/place\/CESA+-+Centro+de+Estudos+Sociais+Aplicados\/@-23.326336,-51.2068565,17z\/data=!3m1!4b1!4m5!3m4!1s0x94eb5c9e6edb06cb:0xad650f515f9a4cd2!8m2!3d-23.3263409!4d-51.2046678\" target=\"_blank\" rel=\"noreferrer noopener\"><img loading=\"lazy\" decoding=\"async\" width=\"150\" height=\"150\" src=\"https:\/\/sites.uel.br\/feira\/wp-content\/uploads\/2022\/08\/google-maps-icone_150.png\" alt=\"\" class=\"wp-image-2077\" \/><\/a><\/figure>\n<\/div>\n\n\n<p class=\"has-text-align-center\"><strong>CESA<\/strong><br><strong>CENTRO DE ESTUDOS SOCIAIS APLICADOS<\/strong><\/p>\n<\/div>\n\n\n\n<div class=\"wp-block-column is-layout-flow wp-block-column-is-layout-flow\"><div class=\"wp-block-image\">\n<figure class=\"aligncenter size-full\"><a href=\"https:\/\/www.google.com.br\/maps\/place\/CLCH+-+Centro+de+Letras+e+Ci%C3%AAncias+Humanas\/@-23.3250295,-51.2066789,17z\/data=!3m1!4b1!4m5!3m4!1s0x94eb5c9e18376295:0x4f4dc7c57a1024df!8m2!3d-23.3250337!4d-51.2045155\" target=\"_blank\" rel=\"noreferrer noopener\"><img loading=\"lazy\" decoding=\"async\" width=\"150\" height=\"150\" src=\"https:\/\/sites.uel.br\/feira\/wp-content\/uploads\/2022\/08\/google-maps-icone_150.png\" alt=\"\" class=\"wp-image-2077\" \/><\/a><\/figure>\n<\/div>\n\n\n<p class=\"has-text-align-center\"><strong>CLCH<\/strong><br><strong>CENTRO DE LETRAS E CI\u00caNCIAS HUMANAS<\/strong><\/p>\n<\/div>\n<\/div>\n\n\n\n<div class=\"wp-block-columns is-layout-flex wp-container-core-columns-is-layout-9d6595d7 wp-block-columns-is-layout-flex\">\n<div class=\"wp-block-column is-layout-flow wp-block-column-is-layout-flow\"><div class=\"wp-block-image\">\n<figure class=\"aligncenter size-full\"><a href=\"https:\/\/www.google.com.br\/maps\/place\/CTU+-+Centro+de+Tecnologia+e+Urbanismo\/@-23.3266514,-51.200527,17z\/data=!3m1!4b1!4m5!3m4!1s0x94eb5ca1a33d1303:0x108912eed18c08b6!8m2!3d-23.326656!4d-51.1983456\" target=\"_blank\" rel=\"noreferrer noopener\"><img loading=\"lazy\" decoding=\"async\" width=\"150\" height=\"150\" src=\"https:\/\/sites.uel.br\/feira\/wp-content\/uploads\/2022\/08\/google-maps-icone_150.png\" alt=\"\" class=\"wp-image-2077\" \/><\/a><\/figure>\n<\/div>\n\n\n<p class=\"has-text-align-center\"><strong>CTU<\/strong><br><strong>CENTRO DE TECNOLOGIA E URBANISMO<\/strong><\/p>\n<\/div>\n<\/div>\n<\/div>\n<\/div>\n\n\n\n<p class=\"has-text-align-center has-background\" style=\"background-color:#d1a799\"><strong>\u00d3RG\u00c3OS\/SETORES<\/strong><\/p>\n\n\n\n<div class=\"wp-block-columns is-layout-flex wp-container-core-columns-is-layout-9d6595d7 wp-block-columns-is-layout-flex\">\n<div class=\"wp-block-column is-layout-flow wp-block-column-is-layout-flow\">\n<div class=\"wp-block-columns is-layout-flex wp-container-core-columns-is-layout-9d6595d7 wp-block-columns-is-layout-flex\">\n<div class=\"wp-block-column is-layout-flow wp-block-column-is-layout-flow\"><div class=\"wp-block-image\">\n<figure class=\"aligncenter size-full\"><a href=\"https:\/\/www.google.com\/maps\/place\/SEBEC+-+Servi%C3%A7o+de+Bem+Estar+%C3%A0+Comunidade\/@-23.3257768,-51.2009409,15z\/data=!4m6!3m5!1s0x94eb5c9f84385f83:0x9c9e2c0a1eca35e6!8m2!3d-23.3257768!4d-51.2009409!16s%2Fg%2F1ptzyk1wh?entry=ttu\" target=\"_blank\" rel=\"noreferrer noopener\"><img loading=\"lazy\" decoding=\"async\" width=\"150\" height=\"150\" src=\"https:\/\/sites.uel.br\/feira\/wp-content\/uploads\/2022\/08\/google-maps-icone_150.png\" alt=\"\" class=\"wp-image-2077\" \/><\/a><\/figure>\n<\/div>\n\n\n<p class=\"has-text-align-center\"><strong>SERVI\u00c7O DE BEM ESTAR \u00c0 COMUNIDADE (SEBEC)<\/strong><br>(Atendimento com Ambul\u00e2ncia &#8211; proximidade)<\/p>\n<\/div>\n\n\n\n<div class=\"wp-block-column is-layout-flow wp-block-column-is-layout-flow\"><div class=\"wp-block-image\">\n<figure class=\"aligncenter size-full\"><a href=\"https:\/\/maps.app.goo.gl\/1xt4hDZ6NguZcEzVA\" target=\"_blank\" rel=\"noreferrer noopener\"><img loading=\"lazy\" decoding=\"async\" width=\"150\" height=\"150\" src=\"https:\/\/sites.uel.br\/feira\/wp-content\/uploads\/2022\/08\/google-maps-icone_150.png\" alt=\"\" class=\"wp-image-2077\" \/><\/a><\/figure>\n<\/div>\n\n\n<p class=\"has-text-align-center\"><strong>BIBLIOTECA CENTRAL<\/strong><\/p>\n<\/div>\n<\/div>\n<\/div>\n<\/div>\n\n\n\n<div class=\"wp-block-columns is-layout-flex wp-container-core-columns-is-layout-9d6595d7 wp-block-columns-is-layout-flex\">\n<div class=\"wp-block-column is-layout-flow wp-block-column-is-layout-flow\">\n<div class=\"wp-block-columns is-layout-flex wp-container-core-columns-is-layout-9d6595d7 wp-block-columns-is-layout-flex\">\n<div class=\"wp-block-column is-layout-flow wp-block-column-is-layout-flow\"><div class=\"wp-block-image\">\n<figure class=\"aligncenter size-full\"><a href=\"https:\/\/maps.app.goo.gl\/FcE8f7wWc8x1KDGNA\" target=\"_blank\" rel=\"noreferrer noopener\"><img loading=\"lazy\" decoding=\"async\" width=\"150\" height=\"150\" src=\"https:\/\/sites.uel.br\/feira\/wp-content\/uploads\/2022\/08\/google-maps-icone_150.png\" alt=\"\" class=\"wp-image-2077\" \/><\/a><\/figure>\n<\/div>\n\n\n<p class=\"has-text-align-center\"><strong>ASSESSORIA DE RELA\u00c7\u00d5ES INTERNACIONAIS (ARI)<\/strong><\/p>\n<\/div>\n\n\n\n<div class=\"wp-block-column is-layout-flow wp-block-column-is-layout-flow\">\n<p class=\"has-text-align-center\"><\/p>\n<\/div>\n<\/div>\n<\/div>\n<\/div>\n\n\n\n<p><\/p>\n","protected":false},"excerpt":{"rendered":"<p>Universidade Estadual de LondrinaRodovia Celso Garcia Cid | PR 445 Km 380 | Campus Universit\u00e1rioLondrina &#8211; PR FA\u00c7A SEU TRAJETO PARA A UEL ESTACIONAMENTO DO RESTAURANTE UNIVERSIT\u00c1RIO Obs: \u00d4nibus e Vans devem estacionar no estacionamento do Restaurante Universit\u00e1rio no campus da UEL CENTROS DE ESTUDOS CCACENTRO DE CI\u00caNCIAS AGR\u00c1RIAS CCBCENTRO DE CI\u00caNCIAS BIOL\u00d3GICAS CCECENTRO DE [&hellip;]<\/p>\n","protected":false},"author":8,"featured_media":0,"parent":0,"menu_order":0,"comment_status":"closed","ping_status":"closed","template":"","meta":{"_themeisle_gutenberg_block_has_review":false,"footnotes":""},"class_list":["post-2051","page","type-page","status-publish","hentry"],"_links":{"self":[{"href":"https:\/\/sites.uel.br\/feira\/wp-json\/wp\/v2\/pages\/2051","targetHints":{"allow":["GET"]}}],"collection":[{"href":"https:\/\/sites.uel.br\/feira\/wp-json\/wp\/v2\/pages"}],"about":[{"href":"https:\/\/sites.uel.br\/feira\/wp-json\/wp\/v2\/types\/page"}],"author":[{"embeddable":true,"href":"https:\/\/sites.uel.br\/feira\/wp-json\/wp\/v2\/users\/8"}],"replies":[{"embeddable":true,"href":"https:\/\/sites.uel.br\/feira\/wp-json\/wp\/v2\/comments?post=2051"}],"version-history":[{"count":68,"href":"https:\/\/sites.uel.br\/feira\/wp-json\/wp\/v2\/pages\/2051\/revisions"}],"predecessor-version":[{"id":5037,"href":"https:\/\/sites.uel.br\/feira\/wp-json\/wp\/v2\/pages\/2051\/revisions\/5037"}],"wp:attachment":[{"href":"https:\/\/sites.uel.br\/feira\/wp-json\/wp\/v2\/media?parent=2051"}],"curies":[{"name":"wp","href":"https:\/\/api.w.org\/{rel}","templated":true}]}}