{"id":2047,"date":"2022-08-03T13:55:07","date_gmt":"2022-08-03T16:55:07","guid":{"rendered":"https:\/\/sites.uel.br\/feira\/?page_id=2047"},"modified":"2026-05-12T08:49:18","modified_gmt":"2026-05-12T11:49:18","slug":"telefones-importantes","status":"publish","type":"page","link":"https:\/\/sites.uel.br\/feira\/telefones-importantes\/","title":{"rendered":"Telefones Importantes"},"content":{"rendered":"\n<hr class=\"wp-block-separator has-alpha-channel-opacity is-style-wide\" \/>\n\n\n\n<figure class=\"wp-block-image size-large\"><img decoding=\"async\" src=\"https:\/\/sites.uel.br\/feira\/wp-content\/uploads\/img\/2026\/banner_feira_profissoes_2026.png\" alt=\"\" \/><\/figure>\n\n\n\n<p class=\"has-text-align-center\"><strong>AMBUL\u00c2NCIA SOS<\/strong><br>[dispon\u00edvel pr\u00f3ximo ao SEBEC &#8211; Servi\u00e7o de Bem Estar \u00e0 Comunidade]<br>(43) 3371-4452<\/p>\n\n\n\n<div style=\"height:20px\" aria-hidden=\"true\" class=\"wp-block-spacer\"><\/div>\n\n\n\n<p class=\"has-text-align-center\"><strong>DASC &#8211; DIVIS\u00c3O DE ASSIST\u00caNCIA \u00c0 SA\u00daDE DA COMUNIDADE\/UEL<\/strong><br>(43) 3371-5807<br>(43) 3371-5810<\/p>\n\n\n\n<div style=\"height:20px\" aria-hidden=\"true\" class=\"wp-block-spacer\"><\/div>\n\n\n\n<p class=\"has-text-align-center\"><strong>SIATE<\/strong><br>193<\/p>\n\n\n\n<div style=\"height:20px\" aria-hidden=\"true\" class=\"wp-block-spacer\"><\/div>\n\n\n\n<p class=\"has-text-align-center\"><strong>SAMU<\/strong><br>192<\/p>\n\n\n\n<div style=\"height:20px\" aria-hidden=\"true\" class=\"wp-block-spacer\"><\/div>\n\n\n\n<p class=\"has-text-align-center\"><strong>SEGURAN\u00c7A PREFEITURA DO CAMPUS<\/strong><br>0800-400-4474<br>(43) 3371-4200<\/p>\n\n\n\n<div style=\"height:20px\" aria-hidden=\"true\" class=\"wp-block-spacer\"><\/div>\n\n\n\n<p class=\"has-text-align-center\"><strong>SEBEC &#8211; SERVI\u00c7O DE BEM ESTAR \u00c0 COMUNIDADE<\/strong><\/p>\n\n\n\n<p class=\"has-text-align-center\">(43) 3371-4452<br>(43) 3371-4462<\/p>\n\n\n\n<p><\/p>\n","protected":false},"excerpt":{"rendered":"<p>AMBUL\u00c2NCIA SOS[dispon\u00edvel pr\u00f3ximo ao SEBEC &#8211; Servi\u00e7o de Bem Estar \u00e0 Comunidade](43) 3371-4452 DASC &#8211; DIVIS\u00c3O DE ASSIST\u00caNCIA \u00c0 SA\u00daDE DA COMUNIDADE\/UEL(43) 3371-5807(43) 3371-5810 SIATE193 SAMU192 SEGURAN\u00c7A PREFEITURA DO CAMPUS0800-400-4474(43) 3371-4200 SEBEC &#8211; SERVI\u00c7O DE BEM ESTAR \u00c0 COMUNIDADE (43) 3371-4452(43) 3371-4462<\/p>\n","protected":false},"author":8,"featured_media":0,"parent":0,"menu_order":0,"comment_status":"closed","ping_status":"closed","template":"","meta":{"_themeisle_gutenberg_block_has_review":false,"footnotes":""},"class_list":["post-2047","page","type-page","status-publish","hentry"],"_links":{"self":[{"href":"https:\/\/sites.uel.br\/feira\/wp-json\/wp\/v2\/pages\/2047","targetHints":{"allow":["GET"]}}],"collection":[{"href":"https:\/\/sites.uel.br\/feira\/wp-json\/wp\/v2\/pages"}],"about":[{"href":"https:\/\/sites.uel.br\/feira\/wp-json\/wp\/v2\/types\/page"}],"author":[{"embeddable":true,"href":"https:\/\/sites.uel.br\/feira\/wp-json\/wp\/v2\/users\/8"}],"replies":[{"embeddable":true,"href":"https:\/\/sites.uel.br\/feira\/wp-json\/wp\/v2\/comments?post=2047"}],"version-history":[{"count":36,"href":"https:\/\/sites.uel.br\/feira\/wp-json\/wp\/v2\/pages\/2047\/revisions"}],"predecessor-version":[{"id":5213,"href":"https:\/\/sites.uel.br\/feira\/wp-json\/wp\/v2\/pages\/2047\/revisions\/5213"}],"wp:attachment":[{"href":"https:\/\/sites.uel.br\/feira\/wp-json\/wp\/v2\/media?parent=2047"}],"curies":[{"name":"wp","href":"https:\/\/api.w.org\/{rel}","templated":true}]}}