{"id":2040,"date":"2022-08-03T13:52:40","date_gmt":"2022-08-03T16:52:40","guid":{"rendered":"https:\/\/sites.uel.br\/feira\/?page_id=2040"},"modified":"2026-05-15T13:49:27","modified_gmt":"2026-05-15T16:49:27","slug":"unidades-para-visitacao","status":"publish","type":"page","link":"https:\/\/sites.uel.br\/feira\/unidades-para-visitacao\/","title":{"rendered":"Unidades para Visita\u00e7\u00e3o"},"content":{"rendered":"\n<hr class=\"wp-block-separator has-alpha-channel-opacity is-style-wide\" \/>\n\n\n\n<figure class=\"wp-block-image size-large\"><img decoding=\"async\" src=\"https:\/\/sites.uel.br\/feira\/wp-content\/uploads\/img\/2026\/banner_feira_profissoes_2026.png\" alt=\"\" \/><\/figure>\n\n\n\n<p class=\"has-text-align-center\"><\/p>\n\n\n\n<div id=\"wp-block-themeisle-blocks-accordion-157619ee\" class=\"wp-block-themeisle-blocks-accordion exclusive\">\n<details class=\"wp-block-themeisle-blocks-accordion-item\"><summary class=\"wp-block-themeisle-blocks-accordion-item__title\"><div><strong><strong><strong><strong><strong><strong>CCA \u2013 CENTRO DE CI\u00caNCIAS AGR\u00c1RIAS<\/strong><\/strong><\/strong><\/strong><\/strong><\/strong><\/div><\/summary><div class=\"wp-block-themeisle-blocks-accordion-item__content\">\n<p>em breve<\/p>\n\n\n\n<div style=\"height:20px\" aria-hidden=\"true\" class=\"wp-block-spacer\"><\/div>\n\n\n<div class=\"wp-block-image\">\n<figure class=\"aligncenter size-full\"><a href=\"https:\/\/maps.app.goo.gl\/56SP5ZFDQLVNjL8aA\" target=\"_blank\" rel=\"noreferrer noopener\"><img loading=\"lazy\" decoding=\"async\" width=\"150\" height=\"150\" src=\"https:\/\/sites.uel.br\/feira\/wp-content\/uploads\/2022\/08\/google-maps-icone_150.png\" alt=\"\" class=\"wp-image-2077\" \/><\/a><\/figure>\n<\/div>\n\n\n<p class=\"has-text-align-center\"><strong>COMO CHEGAR &#8211; CCA<\/strong><\/p>\n<\/div><\/details>\n\n\n\n<details class=\"wp-block-themeisle-blocks-accordion-item\"><summary class=\"wp-block-themeisle-blocks-accordion-item__title\"><div><strong><strong><strong><strong><strong><strong>CCB &#8211; CENTRO DE CI\u00caNCIAS BIOL\u00d3GICAS<\/strong><\/strong><\/strong><\/strong><\/strong><\/strong><\/div><\/summary><div class=\"wp-block-themeisle-blocks-accordion-item__content\">\n<p><strong>BIOMEDICINA<\/strong><\/p>\n\n\n\n<p>Sala 235 \u2013 Bloco da Morfologia, em conjunto com o Museu de Anatomia.<\/p>\n\n\n\n<div style=\"height:20px\" aria-hidden=\"true\" class=\"wp-block-spacer\"><\/div>\n\n\n<div class=\"wp-block-image\">\n<figure class=\"aligncenter size-full\"><a href=\"https:\/\/www.google.com.br\/maps\/place\/CCB+-+Centro+de+Ci%C3%AAncias+Biol%C3%B3gicas\/@-23.3256026,-51.1980742,17z\/data=!3m1!4b1!4m5!3m4!1s0x94eb5ca0e93789e7:0x9ebbef1fc3ae482e!8m2!3d-23.3256075!4d-51.1958855\" target=\"_blank\" rel=\"noreferrer noopener\"><img loading=\"lazy\" decoding=\"async\" width=\"150\" height=\"150\" src=\"https:\/\/sites.uel.br\/feira\/wp-content\/uploads\/2022\/08\/google-maps-icone_150.png\" alt=\"\" class=\"wp-image-2077\" \/><\/a><\/figure>\n<\/div>\n\n\n<p class=\"has-text-align-center\"><strong>COMO CHEGAR &#8211; CCB<\/strong><\/p>\n<\/div><\/details>\n\n\n\n<details class=\"wp-block-themeisle-blocks-accordion-item\"><summary class=\"wp-block-themeisle-blocks-accordion-item__title\"><div><strong><strong><strong><strong><strong><strong>CCE &#8211; CENTRO DE CI\u00caNCIAS EXATAS<\/strong><\/strong><\/strong><\/strong><\/strong><\/strong><\/div><\/summary><div class=\"wp-block-themeisle-blocks-accordion-item__content\">\n<p>em breve<\/p>\n\n\n\n<div style=\"height:20px\" aria-hidden=\"true\" class=\"wp-block-spacer\"><\/div>\n\n\n\n<div style=\"height:20px\" aria-hidden=\"true\" class=\"wp-block-spacer\"><\/div>\n\n\n<div class=\"wp-block-image\">\n<figure class=\"aligncenter size-full\"><a href=\"https:\/\/www.google.com.br\/maps\/place\/CCE+-+Centro+de+Ci%C3%AAncias+Exatas\/@-23.3263514,-51.2038124,17z\/data=!3m1!4b1!4m5!3m4!1s0x94eb5c9fbda47459:0x6238131a3eb5480e!8m2!3d-23.3263563!4d-51.2016237\" target=\"_blank\" rel=\"noreferrer noopener\"><img loading=\"lazy\" decoding=\"async\" width=\"150\" height=\"150\" src=\"https:\/\/sites.uel.br\/feira\/wp-content\/uploads\/2022\/08\/google-maps-icone_150.png\" alt=\"\" class=\"wp-image-2077\" \/><\/a><\/figure>\n<\/div>\n\n\n<p class=\"has-text-align-center\"><strong>COMO CHEGAR &#8211; CCE<\/strong><\/p>\n<\/div><\/details>\n\n\n\n<details class=\"wp-block-themeisle-blocks-accordion-item\"><summary class=\"wp-block-themeisle-blocks-accordion-item__title\"><div><strong><strong><strong><strong><strong><strong>CCS &#8211; CENTRO DE CI\u00caNCIAS DA SA\u00daDE (ser\u00e1 atendido no LABESC &#8211; Laborat\u00f3rio Escola de P\u00f3s-Gradua\u00e7\u00e3o)<\/strong><\/strong><\/strong><\/strong><\/strong><\/strong><\/div><\/summary><div class=\"wp-block-themeisle-blocks-accordion-item__content\">\n<p>em breve<\/p>\n\n\n\n<p>&nbsp; <\/p>\n\n\n\n<div style=\"height:20px\" aria-hidden=\"true\" class=\"wp-block-spacer\"><\/div>\n\n\n<div class=\"wp-block-image\">\n<figure class=\"aligncenter size-full\"><a href=\"https:\/\/www.google.com.br\/maps\/place\/LABESC+-+Laborat%C3%B3rio+Escola+de+P%C3%B3s-Gradua%C3%A7%C3%A3o\/@-23.3250379,-51.2012514,17z\/data=!3m1!4b1!4m5!3m4!1s0x94eb5ca047803d07:0xb8e1e8570519a3d7!8m2!3d-23.3251233!4d-51.199065\" target=\"_blank\" rel=\"noreferrer noopener\"><img loading=\"lazy\" decoding=\"async\" width=\"150\" height=\"150\" src=\"https:\/\/sites.uel.br\/feira\/wp-content\/uploads\/2022\/08\/google-maps-icone_150.png\" alt=\"\" class=\"wp-image-2077\" \/><\/a><\/figure>\n<\/div>\n\n\n<p class=\"has-text-align-center\"><strong>COMO CHEGAR &#8211; CCS (LABESC)<\/strong><\/p>\n<\/div><\/details>\n\n\n\n<details class=\"wp-block-themeisle-blocks-accordion-item\"><summary class=\"wp-block-themeisle-blocks-accordion-item__title\"><div><strong><strong><strong><strong><strong><strong>CECA \u2013 CENTRO DE EDUCA\u00c7\u00c3O, COMUNICA\u00c7\u00c3O E ARTES<\/strong><\/strong><\/strong><\/strong><\/strong><\/strong><\/div><\/summary><div class=\"wp-block-themeisle-blocks-accordion-item__content\">\n<p>em breve<\/p>\n\n\n\n<div style=\"height:20px\" aria-hidden=\"true\" class=\"wp-block-spacer\"><\/div>\n\n\n\n<div style=\"height:20px\" aria-hidden=\"true\" class=\"wp-block-spacer\"><\/div>\n\n\n\n<div style=\"height:20px\" aria-hidden=\"true\" class=\"wp-block-spacer\"><\/div>\n\n\n<div class=\"wp-block-image\">\n<figure class=\"aligncenter size-full\"><a href=\"https:\/\/www.google.com.br\/maps\/place\/CECA+-+Centro+de+Educa%C3%A7%C3%A3o,+Comunica%C3%A7%C3%A3o+e+Artes\/@-23.3247685,-51.208646,17z\/data=!3m1!4b1!4m5!3m4!1s0x94eb5b620f955e77:0x5ea71bbe0bc7cbd2!8m2!3d-23.3247734!4d-51.2064573\" target=\"_blank\" rel=\"noreferrer noopener\"><img loading=\"lazy\" decoding=\"async\" width=\"150\" height=\"150\" src=\"https:\/\/sites.uel.br\/feira\/wp-content\/uploads\/2022\/08\/google-maps-icone_150.png\" alt=\"\" class=\"wp-image-2077\" \/><\/a><\/figure>\n<\/div>\n\n\n<p class=\"has-text-align-center\"><strong>COMO CHEGAR &#8211; CECA<\/strong><\/p>\n<\/div><\/details>\n\n\n\n<details class=\"wp-block-themeisle-blocks-accordion-item\"><summary class=\"wp-block-themeisle-blocks-accordion-item__title\"><div><strong><strong><strong><strong><strong><strong>CEFE \u2013 CENTRO DE EDUCA\u00c7\u00c3O F\u00cdSICA E ESPORTES<\/strong><\/strong><\/strong><\/strong><\/strong><\/strong><\/div><\/summary><div class=\"wp-block-themeisle-blocks-accordion-item__content\">\n<div class=\"wp-block-group\"><div class=\"wp-block-group__inner-container is-layout-constrained wp-block-group-is-layout-constrained\">\n<div class=\"wp-block-group\"><div class=\"wp-block-group__inner-container is-layout-constrained wp-block-group-is-layout-constrained\">\n<p>em breve<\/p>\n\n\n\n<div style=\"height:20px\" aria-hidden=\"true\" class=\"wp-block-spacer\"><\/div>\n<\/div><\/div>\n<\/div><\/div>\n\n\n<div class=\"wp-block-image\">\n<figure class=\"aligncenter size-full\"><a href=\"https:\/\/www.google.com.br\/maps\/place\/CEFE+-+Centro+de+Educa%C3%A7%C3%A3o+F%C3%ADsica+e+Esporte\/@-23.3232586,-51.2075071,17z\/data=!3m1!4b1!4m5!3m4!1s0x94eb5b622a287f93:0xa24982396ed5c7de!8m2!3d-23.3232635!4d-51.2053184\" target=\"_blank\" rel=\"noreferrer noopener\"><img loading=\"lazy\" decoding=\"async\" width=\"150\" height=\"150\" src=\"https:\/\/sites.uel.br\/feira\/wp-content\/uploads\/2022\/08\/google-maps-icone_150.png\" alt=\"\" class=\"wp-image-2077\" \/><\/a><\/figure>\n<\/div>\n\n\n<p class=\"has-text-align-center\"><strong>COMO CHEGAR &#8211; CEFE<\/strong><\/p>\n<\/div><\/details>\n\n\n\n<details class=\"wp-block-themeisle-blocks-accordion-item\"><summary class=\"wp-block-themeisle-blocks-accordion-item__title\"><div><strong><strong><strong><strong><strong><strong><strong><strong><strong><strong><strong><strong>CESA \u2013 CENTRO DE ESTUDOS SOCIAIS APLICADOS<\/strong><\/strong><\/strong><\/strong><\/strong><\/strong><\/strong><\/strong><\/strong><\/strong><\/strong><\/strong><\/div><\/summary><div class=\"wp-block-themeisle-blocks-accordion-item__content\">\n<div class=\"wp-block-group\"><div class=\"wp-block-group__inner-container is-layout-constrained wp-block-group-is-layout-constrained\">\n<div class=\"wp-block-group\"><div class=\"wp-block-group__inner-container is-layout-constrained wp-block-group-is-layout-constrained\">\n<p>em breve<\/p>\n\n\n\n<div style=\"height:20px\" aria-hidden=\"true\" class=\"wp-block-spacer\"><\/div>\n<\/div><\/div>\n<\/div><\/div>\n\n\n<div class=\"wp-block-image\">\n<figure class=\"aligncenter size-full\"><a href=\"https:\/\/www.google.com.br\/maps\/place\/CESA+-+Centro+de+Estudos+Sociais+Aplicados\/@-23.326336,-51.2068565,17z\/data=!3m1!4b1!4m5!3m4!1s0x94eb5c9e6edb06cb:0xad650f515f9a4cd2!8m2!3d-23.3263409!4d-51.2046678\" target=\"_blank\" rel=\"noreferrer noopener\"><img loading=\"lazy\" decoding=\"async\" width=\"150\" height=\"150\" src=\"https:\/\/sites.uel.br\/feira\/wp-content\/uploads\/2022\/08\/google-maps-icone_150.png\" alt=\"\" class=\"wp-image-2077\" \/><\/a><\/figure>\n<\/div>\n\n\n<p class=\"has-text-align-center\"><strong>COMO CHEGAR &#8211; CESA<\/strong><\/p>\n<\/div><\/details>\n\n\n\n<details class=\"wp-block-themeisle-blocks-accordion-item\"><summary class=\"wp-block-themeisle-blocks-accordion-item__title\"><div><strong><strong><strong><strong><strong>CLCH \u2013 CENTRO DE LETRAS E CI\u00caNCIAS HUMANAS<\/strong><\/strong><\/strong><\/strong><\/strong><\/div><\/summary><div class=\"wp-block-themeisle-blocks-accordion-item__content\">\n<div class=\"wp-block-group\"><div class=\"wp-block-group__inner-container is-layout-constrained wp-block-group-is-layout-constrained\">\n<div class=\"wp-block-group\"><div class=\"wp-block-group__inner-container is-layout-constrained wp-block-group-is-layout-constrained\">\n<p>em breve<\/p>\n\n\n\n<div style=\"height:20px\" aria-hidden=\"true\" class=\"wp-block-spacer\"><\/div>\n<\/div><\/div>\n<\/div><\/div>\n\n\n<div class=\"wp-block-image\">\n<figure class=\"aligncenter size-full\"><a href=\"https:\/\/www.google.com.br\/maps\/place\/CLCH+-+Centro+de+Letras+e+Ci%C3%AAncias+Humanas\/@-23.3250295,-51.2066789,17z\/data=!3m1!4b1!4m5!3m4!1s0x94eb5c9e18376295:0x4f4dc7c57a1024df!8m2!3d-23.3250337!4d-51.2045155\" target=\"_blank\" rel=\"noreferrer noopener\"><img loading=\"lazy\" decoding=\"async\" width=\"150\" height=\"150\" src=\"https:\/\/sites.uel.br\/feira\/wp-content\/uploads\/2022\/08\/google-maps-icone_150.png\" alt=\"\" class=\"wp-image-2077\" \/><\/a><\/figure>\n<\/div>\n\n\n<p class=\"has-text-align-center\"><strong>COMO CHEGAR &#8211; CLCH<\/strong><\/p>\n<\/div><\/details>\n\n\n\n<details class=\"wp-block-themeisle-blocks-accordion-item\"><summary class=\"wp-block-themeisle-blocks-accordion-item__title\"><div><strong><strong><strong><strong><strong>CTU &#8211; CENTRO DE TECNOLOGIA E URBANISMO<\/strong><\/strong><\/strong><\/strong><\/strong><\/div><\/summary><div class=\"wp-block-themeisle-blocks-accordion-item__content\">\n<div class=\"wp-block-group\"><div class=\"wp-block-group__inner-container is-layout-constrained wp-block-group-is-layout-constrained\">\n<div class=\"wp-block-group\"><div class=\"wp-block-group__inner-container is-layout-constrained wp-block-group-is-layout-constrained\">\n<p>em breve<\/p>\n\n\n\n<div style=\"height:20px\" aria-hidden=\"true\" class=\"wp-block-spacer\"><\/div>\n<\/div><\/div>\n<\/div><\/div>\n\n\n<div class=\"wp-block-image\">\n<figure class=\"aligncenter size-full\"><a href=\"https:\/\/www.google.com.br\/maps\/place\/CTU+-+Centro+de+Tecnologia+e+Urbanismo\/@-23.3266514,-51.200527,17z\/data=!3m1!4b1!4m5!3m4!1s0x94eb5ca1a33d1303:0x108912eed18c08b6!8m2!3d-23.326656!4d-51.1983456\" target=\"_blank\" rel=\"noreferrer noopener\"><img loading=\"lazy\" decoding=\"async\" width=\"150\" height=\"150\" src=\"https:\/\/sites.uel.br\/feira\/wp-content\/uploads\/2022\/08\/google-maps-icone_150.png\" alt=\"\" class=\"wp-image-2077\" \/><\/a><\/figure>\n<\/div>\n\n\n<p class=\"has-text-align-center\"><strong>COMO CHEGAR &#8211; CTU<\/strong><\/p>\n<\/div><\/details>\n\n\n\n<details class=\"wp-block-themeisle-blocks-accordion-item\"><summary class=\"wp-block-themeisle-blocks-accordion-item__title\"><div><strong><strong><strong><strong><strong>BIBLIOTECA CENTRAL<\/strong><\/strong><\/strong><\/strong><\/strong><\/div><\/summary><div class=\"wp-block-themeisle-blocks-accordion-item__content\">\n<p>em breve<\/p>\n\n\n\n<div style=\"height:20px\" aria-hidden=\"true\" class=\"wp-block-spacer\"><\/div>\n\n\n<div class=\"wp-block-image\">\n<figure class=\"aligncenter size-full\"><a href=\"https:\/\/maps.app.goo.gl\/1xt4hDZ6NguZcEzVA\" target=\"_blank\" rel=\"noreferrer noopener\"><img loading=\"lazy\" decoding=\"async\" width=\"150\" height=\"150\" src=\"https:\/\/sites.uel.br\/feira\/wp-content\/uploads\/2022\/08\/google-maps-icone_150.png\" alt=\"\" class=\"wp-image-2077\" \/><\/a><\/figure>\n<\/div>\n\n\n<p class=\"has-text-align-center\"><strong>COMO CHEGAR &#8211; BIBLIOTECA CENTRAL &#8211; BC<\/strong><\/p>\n<\/div><\/details>\n\n\n\n<details class=\"wp-block-themeisle-blocks-accordion-item\"><summary class=\"wp-block-themeisle-blocks-accordion-item__title\"><div><strong><strong><strong><strong><strong>ASSESSORIA DE RELA\u00c7\u00d5ES INTERNACIONAIS (ARI)<\/strong><\/strong><\/strong><\/strong><\/strong><\/div><\/summary><div class=\"wp-block-themeisle-blocks-accordion-item__content\">\n<p>em breve<\/p>\n\n\n\n<div style=\"height:20px\" aria-hidden=\"true\" class=\"wp-block-spacer\"><\/div>\n\n\n<div class=\"wp-block-image\">\n<figure class=\"aligncenter size-full\"><a href=\"https:\/\/maps.app.goo.gl\/FcE8f7wWc8x1KDGNA\" target=\"_blank\" rel=\"noreferrer noopener\"><img loading=\"lazy\" decoding=\"async\" width=\"150\" height=\"150\" src=\"https:\/\/sites.uel.br\/feira\/wp-content\/uploads\/2022\/08\/google-maps-icone_150.png\" alt=\"\" class=\"wp-image-2077\" \/><\/a><\/figure>\n<\/div>\n\n\n<p class=\"has-text-align-center\"><strong>COMO CHEGAR &#8211; ARI<\/strong><\/p>\n<\/div><\/details>\n\n\n\n<details class=\"wp-block-themeisle-blocks-accordion-item\"><summary class=\"wp-block-themeisle-blocks-accordion-item__title\"><div><strong><strong><strong><strong><strong>EDITORA DA UNIVERSIDADE ESTADUAL DE LONDRINA (EDUEL)<\/strong><\/strong><\/strong><\/strong><\/strong><\/div><\/summary><div class=\"wp-block-themeisle-blocks-accordion-item__content\">\n<p>em breve<\/p>\n\n\n\n<div style=\"height:20px\" aria-hidden=\"true\" class=\"wp-block-spacer\"><\/div>\n\n\n<div class=\"wp-block-image\">\n<figure class=\"aligncenter size-full\"><a href=\"https:\/\/www.google.com.br\/maps\/place\/Livraria+Eduel\/@-23.32598,-51.2031789,17z\/data=!3m1!4b1!4m6!3m5!1s0x94eb5c9f813fd1bb:0xb6866783dc999e92!8m2!3d-23.3259849!4d-51.200604!16s%2Fg%2F11b6_gyg9m?entry=ttu&amp;g_ep=EgoyMDI1MDUyMS4wIKXMDSoASAFQAw%3D%3D\" target=\"_blank\" rel=\"noreferrer noopener\"><img loading=\"lazy\" decoding=\"async\" width=\"150\" height=\"150\" src=\"https:\/\/sites.uel.br\/feira\/wp-content\/uploads\/2022\/08\/google-maps-icone_150.png\" alt=\"\" class=\"wp-image-2077\" \/><\/a><\/figure>\n<\/div>\n\n\n<p class=\"has-text-align-center\"><strong>COMO CHEGAR &#8211; EDUEL<\/strong><\/p>\n<\/div><\/details>\n\n\n\n<details class=\"wp-block-themeisle-blocks-accordion-item\"><summary class=\"wp-block-themeisle-blocks-accordion-item__title\"><div><strong><strong><strong><strong><strong>\u00a0TENDA CENTRAL<\/strong><\/strong><\/strong><\/strong><\/strong> (pr\u00f3ximo ao SEBEC)<\/div><\/summary><div class=\"wp-block-themeisle-blocks-accordion-item__content\">\n<p>em breve<\/p>\n\n\n\n<div style=\"height:20px\" aria-hidden=\"true\" class=\"wp-block-spacer\"><\/div>\n\n\n<div class=\"wp-block-image\">\n<figure class=\"aligncenter size-full\"><a href=\"https:\/\/www.google.com\/maps\/place\/SEBEC+-+Servi%C3%A7o+de+Bem+Estar+%C3%A0+Comunidade\/@-23.3257768,-51.2009409,15z\/data=!4m6!3m5!1s0x94eb5c9f84385f83:0x9c9e2c0a1eca35e6!8m2!3d-23.3257768!4d-51.2009409!16s%2Fg%2F1ptzyk1wh?entry=ttu\" target=\"_blank\" rel=\"noreferrer noopener\"><img loading=\"lazy\" decoding=\"async\" width=\"150\" height=\"150\" src=\"https:\/\/sites.uel.br\/feira\/wp-content\/uploads\/2022\/08\/google-maps-icone_150.png\" alt=\"\" class=\"wp-image-2077\" \/><\/a><\/figure>\n<\/div>\n\n\n<p class=\"has-text-align-center\"><strong>COMO CHEGAR &#8211; SERVI\u00c7O DE BEM ESTAR \u00c0 COMUNIDADE (SEBEC)<\/strong><\/p>\n<\/div><\/details>\n<\/div>\n\n\n\n<p><\/p>\n","protected":false},"excerpt":{"rendered":"","protected":false},"author":8,"featured_media":0,"parent":0,"menu_order":0,"comment_status":"closed","ping_status":"closed","template":"","meta":{"_themeisle_gutenberg_block_has_review":false,"footnotes":""},"class_list":["post-2040","page","type-page","status-publish","hentry"],"_links":{"self":[{"href":"https:\/\/sites.uel.br\/feira\/wp-json\/wp\/v2\/pages\/2040","targetHints":{"allow":["GET"]}}],"collection":[{"href":"https:\/\/sites.uel.br\/feira\/wp-json\/wp\/v2\/pages"}],"about":[{"href":"https:\/\/sites.uel.br\/feira\/wp-json\/wp\/v2\/types\/page"}],"author":[{"embeddable":true,"href":"https:\/\/sites.uel.br\/feira\/wp-json\/wp\/v2\/users\/8"}],"replies":[{"embeddable":true,"href":"https:\/\/sites.uel.br\/feira\/wp-json\/wp\/v2\/comments?post=2040"}],"version-history":[{"count":281,"href":"https:\/\/sites.uel.br\/feira\/wp-json\/wp\/v2\/pages\/2040\/revisions"}],"predecessor-version":[{"id":5251,"href":"https:\/\/sites.uel.br\/feira\/wp-json\/wp\/v2\/pages\/2040\/revisions\/5251"}],"wp:attachment":[{"href":"https:\/\/sites.uel.br\/feira\/wp-json\/wp\/v2\/media?parent=2040"}],"curies":[{"name":"wp","href":"https:\/\/api.w.org\/{rel}","templated":true}]}}