{"id":1892,"date":"2022-07-04T16:18:01","date_gmt":"2022-07-04T19:18:01","guid":{"rendered":"https:\/\/sites.uel.br\/feira\/?page_id=1892"},"modified":"2025-06-23T07:15:08","modified_gmt":"2025-06-23T10:15:08","slug":"agendamento","status":"publish","type":"page","link":"https:\/\/sites.uel.br\/feira\/agendamento\/","title":{"rendered":"Agendamento para Visita\u00e7\u00e3o de Escolas"},"content":{"rendered":"\n<hr class=\"wp-block-separator has-alpha-channel-opacity is-style-wide\" \/>\n\n\n\n<figure class=\"wp-block-image size-full\"><img loading=\"lazy\" decoding=\"async\" width=\"1536\" height=\"421\" src=\"https:\/\/sites.uel.br\/feira\/wp-content\/uploads\/2025\/05\/banner_feira_profissoes_2025-1.png\" alt=\"\" class=\"wp-image-4987\" srcset=\"https:\/\/sites.uel.br\/feira\/wp-content\/uploads\/2025\/05\/banner_feira_profissoes_2025-1.png 1536w, https:\/\/sites.uel.br\/feira\/wp-content\/uploads\/2025\/05\/banner_feira_profissoes_2025-1-300x82.png 300w, https:\/\/sites.uel.br\/feira\/wp-content\/uploads\/2025\/05\/banner_feira_profissoes_2025-1-1024x281.png 1024w, https:\/\/sites.uel.br\/feira\/wp-content\/uploads\/2025\/05\/banner_feira_profissoes_2025-1-768x211.png 768w\" sizes=\"auto, (max-width: 1536px) 100vw, 1536px\" \/><\/figure>\n\n\n\n<p class=\"has-text-align-center\">O agendamento para a participa\u00e7\u00e3o no evento, dever\u00e1 ser realizado <strong>somente pela Institui\u00e7\u00e3o de Ensino<\/strong> e ser\u00e1 exclusivamente por este site.<\/p>\n\n\n\n<div style=\"height:20px\" aria-hidden=\"true\" class=\"wp-block-spacer\"><\/div>\n\n\n<div class=\"wp-block-image\">\n<figure class=\"aligncenter size-full\"><img loading=\"lazy\" decoding=\"async\" width=\"427\" height=\"75\" src=\"https:\/\/sites.uel.br\/feira\/wp-content\/uploads\/2022\/08\/b_realizar_agendamento.png\" alt=\"\" class=\"wp-image-1974\" srcset=\"https:\/\/sites.uel.br\/feira\/wp-content\/uploads\/2022\/08\/b_realizar_agendamento.png 427w, https:\/\/sites.uel.br\/feira\/wp-content\/uploads\/2022\/08\/b_realizar_agendamento-300x53.png 300w\" sizes=\"auto, (max-width: 427px) 100vw, 427px\" \/><figcaption class=\"wp-element-caption\"><strong>Per\u00edodo: 12 de maio a 20 de junho de 2025<\/strong><br>(Agendamentos Encerrados)<br><\/figcaption><\/figure>\n<\/div>\n\n\n<p class=\"has-text-align-center\"><em>Obs: n\u00e3o \u00e9 necess\u00e1rio agendamento para visitas individuais, com familiares ou amigos.<\/em><\/p>\n\n\n\n<p class=\"has-text-align-center\"><\/p>\n\n\n\n<div style=\"height:20px\" aria-hidden=\"true\" class=\"wp-block-spacer\"><\/div>\n\n\n\n<hr class=\"wp-block-separator has-text-color has-cinza-color has-css-opacity has-cinza-background-color has-background is-style-wide\" \/>\n\n\n\n<p><strong>ROTEIROS INICIAIS<\/strong>:<\/p>\n\n\n\n<p>(A) CCB (Centro de Ci\u00eancias Biol\u00f3gicas) \/ CTU (Centro de Tecnologia e Urbanismo)<br>(B) LABESC (cursos do Centro de Ci\u00eancias da Sa\u00fade &#8211; CCS)<br>(C) CCE (Centro de Ci\u00eancias Exatas) \/ CCA (Centro de Ci\u00eancias Agr\u00e1rias)<br>(D) CLCH (Centro de Letras e Ci\u00eancias Humanas) \/ CESA (Centro de Estudos Sociais Aplicados)<br>(E) CEFE (Centro de Educa\u00e7\u00e3o F\u00edsica e Esporte) \/ CECA (Centro de Educa\u00e7\u00e3o, Comunica\u00e7\u00e3o e Artes)<\/p>\n\n\n\n<p><em>Obs: Devido ao grande n\u00famero de visitantes e por uma quest\u00e3o de organiza\u00e7\u00e3o, os roteiros marcam o in\u00edcio do trajeto, por\u00e9m ap\u00f3s a visita aos locais iniciais, \u00e9 livre a circula\u00e7\u00e3o por todo o campus.<\/em><\/p>\n\n\n\n<div style=\"height:20px\" aria-hidden=\"true\" class=\"wp-block-spacer\"><\/div>\n\n\n\n<p><strong>HOR\u00c1RIOS<\/strong>:<\/p>\n\n\n\n<p>(A) Manh\u00e3 (8h30 \u00e0s 12h)<br>(B) Tarde (14h \u00e0s 18h)<br>(C) Noite (18h \u00e0s 21h)<br>(D) Manh\u00e3 e Tarde (8h30 \u00e0s 12h e 14h \u00e0s 18h)<br>(E) Tarde e Noite (14h \u00e0s 21h)<br>(F) Manh\u00e3, Tarde e Noite (8h30 \u00e0s 21h)<\/p>\n\n\n\n<p><\/p>\n","protected":false},"excerpt":{"rendered":"<p>O agendamento para a participa\u00e7\u00e3o no evento, dever\u00e1 ser realizado somente pela Institui\u00e7\u00e3o de Ensino e ser\u00e1 exclusivamente por este site. Obs: n\u00e3o \u00e9 necess\u00e1rio agendamento para visitas individuais, com familiares ou amigos. ROTEIROS INICIAIS: (A) CCB (Centro de Ci\u00eancias Biol\u00f3gicas) \/ CTU (Centro de Tecnologia e Urbanismo)(B) LABESC (cursos do Centro de Ci\u00eancias da [&hellip;]<\/p>\n","protected":false},"author":8,"featured_media":0,"parent":0,"menu_order":0,"comment_status":"closed","ping_status":"closed","template":"","meta":{"_themeisle_gutenberg_block_has_review":false,"footnotes":""},"class_list":["post-1892","page","type-page","status-publish","hentry"],"_links":{"self":[{"href":"https:\/\/sites.uel.br\/feira\/wp-json\/wp\/v2\/pages\/1892","targetHints":{"allow":["GET"]}}],"collection":[{"href":"https:\/\/sites.uel.br\/feira\/wp-json\/wp\/v2\/pages"}],"about":[{"href":"https:\/\/sites.uel.br\/feira\/wp-json\/wp\/v2\/types\/page"}],"author":[{"embeddable":true,"href":"https:\/\/sites.uel.br\/feira\/wp-json\/wp\/v2\/users\/8"}],"replies":[{"embeddable":true,"href":"https:\/\/sites.uel.br\/feira\/wp-json\/wp\/v2\/comments?post=1892"}],"version-history":[{"count":41,"href":"https:\/\/sites.uel.br\/feira\/wp-json\/wp\/v2\/pages\/1892\/revisions"}],"predecessor-version":[{"id":5069,"href":"https:\/\/sites.uel.br\/feira\/wp-json\/wp\/v2\/pages\/1892\/revisions\/5069"}],"wp:attachment":[{"href":"https:\/\/sites.uel.br\/feira\/wp-json\/wp\/v2\/media?parent=1892"}],"curies":[{"name":"wp","href":"https:\/\/api.w.org\/{rel}","templated":true}]}}