{"id":67,"date":"2023-11-08T10:52:58","date_gmt":"2023-11-08T13:52:58","guid":{"rendered":"https:\/\/sites.uel.br\/fazenda-escola\/?page_id=67"},"modified":"2023-11-08T12:53:41","modified_gmt":"2023-11-08T15:53:41","slug":"instrucao-de-servico","status":"publish","type":"page","link":"https:\/\/sites.uel.br\/fazenda-escola\/instrucao-de-servico\/","title":{"rendered":"Instru\u00e7\u00e3o de Servi\u00e7o"},"content":{"rendered":"\n<div data-wp-interactive=\"core\/file\" class=\"wp-block-file\"><object data-wp-bind--hidden=\"!state.hasPdfPreview\" hidden class=\"wp-block-file__embed\" data=\"https:\/\/sites.uel.br\/fazenda-escola\/wp-content\/uploads\/2023\/11\/001-2019-Instrucao-de-Servico-da-Fazenda-Escola-Normativa-das-atividades-realizadas-na-FAZESC-2.pdf\" type=\"application\/pdf\" style=\"width:100%;height:600px\" aria-label=\"Incorporado de 001-2019-Instrucao-de-Servico-da-Fazenda-Escola-Normativa-das-atividades-realizadas-na-FAZESC-2.\"><\/object><a id=\"wp-block-file--media-3adf5dd5-2f69-48e8-900a-3fd90690453a\" href=\"https:\/\/sites.uel.br\/fazenda-escola\/wp-content\/uploads\/2023\/11\/001-2019-Instrucao-de-Servico-da-Fazenda-Escola-Normativa-das-atividades-realizadas-na-FAZESC-2.pdf\">001-2019-Instrucao-de-Servico-da-Fazenda-Escola-Normativa-das-atividades-realizadas-na-FAZESC-2<\/a><a href=\"https:\/\/sites.uel.br\/fazenda-escola\/wp-content\/uploads\/2023\/11\/001-2019-Instrucao-de-Servico-da-Fazenda-Escola-Normativa-das-atividades-realizadas-na-FAZESC-2.pdf\" class=\"wp-block-file__button wp-element-button\" download aria-describedby=\"wp-block-file--media-3adf5dd5-2f69-48e8-900a-3fd90690453a\">Baixar<\/a><\/div>\n","protected":false},"excerpt":{"rendered":"","protected":false},"author":8,"featured_media":0,"parent":0,"menu_order":0,"comment_status":"closed","ping_status":"closed","template":"","meta":{"footnotes":""},"class_list":["post-67","page","type-page","status-publish","hentry"],"acf":[],"_links":{"self":[{"href":"https:\/\/sites.uel.br\/fazenda-escola\/wp-json\/wp\/v2\/pages\/67","targetHints":{"allow":["GET"]}}],"collection":[{"href":"https:\/\/sites.uel.br\/fazenda-escola\/wp-json\/wp\/v2\/pages"}],"about":[{"href":"https:\/\/sites.uel.br\/fazenda-escola\/wp-json\/wp\/v2\/types\/page"}],"author":[{"embeddable":true,"href":"https:\/\/sites.uel.br\/fazenda-escola\/wp-json\/wp\/v2\/users\/8"}],"replies":[{"embeddable":true,"href":"https:\/\/sites.uel.br\/fazenda-escola\/wp-json\/wp\/v2\/comments?post=67"}],"version-history":[{"count":6,"href":"https:\/\/sites.uel.br\/fazenda-escola\/wp-json\/wp\/v2\/pages\/67\/revisions"}],"predecessor-version":[{"id":97,"href":"https:\/\/sites.uel.br\/fazenda-escola\/wp-json\/wp\/v2\/pages\/67\/revisions\/97"}],"wp:attachment":[{"href":"https:\/\/sites.uel.br\/fazenda-escola\/wp-json\/wp\/v2\/media?parent=67"}],"curies":[{"name":"wp","href":"https:\/\/api.w.org\/{rel}","templated":true}]}}