{"id":65,"date":"2023-11-08T10:47:46","date_gmt":"2023-11-08T13:47:46","guid":{"rendered":"https:\/\/sites.uel.br\/fazenda-escola\/?page_id=65"},"modified":"2023-11-08T12:54:31","modified_gmt":"2023-11-08T15:54:31","slug":"formularios","status":"publish","type":"page","link":"https:\/\/sites.uel.br\/fazenda-escola\/formularios\/","title":{"rendered":"Formul\u00e1rios"},"content":{"rendered":"\n<div class=\"wp-block-file\"><a id=\"wp-block-file--media-80f043b4-b3a1-4dff-9d81-3ff65506fd99\" href=\"https:\/\/sites.uel.br\/fazenda-escola\/wp-content\/uploads\/2023\/11\/Formulario-para-requisicao-de-uso-da-FAZESC.doc\">Formul\u00e1rio para requisi\u00e7\u00e3o de uso da FAZESC<\/a><a href=\"https:\/\/sites.uel.br\/fazenda-escola\/wp-content\/uploads\/2023\/11\/Formulario-para-requisicao-de-uso-da-FAZESC.doc\" class=\"wp-block-file__button wp-element-button\" download aria-describedby=\"wp-block-file--media-80f043b4-b3a1-4dff-9d81-3ff65506fd99\">Baixar<\/a><\/div>\n","protected":false},"excerpt":{"rendered":"","protected":false},"author":8,"featured_media":0,"parent":0,"menu_order":0,"comment_status":"closed","ping_status":"closed","template":"","meta":{"footnotes":""},"class_list":["post-65","page","type-page","status-publish","hentry"],"acf":[],"_links":{"self":[{"href":"https:\/\/sites.uel.br\/fazenda-escola\/wp-json\/wp\/v2\/pages\/65","targetHints":{"allow":["GET"]}}],"collection":[{"href":"https:\/\/sites.uel.br\/fazenda-escola\/wp-json\/wp\/v2\/pages"}],"about":[{"href":"https:\/\/sites.uel.br\/fazenda-escola\/wp-json\/wp\/v2\/types\/page"}],"author":[{"embeddable":true,"href":"https:\/\/sites.uel.br\/fazenda-escola\/wp-json\/wp\/v2\/users\/8"}],"replies":[{"embeddable":true,"href":"https:\/\/sites.uel.br\/fazenda-escola\/wp-json\/wp\/v2\/comments?post=65"}],"version-history":[{"count":6,"href":"https:\/\/sites.uel.br\/fazenda-escola\/wp-json\/wp\/v2\/pages\/65\/revisions"}],"predecessor-version":[{"id":99,"href":"https:\/\/sites.uel.br\/fazenda-escola\/wp-json\/wp\/v2\/pages\/65\/revisions\/99"}],"wp:attachment":[{"href":"https:\/\/sites.uel.br\/fazenda-escola\/wp-json\/wp\/v2\/media?parent=65"}],"curies":[{"name":"wp","href":"https:\/\/api.w.org\/{rel}","templated":true}]}}