{"id":30,"date":"2023-11-07T16:46:27","date_gmt":"2023-11-07T19:46:27","guid":{"rendered":"https:\/\/sites.uel.br\/fazenda-escola\/?page_id=30"},"modified":"2025-07-31T08:30:33","modified_gmt":"2025-07-31T11:30:33","slug":"equipe","status":"publish","type":"page","link":"https:\/\/sites.uel.br\/fazenda-escola\/equipe\/","title":{"rendered":"Equipe"},"content":{"rendered":"\n<p class=\"has-text-align-center\"><strong>Diretor<\/strong><br>Me. Jose Leonardo Bruno<br><br><strong>Secretaria Administrativa<\/strong><br>Roseli Alves<br>Anderson Luiz Apolinario dos Santos<br><br><strong>Chefe de Divis\u00e3o &#8211; Produ\u00e7\u00e3o Animal<\/strong><br>Dr. Fernando Luiz Massaro Junior<br><strong>Servidores &#8211; Produ\u00e7\u00e3o Animal<\/strong><br>Herminio Matesco dos Santos<br>Jorge Jacinto da Silva<br>Jose Aparecido de Azevedo<br>Pedro Dias<br><br><strong>Chefe de Divis\u00e3o &#8211; Produ\u00e7\u00e3o Vegetal<\/strong><br>Valdinei Reis da Silva<br><strong>Servidores &#8211; Produ\u00e7\u00e3o Vegetal<\/strong><br>Anderson Ferreira Ribeiro<br>Angelo Pontes de Almeida<br>Antonio Nunes<br>Glaucco Cesar Ferreira Baldo<br>Jair Fortunato de Lima<br>Jose Ricardo Ferreira<br>Lauro Padilha<br>Pedro de Oliveira Ferreira<br><br><br><br>\u00a0<\/p>\n","protected":false},"excerpt":{"rendered":"<p>DiretorMe. Jose Leonardo Bruno Secretaria AdministrativaRoseli AlvesAnderson Luiz Apolinario dos Santos Chefe de Divis\u00e3o &#8211; Produ\u00e7\u00e3o AnimalDr. Fernando Luiz Massaro JuniorServidores &#8211; Produ\u00e7\u00e3o AnimalHerminio Matesco dos SantosJorge Jacinto da SilvaJose Aparecido de AzevedoPedro Dias Chefe de Divis\u00e3o &#8211; Produ\u00e7\u00e3o VegetalValdinei Reis da SilvaServidores &#8211; Produ\u00e7\u00e3o VegetalAnderson Ferreira RibeiroAngelo Pontes de AlmeidaAntonio NunesGlaucco Cesar Ferreira BaldoJair [&hellip;]<\/p>\n","protected":false},"author":8,"featured_media":0,"parent":0,"menu_order":0,"comment_status":"closed","ping_status":"closed","template":"","meta":{"footnotes":""},"class_list":["post-30","page","type-page","status-publish","hentry"],"acf":[],"_links":{"self":[{"href":"https:\/\/sites.uel.br\/fazenda-escola\/wp-json\/wp\/v2\/pages\/30","targetHints":{"allow":["GET"]}}],"collection":[{"href":"https:\/\/sites.uel.br\/fazenda-escola\/wp-json\/wp\/v2\/pages"}],"about":[{"href":"https:\/\/sites.uel.br\/fazenda-escola\/wp-json\/wp\/v2\/types\/page"}],"author":[{"embeddable":true,"href":"https:\/\/sites.uel.br\/fazenda-escola\/wp-json\/wp\/v2\/users\/8"}],"replies":[{"embeddable":true,"href":"https:\/\/sites.uel.br\/fazenda-escola\/wp-json\/wp\/v2\/comments?post=30"}],"version-history":[{"count":6,"href":"https:\/\/sites.uel.br\/fazenda-escola\/wp-json\/wp\/v2\/pages\/30\/revisions"}],"predecessor-version":[{"id":232,"href":"https:\/\/sites.uel.br\/fazenda-escola\/wp-json\/wp\/v2\/pages\/30\/revisions\/232"}],"wp:attachment":[{"href":"https:\/\/sites.uel.br\/fazenda-escola\/wp-json\/wp\/v2\/media?parent=30"}],"curies":[{"name":"wp","href":"https:\/\/api.w.org\/{rel}","templated":true}]}}