{"id":294,"date":"2026-01-29T17:02:12","date_gmt":"2026-01-29T20:02:12","guid":{"rendered":"https:\/\/sites.uel.br\/fazenda-escola\/?page_id=294"},"modified":"2026-02-02T13:28:01","modified_gmt":"2026-02-02T16:28:01","slug":"agendamentos","status":"publish","type":"page","link":"https:\/\/sites.uel.br\/fazenda-escola\/agendamentos\/","title":{"rendered":"Agendamentos"},"content":{"rendered":"\n<hr class=\"wp-block-separator has-text-color has-verde-escuro-color has-alpha-channel-opacity has-verde-escuro-background-color has-background is-style-wide\"\/>\n\n\n\n<p>Sala de Aula &#8211; FAZESC\/Divis\u00e3o de Produ\u00e7\u00e3o Vegetal<\/p>\n\n\n\n<p><a href=\"https:\/\/forms.gle\/BdvB8xaxTFYuruPE7\">https:\/\/forms.gle\/BdvB8xaxTFYuruPE7<\/a><\/p>\n\n\n\n<p><\/p>\n","protected":false},"excerpt":{"rendered":"<p>Sala de Aula &#8211; FAZESC\/Divis\u00e3o de Produ\u00e7\u00e3o Vegetal https:\/\/forms.gle\/BdvB8xaxTFYuruPE7<\/p>\n","protected":false},"author":6,"featured_media":0,"parent":0,"menu_order":0,"comment_status":"closed","ping_status":"closed","template":"","meta":{"footnotes":""},"class_list":["post-294","page","type-page","status-publish","hentry"],"acf":[],"_links":{"self":[{"href":"https:\/\/sites.uel.br\/fazenda-escola\/wp-json\/wp\/v2\/pages\/294","targetHints":{"allow":["GET"]}}],"collection":[{"href":"https:\/\/sites.uel.br\/fazenda-escola\/wp-json\/wp\/v2\/pages"}],"about":[{"href":"https:\/\/sites.uel.br\/fazenda-escola\/wp-json\/wp\/v2\/types\/page"}],"author":[{"embeddable":true,"href":"https:\/\/sites.uel.br\/fazenda-escola\/wp-json\/wp\/v2\/users\/6"}],"replies":[{"embeddable":true,"href":"https:\/\/sites.uel.br\/fazenda-escola\/wp-json\/wp\/v2\/comments?post=294"}],"version-history":[{"count":6,"href":"https:\/\/sites.uel.br\/fazenda-escola\/wp-json\/wp\/v2\/pages\/294\/revisions"}],"predecessor-version":[{"id":333,"href":"https:\/\/sites.uel.br\/fazenda-escola\/wp-json\/wp\/v2\/pages\/294\/revisions\/333"}],"wp:attachment":[{"href":"https:\/\/sites.uel.br\/fazenda-escola\/wp-json\/wp\/v2\/media?parent=294"}],"curies":[{"name":"wp","href":"https:\/\/api.w.org\/{rel}","templated":true}]}}