{"id":28,"date":"2023-11-07T16:44:43","date_gmt":"2023-11-07T19:44:43","guid":{"rendered":"https:\/\/sites.uel.br\/fazenda-escola\/?page_id=28"},"modified":"2026-02-02T15:25:31","modified_gmt":"2026-02-02T18:25:31","slug":"administracao","status":"publish","type":"page","link":"https:\/\/sites.uel.br\/fazenda-escola\/administracao\/","title":{"rendered":"Administra\u00e7\u00e3o"},"content":{"rendered":"\n<hr class=\"wp-block-separator has-text-color has-verde-escuro-color has-alpha-channel-opacity has-verde-escuro-background-color has-background is-style-wide\"\/>\n\n\n\n<p>\u2022\u00a0<strong>Diretor da Fazenda Escola<\/strong>:<br>Me. Jos\u00e9 Leonardo Bruno<br>e-mail: leonardobruno@uel.br<\/p>\n\n\n\n<p>\u2022<strong>\u00a0Chefe da Divis\u00e3o de Produ\u00e7\u00e3o Animal<\/strong>:<br>Dr. Fernando Luiz Massaro<br>e-mail: massaro@uel.br<br><\/p>\n\n\n\n<p>\u2022\u00a0<strong>Chefe da Divis\u00e3o de Produ\u00e7\u00e3o Vegetal<\/strong>:<br>Valdinei Reis da Silva<br>e-mail: valreis@uel.br<\/p>\n\n\n\n<p><strong>\u2022 Secret\u00e1ria Administrativa<\/strong>:<br>Roseli Alves<br>e-mail: roselialves@uel.br<br><\/p>\n\n\n\n<p><\/p>\n","protected":false},"excerpt":{"rendered":"<p>\u2022\u00a0Diretor da Fazenda Escola:Me. Jos\u00e9 Leonardo Brunoe-mail: leonardobruno@uel.br \u2022\u00a0Chefe da Divis\u00e3o de Produ\u00e7\u00e3o Animal:Dr. Fernando Luiz Massaroe-mail: massaro@uel.br \u2022\u00a0Chefe da Divis\u00e3o de Produ\u00e7\u00e3o Vegetal:Valdinei Reis da Silvae-mail: valreis@uel.br \u2022 Secret\u00e1ria Administrativa:Roseli Alvese-mail: roselialves@uel.br<\/p>\n","protected":false},"author":8,"featured_media":0,"parent":0,"menu_order":0,"comment_status":"closed","ping_status":"closed","template":"","meta":{"footnotes":""},"class_list":["post-28","page","type-page","status-publish","hentry"],"acf":[],"_links":{"self":[{"href":"https:\/\/sites.uel.br\/fazenda-escola\/wp-json\/wp\/v2\/pages\/28","targetHints":{"allow":["GET"]}}],"collection":[{"href":"https:\/\/sites.uel.br\/fazenda-escola\/wp-json\/wp\/v2\/pages"}],"about":[{"href":"https:\/\/sites.uel.br\/fazenda-escola\/wp-json\/wp\/v2\/types\/page"}],"author":[{"embeddable":true,"href":"https:\/\/sites.uel.br\/fazenda-escola\/wp-json\/wp\/v2\/users\/8"}],"replies":[{"embeddable":true,"href":"https:\/\/sites.uel.br\/fazenda-escola\/wp-json\/wp\/v2\/comments?post=28"}],"version-history":[{"count":7,"href":"https:\/\/sites.uel.br\/fazenda-escola\/wp-json\/wp\/v2\/pages\/28\/revisions"}],"predecessor-version":[{"id":358,"href":"https:\/\/sites.uel.br\/fazenda-escola\/wp-json\/wp\/v2\/pages\/28\/revisions\/358"}],"wp:attachment":[{"href":"https:\/\/sites.uel.br\/fazenda-escola\/wp-json\/wp\/v2\/media?parent=28"}],"curies":[{"name":"wp","href":"https:\/\/api.w.org\/{rel}","templated":true}]}}