{"id":278,"date":"2026-01-29T16:58:17","date_gmt":"2026-01-29T19:58:17","guid":{"rendered":"https:\/\/sites.uel.br\/fazenda-escola\/?page_id=278"},"modified":"2026-01-30T16:26:31","modified_gmt":"2026-01-30T19:26:31","slug":"projetos","status":"publish","type":"page","link":"https:\/\/sites.uel.br\/fazenda-escola\/projetos\/","title":{"rendered":"Projetos"},"content":{"rendered":"\n<hr class=\"wp-block-separator has-text-color has-verde-escuro-color has-alpha-channel-opacity has-verde-escuro-background-color has-background is-style-wide\"\/>\n\n\n\n<p class=\"has-text-align-left\"><strong>Olericultura<\/strong>: <br><br>\u00c9 o ramo da agricultura que estuda o cultivo de esp\u00e9cies de plantas comumente chamadas de hortali\u00e7as.<br>Suas folhas, flores, caules, ra\u00edzes ou frutos s\u00e3o consumidos normalmente\u00a0in natura.\u00a0<\/p>\n\n\n\n<p class=\"has-text-align-left\">As atividades de olericultura desenvolvidas na Fazenda Escola, al\u00e9m de contemplar ensino, pesquisa e extens\u00e3o a produ\u00e7\u00e3o das hortali\u00e7as abastecem os Restaurantes do Campus Universit\u00e1rio e do HU.<\/p>\n\n\n\n<p><\/p>\n","protected":false},"excerpt":{"rendered":"<p>Olericultura: \u00c9 o ramo da agricultura que estuda o cultivo de esp\u00e9cies de plantas comumente chamadas de hortali\u00e7as.Suas folhas, flores, caules, ra\u00edzes ou frutos s\u00e3o consumidos normalmente\u00a0in natura.\u00a0 As atividades de olericultura desenvolvidas na Fazenda Escola, al\u00e9m de contemplar ensino, pesquisa e extens\u00e3o a produ\u00e7\u00e3o das hortali\u00e7as abastecem os Restaurantes do Campus Universit\u00e1rio e do [&hellip;]<\/p>\n","protected":false},"author":6,"featured_media":0,"parent":0,"menu_order":0,"comment_status":"closed","ping_status":"closed","template":"","meta":{"footnotes":""},"class_list":["post-278","page","type-page","status-publish","hentry"],"acf":[],"_links":{"self":[{"href":"https:\/\/sites.uel.br\/fazenda-escola\/wp-json\/wp\/v2\/pages\/278","targetHints":{"allow":["GET"]}}],"collection":[{"href":"https:\/\/sites.uel.br\/fazenda-escola\/wp-json\/wp\/v2\/pages"}],"about":[{"href":"https:\/\/sites.uel.br\/fazenda-escola\/wp-json\/wp\/v2\/types\/page"}],"author":[{"embeddable":true,"href":"https:\/\/sites.uel.br\/fazenda-escola\/wp-json\/wp\/v2\/users\/6"}],"replies":[{"embeddable":true,"href":"https:\/\/sites.uel.br\/fazenda-escola\/wp-json\/wp\/v2\/comments?post=278"}],"version-history":[{"count":4,"href":"https:\/\/sites.uel.br\/fazenda-escola\/wp-json\/wp\/v2\/pages\/278\/revisions"}],"predecessor-version":[{"id":320,"href":"https:\/\/sites.uel.br\/fazenda-escola\/wp-json\/wp\/v2\/pages\/278\/revisions\/320"}],"wp:attachment":[{"href":"https:\/\/sites.uel.br\/fazenda-escola\/wp-json\/wp\/v2\/media?parent=278"}],"curies":[{"name":"wp","href":"https:\/\/api.w.org\/{rel}","templated":true}]}}