{"id":268,"date":"2026-01-29T16:47:02","date_gmt":"2026-01-29T19:47:02","guid":{"rendered":"https:\/\/sites.uel.br\/fazenda-escola\/?page_id=268"},"modified":"2026-02-02T14:44:00","modified_gmt":"2026-02-02T17:44:00","slug":"sobre-a-fazesc","status":"publish","type":"page","link":"https:\/\/sites.uel.br\/fazenda-escola\/sobre-a-fazesc\/","title":{"rendered":"Sobre a Fazesc"},"content":{"rendered":"\n<hr class=\"wp-block-separator has-text-color has-verde-escuro-color has-alpha-channel-opacity has-verde-escuro-background-color has-background is-style-wide\"\/>\n\n\n\n<p>A Fazenda Escola \u00e9 um grande laborat\u00f3rio que desenvolve as atividades na \u00e1rea de ensino, pesquisa e extens\u00e3o. Serve como um importante campo de estudos nas mais diversas \u00e1reas agr\u00e1rias. &nbsp;<\/p>\n\n\n\n<p>\u00c9 um laborat\u00f3rio de experi\u00eancias, onde acad\u00eamicos dos cursos de Agronomia, Medicina Veterin\u00e1ria e Zootecnia vivenciam na pr\u00e1tica as situa\u00e7\u00f5es que v\u00e3o encontrar na vida profissional, e com a importante meta de passar os conhecimentos gerados ali para o produtor rural. <\/p>\n\n\n\n<p>Na \u00e1rea de ensino, alunos e professores acompanham a implanta\u00e7\u00e3o de projetos e desenvolvem pesquisas, al\u00e9m das aulas de cria\u00e7\u00e3o de animais, manejo de solo, plantio e colheita.<\/p>\n\n\n\n<p><\/p>\n\n\n\n<p><strong>Estrutura F\u00edsica<\/strong><\/p>\n\n\n\n<p>A Fazenda Escola possui uma \u00e1rea total de 102,6 ha, dos quais de 72,6 ha, foi doada a UEL pela Prefeitura Municipal de Londrina, conforme Decreto Municipal n\u00ba 455 de 30\/12\/1988. Nesta \u00e1rea est\u00e1 instalada a Divis\u00e3o de Produ\u00e7\u00e3o Animal (DPA) e a Divis\u00e3o de Produ\u00e7\u00e3o Vegetal (DPV). <\/p>\n\n\n\n<p>Cabe a essas Divis\u00f5es, em conjunto com a Dire\u00e7\u00e3o do \u00f3rg\u00e3o, o planejamento e a execu\u00e7\u00e3o de a\u00e7\u00f5es que atendam as finalidades de ensino, pesquisa, extens\u00e3o e a presta\u00e7\u00e3o de servi\u00e7os da Fazenda. <\/p>\n\n\n\n<p>Na Divis\u00e3o de Produ\u00e7\u00e3o Animal desenvolve-se atividades nas seguintes \u00e1reas: Avicultura (postura e corte), Bovinocultura de Corte e de Leite, Eq\u00fcinocultura, Ovinocultura e Suinocultura.<\/p>\n\n\n\n<ul class=\"wp-block-list\">\n<li><strong>Agronomia:<\/strong>&nbsp;Utiliza a \u00e1rea para aulas pr\u00e1ticas de campo, manejo de solos, fitotecnia e projetos de pesquisa em produ\u00e7\u00e3o vegetal.<\/li>\n\n\n\n<li><strong>Medicina Veterin\u00e1ria:<\/strong>&nbsp;Utiliza as instala\u00e7\u00f5es da Divis\u00e3o de Produ\u00e7\u00e3o Animal (DPA) para aulas pr\u00e1ticas de grandes animais, manejo de produ\u00e7\u00e3o e medicina preventiva.<\/li>\n\n\n\n<li><strong>Zootecnia:<\/strong>&nbsp;Realiza atividades pr\u00e1ticas de cria\u00e7\u00e3o, nutri\u00e7\u00e3o animal e dias de campo para intera\u00e7\u00e3o com produtores rurais.<\/li>\n\n\n\n<li><strong>P\u00f3s-Gradua\u00e7\u00e3o e Pesquisa:<\/strong>&nbsp;O local \u00e9 utilizado para pesquisas de mestrado e doutorado em \u00e1reas ligadas a Ci\u00eancias Animais e Agr\u00e1rias.&nbsp;<\/li>\n<\/ul>\n\n\n\n<p>A estrutura da Fazenda Escola \u00e9 essencial para a viv\u00eancia pr\u00e1tica, oferecendo viv\u00eancias em bovinocultura (leite\/corte), suinocultura, avicultura e ovino-caprinocultura.&nbsp;<\/p>\n\n\n\n<p><strong>Objetivos<\/strong><\/p>\n\n\n\n<p class=\"has-text-align-left\"><strong>Tr\u00eas objetivos b\u00e1sicos fundamentam a filosofia de atua\u00e7\u00e3o da Fazenda Escola, s\u00e3o eles:<\/strong><\/p>\n\n\n\n<p class=\"has-text-align-left\">\u2022 Implantar a infra-estrutura de apoio ao ensino e \u00e0 produ\u00e7\u00e3o;<\/p>\n\n\n\n<p class=\"has-text-align-left\">\u2022 Oferecer apoio \u00e0s atividades de ensino, pesquisa e extens\u00e3o a todos os cursos da UEL, bem como suporte \u00e0s iniciativas que visam melhoria da qualidade de vida dos cidad\u00e3os;<\/p>\n\n\n\n<p class=\"has-text-align-left\">\u2022 Realizar parcerias com empresas e cooperativas ligadas ao segmento agropecu\u00e1rio para maior integra\u00e7\u00e3o regional e obten\u00e7\u00e3o de recursos.<\/p>\n\n\n\n<div class=\"wp-block-columns is-layout-flex wp-container-core-columns-is-layout-9d6595d7 wp-block-columns-is-layout-flex\">\n<div class=\"wp-block-column is-layout-flow wp-block-column-is-layout-flow\"><\/div>\n<\/div>\n\n\n\n<div class=\"wp-block-columns is-layout-flex wp-container-core-columns-is-layout-9d6595d7 wp-block-columns-is-layout-flex\">\n<div class=\"wp-block-column is-layout-flow wp-block-column-is-layout-flow\"><\/div>\n<\/div>\n\n\n\n<p><\/p>\n","protected":false},"excerpt":{"rendered":"<p>A Fazenda Escola \u00e9 um grande laborat\u00f3rio que desenvolve as atividades na \u00e1rea de ensino, pesquisa e extens\u00e3o. Serve como um importante campo de estudos nas mais diversas \u00e1reas agr\u00e1rias. &nbsp; \u00c9 um laborat\u00f3rio de experi\u00eancias, onde acad\u00eamicos dos cursos de Agronomia, Medicina Veterin\u00e1ria e Zootecnia vivenciam na pr\u00e1tica as situa\u00e7\u00f5es que v\u00e3o encontrar na [&hellip;]<\/p>\n","protected":false},"author":6,"featured_media":0,"parent":0,"menu_order":0,"comment_status":"closed","ping_status":"closed","template":"","meta":{"footnotes":""},"class_list":["post-268","page","type-page","status-publish","hentry"],"acf":[],"_links":{"self":[{"href":"https:\/\/sites.uel.br\/fazenda-escola\/wp-json\/wp\/v2\/pages\/268","targetHints":{"allow":["GET"]}}],"collection":[{"href":"https:\/\/sites.uel.br\/fazenda-escola\/wp-json\/wp\/v2\/pages"}],"about":[{"href":"https:\/\/sites.uel.br\/fazenda-escola\/wp-json\/wp\/v2\/types\/page"}],"author":[{"embeddable":true,"href":"https:\/\/sites.uel.br\/fazenda-escola\/wp-json\/wp\/v2\/users\/6"}],"replies":[{"embeddable":true,"href":"https:\/\/sites.uel.br\/fazenda-escola\/wp-json\/wp\/v2\/comments?post=268"}],"version-history":[{"count":15,"href":"https:\/\/sites.uel.br\/fazenda-escola\/wp-json\/wp\/v2\/pages\/268\/revisions"}],"predecessor-version":[{"id":355,"href":"https:\/\/sites.uel.br\/fazenda-escola\/wp-json\/wp\/v2\/pages\/268\/revisions\/355"}],"wp:attachment":[{"href":"https:\/\/sites.uel.br\/fazenda-escola\/wp-json\/wp\/v2\/media?parent=268"}],"curies":[{"name":"wp","href":"https:\/\/api.w.org\/{rel}","templated":true}]}}