{"id":15,"date":"2023-11-07T16:42:37","date_gmt":"2023-11-07T19:42:37","guid":{"rendered":"https:\/\/sites.uel.br\/fazenda-escola\/?page_id=15"},"modified":"2023-11-07T16:42:37","modified_gmt":"2023-11-07T19:42:37","slug":"historico","status":"publish","type":"page","link":"https:\/\/sites.uel.br\/fazenda-escola\/historico\/","title":{"rendered":"Hist\u00f3rico"},"content":{"rendered":"\n<p>Desde a implanta\u00e7\u00e3o do curso de agronomia em 1978, trabalhou-se na aquisi\u00e7\u00e3o de um dos seus laborat\u00f3rios mais importantes, a FAZENDA ESCOLA. Foi com o Prof. Oswaldo Calzavara na dire\u00e7\u00e3o do Centro de Ci\u00eancias Agr\u00e1rias &#8211; CCA &#8211; e o Prof. Jorge Bounassar Filho como reitor, contando tamb\u00e9m com o apoio do DR. Asc\u00eancio Garcia Lopes, Secret\u00e1rio de Estado Ci\u00eancia e Tecnologia, foi escolhido o terreno da atual Fazenda Escola.&nbsp;Foi quando o Prefeito Municipal Wilson Moreira, sensibilizado com o relato a ele feito pela dire\u00e7\u00e3o do CCA, engajou-se na luta, com o apoio de Ruy de Jesus Mar\u00e7al Carneiro, Secret\u00e1rio dos Servi\u00e7os P\u00fablicos do Munic\u00edpio e do Dr. L\u00facio Marchese, Secret\u00e1rio da Sa\u00fade do Munic\u00edpio, ambos professores da Universidade.<\/p>\n\n\n\n<p>Desta forma em dezembro de 1988, atrav\u00e9s da mensagem enviada a C\u00e2mara Municipal, conseguiu-se a aprova\u00e7\u00e3o da dota\u00e7\u00e3o para aquisi\u00e7\u00e3o da Fazenda Escola. Fato que ocorreu na administra\u00e7\u00e3o do reitor Prof. Jorge Bounassar Filho e do diretor do CCA o Prof. Oswaldo Calzavara. At\u00e9 o ano de 1993 a Fazenda Escola foi administrada pela Dire\u00e7\u00e3o do Centro de Ci\u00eancias Agr\u00e1rias a qual estava ligada academicamente e administrativamente. Em junho de 1994 a Fazenda Escola tornou-se \u00d3rg\u00e3o Suplementar atrav\u00e9s da resolu\u00e7\u00e3o n\u00ba 2.619\/94 de 08 de junho de 1994, no final da administra\u00e7\u00e3o do reitor Prof. Jo\u00e3o Carlos Thompson e da diretora do CCA Prof\u00aa. Maria de F\u00e1tima Guimar\u00e3es.&nbsp;<\/p>\n\n\n\n<p>Coube a administra\u00e7\u00e3o do reitor Prof. Jackson Proen\u00e7a Testa e da vice-reitora Dr\u00aa. Nitis Jacon de Ara\u00fajo Moreira, de 1994 a 1998, a consolida\u00e7\u00e3o do \u00f3rg\u00e3o suplementar Fazenda Escola atrav\u00e9s da implanta\u00e7\u00e3o de grande parte da infra-estrutura b\u00e1sica e da contrata\u00e7\u00e3o dos recursos humanos que comp\u00f5em o atual quadro de funcion\u00e1rios, sua maior e principal riqueza.<\/p>\n","protected":false},"excerpt":{"rendered":"<p>Desde a implanta\u00e7\u00e3o do curso de agronomia em 1978, trabalhou-se na aquisi\u00e7\u00e3o de um dos seus laborat\u00f3rios mais importantes, a FAZENDA ESCOLA. Foi com o Prof. Oswaldo Calzavara na dire\u00e7\u00e3o do Centro de Ci\u00eancias Agr\u00e1rias &#8211; CCA &#8211; e o Prof. Jorge Bounassar Filho como reitor, contando tamb\u00e9m com o apoio do DR. Asc\u00eancio Garcia [&hellip;]<\/p>\n","protected":false},"author":8,"featured_media":0,"parent":0,"menu_order":0,"comment_status":"closed","ping_status":"closed","template":"","meta":{"footnotes":""},"class_list":["post-15","page","type-page","status-publish","hentry"],"acf":[],"_links":{"self":[{"href":"https:\/\/sites.uel.br\/fazenda-escola\/wp-json\/wp\/v2\/pages\/15","targetHints":{"allow":["GET"]}}],"collection":[{"href":"https:\/\/sites.uel.br\/fazenda-escola\/wp-json\/wp\/v2\/pages"}],"about":[{"href":"https:\/\/sites.uel.br\/fazenda-escola\/wp-json\/wp\/v2\/types\/page"}],"author":[{"embeddable":true,"href":"https:\/\/sites.uel.br\/fazenda-escola\/wp-json\/wp\/v2\/users\/8"}],"replies":[{"embeddable":true,"href":"https:\/\/sites.uel.br\/fazenda-escola\/wp-json\/wp\/v2\/comments?post=15"}],"version-history":[{"count":1,"href":"https:\/\/sites.uel.br\/fazenda-escola\/wp-json\/wp\/v2\/pages\/15\/revisions"}],"predecessor-version":[{"id":16,"href":"https:\/\/sites.uel.br\/fazenda-escola\/wp-json\/wp\/v2\/pages\/15\/revisions\/16"}],"wp:attachment":[{"href":"https:\/\/sites.uel.br\/fazenda-escola\/wp-json\/wp\/v2\/media?parent=15"}],"curies":[{"name":"wp","href":"https:\/\/api.w.org\/{rel}","templated":true}]}}