{"id":117,"date":"2023-11-08T13:54:09","date_gmt":"2023-11-08T16:54:09","guid":{"rendered":"https:\/\/sites.uel.br\/fazenda-escola\/?page_id=117"},"modified":"2023-11-08T13:54:09","modified_gmt":"2023-11-08T16:54:09","slug":"projetos-e-pesquisas-em-producao-animal-e-vegetal","status":"publish","type":"page","link":"https:\/\/sites.uel.br\/fazenda-escola\/projetos-e-pesquisas-em-producao-animal-e-vegetal\/","title":{"rendered":"Projetos e Pesquisas em Produ\u00e7\u00e3o Animal e Vegetal"},"content":{"rendered":"\n<figure class=\"wp-block-image\"><img decoding=\"async\" src=\"http:\/\/www.uel.br\/fazendaescola\/portal\/pages\/arquivos\/20151203_153031.jpg\" alt=\"\" \/><\/figure>\n\n\n\n<figure class=\"wp-block-image is-resized\"><img decoding=\"async\" src=\"http:\/\/www.uel.br\/fazendaescola\/portal\/pages\/arquivos\/imagens\/IMG-20190923-WA0024.jpg\" alt=\"\" style=\"aspect-ratio:0.75;width:1061px;height:auto\" \/><\/figure>\n\n\n\n<p class=\"has-text-align-left\">A&nbsp;olericultura&nbsp;\u00e9 o ramo da agricultura que estuda o cultivo de esp\u00e9cies de plantas comumente chamadas de hortali\u00e7as. Suas folhas, flores, caules, ra\u00edzes ou frutos s\u00e3o consumidos normalmente&nbsp;in natura.&nbsp;<\/p>\n\n\n\n<p class=\"has-text-align-left\">&nbsp;As atividades de olericultura desenvolvidas na Fazenda Escola, al\u00e9m de contemplar ensino, pesquisa e extens\u00e3o a produ\u00e7\u00e3o das hortali\u00e7as abastecem os Restaurantes do Campus Universit\u00e1rio e do HU.<\/p>\n","protected":false},"excerpt":{"rendered":"<p>A&nbsp;olericultura&nbsp;\u00e9 o ramo da agricultura que estuda o cultivo de esp\u00e9cies de plantas comumente chamadas de hortali\u00e7as. Suas folhas, flores, caules, ra\u00edzes ou frutos s\u00e3o consumidos normalmente&nbsp;in natura.&nbsp; &nbsp;As atividades de olericultura desenvolvidas na Fazenda Escola, al\u00e9m de contemplar ensino, pesquisa e extens\u00e3o a produ\u00e7\u00e3o das hortali\u00e7as abastecem os Restaurantes do Campus Universit\u00e1rio e do [&hellip;]<\/p>\n","protected":false},"author":8,"featured_media":0,"parent":0,"menu_order":0,"comment_status":"closed","ping_status":"closed","template":"","meta":{"footnotes":""},"class_list":["post-117","page","type-page","status-publish","hentry"],"acf":[],"_links":{"self":[{"href":"https:\/\/sites.uel.br\/fazenda-escola\/wp-json\/wp\/v2\/pages\/117","targetHints":{"allow":["GET"]}}],"collection":[{"href":"https:\/\/sites.uel.br\/fazenda-escola\/wp-json\/wp\/v2\/pages"}],"about":[{"href":"https:\/\/sites.uel.br\/fazenda-escola\/wp-json\/wp\/v2\/types\/page"}],"author":[{"embeddable":true,"href":"https:\/\/sites.uel.br\/fazenda-escola\/wp-json\/wp\/v2\/users\/8"}],"replies":[{"embeddable":true,"href":"https:\/\/sites.uel.br\/fazenda-escola\/wp-json\/wp\/v2\/comments?post=117"}],"version-history":[{"count":1,"href":"https:\/\/sites.uel.br\/fazenda-escola\/wp-json\/wp\/v2\/pages\/117\/revisions"}],"predecessor-version":[{"id":118,"href":"https:\/\/sites.uel.br\/fazenda-escola\/wp-json\/wp\/v2\/pages\/117\/revisions\/118"}],"wp:attachment":[{"href":"https:\/\/sites.uel.br\/fazenda-escola\/wp-json\/wp\/v2\/media?parent=117"}],"curies":[{"name":"wp","href":"https:\/\/api.w.org\/{rel}","templated":true}]}}