{"id":110,"date":"2023-11-08T13:28:34","date_gmt":"2023-11-08T16:28:34","guid":{"rendered":"https:\/\/sites.uel.br\/fazenda-escola\/?page_id=110"},"modified":"2026-01-30T16:14:43","modified_gmt":"2026-01-30T19:14:43","slug":"cursos-e-eventos","status":"publish","type":"page","link":"https:\/\/sites.uel.br\/fazenda-escola\/cursos-e-eventos\/","title":{"rendered":"Cursos e Eventos"},"content":{"rendered":"\n<hr class=\"wp-block-separator has-text-color has-verde-escuro-color has-alpha-channel-opacity has-verde-escuro-background-color has-background is-style-wide\"\/>\n\n\n\n<p><a href=\"https:\/\/www.youtube.com\/watch?v=X24sur7zKzc\" target=\"_blank\" rel=\"noreferrer noopener\">30\/10\/2025 &#8211; Curso de Zootecnia da UEL realiza II Dia de Campo<\/a><br><a href=\"https:\/\/operobal.uel.br\/cca\/2025\/02\/07\/iii-dia-de-campo-da-uel-apresenta-tecnologias-agricolas-nesta-segunda-10\/\">10\/02\/2025 &#8211; III Dia de Campo da Vitrine Tecnol\u00f3gica da UEL<\/a><br><a href=\"https:\/\/operobal.uel.br\/ultimas\/2024\/09\/30\/curso-de-zootecnia-promove-dia-de-campo-na-fazenda-escola\/\">01\/09\/2024 &#8211; Curso de Zootecnia promove Dia de Campo na Fazenda Escola<\/a><br><a href=\"https:\/\/operobal.uel.br\/cca\/2024\/08\/02\/estudantes-de-ciencias-agrarias-participam-do-dia-de-campo\/\">01\/08\/2024 &#8211; Estudantes de Ci\u00eancias Agr\u00e1rias participam do Dia de Campo<\/a><br><a href=\"http:\/\/www.uel.br\/com\/agenciaueldenoticias\/index.php?arq=ARQ_not&amp;id=27634\" target=\"_blank\" rel=\"noreferrer noopener\">11\/12\/2018 &#8211; Fazenda Escola sedia dia de Campo com novas tecnologias em hortali\u00e7as<br><\/a><a href=\"http:\/\/www.uel.br\/com\/agenciaueldenoticias\/index.php?arq=ARQ_not&amp;id=24659\" target=\"_blank\" rel=\"noreferrer noopener\">31\/05\/2017 &#8211; Dia de Campo mostra tecnologias de produ\u00e7\u00e3o de Hortali\u00e7as<\/a><br><a href=\"http:\/\/www.uel.br\/com\/agenciaueldenoticias\/index.php?arq=ARQ_not&amp;FWS_Ano_Edicao=1&amp;FWS_N_Edicao=1&amp;FWS_N_Texto=23483&amp;FWS_Cod_Categoria=2\" target=\"_blank\" rel=\"noreferrer noopener\">01\/09\/2016 &#8211; Produtores participam de Dia de Campo na UEL<\/a><br><a href=\"http:\/\/www.uel.br\/com\/agenciaueldenoticias\/index.php?arq=ARQ_not&amp;FWS_Ano_Edicao=1&amp;FWS_N_Edicao=1&amp;FWS_Cod_Categoria=2&amp;FWS_N_Texto=21993\" target=\"_blank\" rel=\"noreferrer noopener\">03\/12\/2015 &#8211; Dia de Campo traz produtores para a Fazenda Escola&nbsp;<\/a><a href=\"http:\/\/www.uel.br\/com\/agenciaueldenoticias\/index.php?arq=ARQ_not&amp;FWS_Ano_Edicao=1&amp;FWS_N_Edicao=1&amp;FWS_Cod_Categoria=2&amp;FWS_N_Texto=21993\"><br><\/a><a href=\"http:\/\/www.uel.br\/com\/agenciaueldenoticias\/index.php?arq=ARQ_not&amp;FWS_Ano_Edicao=1&amp;FWS_N_Edicao=1&amp;FWS_N_Texto=12100&amp;FWS_Cod_Categoria=2\" target=\"_blank\" rel=\"noreferrer noopener\">10\/05\/2011 &#8211; Estudantes organizam dia de campo sobre feij\u00e3o de corda<\/a><br><\/p>\n\n\n\n<p><\/p>\n","protected":false},"excerpt":{"rendered":"<p>30\/10\/2025 &#8211; Curso de Zootecnia da UEL realiza II Dia de Campo10\/02\/2025 &#8211; III Dia de Campo da Vitrine Tecnol\u00f3gica da UEL01\/09\/2024 &#8211; Curso de Zootecnia promove Dia de Campo na Fazenda Escola01\/08\/2024 &#8211; Estudantes de Ci\u00eancias Agr\u00e1rias participam do Dia de Campo11\/12\/2018 &#8211; Fazenda Escola sedia dia de Campo com novas tecnologias em hortali\u00e7as31\/05\/2017 [&hellip;]<\/p>\n","protected":false},"author":8,"featured_media":0,"parent":0,"menu_order":0,"comment_status":"closed","ping_status":"closed","template":"","meta":{"footnotes":""},"class_list":["post-110","page","type-page","status-publish","hentry"],"acf":[],"_links":{"self":[{"href":"https:\/\/sites.uel.br\/fazenda-escola\/wp-json\/wp\/v2\/pages\/110","targetHints":{"allow":["GET"]}}],"collection":[{"href":"https:\/\/sites.uel.br\/fazenda-escola\/wp-json\/wp\/v2\/pages"}],"about":[{"href":"https:\/\/sites.uel.br\/fazenda-escola\/wp-json\/wp\/v2\/types\/page"}],"author":[{"embeddable":true,"href":"https:\/\/sites.uel.br\/fazenda-escola\/wp-json\/wp\/v2\/users\/8"}],"replies":[{"embeddable":true,"href":"https:\/\/sites.uel.br\/fazenda-escola\/wp-json\/wp\/v2\/comments?post=110"}],"version-history":[{"count":9,"href":"https:\/\/sites.uel.br\/fazenda-escola\/wp-json\/wp\/v2\/pages\/110\/revisions"}],"predecessor-version":[{"id":315,"href":"https:\/\/sites.uel.br\/fazenda-escola\/wp-json\/wp\/v2\/pages\/110\/revisions\/315"}],"wp:attachment":[{"href":"https:\/\/sites.uel.br\/fazenda-escola\/wp-json\/wp\/v2\/media?parent=110"}],"curies":[{"name":"wp","href":"https:\/\/api.w.org\/{rel}","templated":true}]}}