{"id":305,"date":"2021-09-21T10:30:02","date_gmt":"2021-09-21T13:30:02","guid":{"rendered":"https:\/\/sites.uel.br\/farmaciauniversitaria\/?page_id=305"},"modified":"2021-09-21T10:31:42","modified_gmt":"2021-09-21T13:31:42","slug":"materias-jornal-radio-e-tv","status":"publish","type":"page","link":"https:\/\/sites.uel.br\/farmaciauniversitaria\/materias-jornal-radio-e-tv\/","title":{"rendered":"Mat\u00e9rias &#8211; Jornal, R\u00e1dio e TV"},"content":{"rendered":"<p>&nbsp;<\/p>\n\n\n<p><strong><br>&#8211;&nbsp;<a href=\"https:\/\/www.youtube.com\/watch?v=qhwoj0YWGws\" target=\"_blank\" rel=\"noreferrer noopener\">VIVER UEL &#8211; Farm\u00e1cia Escola<\/a>&nbsp;&#8211; TV UEL<\/strong><\/p>\n\n\n<p>&nbsp;<\/p>\n\n\n<p><strong>&#8211;&nbsp;<a rel=\"noreferrer noopener\" href=\"https:\/\/www.youtube.com\/watch?v=5j37_7pAvf0\" target=\"_blank\">Farm\u00e1cia Escola atendera Rede Municipal de Sa\u00fade<\/a>&nbsp;&#8211; TV UEL<\/strong><\/p>\n\n\n<p>&nbsp;<\/p>\n\n\n<p><strong>&#8211;&nbsp;<a href=\"https:\/\/www.youtube.com\/watch?v=PqyyQg01zfg\" target=\"_blank\" rel=\"noreferrer noopener\">Farm\u00e1cia Escola fornece medicamentos do SUS<\/a>&nbsp;&#8211; TV UEL<\/strong><\/p>\n\n\n<p>&nbsp;<\/p>\n\n\n<p><strong>&#8211;&nbsp;<a href=\"https:\/\/www.youtube.com\/watch?v=Ib9fE36p-MI\" target=\"_blank\" rel=\"noreferrer noopener\">Farm\u00e1cia Escola da UEL faz campanha de combate e controle da diabetes<\/a>&nbsp;&#8211; TV UEL<\/strong><\/p>\n\n\n<p>&nbsp;<\/p>\n\n\n<p><strong>&#8211;&nbsp;<a href=\"http:\/\/www.uel.br\/com\/agenciaueldenoticias\/index.php?arq=ARQ_not&amp;id=29883\" target=\"_blank\" rel=\"noreferrer noopener\">Farm\u00e1cia Escola retoma servi\u00e7os e atende comunidade interna e externa<\/a>&nbsp;&#8211; Ag\u00eancia de Not\u00edcias UEL<\/strong><\/p>\n\n\n<p>&nbsp;<\/p>\n\n\n<p><strong>&#8211;&nbsp;<a rel=\"noreferrer noopener\" href=\"http:\/\/www.uel.br\/com\/agenciaueldenoticias\/index.php?arq=ARQ_not&amp;id=28525\" target=\"_blank\">Farm\u00e1cia Escola da UEL fornece 50 medicamentos do SUS<\/a>&nbsp;&#8211; Ag\u00eancia de Not\u00edcias UEL<\/strong><\/p>\n\n\n<p>&nbsp;<\/p>\n\n\n<p><strong>&#8211;&nbsp;<a rel=\"noreferrer noopener\" href=\"https:\/\/www.folhadelondrina.com.br\/cidades\/farmacia-escola-da-uel-servicos-para-a-comunidade-2939286e.html\" target=\"_blank\">Farm\u00e1cia Escola da UEL: servi\u00e7os para a comunidade<\/a>&nbsp;&#8211; Folha de Londrina<\/strong><\/p>\n","protected":false},"excerpt":{"rendered":"<p>&nbsp; &#8211;&nbsp;VIVER UEL &#8211; Farm\u00e1cia Escola&nbsp;&#8211; TV UEL &nbsp; &#8211;&nbsp;Farm\u00e1cia Escola atendera Rede Municipal de Sa\u00fade&nbsp;&#8211; TV UEL &nbsp; &#8211;&nbsp;Farm\u00e1cia Escola fornece medicamentos do SUS&nbsp;&#8211; TV UEL &nbsp; &#8211;&nbsp;Farm\u00e1cia Escola da UEL faz campanha de combate e controle da diabetes&nbsp;&#8211; TV UEL &nbsp; &#8211;&nbsp;Farm\u00e1cia Escola retoma servi\u00e7os e atende comunidade interna e externa&nbsp;&#8211; Ag\u00eancia de [&hellip;]<\/p>\n","protected":false},"author":8,"featured_media":0,"parent":0,"menu_order":0,"comment_status":"closed","ping_status":"closed","template":"","meta":{"footnotes":""},"class_list":["post-305","page","type-page","status-publish","hentry"],"_links":{"self":[{"href":"https:\/\/sites.uel.br\/farmaciauniversitaria\/wp-json\/wp\/v2\/pages\/305","targetHints":{"allow":["GET"]}}],"collection":[{"href":"https:\/\/sites.uel.br\/farmaciauniversitaria\/wp-json\/wp\/v2\/pages"}],"about":[{"href":"https:\/\/sites.uel.br\/farmaciauniversitaria\/wp-json\/wp\/v2\/types\/page"}],"author":[{"embeddable":true,"href":"https:\/\/sites.uel.br\/farmaciauniversitaria\/wp-json\/wp\/v2\/users\/8"}],"replies":[{"embeddable":true,"href":"https:\/\/sites.uel.br\/farmaciauniversitaria\/wp-json\/wp\/v2\/comments?post=305"}],"version-history":[{"count":3,"href":"https:\/\/sites.uel.br\/farmaciauniversitaria\/wp-json\/wp\/v2\/pages\/305\/revisions"}],"predecessor-version":[{"id":311,"href":"https:\/\/sites.uel.br\/farmaciauniversitaria\/wp-json\/wp\/v2\/pages\/305\/revisions\/311"}],"wp:attachment":[{"href":"https:\/\/sites.uel.br\/farmaciauniversitaria\/wp-json\/wp\/v2\/media?parent=305"}],"curies":[{"name":"wp","href":"https:\/\/api.w.org\/{rel}","templated":true}]}}