{"id":297,"date":"2021-09-21T10:25:02","date_gmt":"2021-09-21T13:25:02","guid":{"rendered":"https:\/\/sites.uel.br\/farmaciauniversitaria\/?page_id=297"},"modified":"2021-09-21T10:28:22","modified_gmt":"2021-09-21T13:28:22","slug":"documentos-e-legislacoes","status":"publish","type":"page","link":"https:\/\/sites.uel.br\/farmaciauniversitaria\/documentos-e-legislacoes\/","title":{"rendered":"Documentos e Legisla\u00e7\u00f5es"},"content":{"rendered":"<p>&nbsp;<\/p>\n\n\n<p>\u2013&nbsp;<a href=\"https:\/\/sistemas.uel.br\/files\/atonormativo\/RESOLUCOES\/2021\/8.pdf\" target=\"_blank\" rel=\"noreferrer noopener\">Regimento da Farm\u00e1cia Universit\u00e1ria<\/a><\/p>\n\n\n<p>&nbsp;<\/p>\n\n\n<p>\u2013&nbsp;<a href=\"http:\/\/www.uel.br\/col\/farmacia\/pages\/arquivos\/resolucao%20PPP%20Farmacia.pdf\" target=\"_blank\" rel=\"noreferrer noopener\">Projeto Pol\u00edtico Pedag\u00f3gico do Curso de Farm\u00e1cia da UEL<\/a><\/p>\n\n\n<p>&nbsp;<\/p>\n\n\n<p>\u2013&nbsp;<a rel=\"noreferrer noopener\" href=\"https:\/\/www.ufjf.br\/fnfu\/files\/2017\/08\/Farm%c3%a1cia-Universit%c3%a1ria-Padr%c3%b5es-M%c3%adnimos.pdf\" target=\"_blank\">Farm\u00e1cia Universit\u00e1ria \u2013 Padr\u00f5es M\u00ednimos<\/a><\/p>\n\n\n<p>&nbsp;<\/p>\n\n\n<p> \u2013&nbsp;<a rel=\"noreferrer noopener\" href=\"http:\/\/www.uel.br\/aai\/pages\/arquivos\/Regimento_Geral_2014_03_19.pdf\" target=\"_blank\">Regimento da Universidade Estadual de Londrina<\/a><\/p>\n\n\n<p>&nbsp;<\/p>\n\n\n<p> \u2013&nbsp;<a href=\"http:\/\/www.uel.br\/aai\/pages\/arquivos\/Estatuto_compilado_11_07_2014.pdf\">Estatuto da Universidade Estadual de Londrina<\/a><\/p>\n","protected":false},"excerpt":{"rendered":"<p>&nbsp; \u2013&nbsp;Regimento da Farm\u00e1cia Universit\u00e1ria &nbsp; \u2013&nbsp;Projeto Pol\u00edtico Pedag\u00f3gico do Curso de Farm\u00e1cia da UEL &nbsp; \u2013&nbsp;Farm\u00e1cia Universit\u00e1ria \u2013 Padr\u00f5es M\u00ednimos &nbsp; \u2013&nbsp;Regimento da Universidade Estadual de Londrina &nbsp; \u2013&nbsp;Estatuto da Universidade Estadual de Londrina<\/p>\n","protected":false},"author":8,"featured_media":0,"parent":0,"menu_order":0,"comment_status":"closed","ping_status":"closed","template":"","meta":{"footnotes":""},"class_list":["post-297","page","type-page","status-publish","hentry"],"_links":{"self":[{"href":"https:\/\/sites.uel.br\/farmaciauniversitaria\/wp-json\/wp\/v2\/pages\/297","targetHints":{"allow":["GET"]}}],"collection":[{"href":"https:\/\/sites.uel.br\/farmaciauniversitaria\/wp-json\/wp\/v2\/pages"}],"about":[{"href":"https:\/\/sites.uel.br\/farmaciauniversitaria\/wp-json\/wp\/v2\/types\/page"}],"author":[{"embeddable":true,"href":"https:\/\/sites.uel.br\/farmaciauniversitaria\/wp-json\/wp\/v2\/users\/8"}],"replies":[{"embeddable":true,"href":"https:\/\/sites.uel.br\/farmaciauniversitaria\/wp-json\/wp\/v2\/comments?post=297"}],"version-history":[{"count":5,"href":"https:\/\/sites.uel.br\/farmaciauniversitaria\/wp-json\/wp\/v2\/pages\/297\/revisions"}],"predecessor-version":[{"id":412,"href":"https:\/\/sites.uel.br\/farmaciauniversitaria\/wp-json\/wp\/v2\/pages\/297\/revisions\/412"}],"wp:attachment":[{"href":"https:\/\/sites.uel.br\/farmaciauniversitaria\/wp-json\/wp\/v2\/media?parent=297"}],"curies":[{"name":"wp","href":"https:\/\/api.w.org\/{rel}","templated":true}]}}