{"id":231,"date":"2021-09-20T09:13:49","date_gmt":"2021-09-20T12:13:49","guid":{"rendered":"https:\/\/sites.uel.br\/farmaciauniversitaria\/?page_id=231"},"modified":"2021-09-20T09:17:03","modified_gmt":"2021-09-20T12:17:03","slug":"objetivo-e-regras-do-convenio","status":"publish","type":"page","link":"https:\/\/sites.uel.br\/farmaciauniversitaria\/objetivo-e-regras-do-convenio\/","title":{"rendered":"Objetivo e Regras do Conv\u00eanio"},"content":{"rendered":"<p>&nbsp;<\/p>\n\n\n<p>A Farm\u00e1cia Universit\u00e1ria da UEL est\u00e1 disponibilizando alguns medicamentos que s\u00e3o obtidos nas Unidades B\u00e1sicas de Sa\u00fade (Postos de Sa\u00fade) de Londrina para a popula\u00e7\u00e3o. Este servi\u00e7o, dispon\u00edvel a partir de conv\u00eanio com a Secretaria de Sa\u00fade de Londrina, tem como objetivo melhorar o acesso aos medicamentos essenciais por parte da popula\u00e7\u00e3o de Londrina. Assim, moradores de Londrina, com prescri\u00e7\u00e3o m\u00e9dica, e que tenham cadastros nos Postos de Sa\u00fade, poder\u00e3o retirar os medicamentos disponibilizados na pr\u00f3pria Farm\u00e1cia Universit\u00e1ria . Assim, tanto a comunidade interna da Universidade Estadual de Londrina, como a comunidade externa, moradores da regi\u00e3o da UEL, frequentadores da Cl\u00ednica Odontol\u00f3gica Universit\u00e1ria e do Ambulat\u00f3rio do HU ter\u00e3o mais um ponto para a retirada dos medicamentos gratuitamente. Destaca-se que os requisitos para a obten\u00e7\u00e3o destes medicamentos s\u00e3o:&nbsp;&nbsp;&nbsp;<\/p>\n\n\n\n<p><strong>&nbsp; &nbsp; &nbsp;\u2013 Ser morador de Londrina<\/strong><\/p>\n\n\n\n<p><strong>&nbsp; &nbsp; &nbsp;\u2013 Ter cadastro na UBS (Posto de Sa\u00fade)<\/strong><\/p>\n\n\n\n<p><strong>&nbsp; &nbsp; &nbsp;\u2013 Apresentar prescri\u00e7\u00e3o m\u00e9dica<\/strong><\/p>\n","protected":false},"excerpt":{"rendered":"<p>&nbsp; A Farm\u00e1cia Universit\u00e1ria da UEL est\u00e1 disponibilizando alguns medicamentos que s\u00e3o obtidos nas Unidades B\u00e1sicas de Sa\u00fade (Postos de Sa\u00fade) de Londrina para a popula\u00e7\u00e3o. Este servi\u00e7o, dispon\u00edvel a partir de conv\u00eanio com a Secretaria de Sa\u00fade de Londrina, tem como objetivo melhorar o acesso aos medicamentos essenciais por parte da popula\u00e7\u00e3o de Londrina. [&hellip;]<\/p>\n","protected":false},"author":8,"featured_media":0,"parent":0,"menu_order":0,"comment_status":"closed","ping_status":"closed","template":"","meta":{"footnotes":""},"class_list":["post-231","page","type-page","status-publish","hentry"],"_links":{"self":[{"href":"https:\/\/sites.uel.br\/farmaciauniversitaria\/wp-json\/wp\/v2\/pages\/231","targetHints":{"allow":["GET"]}}],"collection":[{"href":"https:\/\/sites.uel.br\/farmaciauniversitaria\/wp-json\/wp\/v2\/pages"}],"about":[{"href":"https:\/\/sites.uel.br\/farmaciauniversitaria\/wp-json\/wp\/v2\/types\/page"}],"author":[{"embeddable":true,"href":"https:\/\/sites.uel.br\/farmaciauniversitaria\/wp-json\/wp\/v2\/users\/8"}],"replies":[{"embeddable":true,"href":"https:\/\/sites.uel.br\/farmaciauniversitaria\/wp-json\/wp\/v2\/comments?post=231"}],"version-history":[{"count":2,"href":"https:\/\/sites.uel.br\/farmaciauniversitaria\/wp-json\/wp\/v2\/pages\/231\/revisions"}],"predecessor-version":[{"id":237,"href":"https:\/\/sites.uel.br\/farmaciauniversitaria\/wp-json\/wp\/v2\/pages\/231\/revisions\/237"}],"wp:attachment":[{"href":"https:\/\/sites.uel.br\/farmaciauniversitaria\/wp-json\/wp\/v2\/media?parent=231"}],"curies":[{"name":"wp","href":"https:\/\/api.w.org\/{rel}","templated":true}]}}